{"id":17234,"date":"2025-10-03T14:17:18","date_gmt":"2025-10-03T14:17:18","guid":{"rendered":"https:\/\/orkza.com\/product\/mindseye-deluxe-edition-steam-account\/"},"modified":"2026-02-26T05:58:15","modified_gmt":"2026-02-26T05:58:15","slug":"mindseye-deluxe-edition-steam-account","status":"publish","type":"product","link":"https:\/\/orkza.com\/de\/produkt\/mindseye-deluxe-edition-steam-account\/","title":{"rendered":"Mindseye Deluxe Edition Steam-Account"},"content":{"rendered":"<h2 data-start=\"0\" data-end=\"101\"><strong data-start=\"4\" data-end=\"101\">Mindseye Deluxe Edition \u2013 Tauchen Sie ein in einen Psychothriller voller Geheimnisse und Spannung<\/strong><\/h2>\n<p data-start=\"103\" data-end=\"462\">Treten Sie ein in die unheimliche und mysteri\u00f6se Welt der <strong data-start=\"147\" data-end=\"174\"><a href=\"https:\/\/store.steampowered.com\/app\/3265250\/MindsEye\/\" target=\"_blank\" rel=\"noopener\">Mindseye<\/a> Deluxe Edition<\/strong>, einem packenden, narrativen Thriller, der knifflige R\u00e4tsel, atmosph\u00e4rische Erkundung und psychologischen Horror vereint. Diese Deluxe Edition ist ab sofort mit vollem Zugriff \u00fcber unseren sicheren Steam-Account erh\u00e4ltlich und bietet erweitertes Gameplay, exklusive Inhalte und ein unvergessliches Erlebnis. <\/p>\n<p data-start=\"103\" data-end=\"462\"><a href=\"https:\/\/orkza.com\/wp-content\/uploads\/2025\/06\/here-s-an-overview-of-mindseye-s-content-and-reveals-its-roadmap-cover6835bea6baea9.jpg\"><img decoding=\"async\" class=\"alignnone wp-image-9030\" src=\"https:\/\/orkza.com\/wp-content\/uploads\/2025\/06\/here-s-an-overview-of-mindseye-s-content-and-reveals-its-roadmap-cover6835bea6baea9-400x225.jpg\" alt=\"\" width=\"727\" height=\"409\" title=\"\" srcset=\"https:\/\/orkza.com\/wp-content\/uploads\/2025\/06\/here-s-an-overview-of-mindseye-s-content-and-reveals-its-roadmap-cover6835bea6baea9-400x225.jpg 400w, https:\/\/orkza.com\/wp-content\/uploads\/2025\/06\/here-s-an-overview-of-mindseye-s-content-and-reveals-its-roadmap-cover6835bea6baea9-768x432.jpg 768w, https:\/\/orkza.com\/wp-content\/uploads\/2025\/06\/here-s-an-overview-of-mindseye-s-content-and-reveals-its-roadmap-cover6835bea6baea9-430x242.jpg 430w, https:\/\/orkza.com\/wp-content\/uploads\/2025\/06\/here-s-an-overview-of-mindseye-s-content-and-reveals-its-roadmap-cover6835bea6baea9-700x394.jpg 700w, https:\/\/orkza.com\/wp-content\/uploads\/2025\/06\/here-s-an-overview-of-mindseye-s-content-and-reveals-its-roadmap-cover6835bea6baea9-150x84.jpg 150w, https:\/\/orkza.com\/wp-content\/uploads\/2025\/06\/here-s-an-overview-of-mindseye-s-content-and-reveals-its-roadmap-cover6835bea6baea9.jpg 1000w\" sizes=\"(max-width: 727px) 100vw, 727px\" \/><\/a><\/p>\n<h3 data-start=\"464\" data-end=\"506\"><strong data-start=\"469\" data-end=\"506\">Eine Geschichte, die unter die Haut geht<\/strong><\/h3>\n<p data-start=\"508\" data-end=\"820\">In <em data-start=\"511\" data-end=\"521\">Mindseye<\/em> erwachen Sie in einer zerfallenden Einrichtung ohne Erinnerung daran, wer Sie sind oder wie Sie dorthin gelangt sind. W\u00e4hrend Sie durch eine verzerrte Realit\u00e4t navigieren, wird Ihre Wahrnehmung der Wahrheit st\u00e4ndig auf die Probe gestellt. Was als Suche nach Antworten beginnt, entwickelt sich schnell zu einem psychologischen Abgrund aus Angst, Identit\u00e4t und dem menschlichen Verstand.  <\/p>\n<p data-start=\"822\" data-end=\"943\">Jede Entscheidung, die Sie treffen, pr\u00e4gt den vor Ihnen liegenden Weg, mit verzweigten Ausg\u00e4ngen, die ein tief pers\u00f6nliches narratives Erlebnis schaffen.<\/p>\n<h3 data-start=\"945\" data-end=\"976\"><strong data-start=\"950\" data-end=\"976\">Inhalte der Deluxe Edition<\/strong><\/h3>\n<ul data-start=\"978\" data-end=\"1157\">\n<li data-start=\"978\" data-end=\"1028\">\n<p data-start=\"980\" data-end=\"1028\">Zus\u00e4tzliche In-Game-Kapitel mit erweiterter Lore<\/p>\n<\/li>\n<li data-start=\"1029\" data-end=\"1063\">\n<p data-start=\"1031\" data-end=\"1063\">Bonus-R\u00e4tsel und versteckte R\u00e4ume<\/p>\n<\/li>\n<li data-start=\"1064\" data-end=\"1113\">\n<p data-start=\"1066\" data-end=\"1113\">Exklusive \u201eBehind-the-Scenes\u201c-Inhalte der Entwickler<\/p>\n<\/li>\n<li data-start=\"1114\" data-end=\"1157\">\n<p data-start=\"1116\" data-end=\"1157\">Digitales Artbook und Soundtrack enthalten<\/p>\n<\/li>\n<\/ul>\n<h3 data-start=\"1159\" data-end=\"1205\"><strong data-start=\"1164\" data-end=\"1205\">Immersives Gameplay &amp; R\u00e4tselmechaniken<\/strong><\/h3>\n<p data-start=\"1207\" data-end=\"1404\">L\u00f6sen Sie Umgebungsr\u00e4tsel, hacken Sie Systeme und nutzen Sie Licht, Ton und Schatten, um durch spannungsgeladene, r\u00e4tselreiche Umgebungen zu navigieren. Jedes Detail z\u00e4hlt, w\u00e4hrend Sie in dieser atmosph\u00e4rischen Welt Hinweise zusammensetzen. <\/p>\n<h3 data-start=\"1406\" data-end=\"1439\"><strong data-start=\"1411\" data-end=\"1439\">Atemberaubende Grafik &amp; Audio<\/strong><\/h3>\n<p data-start=\"1441\" data-end=\"1616\">Entwickelt mit einer Next-Gen-Engine, bietet <em data-start=\"1472\" data-end=\"1482\">Mindseye<\/em> cineastische Beleuchtung, hochdetaillierte Umgebungen und ein eindringliches Audiodesign, das Sie vollst\u00e4ndig in sein packendes Universum eintauchen l\u00e4sst.<\/p>\n<h3>So nutzen Sie Ihren Mindseye Deluxe Edition Steam-Account<\/h3>\n<p><img decoding=\"async\" class=\"alignnone wp-image-3511\" src=\"https:\/\/orkza.com\/wp-content\/uploads\/2024\/10\/STEAM-ACTIVATION-GUIDE-400x225.jpg\" alt=\"\" width=\"804\" height=\"453\" title=\"\" srcset=\"https:\/\/orkza.com\/wp-content\/uploads\/2024\/10\/STEAM-ACTIVATION-GUIDE-400x225.jpg 400w, https:\/\/orkza.com\/wp-content\/uploads\/2024\/10\/STEAM-ACTIVATION-GUIDE-430x242.jpg 430w, https:\/\/orkza.com\/wp-content\/uploads\/2024\/10\/STEAM-ACTIVATION-GUIDE-150x84.jpg 150w, https:\/\/orkza.com\/wp-content\/uploads\/2024\/10\/STEAM-ACTIVATION-GUIDE-700x394.jpg 700w, https:\/\/orkza.com\/wp-content\/uploads\/2024\/10\/STEAM-ACTIVATION-GUIDE-768x432.jpg 768w, https:\/\/orkza.com\/wp-content\/uploads\/2024\/10\/STEAM-ACTIVATION-GUIDE.jpg 1280w\" sizes=\"(max-width: 804px) 100vw, 804px\" \/><\/p>\n<p>Melde dich nach dem Kauf auf deinem PC mit dem bereitgestellten Steam-Konto an. Sobald du angemeldet bist, navigiere zu deiner Bibliothek, installiere das Spiel und klicke auf den Play-Button.  Nach ein paar Minuten beende das Spiel und schalte Steam in den Offline-Modus \u2013 und schon bist du bereit f\u00fcr stundenlangen, aufregenden Spielspa\u00df!<\/p>\n<p>F\u00fcr eine umfassende Einrichtung lies dir unseren <a href=\"https:\/\/orkza.com\/de\/steam-account-activation-guide\/\" target=\"_blank\" rel=\"noopener\">Steam-Konto-Aktivierungsleitfaden<\/a> durch.<\/p>\n<h3 data-start=\"1623\" data-end=\"1659\"><strong data-start=\"1628\" data-end=\"1659\">Minimale Systemanforderungen<\/strong><\/h3>\n<ul data-start=\"1661\" data-end=\"1866\">\n<li data-start=\"1661\" data-end=\"1692\">\n<p data-start=\"1663\" data-end=\"1692\"><strong data-start=\"1663\" data-end=\"1670\">Betriebssystem:<\/strong> Windows 10 (64-Bit)<\/p>\n<\/li>\n<li data-start=\"1693\" data-end=\"1750\">\n<p data-start=\"1695\" data-end=\"1750\"><strong data-start=\"1695\" data-end=\"1709\">Prozessor:<\/strong> Intel Core i5-9600K \/ AMD Ryzen 5 3600<\/p>\n<\/li>\n<li data-start=\"1751\" data-end=\"1775\">\n<p data-start=\"1753\" data-end=\"1775\"><strong data-start=\"1753\" data-end=\"1764\">Arbeitsspeicher:<\/strong> 8 GB RAM<\/p>\n<\/li>\n<li data-start=\"1776\" data-end=\"1829\">\n<p data-start=\"1778\" data-end=\"1829\"><strong data-start=\"1778\" data-end=\"1791\">Grafik:<\/strong> NVIDIA GTX 1660 \/ AMD Radeon RX 590<\/p>\n<\/li>\n<li data-start=\"1830\" data-end=\"1866\">\n<p data-start=\"1832\" data-end=\"1866\"><strong data-start=\"1832\" data-end=\"1844\">Speicherplatz:<\/strong> 30 GB verf\u00fcgbarer Speicher<\/p>\n<\/li>\n<\/ul>\n<h3 data-start=\"1868\" data-end=\"1908\"><strong data-start=\"1873\" data-end=\"1908\">Empfohlene Systemanforderungen<\/strong><\/h3>\n<ul data-start=\"1910\" data-end=\"2105\">\n<li data-start=\"1910\" data-end=\"1944\">\n<p data-start=\"1912\" data-end=\"1944\"><strong data-start=\"1912\" data-end=\"1919\">Betriebssystem:<\/strong> Windows 10\/11 (64-Bit)<\/p>\n<\/li>\n<li data-start=\"1945\" data-end=\"2003\">\n<p data-start=\"1947\" data-end=\"2003\"><strong data-start=\"1947\" data-end=\"1961\">Prozessor:<\/strong> Intel Core i7-10700 \/ AMD Ryzen 7 3700X<\/p>\n<\/li>\n<li data-start=\"2004\" data-end=\"2029\">\n<p data-start=\"2006\" data-end=\"2029\"><strong data-start=\"2006\" data-end=\"2017\">Arbeitsspeicher:<\/strong> 16 GB RAM<\/p>\n<\/li>\n<li data-start=\"2030\" data-end=\"2080\">\n<p data-start=\"2032\" data-end=\"2080\"><strong data-start=\"2032\" data-end=\"2045\">Grafik:<\/strong> NVIDIA RTX 3060 \/ AMD RX 6700 XT<\/p>\n<\/li>\n<li data-start=\"2081\" data-end=\"2105\">\n<p data-start=\"2083\" data-end=\"2105\"><strong data-start=\"2083\" data-end=\"2095\">Speicherplatz:<\/strong> 30 GB SSD<\/p>\n<\/li>\n<\/ul>\n<p>Entdecken Sie unsere neuesten <a href=\"https:\/\/orkza.com\/de\/produkt-kategorie\/pc-spiele\/\" target=\"_blank\" rel=\"noopener\">Spiel-Accounts<\/a><\/p>\n","protected":false},"excerpt":{"rendered":"<p class=\"\" data-start=\"553\" data-end=\"678\">Mindseye<strong data-start=\"17\" data-end=\"47\">: <\/strong>Tauchen Sie ein in einen fesselnden Sci-Fi-Thriller, in dem Entscheidungen die Realit\u00e4t formen \u2013 inklusive Bonusinhalten, jetzt mit Zugang \u00fcber unseren Steam-Account.<\/p>\n<p><img decoding=\"async\" class=\"alignnone wp-image-3526\" src=\"https:\/\/orkza.com\/wp-content\/uploads\/2024\/10\/Steam-Account-Notice-min-300x300.png\" alt=\"\" width=\"41\" height=\"41\" srcset=\"https:\/\/orkza.com\/wp-content\/uploads\/2024\/10\/Steam-Account-Notice-min-300x300.png 300w, https:\/\/orkza.com\/wp-content\/uploads\/2024\/10\/Steam-Account-Notice-min-scaled-430x430.png 430w, https:\/\/orkza.com\/wp-content\/uploads\/2024\/10\/Steam-Account-Notice-min-150x150.png 150w, https:\/\/orkza.com\/wp-content\/uploads\/2024\/10\/Steam-Account-Notice-min-scaled-700x700.png 700w, https:\/\/orkza.com\/wp-content\/uploads\/2024\/10\/Steam-Account-Notice-min-800x800.png 800w, https:\/\/orkza.com\/wp-content\/uploads\/2024\/10\/Steam-Account-Notice-min-768x768.png 768w, https:\/\/orkza.com\/wp-content\/uploads\/2024\/10\/Steam-Account-Notice-min-1536x1536.png 1536w, https:\/\/orkza.com\/wp-content\/uploads\/2024\/10\/Steam-Account-Notice-min-2048x2048.png 2048w\" sizes=\"(max-width: 41px) 100vw, 41px\" \/><strong>Hinweis: Kontodaten k\u00f6nnen nicht ge\u00e4ndert werden. Dies ist ein Steam-Konto mit lebenslangem Zugriff, nur f\u00fcr Offline-Spiele. <\/strong><\/p>\n","protected":false},"featured_media":17236,"comment_status":"open","ping_status":"closed","template":"","meta":[],"product_brand":[],"product_cat":[216],"product_tag":[249],"class_list":{"0":"post-17234","1":"product","2":"type-product","3":"status-publish","4":"has-post-thumbnail","6":"product_cat-action","7":"product_tag-steam","9":"first","10":"instock","11":"sale","12":"virtual","13":"purchasable","14":"product-type-simple"},"_links":{"self":[{"href":"https:\/\/orkza.com\/de\/wp-json\/wp\/v2\/product\/17234","targetHints":{"allow":["GET"]}}],"collection":[{"href":"https:\/\/orkza.com\/de\/wp-json\/wp\/v2\/product"}],"about":[{"href":"https:\/\/orkza.com\/de\/wp-json\/wp\/v2\/types\/product"}],"replies":[{"embeddable":true,"href":"https:\/\/orkza.com\/de\/wp-json\/wp\/v2\/comments?post=17234"}],"version-history":[{"count":0,"href":"https:\/\/orkza.com\/de\/wp-json\/wp\/v2\/product\/17234\/revisions"}],"wp:featuredmedia":[{"embeddable":true,"href":"https:\/\/orkza.com\/de\/wp-json\/wp\/v2\/media\/17236"}],"wp:attachment":[{"href":"https:\/\/orkza.com\/de\/wp-json\/wp\/v2\/media?parent=17234"}],"wp:term":[{"taxonomy":"product_brand","embeddable":true,"href":"https:\/\/orkza.com\/de\/wp-json\/wp\/v2\/product_brand?post=17234"},{"taxonomy":"product_cat","embeddable":true,"href":"https:\/\/orkza.com\/de\/wp-json\/wp\/v2\/product_cat?post=17234"},{"taxonomy":"product_tag","embeddable":true,"href":"https:\/\/orkza.com\/de\/wp-json\/wp\/v2\/product_tag?post=17234"}],"curies":[{"name":"wp","href":"https:\/\/api.w.org\/{rel}","templated":true}]}}