{"id":17226,"date":"2025-10-03T15:58:08","date_gmt":"2025-10-03T15:58:08","guid":{"rendered":"https:\/\/orkza.com\/product\/resident-evil-2-steam-account\/"},"modified":"2026-02-26T05:57:20","modified_gmt":"2026-02-26T05:57:20","slug":"resident-evil-2-steam-account","status":"publish","type":"product","link":"https:\/\/orkza.com\/de\/produkt\/resident-evil-2-steam-account\/","title":{"rendered":"Resident Evil 2 Steam-Account"},"content":{"rendered":"<h2 data-start=\"3210\" data-end=\"3288\"><strong data-start=\"3214\" data-end=\"3288\">Resident Evil 2 Steam-Account \u2013 der Survival-Horror-Klassiker neu interpretiert<\/strong><\/h2>\n<p class=\"\" data-start=\"3290\" data-end=\"3529\">Schalten Sie mit unserem Steam-Account die erschreckende Welt von <a href=\"https:\/\/store.steampowered.com\/app\/883710\/Resident_Evil_2\/\" target=\"_blank\" rel=\"noopener\"><em data-start=\"3321\" data-end=\"3345\">Resident Evil 2 Remake<\/em><\/a> frei. Diese preisgekr\u00f6nte Neuinterpretation des Klassikers von 1998 bietet fotorealistischen Horror, intensiven Kampf und eine emotionale Story in einem virusverseuchten Raccoon City. <\/p>\n<h3 data-start=\"3531\" data-end=\"3568\"><strong data-start=\"3536\" data-end=\"3568\">Zwei Kampagnen, ein Albtraum<\/strong><\/h3>\n<p class=\"\" data-start=\"3570\" data-end=\"3743\">Spielen Sie als Leon S. Kennedy oder Claire Redfield \u2013 jeweils mit eigenen Handlungsstr\u00e4ngen, Herausforderungen und Waffen. Ihre Entscheidungen bestimmen, wie sich die Ereignisse in diesem Dual-Narrativ entfalten. <\/p>\n<h3 data-start=\"3745\" data-end=\"3785\"><strong data-start=\"3750\" data-end=\"3785\">Spannende K\u00e4mpfe und R\u00e4tsel<\/strong><\/h3>\n<p class=\"\" data-start=\"3787\" data-end=\"3973\">Verwalten Sie knappe Ressourcen, l\u00f6sen Sie komplexe R\u00e4tsel und stellen Sie sich mutierten Schrecken in engen Korridoren. Die Over-the-Shoulder-Kamera und das immersive Sounddesign steigern die Spannung im gesamten Spiel. <\/p>\n<h3 data-start=\"3975\" data-end=\"4018\"><strong data-start=\"3980\" data-end=\"4018\">RE-Engine-Grafik und Gore-Effekte<\/strong><\/h3>\n<p class=\"\" data-start=\"4020\" data-end=\"4172\">Auf Capcoms RE Engine aufgebaut, bietet das Spiel realistische Beleuchtung, Schatten und groteske Gegnerdetails, die die Untoten so lebendig wirken lassen wie nie zuvor.<\/p>\n<h3>So nutzen Sie Ihren Resident Evil 2 Steam-Account<\/h3>\n<p><img decoding=\"async\" class=\"alignnone wp-image-3511\" src=\"https:\/\/orkza.com\/wp-content\/uploads\/2024\/10\/STEAM-ACTIVATION-GUIDE-400x225.jpg\" alt=\"\" width=\"804\" height=\"453\" title=\"\" srcset=\"https:\/\/orkza.com\/wp-content\/uploads\/2024\/10\/STEAM-ACTIVATION-GUIDE-400x225.jpg 400w, https:\/\/orkza.com\/wp-content\/uploads\/2024\/10\/STEAM-ACTIVATION-GUIDE-430x242.jpg 430w, https:\/\/orkza.com\/wp-content\/uploads\/2024\/10\/STEAM-ACTIVATION-GUIDE-150x84.jpg 150w, https:\/\/orkza.com\/wp-content\/uploads\/2024\/10\/STEAM-ACTIVATION-GUIDE-700x394.jpg 700w, https:\/\/orkza.com\/wp-content\/uploads\/2024\/10\/STEAM-ACTIVATION-GUIDE-768x432.jpg 768w, https:\/\/orkza.com\/wp-content\/uploads\/2024\/10\/STEAM-ACTIVATION-GUIDE.jpg 1280w\" sizes=\"(max-width: 804px) 100vw, 804px\" \/><\/p>\n<p>Melde dich nach dem Kauf auf deinem PC mit dem bereitgestellten Steam-Konto an. Sobald du angemeldet bist, navigiere zu deiner Bibliothek, installiere das Spiel und klicke auf den Play-Button.  Nach ein paar Minuten beende das Spiel und schalte Steam in den Offline-Modus \u2013 und schon bist du bereit f\u00fcr stundenlangen, aufregenden Spielspa\u00df!<\/p>\n<p>F\u00fcr einen umfassenden Einrichtungsprozess lesen Sie bitte unsere <a href=\"https:\/\/orkza.com\/de\/steam-account-activation-guide\/\" target=\"_blank\" rel=\"noopener\">vollst\u00e4ndige Aktivierungsanleitung<\/a><\/p>\n<h3 data-start=\"4174\" data-end=\"4210\"><strong data-start=\"4179\" data-end=\"4210\">Minimale Systemanforderungen<\/strong><\/h3>\n<ul data-start=\"4212\" data-end=\"4374\">\n<li class=\"\" data-start=\"4212\" data-end=\"4239\">\n<p class=\"\" data-start=\"4214\" data-end=\"4239\">Betriebssystem: Windows 10 (64-Bit)<\/p>\n<\/li>\n<li class=\"\" data-start=\"4240\" data-end=\"4287\">\n<p class=\"\" data-start=\"4242\" data-end=\"4287\">Prozessor: Intel Core i5-4460 \/ AMD FX-6300<\/p>\n<\/li>\n<li class=\"\" data-start=\"4288\" data-end=\"4308\">\n<p class=\"\" data-start=\"4290\" data-end=\"4308\">Arbeitsspeicher: 8 GB RAM<\/p>\n<\/li>\n<li class=\"\" data-start=\"4309\" data-end=\"4357\">\n<p class=\"\" data-start=\"4311\" data-end=\"4357\">Grafik: NVIDIA GTX 960 \/ AMD Radeon RX 460<\/p>\n<\/li>\n<li class=\"\" data-start=\"4358\" data-end=\"4374\">\n<p class=\"\" data-start=\"4360\" data-end=\"4374\">Speicher: 26 GB<\/p>\n<\/li>\n<\/ul>\n<h3 data-start=\"4376\" data-end=\"4416\"><strong data-start=\"4381\" data-end=\"4416\">Empfohlene Systemanforderungen<\/strong><\/h3>\n<ul data-start=\"4418\" data-end=\"4581\">\n<li class=\"\" data-start=\"4418\" data-end=\"4448\">\n<p class=\"\" data-start=\"4420\" data-end=\"4448\">OS: Windows 10\/11 (64-Bit)<\/p>\n<\/li>\n<li class=\"\" data-start=\"4449\" data-end=\"4496\">\n<p class=\"\" data-start=\"4451\" data-end=\"4496\">Prozessor: Intel Core i7-3770 \/ AMD FX-9590<\/p>\n<\/li>\n<li class=\"\" data-start=\"4497\" data-end=\"4517\">\n<p class=\"\" data-start=\"4499\" data-end=\"4517\">Arbeitsspeicher: 8 GB RAM<\/p>\n<\/li>\n<li class=\"\" data-start=\"4518\" data-end=\"4560\">\n<p class=\"\" data-start=\"4520\" data-end=\"4560\">Grafik: NVIDIA GTX 1060 \/ AMD RX 480<\/p>\n<\/li>\n<li class=\"\" data-start=\"4561\" data-end=\"4581\">\n<p class=\"\" data-start=\"4563\" data-end=\"4581\">Speicher: 26 GB SSD<\/p>\n<\/li>\n<\/ul>\n<p>Entdecken Sie unsere neuesten <a href=\"https:\/\/orkza.com\/de\/produkt-kategorie\/pc-spiele\/\" target=\"_blank\" rel=\"noopener\">Spiel-Accounts<\/a><\/p>\n","protected":false},"excerpt":{"rendered":"<p>Erleben Sie den Horror in RE2 Remake erneut. Erkunden Sie Raccoon City, l\u00f6sen Sie R\u00e4tsel und \u00fcberleben Sie die Untoten mit unserem Steam-Account. <\/p>\n<p><img decoding=\"async\" class=\"alignnone wp-image-3526\" src=\"https:\/\/orkza.com\/wp-content\/uploads\/2024\/10\/Steam-Account-Notice-min-300x300.png\" alt=\"\" width=\"45\" height=\"45\" srcset=\"https:\/\/orkza.com\/wp-content\/uploads\/2024\/10\/Steam-Account-Notice-min-300x300.png 300w, https:\/\/orkza.com\/wp-content\/uploads\/2024\/10\/Steam-Account-Notice-min-scaled-430x430.png 430w, https:\/\/orkza.com\/wp-content\/uploads\/2024\/10\/Steam-Account-Notice-min-150x150.png 150w, https:\/\/orkza.com\/wp-content\/uploads\/2024\/10\/Steam-Account-Notice-min-scaled-700x700.png 700w, https:\/\/orkza.com\/wp-content\/uploads\/2024\/10\/Steam-Account-Notice-min-800x800.png 800w, https:\/\/orkza.com\/wp-content\/uploads\/2024\/10\/Steam-Account-Notice-min-768x768.png 768w, https:\/\/orkza.com\/wp-content\/uploads\/2024\/10\/Steam-Account-Notice-min-1536x1536.png 1536w, https:\/\/orkza.com\/wp-content\/uploads\/2024\/10\/Steam-Account-Notice-min-2048x2048.png 2048w\" sizes=\"(max-width: 45px) 100vw, 45px\" \/><strong>Hinweis: Kontodaten k\u00f6nnen nicht ge\u00e4ndert werden. Dies ist ein Steam-Konto mit lebenslangem Zugriff, nur f\u00fcr Offline-Spiele. <\/strong><\/p>\n","protected":false},"featured_media":17227,"comment_status":"open","ping_status":"closed","template":"","meta":[],"product_brand":[],"product_cat":[216],"product_tag":[249],"class_list":{"0":"post-17226","1":"product","2":"type-product","3":"status-publish","4":"has-post-thumbnail","6":"product_cat-action","7":"product_tag-steam","9":"first","10":"instock","11":"sale","12":"virtual","13":"purchasable","14":"product-type-simple"},"_links":{"self":[{"href":"https:\/\/orkza.com\/de\/wp-json\/wp\/v2\/product\/17226","targetHints":{"allow":["GET"]}}],"collection":[{"href":"https:\/\/orkza.com\/de\/wp-json\/wp\/v2\/product"}],"about":[{"href":"https:\/\/orkza.com\/de\/wp-json\/wp\/v2\/types\/product"}],"replies":[{"embeddable":true,"href":"https:\/\/orkza.com\/de\/wp-json\/wp\/v2\/comments?post=17226"}],"version-history":[{"count":0,"href":"https:\/\/orkza.com\/de\/wp-json\/wp\/v2\/product\/17226\/revisions"}],"wp:featuredmedia":[{"embeddable":true,"href":"https:\/\/orkza.com\/de\/wp-json\/wp\/v2\/media\/17227"}],"wp:attachment":[{"href":"https:\/\/orkza.com\/de\/wp-json\/wp\/v2\/media?parent=17226"}],"wp:term":[{"taxonomy":"product_brand","embeddable":true,"href":"https:\/\/orkza.com\/de\/wp-json\/wp\/v2\/product_brand?post=17226"},{"taxonomy":"product_cat","embeddable":true,"href":"https:\/\/orkza.com\/de\/wp-json\/wp\/v2\/product_cat?post=17226"},{"taxonomy":"product_tag","embeddable":true,"href":"https:\/\/orkza.com\/de\/wp-json\/wp\/v2\/product_tag?post=17226"}],"curies":[{"name":"wp","href":"https:\/\/api.w.org\/{rel}","templated":true}]}}