{"id":17222,"date":"2025-10-03T15:58:01","date_gmt":"2025-10-03T15:58:01","guid":{"rendered":"https:\/\/orkza.com\/product\/octopath-traveler-2-steam-account\/"},"modified":"2026-02-26T05:57:17","modified_gmt":"2026-02-26T05:57:17","slug":"octopath-traveler-2-steam-account","status":"publish","type":"product","link":"https:\/\/orkza.com\/de\/produkt\/octopath-traveler-2-steam-account\/","title":{"rendered":"OCTOPATH TRAVELER 2 Steam-Account"},"content":{"rendered":"<h2 data-start=\"3296\" data-end=\"3377\"><strong data-start=\"3300\" data-end=\"3377\">OCTOPATH TRAVELER II Steam-Account \u2013 Acht Geschichten, eine wundersch\u00f6ne Reise<\/strong><\/h2>\n<p class=\"\" data-start=\"3379\" data-end=\"3681\">Spielen Sie <a href=\"https:\/\/store.steampowered.com\/app\/1971650\/OCTOPATH_TRAVELER_II\/\" target=\"_blank\" rel=\"noopener\"><em data-start=\"3384\" data-end=\"3406\">OCTOPATH TRAVELER II<\/em><\/a> auf unserem Steam-Account und tauchen Sie ein in ein umfangreiches JRPG mit acht einzigartigen Protagonisten, jeder mit seinem eigenen Weg, seinen Entscheidungen und seinem Schicksal. Mit seinem charakteristischen HD-2D-Grafikstil und strategischen rundenbasierten K\u00e4mpfen erweitert diese Fortsetzung alles, was Spieler am Original geliebt haben. <\/p>\n<h3 data-start=\"3683\" data-end=\"3725\"><strong data-start=\"3688\" data-end=\"3725\">W\u00e4hlen Sie Ihren Helden, schmieden Sie Ihren Weg<\/strong><\/h3>\n<p class=\"\" data-start=\"3727\" data-end=\"3914\">Jeder Reisende beginnt in einer anderen Region mit seiner eigenen Geschichte. Ob Sie ein T\u00e4nzer, Gelehrter, Dieb oder Krieger sind \u2013 Ihre Handlungen beeinflussen die Welt und Ihre Beziehungen zu anderen. <\/p>\n<h3 data-start=\"3916\" data-end=\"3968\"><strong data-start=\"3921\" data-end=\"3968\">Verfeinertes rundenbasiertes Kampfsystem und latente Kr\u00e4fte<\/strong><\/h3>\n<p class=\"\" data-start=\"3970\" data-end=\"4133\">Meistern Sie Break\/Boost-Mechaniken und entfesseln Sie m\u00e4chtige latente F\u00e4higkeiten, die f\u00fcr jeden Charakter einzigartig sind. Strategische Planung, Timing und Skill-Kombinationen sind der Schl\u00fcssel zum Sieg. <\/p>\n<h3 data-start=\"4135\" data-end=\"4182\"><strong data-start=\"4140\" data-end=\"4182\">Tag- und Nachtsystem mit Pfadaktionen<\/strong><\/h3>\n<p class=\"\" data-start=\"4184\" data-end=\"4371\">Die Tageszeit beeinflusst das Verhalten von NPCs, Ereignisse und Aktionen, die Sie ausf\u00fchren k\u00f6nnen \u2013 wie Stehlen, Bestechen oder Duellieren. Erkunden Sie St\u00e4dte, Verliese und verborgene Regionen, w\u00e4hrend Sie miteinander verwobene Geschichten aufdecken. <\/p>\n<h3>So verwenden Sie Ihren OCTOPATH TRAVELER 2 Steam-Account<\/h3>\n<p><img decoding=\"async\" class=\"alignnone wp-image-3511\" src=\"https:\/\/orkza.com\/wp-content\/uploads\/2024\/10\/STEAM-ACTIVATION-GUIDE-400x225.jpg\" alt=\"\" width=\"804\" height=\"453\" title=\"\" srcset=\"https:\/\/orkza.com\/wp-content\/uploads\/2024\/10\/STEAM-ACTIVATION-GUIDE-400x225.jpg 400w, https:\/\/orkza.com\/wp-content\/uploads\/2024\/10\/STEAM-ACTIVATION-GUIDE-430x242.jpg 430w, https:\/\/orkza.com\/wp-content\/uploads\/2024\/10\/STEAM-ACTIVATION-GUIDE-150x84.jpg 150w, https:\/\/orkza.com\/wp-content\/uploads\/2024\/10\/STEAM-ACTIVATION-GUIDE-700x394.jpg 700w, https:\/\/orkza.com\/wp-content\/uploads\/2024\/10\/STEAM-ACTIVATION-GUIDE-768x432.jpg 768w, https:\/\/orkza.com\/wp-content\/uploads\/2024\/10\/STEAM-ACTIVATION-GUIDE.jpg 1280w\" sizes=\"(max-width: 804px) 100vw, 804px\" \/><\/p>\n<p>Melde dich nach dem Kauf auf deinem PC mit dem bereitgestellten Steam-Konto an. Sobald du angemeldet bist, navigiere zu deiner Bibliothek, installiere das Spiel und klicke auf den Play-Button.  Nach ein paar Minuten beende das Spiel und schalte Steam in den Offline-Modus \u2013 und schon bist du bereit f\u00fcr stundenlangen, aufregenden Spielspa\u00df!<\/p>\n<p>F\u00fcr einen umfassenden Einrichtungsprozess lesen Sie bitte unsere <a href=\"https:\/\/orkza.com\/de\/steam-account-activation-guide\/\" target=\"_blank\" rel=\"noopener\">vollst\u00e4ndige Aktivierungsanleitung<\/a><\/p>\n<h3 data-start=\"4373\" data-end=\"4409\"><strong data-start=\"4378\" data-end=\"4409\">Minimale Systemanforderungen<\/strong><\/h3>\n<ul data-start=\"4411\" data-end=\"4578\">\n<li class=\"\" data-start=\"4411\" data-end=\"4438\">\n<p class=\"\" data-start=\"4413\" data-end=\"4438\">Betriebssystem: Windows 10 (64-Bit)<\/p>\n<\/li>\n<li class=\"\" data-start=\"4439\" data-end=\"4491\">\n<p class=\"\" data-start=\"4441\" data-end=\"4491\">Prozessor: AMD Ryzen 3 1200 \/ Intel Core i3-6100<\/p>\n<\/li>\n<li class=\"\" data-start=\"4492\" data-end=\"4512\">\n<p class=\"\" data-start=\"4494\" data-end=\"4512\">Arbeitsspeicher: 8 GB RAM<\/p>\n<\/li>\n<li class=\"\" data-start=\"4513\" data-end=\"4561\">\n<p class=\"\" data-start=\"4515\" data-end=\"4561\">Grafik: AMD Radeon RX 460 \/ NVIDIA GTX 750<\/p>\n<\/li>\n<li class=\"\" data-start=\"4562\" data-end=\"4578\">\n<p class=\"\" data-start=\"4564\" data-end=\"4578\">Speicher: 10 GB<\/p>\n<\/li>\n<\/ul>\n<h3 data-start=\"4580\" data-end=\"4620\"><strong data-start=\"4585\" data-end=\"4620\">Empfohlene Systemanforderungen<\/strong><\/h3>\n<ul data-start=\"4622\" data-end=\"4797\">\n<li class=\"\" data-start=\"4622\" data-end=\"4652\">\n<p class=\"\" data-start=\"4624\" data-end=\"4652\">OS: Windows 10\/11 (64-Bit)<\/p>\n<\/li>\n<li class=\"\" data-start=\"4653\" data-end=\"4705\">\n<p class=\"\" data-start=\"4655\" data-end=\"4705\">Prozessor: AMD Ryzen 3 1200 \/ Intel Core i5-6500<\/p>\n<\/li>\n<li class=\"\" data-start=\"4706\" data-end=\"4726\">\n<p class=\"\" data-start=\"4708\" data-end=\"4726\">Arbeitsspeicher: 8 GB RAM<\/p>\n<\/li>\n<li class=\"\" data-start=\"4727\" data-end=\"4776\">\n<p class=\"\" data-start=\"4729\" data-end=\"4776\">Grafik: AMD Radeon RX 470 \/ NVIDIA GTX 1060<\/p>\n<\/li>\n<li class=\"\" data-start=\"4777\" data-end=\"4797\">\n<p class=\"\" data-start=\"4779\" data-end=\"4797\">Speicher: 10 GB SSD<\/p>\n<\/li>\n<\/ul>\n<p>Entdecken Sie unsere neuesten <a href=\"https:\/\/orkza.com\/de\/produkt-kategorie\/pc-spiele\/\" target=\"_blank\" rel=\"noopener\">Spiel-Accounts<\/a><\/p>\n","protected":false},"excerpt":{"rendered":"<p>Begeben Sie sich auf 8 einzigartige Reisen durch eine atemberaubende HD-2D-Welt mit tiefgr\u00fcndigen rundenbasierten K\u00e4mpfen \u00fcber unseren Steam-Account.<\/p>\n<p><img decoding=\"async\" class=\"alignnone wp-image-3526\" src=\"https:\/\/orkza.com\/wp-content\/uploads\/2024\/10\/Steam-Account-Notice-min-300x300.png\" alt=\"\" width=\"45\" height=\"45\" srcset=\"https:\/\/orkza.com\/wp-content\/uploads\/2024\/10\/Steam-Account-Notice-min-300x300.png 300w, https:\/\/orkza.com\/wp-content\/uploads\/2024\/10\/Steam-Account-Notice-min-scaled-430x430.png 430w, https:\/\/orkza.com\/wp-content\/uploads\/2024\/10\/Steam-Account-Notice-min-150x150.png 150w, https:\/\/orkza.com\/wp-content\/uploads\/2024\/10\/Steam-Account-Notice-min-scaled-700x700.png 700w, https:\/\/orkza.com\/wp-content\/uploads\/2024\/10\/Steam-Account-Notice-min-800x800.png 800w, https:\/\/orkza.com\/wp-content\/uploads\/2024\/10\/Steam-Account-Notice-min-768x768.png 768w, https:\/\/orkza.com\/wp-content\/uploads\/2024\/10\/Steam-Account-Notice-min-1536x1536.png 1536w, https:\/\/orkza.com\/wp-content\/uploads\/2024\/10\/Steam-Account-Notice-min-2048x2048.png 2048w\" sizes=\"(max-width: 45px) 100vw, 45px\" \/><strong>Hinweis: Kontodaten k\u00f6nnen nicht ge\u00e4ndert werden. Dies ist ein Steam-Konto mit lebenslangem Zugriff, nur f\u00fcr Offline-Spiele. <\/strong><\/p>\n","protected":false},"featured_media":17223,"comment_status":"open","ping_status":"closed","template":"","meta":[],"product_brand":[],"product_cat":[219],"product_tag":[249],"class_list":{"0":"post-17222","1":"product","2":"type-product","3":"status-publish","4":"has-post-thumbnail","6":"product_cat-rpg","7":"product_tag-steam","9":"first","10":"instock","11":"sale","12":"virtual","13":"purchasable","14":"product-type-simple"},"_links":{"self":[{"href":"https:\/\/orkza.com\/de\/wp-json\/wp\/v2\/product\/17222","targetHints":{"allow":["GET"]}}],"collection":[{"href":"https:\/\/orkza.com\/de\/wp-json\/wp\/v2\/product"}],"about":[{"href":"https:\/\/orkza.com\/de\/wp-json\/wp\/v2\/types\/product"}],"replies":[{"embeddable":true,"href":"https:\/\/orkza.com\/de\/wp-json\/wp\/v2\/comments?post=17222"}],"version-history":[{"count":0,"href":"https:\/\/orkza.com\/de\/wp-json\/wp\/v2\/product\/17222\/revisions"}],"wp:featuredmedia":[{"embeddable":true,"href":"https:\/\/orkza.com\/de\/wp-json\/wp\/v2\/media\/17223"}],"wp:attachment":[{"href":"https:\/\/orkza.com\/de\/wp-json\/wp\/v2\/media?parent=17222"}],"wp:term":[{"taxonomy":"product_brand","embeddable":true,"href":"https:\/\/orkza.com\/de\/wp-json\/wp\/v2\/product_brand?post=17222"},{"taxonomy":"product_cat","embeddable":true,"href":"https:\/\/orkza.com\/de\/wp-json\/wp\/v2\/product_cat?post=17222"},{"taxonomy":"product_tag","embeddable":true,"href":"https:\/\/orkza.com\/de\/wp-json\/wp\/v2\/product_tag?post=17222"}],"curies":[{"name":"wp","href":"https:\/\/api.w.org\/{rel}","templated":true}]}}