{"id":17221,"date":"2025-09-24T02:12:46","date_gmt":"2025-09-24T02:12:46","guid":{"rendered":"https:\/\/orkza.com\/product\/sins-of-a-solar-empire-ii-premium-edition-steam-account\/"},"modified":"2026-02-26T05:57:07","modified_gmt":"2026-02-26T05:57:07","slug":"sins-of-a-solar-empire-ii-premium-edition-steam-account","status":"publish","type":"product","link":"https:\/\/orkza.com\/de\/produkt\/sins-of-a-solar-empire-ii-premium-edition-steam-account\/","title":{"rendered":"Sins of a Solar Empire II Premium Edition Steam-Konto"},"content":{"rendered":"<h2 data-start=\"0\" data-end=\"63\"><strong data-start=\"3\" data-end=\"63\">Sins of a Solar Empire II Steam-Konto \u2013 Beherrschen Sie die Sterne<\/strong><\/h2>\n<p data-start=\"65\" data-end=\"572\">Spielen Sie <strong data-start=\"70\" data-end=\"172\"><a class=\"decorated-link\" href=\"https:\/\/store.steampowered.com\/app\/1575940\/Sins_of_a_Solar_Empire_II\/?utm_source=chatgpt.com\" target=\"_new\" rel=\"noopener\" data-start=\"72\" data-end=\"170\">Sins of a Solar Empire II<\/a><\/strong> \u00fcber unser Steam-Konto und begeben Sie sich auf eine galaktische Eroberung wie keine andere. Dieser Echtzeit-4X-Strategietitel kombiniert Imperiumsverwaltung mit tiefgreifender Diplomatie, taktischer Kriegsf\u00fchrung und weitl\u00e4ufigen Sternensystemen. Mit massivem Ma\u00dfstab, nahtlosem Zoom von der Galaxieansicht bis zu einzelnen Schiffen und emergenter Erz\u00e4hlweise liefert <em data-start=\"478\" data-end=\"487\">Sins II<\/em> die Evolution, auf die Fans lange gewartet haben.  <\/p>\n<p data-start=\"574\" data-end=\"989\">In <em data-start=\"577\" data-end=\"604\">Sins of a Solar Empire II<\/em> werden Sie <strong data-start=\"615\" data-end=\"660\">Erkunden, Expandieren, Ausbeuten und Vernichten<\/strong> \u00fcber die Sterne hinweg. Verwalten Sie die planetare Entwicklung, erforschen Sie m\u00e4chtige Technologien, verhandeln Sie Allianzen und f\u00fchren Sie Krieg mit Flotten, die sich \u00fcber mehrere Sternensysteme erstrecken. Die Sandbox-Natur des Spiels bedeutet, dass Ihre Strategien bestimmen, wie sich die Geschichte entfaltet \u2013 es gibt keinen festen Kampagnenpfad in der Basisversion.  <\/p>\n<p data-start=\"991\" data-end=\"1401\">Obwohl <em data-start=\"1041\" data-end=\"1050\">Sins II<\/em> zum Release keine traditionelle Kampagne bietet, verspricht das Spiel durch DLCs und Erweiterungen eine hohe Langlebigkeit. So f\u00fchrt beispielsweise der Content-Pass \u201ePaths to Power\u201c missionsbasierte Szenarien und neue strategische Herausforderungen ein. Die Premium Edition gew\u00e4hrt Besitzern Zugriff auf zuk\u00fcnftige Erweiterungen und stellt sicher, dass sich Ihre Investition mit dem Spiel weiterentwickelt.  <\/p>\n<p data-start=\"1403\" data-end=\"1825\">Die Engine ist auf Skalierung und Leistung ausgelegt. Sie erm\u00f6glicht nahtlose \u00dcberg\u00e4nge von der Galaxie\u00fcbersicht bis zu detaillierten Schiffsgefechten, mit Unterst\u00fctzung f\u00fcr Modding, benutzerdefinierte Karten und Community-Inhalte. <\/p>\n<p data-start=\"1403\" data-end=\"1825\">Das Spiel l\u00e4uft im Allgemeinen auch auf schw\u00e4cherer Hardware gut \u2013 auf dem Steam Deck beispielsweise unterst\u00fctzt es native Aufl\u00f6sung und funktioniert ordentlich.<\/p>\n<h3 data-start=\"1827\" data-end=\"1852\">Systemanforderungen<\/h3>\n<p data-start=\"1854\" data-end=\"1887\"><strong data-start=\"1854\" data-end=\"1885\">Minimale Systemanforderungen<\/strong><\/p>\n<ul data-start=\"1888\" data-end=\"2055\">\n<li data-start=\"1888\" data-end=\"1915\">\n<p data-start=\"1890\" data-end=\"1915\">Betriebssystem: Windows 10 (64-Bit)<\/p>\n<\/li>\n<li data-start=\"1916\" data-end=\"1964\">\n<p data-start=\"1918\" data-end=\"1964\">CPU: Intel Core i5-6600K \/ AMD Ryzen 3 2300X<\/p>\n<\/li>\n<li data-start=\"1965\" data-end=\"1978\">\n<p data-start=\"1967\" data-end=\"1978\">RAM: 8 GB<\/p>\n<\/li>\n<li data-start=\"1979\" data-end=\"2036\">\n<p data-start=\"1981\" data-end=\"2036\">GPU: NVIDIA GTX 660 (2 GB) \/ AMD Radeon R9 380 (4 GB)<\/p>\n<\/li>\n<li data-start=\"2037\" data-end=\"2055\">\n<p data-start=\"2039\" data-end=\"2055\">Speicher: 10 GB<\/p>\n<\/li>\n<\/ul>\n<p data-start=\"2057\" data-end=\"2094\"><strong data-start=\"2057\" data-end=\"2092\">Empfohlene Systemanforderungen<\/strong><\/p>\n<ul data-start=\"2095\" data-end=\"2261\">\n<li data-start=\"2095\" data-end=\"2122\">\n<p data-start=\"2097\" data-end=\"2122\">Betriebssystem: Windows 11 (64-Bit)<\/p>\n<\/li>\n<li data-start=\"2123\" data-end=\"2171\">\n<p data-start=\"2125\" data-end=\"2171\">CPU: Intel Core i7-9700K \/ AMD Ryzen 5 5600X<\/p>\n<\/li>\n<li data-start=\"2172\" data-end=\"2186\">\n<p data-start=\"2174\" data-end=\"2186\">RAM: 16 GB<\/p>\n<\/li>\n<li data-start=\"2187\" data-end=\"2238\">\n<p data-start=\"2189\" data-end=\"2238\">GPU: NVIDIA GTX 1060 (6 GB) \/ AMD RX 590 (8 GB)<\/p>\n<\/li>\n<li data-start=\"2239\" data-end=\"2261\">\n<p data-start=\"2241\" data-end=\"2261\">Speicher: 10 GB SSD<\/p>\n<\/li>\n<\/ul>\n<h3>So verwenden Sie Ihr Sins of a Solar Empire II Steam-Konto<\/h3>\n<p><img decoding=\"async\" class=\"alignnone wp-image-3511\" src=\"https:\/\/orkza.com\/wp-content\/uploads\/2024\/10\/STEAM-ACTIVATION-GUIDE-400x225.jpg\" alt=\"\" width=\"804\" height=\"453\" title=\"\" srcset=\"https:\/\/orkza.com\/wp-content\/uploads\/2024\/10\/STEAM-ACTIVATION-GUIDE-400x225.jpg 400w, https:\/\/orkza.com\/wp-content\/uploads\/2024\/10\/STEAM-ACTIVATION-GUIDE-430x242.jpg 430w, https:\/\/orkza.com\/wp-content\/uploads\/2024\/10\/STEAM-ACTIVATION-GUIDE-150x84.jpg 150w, https:\/\/orkza.com\/wp-content\/uploads\/2024\/10\/STEAM-ACTIVATION-GUIDE-700x394.jpg 700w, https:\/\/orkza.com\/wp-content\/uploads\/2024\/10\/STEAM-ACTIVATION-GUIDE-768x432.jpg 768w, https:\/\/orkza.com\/wp-content\/uploads\/2024\/10\/STEAM-ACTIVATION-GUIDE.jpg 1280w\" sizes=\"(max-width: 804px) 100vw, 804px\" \/><\/p>\n<p>Melde dich nach dem Kauf auf deinem PC mit dem bereitgestellten Steam-Konto an. Sobald du angemeldet bist, navigiere zu deiner Bibliothek, installiere das Spiel und klicke auf den Play-Button.  Nach ein paar Minuten beende das Spiel und schalte Steam in den Offline-Modus \u2013 und schon bist du bereit f\u00fcr stundenlangen, aufregenden Spielspa\u00df!<\/p>\n<p>F\u00fcr eine umfassende Einrichtung lies dir unseren <a href=\"https:\/\/orkza.com\/de\/steam-account-activation-guide\/\" target=\"_blank\" rel=\"noopener\">Steam-Konto-Aktivierungsleitfaden<\/a> durch.<\/p>\n<p>Entdecke unsere neuesten <a href=\"https:\/\/orkza.com\/de\/produkt-kategorie\/pc-spiele\/\" target=\"_blank\" rel=\"noopener\">PC-SPIELE<\/a><\/p>\n","protected":false},"excerpt":{"rendered":"<p data-start=\"2263\" data-end=\"2435\">Befehligen Sie Imperien \u00fcber die Sterne hinweg in <em data-start=\"2342\" data-end=\"2369\">Sins of a Solar Empire II<\/em>. Massive 4X-Kriegsf\u00fchrung, tiefgreifende Diplomatie und endlose Wiederspielbarkeit. <\/p>\n<p><img decoding=\"async\" class=\"alignnone wp-image-3526\" src=\"https:\/\/orkza.com\/wp-content\/uploads\/2024\/10\/Steam-Account-Notice-min-300x300.png\" alt=\"\" width=\"41\" height=\"41\" srcset=\"https:\/\/orkza.com\/wp-content\/uploads\/2024\/10\/Steam-Account-Notice-min-300x300.png 300w, https:\/\/orkza.com\/wp-content\/uploads\/2024\/10\/Steam-Account-Notice-min-scaled-430x430.png 430w, https:\/\/orkza.com\/wp-content\/uploads\/2024\/10\/Steam-Account-Notice-min-150x150.png 150w, https:\/\/orkza.com\/wp-content\/uploads\/2024\/10\/Steam-Account-Notice-min-scaled-700x700.png 700w, https:\/\/orkza.com\/wp-content\/uploads\/2024\/10\/Steam-Account-Notice-min-800x800.png 800w, https:\/\/orkza.com\/wp-content\/uploads\/2024\/10\/Steam-Account-Notice-min-768x768.png 768w, https:\/\/orkza.com\/wp-content\/uploads\/2024\/10\/Steam-Account-Notice-min-1536x1536.png 1536w, https:\/\/orkza.com\/wp-content\/uploads\/2024\/10\/Steam-Account-Notice-min-2048x2048.png 2048w\" sizes=\"(max-width: 41px) 100vw, 41px\" \/><strong>Hinweis: Kontodaten k\u00f6nnen nicht ge\u00e4ndert werden. Dies ist ein Steam-Konto mit lebenslangem Zugriff, nur f\u00fcr Offline-Spiele. <\/strong><\/p>\n","protected":false},"featured_media":17195,"comment_status":"open","ping_status":"closed","template":"","meta":[],"product_brand":[],"product_cat":[223],"product_tag":[249],"class_list":{"0":"post-17221","1":"product","2":"type-product","3":"status-publish","4":"has-post-thumbnail","6":"product_cat-strategiespiele","7":"product_tag-steam","9":"first","10":"instock","11":"sale","12":"virtual","13":"purchasable","14":"product-type-simple"},"_links":{"self":[{"href":"https:\/\/orkza.com\/de\/wp-json\/wp\/v2\/product\/17221","targetHints":{"allow":["GET"]}}],"collection":[{"href":"https:\/\/orkza.com\/de\/wp-json\/wp\/v2\/product"}],"about":[{"href":"https:\/\/orkza.com\/de\/wp-json\/wp\/v2\/types\/product"}],"replies":[{"embeddable":true,"href":"https:\/\/orkza.com\/de\/wp-json\/wp\/v2\/comments?post=17221"}],"version-history":[{"count":0,"href":"https:\/\/orkza.com\/de\/wp-json\/wp\/v2\/product\/17221\/revisions"}],"wp:featuredmedia":[{"embeddable":true,"href":"https:\/\/orkza.com\/de\/wp-json\/wp\/v2\/media\/17195"}],"wp:attachment":[{"href":"https:\/\/orkza.com\/de\/wp-json\/wp\/v2\/media?parent=17221"}],"wp:term":[{"taxonomy":"product_brand","embeddable":true,"href":"https:\/\/orkza.com\/de\/wp-json\/wp\/v2\/product_brand?post=17221"},{"taxonomy":"product_cat","embeddable":true,"href":"https:\/\/orkza.com\/de\/wp-json\/wp\/v2\/product_cat?post=17221"},{"taxonomy":"product_tag","embeddable":true,"href":"https:\/\/orkza.com\/de\/wp-json\/wp\/v2\/product_tag?post=17221"}],"curies":[{"name":"wp","href":"https:\/\/api.w.org\/{rel}","templated":true}]}}