{"id":17192,"date":"2025-09-24T02:12:37","date_gmt":"2025-09-24T02:12:37","guid":{"rendered":"https:\/\/orkza.com\/product\/millennia-premium-edition-steam-account\/"},"modified":"2026-02-26T05:57:04","modified_gmt":"2026-02-26T05:57:04","slug":"millennia-premium-edition-steam-account","status":"publish","type":"product","link":"https:\/\/orkza.com\/de\/produkt\/millennia-premium-edition-steam-account\/","title":{"rendered":"Millennia Premium Edition Steam-Account"},"content":{"rendered":"<h2 data-start=\"146\" data-end=\"200\"><strong data-start=\"149\" data-end=\"200\">Millennia Steam-Account \u2013 Herrschen Sie durch die Zeitalter<\/strong><\/h2>\n<p data-start=\"202\" data-end=\"482\">Spielen Sie <strong data-start=\"207\" data-end=\"277\"><a class=\"decorated-link\" href=\"https:\/\/store.steampowered.com\/app\/1268590\/Millennia\/?utm_source=chatgpt.com\" target=\"_new\" rel=\"noopener\" data-start=\"209\" data-end=\"275\">Millennia<\/a><\/strong> \u00fcber unseren Steam-Account und f\u00fchren Sie eine Zivilisation von der Renaissance bis zur Moderne. Bauen Sie auf, erobern Sie oder \u00fcberlisten Sie Rivalen in dieser gro\u00dfen Strategiesimulation voller Tiefgang, Diplomatie und emergenter Geschichten. <\/p>\n<p data-start=\"484\" data-end=\"772\">In <em data-start=\"487\" data-end=\"498\">Millennia<\/em> entwickelt sich Ihr Imperium \u00fcber Epochen hinweg. Sie verwalten Ressourcen, Technologie, Bev\u00f6lkerungswachstum und Milit\u00e4rkampagnen. Sie k\u00f6nnen kulturelle Entwicklung, wissenschaftliche Vorherrschaft oder milit\u00e4rische Dominanz w\u00e4hlen. W\u00e4hrend Ihre Nation expandiert, muss sie auf Kriege, Rebellionen und wechselnde Allianzen reagieren.   <\/p>\n<p data-start=\"774\" data-end=\"1162\">Erwarten Sie einen hohen Wiederspielwert: Jede Partie wird durch Ihre Entscheidungen und die Strategien Ihrer Rivalen gepr\u00e4gt. Ob Sie starke Allianzen schmieden oder \u00fcberraschende Invasionen starten \u2013 der Weg zum Sieg ist nie derselbe. Sie werden sich auch mit \u201eSiegeszeitaltern\u201c auseinandersetzen m\u00fcssen \u2013 wenn eine Nation einen Schwellenwert erreicht und die Bedingungen diktiert, unter denen der Rest der Welt reagieren muss.  <\/p>\n<p data-start=\"1164\" data-end=\"1197\"><strong data-start=\"1164\" data-end=\"1195\">Minimale Systemanforderungen<\/strong><\/p>\n<ul data-start=\"1198\" data-end=\"1637\">\n<li data-start=\"1198\" data-end=\"1268\">\n<p data-start=\"1200\" data-end=\"1268\">Betriebssystem: Windows 10 Home (64-Bit)<\/p>\n<\/li>\n<li data-start=\"1269\" data-end=\"1356\">\n<p data-start=\"1271\" data-end=\"1356\">Prozessor: Intel Core i5-6600K oder AMD Ryzen 3 2300X<\/p>\n<\/li>\n<li data-start=\"1357\" data-end=\"1408\">\n<p data-start=\"1359\" data-end=\"1408\">Arbeitsspeicher: 8 GB<\/p>\n<\/li>\n<li data-start=\"1409\" data-end=\"1502\">\n<p data-start=\"1411\" data-end=\"1502\">Grafikkarte: NVIDIA GTX 660 (2GB) \/ AMD Radeon R9 380 (4GB)<\/p>\n<\/li>\n<li data-start=\"1503\" data-end=\"1564\">\n<p data-start=\"1505\" data-end=\"1564\">DirectX: Version 11<\/p>\n<\/li>\n<li data-start=\"1565\" data-end=\"1637\">\n<p data-start=\"1567\" data-end=\"1637\">Speicherplatz: 10 GB verf\u00fcgbarer Speicherplatz<\/p>\n<\/li>\n<\/ul>\n<p data-start=\"1639\" data-end=\"1676\"><strong data-start=\"1639\" data-end=\"1674\">Empfohlene Systemanforderungen<\/strong><\/p>\n<ul data-start=\"1677\" data-end=\"2023\">\n<li data-start=\"1677\" data-end=\"1733\">\n<p data-start=\"1679\" data-end=\"1733\">Betriebssystem: Windows 11<\/p>\n<\/li>\n<li data-start=\"1734\" data-end=\"1821\">\n<p data-start=\"1736\" data-end=\"1821\">Prozessor: Intel Core i7-9700K oder AMD Ryzen 5 5600X<\/p>\n<\/li>\n<li data-start=\"1822\" data-end=\"1874\">\n<p data-start=\"1824\" data-end=\"1874\">Arbeitsspeicher: 16 GB<\/p>\n<\/li>\n<li data-start=\"1875\" data-end=\"1964\">\n<p data-start=\"1877\" data-end=\"1964\">Grafikkarte: NVIDIA GTX 1060 (6GB) \/ AMD RX 590 (8GB)<\/p>\n<\/li>\n<li data-start=\"1965\" data-end=\"2023\">\n<p data-start=\"1967\" data-end=\"2023\">Speicherplatz: 10 GB<\/p>\n<\/li>\n<\/ul>\n<h3>So verwenden Sie Ihren Millennia Steam-Account<\/h3>\n<p><img decoding=\"async\" class=\"alignnone wp-image-3511\" src=\"https:\/\/orkza.com\/wp-content\/uploads\/2024\/10\/STEAM-ACTIVATION-GUIDE-400x225.jpg\" alt=\"\" width=\"804\" height=\"453\" title=\"\" srcset=\"https:\/\/orkza.com\/wp-content\/uploads\/2024\/10\/STEAM-ACTIVATION-GUIDE-400x225.jpg 400w, https:\/\/orkza.com\/wp-content\/uploads\/2024\/10\/STEAM-ACTIVATION-GUIDE-430x242.jpg 430w, https:\/\/orkza.com\/wp-content\/uploads\/2024\/10\/STEAM-ACTIVATION-GUIDE-150x84.jpg 150w, https:\/\/orkza.com\/wp-content\/uploads\/2024\/10\/STEAM-ACTIVATION-GUIDE-700x394.jpg 700w, https:\/\/orkza.com\/wp-content\/uploads\/2024\/10\/STEAM-ACTIVATION-GUIDE-768x432.jpg 768w, https:\/\/orkza.com\/wp-content\/uploads\/2024\/10\/STEAM-ACTIVATION-GUIDE.jpg 1280w\" sizes=\"(max-width: 804px) 100vw, 804px\" \/><\/p>\n<p>Melde dich nach dem Kauf auf deinem PC mit dem bereitgestellten Steam-Konto an. Sobald du angemeldet bist, navigiere zu deiner Bibliothek, installiere das Spiel und klicke auf den Play-Button.  Nach ein paar Minuten beende das Spiel und schalte Steam in den Offline-Modus \u2013 und schon bist du bereit f\u00fcr stundenlangen, aufregenden Spielspa\u00df!<\/p>\n<p>F\u00fcr eine umfassende Einrichtung lies dir unseren <a href=\"https:\/\/orkza.com\/de\/steam-account-activation-guide\/\" target=\"_blank\" rel=\"noopener\">Steam-Konto-Aktivierungsleitfaden<\/a> durch.<\/p>\n<p>Entdecke unsere neuesten <a href=\"https:\/\/orkza.com\/de\/produkt-kategorie\/pc-spiele\/\" target=\"_blank\" rel=\"noopener\">PC-SPIELE<\/a><\/p>\n","protected":false},"excerpt":{"rendered":"<p data-start=\"3152\" data-end=\"3301\">Formen Sie Zivilisationen, f\u00fchren Sie Kriege und beherrschen Sie Epochen in <em data-start=\"2103\" data-end=\"2114\">Millennia<\/em> \u2013 einer tiefgr\u00fcndigen Strategiesimulation, in der jede Entscheidung durch die Zeit nachhallt.<\/p>\n<p><img decoding=\"async\" class=\"alignnone wp-image-3526\" src=\"https:\/\/orkza.com\/wp-content\/uploads\/2024\/10\/Steam-Account-Notice-min-300x300.png\" alt=\"\" width=\"41\" height=\"41\" srcset=\"https:\/\/orkza.com\/wp-content\/uploads\/2024\/10\/Steam-Account-Notice-min-300x300.png 300w, https:\/\/orkza.com\/wp-content\/uploads\/2024\/10\/Steam-Account-Notice-min-scaled-430x430.png 430w, https:\/\/orkza.com\/wp-content\/uploads\/2024\/10\/Steam-Account-Notice-min-150x150.png 150w, https:\/\/orkza.com\/wp-content\/uploads\/2024\/10\/Steam-Account-Notice-min-scaled-700x700.png 700w, https:\/\/orkza.com\/wp-content\/uploads\/2024\/10\/Steam-Account-Notice-min-800x800.png 800w, https:\/\/orkza.com\/wp-content\/uploads\/2024\/10\/Steam-Account-Notice-min-768x768.png 768w, https:\/\/orkza.com\/wp-content\/uploads\/2024\/10\/Steam-Account-Notice-min-1536x1536.png 1536w, https:\/\/orkza.com\/wp-content\/uploads\/2024\/10\/Steam-Account-Notice-min-2048x2048.png 2048w\" sizes=\"(max-width: 41px) 100vw, 41px\" \/><strong>Hinweis: Kontodaten k\u00f6nnen nicht ge\u00e4ndert werden. Dies ist ein Steam-Konto mit lebenslangem Zugriff, nur f\u00fcr Offline-Spiele. <\/strong><\/p>\n","protected":false},"featured_media":17193,"comment_status":"open","ping_status":"closed","template":"","meta":[],"product_brand":[],"product_cat":[223],"product_tag":[249],"class_list":{"0":"post-17192","1":"product","2":"type-product","3":"status-publish","4":"has-post-thumbnail","6":"product_cat-strategiespiele","7":"product_tag-steam","9":"first","10":"instock","11":"sale","12":"virtual","13":"purchasable","14":"product-type-simple"},"_links":{"self":[{"href":"https:\/\/orkza.com\/de\/wp-json\/wp\/v2\/product\/17192","targetHints":{"allow":["GET"]}}],"collection":[{"href":"https:\/\/orkza.com\/de\/wp-json\/wp\/v2\/product"}],"about":[{"href":"https:\/\/orkza.com\/de\/wp-json\/wp\/v2\/types\/product"}],"replies":[{"embeddable":true,"href":"https:\/\/orkza.com\/de\/wp-json\/wp\/v2\/comments?post=17192"}],"version-history":[{"count":0,"href":"https:\/\/orkza.com\/de\/wp-json\/wp\/v2\/product\/17192\/revisions"}],"wp:featuredmedia":[{"embeddable":true,"href":"https:\/\/orkza.com\/de\/wp-json\/wp\/v2\/media\/17193"}],"wp:attachment":[{"href":"https:\/\/orkza.com\/de\/wp-json\/wp\/v2\/media?parent=17192"}],"wp:term":[{"taxonomy":"product_brand","embeddable":true,"href":"https:\/\/orkza.com\/de\/wp-json\/wp\/v2\/product_brand?post=17192"},{"taxonomy":"product_cat","embeddable":true,"href":"https:\/\/orkza.com\/de\/wp-json\/wp\/v2\/product_cat?post=17192"},{"taxonomy":"product_tag","embeddable":true,"href":"https:\/\/orkza.com\/de\/wp-json\/wp\/v2\/product_tag?post=17192"}],"curies":[{"name":"wp","href":"https:\/\/api.w.org\/{rel}","templated":true}]}}