{"id":17188,"date":"2025-09-24T02:12:41","date_gmt":"2025-09-24T02:12:41","guid":{"rendered":"https:\/\/orkza.com\/product\/shin-megami-tensei-v-vengeance-deluxe-edition-steam-account\/"},"modified":"2026-02-26T05:56:29","modified_gmt":"2026-02-26T05:56:29","slug":"shin-megami-tensei-v-vengeance-deluxe-edition-steam-account","status":"publish","type":"product","link":"https:\/\/orkza.com\/de\/produkt\/shin-megami-tensei-v-vengeance-deluxe-edition-steam-account\/","title":{"rendered":"Shin Megami Tensei V Vengeance Deluxe Edition Steam-Account"},"content":{"rendered":"<h2 data-start=\"102\" data-end=\"190\"><strong data-start=\"105\" data-end=\"190\">Shin Megami Tensei V: Vengeance Steam-Account \u2013 Befehligen Sie D\u00e4monen, formen Sie ein neues Tokio<\/strong><\/h2>\n<p data-start=\"192\" data-end=\"566\">Spielen Sie <strong data-start=\"197\" data-end=\"310\"><a class=\"decorated-link cursor-pointer\" href=\"https:\/\/store.steampowered.com\/app\/1875830\/Shin_Megami_Tensei_V_Vengeance\/\" target=\"_new\" rel=\"noopener\" data-start=\"199\" data-end=\"308\">Shin Megami Tensei V: Vengeance<\/a><\/strong> \u00fcber unseren Steam-Account und treten Sie ein in einen dunklen Kampf zwischen Engeln und D\u00e4monen um eine zerbrochene Welt. Diese erweiterte Edition baut auf dem SMT V-Universum auf mit neuen narrativen Pfaden, verfeinerten Mechaniken und frischen Herausforderungen im postapokalyptischen Reich von Da&#8217;at. <\/p>\n<h3 data-start=\"568\" data-end=\"607\">G\u00f6ttlicher Konflikt in einer zerst\u00f6rten Welt<\/h3>\n<p data-start=\"608\" data-end=\"887\">Als Nahobino erwachen Sie in einem Tokio, das zwischen g\u00f6ttlichen M\u00e4chten und d\u00e4monischem Chaos zerrissen ist. In <em data-start=\"696\" data-end=\"707\">Vengeance<\/em> navigieren Sie durch zwei divergierende Handlungsstr\u00e4nge \u2013 <strong data-start=\"750\" data-end=\"771\">Canon of Creation<\/strong> und <strong data-start=\"776\" data-end=\"798\">Canon of Vengeance<\/strong> \u2013 jeder mit einzigartigen Konflikten, Verb\u00fcndeten und Enden. <\/p>\n<h3 data-start=\"889\" data-end=\"919\">Erweitern Sie das D\u00e4monen-Arsenal<\/h3>\n<p data-start=\"920\" data-end=\"1149\">Rekrutieren Sie \u00fcber 270 D\u00e4monen und fusionieren Sie sie mit verbesserten Systemen. Neue Features wie <strong data-start=\"1000\" data-end=\"1017\">Magatsu Rails<\/strong> bieten dynamische Fortbewegung, w\u00e4hrend Demon Haunts Ihnen erm\u00f6glichen, mit D\u00e4monen f\u00fcr Nebenmissionen zu interagieren. <\/p>\n<p data-start=\"1185\" data-end=\"1429\">Rundenbasierte K\u00e4mpfe bleiben das Herzst\u00fcck des Gameplays und betonen Schw\u00e4chen, Ausrichtung und Strategie. Die Vengeance-Edition f\u00fchrt \u00fcberarbeitete Balance, neue F\u00e4higkeiten und mehr taktische Freiheit f\u00fcr Ihre Gruppe ein. <\/p>\n<h3 data-start=\"1431\" data-end=\"1464\">Minimale Systemanforderungen<\/h3>\n<ul data-start=\"1465\" data-end=\"1609\">\n<li data-start=\"1465\" data-end=\"1492\">\n<p data-start=\"1467\" data-end=\"1492\">Betriebssystem: Windows 10 (64-Bit)<\/p>\n<\/li>\n<li data-start=\"1493\" data-end=\"1539\">\n<p data-start=\"1495\" data-end=\"1539\">CPU: Intel Core i5-8400 \/ AMD Ryzen 5 2600<\/p>\n<\/li>\n<li data-start=\"1540\" data-end=\"1553\">\n<p data-start=\"1542\" data-end=\"1553\">RAM: 8 GB<\/p>\n<\/li>\n<li data-start=\"1554\" data-end=\"1590\">\n<p data-start=\"1556\" data-end=\"1590\">GPU: NVIDIA GTX 960 \/ AMD RX 470<\/p>\n<\/li>\n<li data-start=\"1591\" data-end=\"1609\">\n<p data-start=\"1593\" data-end=\"1609\">Speicherplatz: 50 GB<\/p>\n<\/li>\n<\/ul>\n<h3 data-start=\"1611\" data-end=\"1648\">Empfohlene Systemanforderungen<\/h3>\n<ul data-start=\"1649\" data-end=\"1803\">\n<li data-start=\"1649\" data-end=\"1679\">\n<p data-start=\"1651\" data-end=\"1679\">OS: Windows 10\/11 (64-Bit)<\/p>\n<\/li>\n<li data-start=\"1680\" data-end=\"1727\">\n<p data-start=\"1682\" data-end=\"1727\">CPU: Intel Core i7-9700 \/ AMD Ryzen 7 3700X<\/p>\n<\/li>\n<li data-start=\"1728\" data-end=\"1742\">\n<p data-start=\"1730\" data-end=\"1742\">RAM: 16 GB<\/p>\n<\/li>\n<li data-start=\"1743\" data-end=\"1780\">\n<p data-start=\"1745\" data-end=\"1780\">GPU: NVIDIA RTX 2060 \/ AMD RX 580<\/p>\n<\/li>\n<li data-start=\"1781\" data-end=\"1803\">\n<p data-start=\"1783\" data-end=\"1803\">Speicher: 50 GB SSD<\/p>\n<\/li>\n<\/ul>\n<h3>So verwenden Sie Ihren Shin Megami Tensei V Vengeance Steam-Account<\/h3>\n<p><img decoding=\"async\" class=\"alignnone wp-image-3511\" src=\"https:\/\/orkza.com\/wp-content\/uploads\/2024\/10\/STEAM-ACTIVATION-GUIDE-400x225.jpg\" alt=\"\" width=\"804\" height=\"453\" title=\"\" srcset=\"https:\/\/orkza.com\/wp-content\/uploads\/2024\/10\/STEAM-ACTIVATION-GUIDE-400x225.jpg 400w, https:\/\/orkza.com\/wp-content\/uploads\/2024\/10\/STEAM-ACTIVATION-GUIDE-430x242.jpg 430w, https:\/\/orkza.com\/wp-content\/uploads\/2024\/10\/STEAM-ACTIVATION-GUIDE-150x84.jpg 150w, https:\/\/orkza.com\/wp-content\/uploads\/2024\/10\/STEAM-ACTIVATION-GUIDE-700x394.jpg 700w, https:\/\/orkza.com\/wp-content\/uploads\/2024\/10\/STEAM-ACTIVATION-GUIDE-768x432.jpg 768w, https:\/\/orkza.com\/wp-content\/uploads\/2024\/10\/STEAM-ACTIVATION-GUIDE.jpg 1280w\" sizes=\"(max-width: 804px) 100vw, 804px\" \/><\/p>\n<p>Melde dich nach dem Kauf auf deinem PC mit dem bereitgestellten Steam-Konto an. Sobald du angemeldet bist, navigiere zu deiner Bibliothek, installiere das Spiel und klicke auf den Play-Button.  Nach ein paar Minuten beende das Spiel und schalte Steam in den Offline-Modus \u2013 und schon bist du bereit f\u00fcr stundenlangen, aufregenden Spielspa\u00df!<\/p>\n<p>F\u00fcr eine umfassende Einrichtung lies dir unseren <a href=\"https:\/\/orkza.com\/de\/steam-account-activation-guide\/\" target=\"_blank\" rel=\"noopener\">Steam-Konto-Aktivierungsleitfaden<\/a> durch.<\/p>\n<p>Entdecke unsere neuesten <a href=\"https:\/\/orkza.com\/de\/produkt-kategorie\/pc-spiele\/\" target=\"_blank\" rel=\"noopener\">PC-SPIELE<\/a><\/p>\n","protected":false},"excerpt":{"rendered":"<p data-start=\"1805\" data-end=\"1956\">F\u00fchren Sie D\u00e4monen und Engel in <em data-start=\"1856\" data-end=\"1889\">Shin Megami Tensei V: Vengeance<\/em>. Zwei kanonische Pfade, tiefere Strategien und ein Kampf um Tokio erwarten Sie. <\/p>\n<p><img decoding=\"async\" class=\"alignnone wp-image-3526\" src=\"https:\/\/orkza.com\/wp-content\/uploads\/2024\/10\/Steam-Account-Notice-min-300x300.png\" alt=\"\" width=\"41\" height=\"41\" srcset=\"https:\/\/orkza.com\/wp-content\/uploads\/2024\/10\/Steam-Account-Notice-min-300x300.png 300w, https:\/\/orkza.com\/wp-content\/uploads\/2024\/10\/Steam-Account-Notice-min-scaled-430x430.png 430w, https:\/\/orkza.com\/wp-content\/uploads\/2024\/10\/Steam-Account-Notice-min-150x150.png 150w, https:\/\/orkza.com\/wp-content\/uploads\/2024\/10\/Steam-Account-Notice-min-scaled-700x700.png 700w, https:\/\/orkza.com\/wp-content\/uploads\/2024\/10\/Steam-Account-Notice-min-800x800.png 800w, https:\/\/orkza.com\/wp-content\/uploads\/2024\/10\/Steam-Account-Notice-min-768x768.png 768w, https:\/\/orkza.com\/wp-content\/uploads\/2024\/10\/Steam-Account-Notice-min-1536x1536.png 1536w, https:\/\/orkza.com\/wp-content\/uploads\/2024\/10\/Steam-Account-Notice-min-2048x2048.png 2048w\" sizes=\"(max-width: 41px) 100vw, 41px\" \/><strong>Hinweis: Kontodaten k\u00f6nnen nicht ge\u00e4ndert werden. Dies ist ein Steam-Konto mit lebenslangem Zugriff, nur f\u00fcr Offline-Spiele. <\/strong><\/p>\n","protected":false},"featured_media":17189,"comment_status":"open","ping_status":"closed","template":"","meta":[],"product_brand":[],"product_cat":[219],"product_tag":[249],"class_list":{"0":"post-17188","1":"product","2":"type-product","3":"status-publish","4":"has-post-thumbnail","6":"product_cat-rpg","7":"product_tag-steam","9":"first","10":"instock","11":"sale","12":"virtual","13":"purchasable","14":"product-type-simple"},"_links":{"self":[{"href":"https:\/\/orkza.com\/de\/wp-json\/wp\/v2\/product\/17188","targetHints":{"allow":["GET"]}}],"collection":[{"href":"https:\/\/orkza.com\/de\/wp-json\/wp\/v2\/product"}],"about":[{"href":"https:\/\/orkza.com\/de\/wp-json\/wp\/v2\/types\/product"}],"replies":[{"embeddable":true,"href":"https:\/\/orkza.com\/de\/wp-json\/wp\/v2\/comments?post=17188"}],"version-history":[{"count":0,"href":"https:\/\/orkza.com\/de\/wp-json\/wp\/v2\/product\/17188\/revisions"}],"wp:featuredmedia":[{"embeddable":true,"href":"https:\/\/orkza.com\/de\/wp-json\/wp\/v2\/media\/17189"}],"wp:attachment":[{"href":"https:\/\/orkza.com\/de\/wp-json\/wp\/v2\/media?parent=17188"}],"wp:term":[{"taxonomy":"product_brand","embeddable":true,"href":"https:\/\/orkza.com\/de\/wp-json\/wp\/v2\/product_brand?post=17188"},{"taxonomy":"product_cat","embeddable":true,"href":"https:\/\/orkza.com\/de\/wp-json\/wp\/v2\/product_cat?post=17188"},{"taxonomy":"product_tag","embeddable":true,"href":"https:\/\/orkza.com\/de\/wp-json\/wp\/v2\/product_tag?post=17188"}],"curies":[{"name":"wp","href":"https:\/\/api.w.org\/{rel}","templated":true}]}}