{"id":17182,"date":"2025-09-24T02:12:51","date_gmt":"2025-09-24T02:12:51","guid":{"rendered":"https:\/\/orkza.com\/product\/visions-of-mana-deluxe-edition-steam-account\/"},"modified":"2026-02-26T05:55:47","modified_gmt":"2026-02-26T05:55:47","slug":"visions-of-mana-deluxe-edition-steam-account","status":"publish","type":"product","link":"https:\/\/orkza.com\/de\/produkt\/visions-of-mana-deluxe-edition-steam-account\/","title":{"rendered":"Visions of Mana Deluxe Edition Steam Account"},"content":{"rendered":"<h2 data-start=\"0\" data-end=\"63\"><strong data-start=\"3\" data-end=\"63\">Visions of Mana Steam Account \u2013 Entfachen Sie das Mana-Erbe neu<\/strong><\/h2>\n<p data-start=\"65\" data-end=\"481\">Spielen Sie <strong data-start=\"70\" data-end=\"152\"><a class=\"decorated-link\" href=\"https:\/\/store.steampowered.com\/app\/2490990\/Visions_of_Mana\/?utm_source=chatgpt.com\" target=\"_new\" rel=\"noopener\" data-start=\"72\" data-end=\"150\">Visions of Mana<\/a><\/strong> \u00fcber unser Steam-Konto und begeben Sie sich auf eine Reise in eine lebendige Welt voller Elementargeister, alter \u00dcberlieferungen und heldenhafter Opfer. Als neuestes Hauptspiel der Mana-Reihe verbindet es Action-RPG-K\u00e4mpfe, semi-offene Erkundung und reichhaltige Erz\u00e4hlstr\u00e4nge zu einem Erlebnis, das sowohl nostalgisch als auch frisch ist. <\/p>\n<p data-start=\"483\" data-end=\"902\">Sie schl\u00fcpfen in die Rolle von Val, einem Seelenw\u00e4chter, der Hinna, das Mana-Kind des Feuers, auf ihrer Pilgerreise zum Mana-Baum besch\u00fctzen soll. Zusammen mit einer Gruppe von Gef\u00e4hrten, die jeweils mit verschiedenen Elementaren verbunden sind, reisen Sie \u00fcber schwebende Inseln, durch zerst\u00f6rte Tempel und \u00fcber weite Kontinente, w\u00e4hrend Sie den Fluss des Mana wiederherstellen und sich den Benevodons stellen \u2013 uralten Elementarmonstern, die das Land bedrohen. <\/p>\n<p data-start=\"904\" data-end=\"1359\">Die Erkundung in <em data-start=\"919\" data-end=\"936\">Visions of Mana<\/em> ist semi-offen: Landschaften sind durch Korridore verbunden, aber Sie haben Freiheit in der Art und Weise, wie Sie sie durchqueren. Sie schalten Elementarkr\u00e4fte frei, die neue Wege er\u00f6ffnen \u2013 schwimmen Sie unter Wasser, manipulieren Sie Windstr\u00f6mungen und l\u00f6sen Sie Plattform-R\u00e4tsel. Der Kampf ist in Echtzeit und strategisch: Sie k\u00f6nnen Party-Mitglieder im Handumdrehen wechseln, elementare Schw\u00e4chen ausnutzen und Klassenangriffe f\u00fcr m\u00e4chtige Finishing-Moves einsetzen.  <\/p>\n<p data-start=\"1361\" data-end=\"1712\">Visuell besticht das Spiel durch k\u00fchne, stilisierte \u00c4sthetik, lebendige Farbpaletten und Sprite-inspirierten Charme, gepaart mit modernen Effekten. Der Soundtrack umfasst rund 100 Titel, komponiert von den Veteranen Hiroki Kikuta, Tsuyoshi Sekito und Ryo Yamazaki, mit reaktiven Themen, die sich je nach Umgebung oder Aktion \u00e4ndern. <\/p>\n<p data-start=\"1714\" data-end=\"1778\">Einige Spieler-Feedbacks heben die Leistung auf dem Steam Deck hervor:<\/p>\n<blockquote data-start=\"1779\" data-end=\"1918\">\n<p data-start=\"1781\" data-end=\"1918\">\u201eIch spiele mit Standardgrafik und es l\u00e4uft sehr stabil \u2026 es gibt keine 1280&#215;800 Aufl\u00f6sung, nur 720.\u201c<\/p>\n<\/blockquote>\n<p data-start=\"1920\" data-end=\"2102\">Die Rezension von SteamDeckHQ erw\u00e4hnt auch leichte Frame-Einbr\u00fcche in Zwischensequenzen oder \u00fcberf\u00fcllten Bereichen, lobt aber insgesamt die Welt, das Kampfgef\u00fchl und die Pr\u00e4sentation.<\/p>\n<h3 data-start=\"2109\" data-end=\"2134\">Systemanforderungen<\/h3>\n<p data-start=\"2136\" data-end=\"2149\"><strong data-start=\"2136\" data-end=\"2147\">Minimum<\/strong><\/p>\n<ul data-start=\"2150\" data-end=\"2617\">\n<li data-start=\"2150\" data-end=\"2220\">\n<p data-start=\"2152\" data-end=\"2220\">Betriebssystem: Windows 10 \/ 11 (64-Bit)<\/p>\n<\/li>\n<li data-start=\"2221\" data-end=\"2305\">\n<p data-start=\"2223\" data-end=\"2305\">CPU: AMD Ryzen 3 1200 \/ Intel Core i5-6400<\/p>\n<\/li>\n<li data-start=\"2306\" data-end=\"2358\">\n<p data-start=\"2308\" data-end=\"2358\">RAM: 16 GB<\/p>\n<\/li>\n<li data-start=\"2359\" data-end=\"2478\">\n<p data-start=\"2361\" data-end=\"2478\">GPU: AMD Radeon RX 580 \/ Intel Arc A580 \/ NVIDIA GeForce GTX 1060 (6 GB VRAM)<\/p>\n<\/li>\n<li data-start=\"2479\" data-end=\"2542\">\n<p data-start=\"2481\" data-end=\"2542\">DirectX: Version 12<\/p>\n<\/li>\n<li data-start=\"2543\" data-end=\"2617\">\n<p data-start=\"2545\" data-end=\"2617\">Speicher: 45 GB verf\u00fcgbarer Speicherplatz<\/p>\n<\/li>\n<\/ul>\n<p data-start=\"2619\" data-end=\"2636\"><strong data-start=\"2619\" data-end=\"2634\">Empfohlen<\/strong><\/p>\n<ul data-start=\"2637\" data-end=\"2794\">\n<li data-start=\"2637\" data-end=\"2794\">\n<p data-start=\"2639\" data-end=\"2794\">Einstellungen h\u00f6her als \u201eNiedrig\u201c bei 1080p, 30 FPS Basislinie; st\u00e4rkere GPU\/CPU verbessern Stabilit\u00e4t und visuelle Qualit\u00e4t.<\/p>\n<\/li>\n<\/ul>\n<h3>So verwenden Sie Ihr Visions of Mana Steam-Konto<\/h3>\n<p><img decoding=\"async\" class=\"alignnone wp-image-3511\" src=\"https:\/\/orkza.com\/wp-content\/uploads\/2024\/10\/STEAM-ACTIVATION-GUIDE-400x225.jpg\" alt=\"\" width=\"804\" height=\"453\" title=\"\" srcset=\"https:\/\/orkza.com\/wp-content\/uploads\/2024\/10\/STEAM-ACTIVATION-GUIDE-400x225.jpg 400w, https:\/\/orkza.com\/wp-content\/uploads\/2024\/10\/STEAM-ACTIVATION-GUIDE-430x242.jpg 430w, https:\/\/orkza.com\/wp-content\/uploads\/2024\/10\/STEAM-ACTIVATION-GUIDE-150x84.jpg 150w, https:\/\/orkza.com\/wp-content\/uploads\/2024\/10\/STEAM-ACTIVATION-GUIDE-700x394.jpg 700w, https:\/\/orkza.com\/wp-content\/uploads\/2024\/10\/STEAM-ACTIVATION-GUIDE-768x432.jpg 768w, https:\/\/orkza.com\/wp-content\/uploads\/2024\/10\/STEAM-ACTIVATION-GUIDE.jpg 1280w\" sizes=\"(max-width: 804px) 100vw, 804px\" \/><\/p>\n<p>Melde dich nach dem Kauf auf deinem PC mit dem bereitgestellten Steam-Konto an. Sobald du angemeldet bist, navigiere zu deiner Bibliothek, installiere das Spiel und klicke auf den Play-Button.  Nach ein paar Minuten beende das Spiel und schalte Steam in den Offline-Modus \u2013 und schon bist du bereit f\u00fcr stundenlangen, aufregenden Spielspa\u00df!<\/p>\n<p>F\u00fcr eine umfassende Einrichtung lies dir unseren <a href=\"https:\/\/orkza.com\/de\/steam-account-activation-guide\/\" target=\"_blank\" rel=\"noopener\">Steam-Konto-Aktivierungsleitfaden<\/a> durch.<\/p>\n<p>Entdecke unsere neuesten <a href=\"https:\/\/orkza.com\/de\/produkt-kategorie\/pc-spiele\/\" target=\"_blank\" rel=\"noopener\">PC-SPIELE<\/a><\/p>\n","protected":false},"excerpt":{"rendered":"<article class=\"text-token-text-primary w-full focus:outline-none scroll-mt-[calc(var(--header-height)+min(200px,max(70px,20svh)))]\" dir=\"auto\" tabindex=\"-1\" data-turn-id=\"request-671e6c8f-d758-800d-a521-ee3e17bedac1-4\" data-testid=\"conversation-turn-284\" data-scroll-anchor=\"true\" data-turn=\"assistant\">\n<div class=\"text-base my-auto mx-auto pb-10 [--thread-content-margin:--spacing(4)] thread-sm:[--thread-content-margin:--spacing(6)] thread-lg:[--thread-content-margin:--spacing(16)] px-(--thread-content-margin)\">\n<div class=\"[--thread-content-max-width:40rem] thread-lg:[--thread-content-max-width:48rem] mx-auto max-w-(--thread-content-max-width) flex-1 group\/turn-messages focus-visible:outline-hidden relative flex w-full min-w-0 flex-col agent-turn\" tabindex=\"-1\">\n<div class=\"flex max-w-full flex-col grow\">\n<div class=\"min-h-8 text-message relative flex w-full flex-col items-end gap-2 text-start break-words whitespace-normal [.text-message+&amp;]:mt-5\" dir=\"auto\" data-message-author-role=\"assistant\" data-message-id=\"667e2af2-054b-4afd-8a72-23a90f9b15e5\" data-message-model-slug=\"gpt-5\">\n<div class=\"flex w-full flex-col gap-1 empty:hidden first:pt-[3px]\">\n<div class=\"markdown prose dark:prose-invert w-full break-words dark markdown-new-styling\">\n<p data-start=\"2801\" data-end=\"2964\">Stellen Sie den Mana-Fluss in <em data-start=\"2867\" data-end=\"2884\">Visions of Mana<\/em> wieder her. Action-Kampf, Elementarkr\u00e4fte und eine lebendige Fantasy-Welt erwarten Sie auf Ihrer Reise. <\/p>\n<\/div>\n<\/div>\n<\/div>\n<\/div>\n<\/div>\n<\/div>\n<\/article>\n<p><img decoding=\"async\" class=\"alignnone wp-image-3526\" src=\"https:\/\/orkza.com\/wp-content\/uploads\/2024\/10\/Steam-Account-Notice-min-300x300.png\" alt=\"\" width=\"41\" height=\"41\" srcset=\"https:\/\/orkza.com\/wp-content\/uploads\/2024\/10\/Steam-Account-Notice-min-300x300.png 300w, https:\/\/orkza.com\/wp-content\/uploads\/2024\/10\/Steam-Account-Notice-min-scaled-430x430.png 430w, https:\/\/orkza.com\/wp-content\/uploads\/2024\/10\/Steam-Account-Notice-min-150x150.png 150w, https:\/\/orkza.com\/wp-content\/uploads\/2024\/10\/Steam-Account-Notice-min-scaled-700x700.png 700w, https:\/\/orkza.com\/wp-content\/uploads\/2024\/10\/Steam-Account-Notice-min-800x800.png 800w, https:\/\/orkza.com\/wp-content\/uploads\/2024\/10\/Steam-Account-Notice-min-768x768.png 768w, https:\/\/orkza.com\/wp-content\/uploads\/2024\/10\/Steam-Account-Notice-min-1536x1536.png 1536w, https:\/\/orkza.com\/wp-content\/uploads\/2024\/10\/Steam-Account-Notice-min-2048x2048.png 2048w\" sizes=\"(max-width: 41px) 100vw, 41px\" \/><strong>Hinweis: Kontodaten k\u00f6nnen nicht ge\u00e4ndert werden. Dies ist ein Steam-Konto mit lebenslangem Zugriff, nur f\u00fcr Offline-Spiele. <\/strong><\/p>\n","protected":false},"featured_media":17183,"comment_status":"open","ping_status":"closed","template":"","meta":[],"product_brand":[],"product_cat":[216],"product_tag":[249],"class_list":{"0":"post-17182","1":"product","2":"type-product","3":"status-publish","4":"has-post-thumbnail","6":"product_cat-action","7":"product_tag-steam","9":"first","10":"instock","11":"sale","12":"virtual","13":"purchasable","14":"product-type-simple"},"_links":{"self":[{"href":"https:\/\/orkza.com\/de\/wp-json\/wp\/v2\/product\/17182","targetHints":{"allow":["GET"]}}],"collection":[{"href":"https:\/\/orkza.com\/de\/wp-json\/wp\/v2\/product"}],"about":[{"href":"https:\/\/orkza.com\/de\/wp-json\/wp\/v2\/types\/product"}],"replies":[{"embeddable":true,"href":"https:\/\/orkza.com\/de\/wp-json\/wp\/v2\/comments?post=17182"}],"version-history":[{"count":0,"href":"https:\/\/orkza.com\/de\/wp-json\/wp\/v2\/product\/17182\/revisions"}],"wp:featuredmedia":[{"embeddable":true,"href":"https:\/\/orkza.com\/de\/wp-json\/wp\/v2\/media\/17183"}],"wp:attachment":[{"href":"https:\/\/orkza.com\/de\/wp-json\/wp\/v2\/media?parent=17182"}],"wp:term":[{"taxonomy":"product_brand","embeddable":true,"href":"https:\/\/orkza.com\/de\/wp-json\/wp\/v2\/product_brand?post=17182"},{"taxonomy":"product_cat","embeddable":true,"href":"https:\/\/orkza.com\/de\/wp-json\/wp\/v2\/product_cat?post=17182"},{"taxonomy":"product_tag","embeddable":true,"href":"https:\/\/orkza.com\/de\/wp-json\/wp\/v2\/product_tag?post=17182"}],"curies":[{"name":"wp","href":"https:\/\/api.w.org\/{rel}","templated":true}]}}