{"id":17180,"date":"2025-09-24T02:12:48","date_gmt":"2025-09-24T02:12:48","guid":{"rendered":"https:\/\/orkza.com\/product\/black-myth-wukong-digital-deluxe-edition-steam-account\/"},"modified":"2026-02-26T05:55:45","modified_gmt":"2026-02-26T05:55:45","slug":"black-myth-wukong-digital-deluxe-edition-steam-account","status":"publish","type":"product","link":"https:\/\/orkza.com\/de\/produkt\/black-myth-wukong-digital-deluxe-edition-steam-account\/","title":{"rendered":"Black Myth: Wukong Digital Deluxe Edition Steam-Konto"},"content":{"rendered":"<h2 data-start=\"2442\" data-end=\"2507\"><strong data-start=\"2445\" data-end=\"2507\">Black Myth: Wukong Steam-Konto \u2013 Ein Mythos wird in Action neu geboren<\/strong><\/h2>\n<p data-start=\"2509\" data-end=\"2881\">Spielen Sie <strong data-start=\"2514\" data-end=\"2601\"><a class=\"decorated-link\" href=\"https:\/\/store.steampowered.com\/app\/2358720\/Black_Myth_Wukong\/?utm_source=chatgpt.com\" target=\"_new\" rel=\"noopener\" data-start=\"2516\" data-end=\"2599\">Black Myth: Wukong<\/a><\/strong> \u00fcber unser Steam-Konto und tauchen Sie ein in ein atemberaubendes Action-RPG, das in der chinesischen Mythologie verwurzelt ist. Schl\u00fcpfen Sie in die Rolle des legend\u00e4ren Affenk\u00f6nigs und stellen Sie sich mythischen Bestien, G\u00f6ttern und D\u00e4monen in einer Welt, die mit moderner Grafik und packenden K\u00e4mpfen neu interpretiert wurde. <\/p>\n<p data-start=\"2883\" data-end=\"3311\">Das Spiel verbindet meisterhaft rasante Nahk\u00e4mpfe, strategische Ausweich-\/Pariermechaniken und Transformationssequenzen, in denen Wukong seine Form wechseln kann. Das Design legt Wert auf wuchtige Action, Bossbegegnungen und Erkundung durch mythische Reiche. Die Geschichte basiert stark auf <em data-start=\"3183\" data-end=\"3204\">Die Reise nach Westen<\/em>, interpretiert jedoch Charaktere und Welt auf k\u00fchne neue Weise. <\/p>\n<p data-start=\"3313\" data-end=\"3617\">Spieler loben oft die Pr\u00e4sentation und den Ehrgeiz: das Umgebungsdesign, die Animationen und die Boss-Architektur erhalten hohes Lob. Auf technischer Seite gibt es Leistungsaspekte \u2013 auf dem Steam Deck sind RAM-Nutzung und Framerate-Schwankungen Bereiche, die \u00fcberwacht werden sollten. <\/p>\n<h3 data-start=\"3619\" data-end=\"3644\">Systemanforderungen<\/h3>\n<p data-start=\"3646\" data-end=\"3679\"><strong data-start=\"3646\" data-end=\"3677\">Minimale Systemanforderungen<\/strong><\/p>\n<ul data-start=\"3680\" data-end=\"3824\">\n<li data-start=\"3680\" data-end=\"3707\">\n<p data-start=\"3682\" data-end=\"3707\">Betriebssystem: Windows 10 (64-Bit)<\/p>\n<\/li>\n<li data-start=\"3708\" data-end=\"3754\">\n<p data-start=\"3710\" data-end=\"3754\">CPU: Intel Core i5-8400 \/ AMD Ryzen 5 2600<\/p>\n<\/li>\n<li data-start=\"3755\" data-end=\"3768\">\n<p data-start=\"3757\" data-end=\"3768\">RAM: 8 GB<\/p>\n<\/li>\n<li data-start=\"3769\" data-end=\"3805\">\n<p data-start=\"3771\" data-end=\"3805\">GPU: NVIDIA GTX 960 \/ AMD RX 470<\/p>\n<\/li>\n<li data-start=\"3806\" data-end=\"3824\">\n<p data-start=\"3808\" data-end=\"3824\">Speicherplatz: 50 GB<\/p>\n<\/li>\n<\/ul>\n<p data-start=\"3826\" data-end=\"3863\"><strong data-start=\"3826\" data-end=\"3861\">Empfohlene Systemanforderungen<\/strong><\/p>\n<ul data-start=\"3864\" data-end=\"4019\">\n<li data-start=\"3864\" data-end=\"3894\">\n<p data-start=\"3866\" data-end=\"3894\">OS: Windows 10\/11 (64-Bit)<\/p>\n<\/li>\n<li data-start=\"3895\" data-end=\"3943\">\n<p data-start=\"3897\" data-end=\"3943\">CPU: Intel Core i7-9700K \/ AMD Ryzen 7 3700X<\/p>\n<\/li>\n<li data-start=\"3944\" data-end=\"3958\">\n<p data-start=\"3946\" data-end=\"3958\">RAM: 16 GB<\/p>\n<\/li>\n<li data-start=\"3959\" data-end=\"3996\">\n<p data-start=\"3961\" data-end=\"3996\">GPU: NVIDIA RTX 2060 \/ AMD RX 580<\/p>\n<\/li>\n<li data-start=\"3997\" data-end=\"4019\">\n<p data-start=\"3999\" data-end=\"4019\">Speicher: 50 GB SSD<\/p>\n<\/li>\n<\/ul>\n<h3>So nutzen Sie Ihr Black Myth Wukong Steam-Konto<\/h3>\n<p><img decoding=\"async\" class=\"alignnone wp-image-3511\" src=\"https:\/\/orkza.com\/wp-content\/uploads\/2024\/10\/STEAM-ACTIVATION-GUIDE-400x225.jpg\" alt=\"\" width=\"804\" height=\"453\" title=\"\" srcset=\"https:\/\/orkza.com\/wp-content\/uploads\/2024\/10\/STEAM-ACTIVATION-GUIDE-400x225.jpg 400w, https:\/\/orkza.com\/wp-content\/uploads\/2024\/10\/STEAM-ACTIVATION-GUIDE-430x242.jpg 430w, https:\/\/orkza.com\/wp-content\/uploads\/2024\/10\/STEAM-ACTIVATION-GUIDE-150x84.jpg 150w, https:\/\/orkza.com\/wp-content\/uploads\/2024\/10\/STEAM-ACTIVATION-GUIDE-700x394.jpg 700w, https:\/\/orkza.com\/wp-content\/uploads\/2024\/10\/STEAM-ACTIVATION-GUIDE-768x432.jpg 768w, https:\/\/orkza.com\/wp-content\/uploads\/2024\/10\/STEAM-ACTIVATION-GUIDE.jpg 1280w\" sizes=\"(max-width: 804px) 100vw, 804px\" \/><\/p>\n<p>Melde dich nach dem Kauf auf deinem PC mit dem bereitgestellten Steam-Konto an. Sobald du angemeldet bist, navigiere zu deiner Bibliothek, installiere das Spiel und klicke auf den Play-Button.  Nach ein paar Minuten beende das Spiel und schalte Steam in den Offline-Modus \u2013 und schon bist du bereit f\u00fcr stundenlangen, aufregenden Spielspa\u00df!<\/p>\n<p>F\u00fcr eine umfassende Einrichtung lies dir unseren <a href=\"https:\/\/orkza.com\/de\/steam-account-activation-guide\/\" target=\"_blank\" rel=\"noopener\">Steam-Konto-Aktivierungsleitfaden<\/a> durch.<\/p>\n<p>Entdecke unsere neuesten <a href=\"https:\/\/orkza.com\/de\/produkt-kategorie\/pc-spiele\/\" target=\"_blank\" rel=\"noopener\">PC-SPIELE<\/a><\/p>\n","protected":false},"excerpt":{"rendered":"<p data-start=\"4021\" data-end=\"4177\">Entfesseln Sie als Wukong in <em data-start=\"4097\" data-end=\"4109\">Black Myth<\/em> mythische Wut. Atemberaubende Action, Bossk\u00e4mpfe und ein mythologisches Abenteuer erwarten Sie. <\/p>\n<p><img decoding=\"async\" class=\"alignnone wp-image-3526\" src=\"https:\/\/orkza.com\/wp-content\/uploads\/2024\/10\/Steam-Account-Notice-min-300x300.png\" alt=\"\" width=\"41\" height=\"41\" srcset=\"https:\/\/orkza.com\/wp-content\/uploads\/2024\/10\/Steam-Account-Notice-min-300x300.png 300w, https:\/\/orkza.com\/wp-content\/uploads\/2024\/10\/Steam-Account-Notice-min-scaled-430x430.png 430w, https:\/\/orkza.com\/wp-content\/uploads\/2024\/10\/Steam-Account-Notice-min-150x150.png 150w, https:\/\/orkza.com\/wp-content\/uploads\/2024\/10\/Steam-Account-Notice-min-scaled-700x700.png 700w, https:\/\/orkza.com\/wp-content\/uploads\/2024\/10\/Steam-Account-Notice-min-800x800.png 800w, https:\/\/orkza.com\/wp-content\/uploads\/2024\/10\/Steam-Account-Notice-min-768x768.png 768w, https:\/\/orkza.com\/wp-content\/uploads\/2024\/10\/Steam-Account-Notice-min-1536x1536.png 1536w, https:\/\/orkza.com\/wp-content\/uploads\/2024\/10\/Steam-Account-Notice-min-2048x2048.png 2048w\" sizes=\"(max-width: 41px) 100vw, 41px\" \/><strong>Hinweis: Kontodaten k\u00f6nnen nicht ge\u00e4ndert werden. Dies ist ein Steam-Konto mit lebenslangem Zugriff, nur f\u00fcr Offline-Spiele. <\/strong><\/p>\n","protected":false},"featured_media":17181,"comment_status":"open","ping_status":"closed","template":"","meta":[],"product_brand":[],"product_cat":[216],"product_tag":[249],"class_list":{"0":"post-17180","1":"product","2":"type-product","3":"status-publish","4":"has-post-thumbnail","6":"product_cat-action","7":"product_tag-steam","9":"first","10":"instock","11":"sale","12":"virtual","13":"purchasable","14":"product-type-simple"},"_links":{"self":[{"href":"https:\/\/orkza.com\/de\/wp-json\/wp\/v2\/product\/17180","targetHints":{"allow":["GET"]}}],"collection":[{"href":"https:\/\/orkza.com\/de\/wp-json\/wp\/v2\/product"}],"about":[{"href":"https:\/\/orkza.com\/de\/wp-json\/wp\/v2\/types\/product"}],"replies":[{"embeddable":true,"href":"https:\/\/orkza.com\/de\/wp-json\/wp\/v2\/comments?post=17180"}],"version-history":[{"count":0,"href":"https:\/\/orkza.com\/de\/wp-json\/wp\/v2\/product\/17180\/revisions"}],"wp:featuredmedia":[{"embeddable":true,"href":"https:\/\/orkza.com\/de\/wp-json\/wp\/v2\/media\/17181"}],"wp:attachment":[{"href":"https:\/\/orkza.com\/de\/wp-json\/wp\/v2\/media?parent=17180"}],"wp:term":[{"taxonomy":"product_brand","embeddable":true,"href":"https:\/\/orkza.com\/de\/wp-json\/wp\/v2\/product_brand?post=17180"},{"taxonomy":"product_cat","embeddable":true,"href":"https:\/\/orkza.com\/de\/wp-json\/wp\/v2\/product_cat?post=17180"},{"taxonomy":"product_tag","embeddable":true,"href":"https:\/\/orkza.com\/de\/wp-json\/wp\/v2\/product_tag?post=17180"}],"curies":[{"name":"wp","href":"https:\/\/api.w.org\/{rel}","templated":true}]}}