{"id":17178,"date":"2025-10-03T15:58:13","date_gmt":"2025-10-03T15:58:13","guid":{"rendered":"https:\/\/orkza.com\/product\/resident-evil-village-steam-account\/"},"modified":"2026-02-26T05:55:34","modified_gmt":"2026-02-26T05:55:34","slug":"resident-evil-village-steam-account","status":"publish","type":"product","link":"https:\/\/orkza.com\/de\/produkt\/resident-evil-village-steam-account\/","title":{"rendered":"Resident Evil Village Steam-Konto"},"content":{"rendered":"<h2 data-start=\"1668\" data-end=\"1741\"><strong data-start=\"1672\" data-end=\"1741\">Resident Evil Village Steam-Konto \u2013 Gothic-Horror vom Feinsten<\/strong><\/h2>\n<p class=\"\" data-start=\"1743\" data-end=\"2048\">Schalten Sie <a href=\"https:\/\/store.steampowered.com\/app\/1196590\/Resident_Evil_Village\/\" target=\"_blank\" rel=\"noopener\"><em data-start=\"1750\" data-end=\"1773\">Resident Evil Village<\/em><\/a> mit unserem Steam-Konto frei und setzen Sie Ethan Winters&#8216; furchterregende Reise in ein mysteri\u00f6ses europ\u00e4isches Dorf fort, das von \u00fcbernat\u00fcrlichen Schrecken geplagt wird. Dieses Horror-Abenteuer der n\u00e4chsten Generation verbindet traditionelles RE-Gameplay mit neuen Gegnertypen, offener Erkundung und kinoreifer Erz\u00e4hlweise. <\/p>\n<h3 data-start=\"2050\" data-end=\"2084\"><strong data-start=\"2055\" data-end=\"2084\">Erkunden Sie ein verfluchtes Dorf<\/strong><\/h3>\n<p class=\"\" data-start=\"2086\" data-end=\"2274\">Wagen Sie sich durch verschneite Felder, unheimliche Burgen und verdrehte unterirdische Labore. Das Dorf dient als zentraler Knotenpunkt voller Geheimnisse, Nebenquests und Schrecken, die an jeder Ecke lauern. <\/p>\n<h3 data-start=\"2276\" data-end=\"2321\"><strong data-start=\"2281\" data-end=\"2321\">Ikonische B\u00f6sewichte und einfallsreicher Kampf<\/strong><\/h3>\n<p class=\"\" data-start=\"2323\" data-end=\"2499\">Stellen Sie sich grotesken Feinden wie Lykanern, Zombies und der ikonischen Lady Dimitrescu. Sammeln Sie Ressourcen, stellen Sie Vorr\u00e4te her und r\u00fcsten Sie Waffen auf, um intensive K\u00e4mpfe zu \u00fcberleben. <\/p>\n<h3 data-start=\"2501\" data-end=\"2543\"><strong data-start=\"2506\" data-end=\"2543\">Immersives First-Person-Erlebnis<\/strong><\/h3>\n<p class=\"\" data-start=\"2545\" data-end=\"2714\">Auf Basis der RE Engine bietet <em data-start=\"2569\" data-end=\"2592\">Resident Evil Village<\/em> fotorealistische Grafiken, dynamische Umgebungen und immersiven Sound, die Spannung und Angst in jeder Szene verst\u00e4rken.<\/p>\n<h3>So verwenden Sie Ihr Resident Evil Village Steam-Konto<\/h3>\n<p><img decoding=\"async\" class=\"alignnone wp-image-3511\" src=\"https:\/\/orkza.com\/wp-content\/uploads\/2024\/10\/STEAM-ACTIVATION-GUIDE-400x225.jpg\" alt=\"\" width=\"804\" height=\"453\" title=\"\" srcset=\"https:\/\/orkza.com\/wp-content\/uploads\/2024\/10\/STEAM-ACTIVATION-GUIDE-400x225.jpg 400w, https:\/\/orkza.com\/wp-content\/uploads\/2024\/10\/STEAM-ACTIVATION-GUIDE-430x242.jpg 430w, https:\/\/orkza.com\/wp-content\/uploads\/2024\/10\/STEAM-ACTIVATION-GUIDE-150x84.jpg 150w, https:\/\/orkza.com\/wp-content\/uploads\/2024\/10\/STEAM-ACTIVATION-GUIDE-700x394.jpg 700w, https:\/\/orkza.com\/wp-content\/uploads\/2024\/10\/STEAM-ACTIVATION-GUIDE-768x432.jpg 768w, https:\/\/orkza.com\/wp-content\/uploads\/2024\/10\/STEAM-ACTIVATION-GUIDE.jpg 1280w\" sizes=\"(max-width: 804px) 100vw, 804px\" \/><\/p>\n<p>Melde dich nach dem Kauf auf deinem PC mit dem bereitgestellten Steam-Konto an. Sobald du angemeldet bist, navigiere zu deiner Bibliothek, installiere das Spiel und klicke auf den Play-Button.  Nach ein paar Minuten beende das Spiel und schalte Steam in den Offline-Modus \u2013 und schon bist du bereit f\u00fcr stundenlangen, aufregenden Spielspa\u00df!<\/p>\n<p>F\u00fcr einen umfassenden Einrichtungsprozess lesen Sie bitte unsere <a href=\"https:\/\/orkza.com\/de\/steam-account-activation-guide\/\" target=\"_blank\" rel=\"noopener\">vollst\u00e4ndige Aktivierungsanleitung<\/a><\/p>\n<h3 data-start=\"2716\" data-end=\"2752\"><strong data-start=\"2721\" data-end=\"2752\">Minimale Systemanforderungen<\/strong><\/h3>\n<ul data-start=\"2754\" data-end=\"2918\">\n<li class=\"\" data-start=\"2754\" data-end=\"2781\">\n<p class=\"\" data-start=\"2756\" data-end=\"2781\">Betriebssystem: Windows 10 (64-Bit)<\/p>\n<\/li>\n<li class=\"\" data-start=\"2782\" data-end=\"2834\">\n<p class=\"\" data-start=\"2784\" data-end=\"2834\">Prozessor: Intel Core i5-7500 \/ AMD Ryzen 3 1200<\/p>\n<\/li>\n<li class=\"\" data-start=\"2835\" data-end=\"2855\">\n<p class=\"\" data-start=\"2837\" data-end=\"2855\">Arbeitsspeicher: 8 GB RAM<\/p>\n<\/li>\n<li class=\"\" data-start=\"2856\" data-end=\"2901\">\n<p class=\"\" data-start=\"2858\" data-end=\"2901\">Grafikkarte: NVIDIA GTX 1050 Ti \/ AMD RX 560<\/p>\n<\/li>\n<li class=\"\" data-start=\"2902\" data-end=\"2918\">\n<p class=\"\" data-start=\"2904\" data-end=\"2918\">Speicherplatz: 40 GB<\/p>\n<\/li>\n<\/ul>\n<h3 data-start=\"2920\" data-end=\"2960\"><strong data-start=\"2925\" data-end=\"2960\">Empfohlene Systemanforderungen<\/strong><\/h3>\n<ul data-start=\"2962\" data-end=\"3135\">\n<li class=\"\" data-start=\"2962\" data-end=\"2992\">\n<p class=\"\" data-start=\"2964\" data-end=\"2992\">OS: Windows 10\/11 (64-Bit)<\/p>\n<\/li>\n<li class=\"\" data-start=\"2993\" data-end=\"3045\">\n<p class=\"\" data-start=\"2995\" data-end=\"3045\">Prozessor: Intel Core i7-8700 \/ AMD Ryzen 5 3600<\/p>\n<\/li>\n<li class=\"\" data-start=\"3046\" data-end=\"3067\">\n<p class=\"\" data-start=\"3048\" data-end=\"3067\">Arbeitsspeicher: 16 GB RAM<\/p>\n<\/li>\n<li class=\"\" data-start=\"3068\" data-end=\"3114\">\n<p class=\"\" data-start=\"3070\" data-end=\"3114\">Grafik: NVIDIA RTX 2060 \/ AMD RX 6700 XT<\/p>\n<\/li>\n<li class=\"\" data-start=\"3115\" data-end=\"3135\">\n<p class=\"\" data-start=\"3117\" data-end=\"3135\">Speicherplatz: 40 GB SSD<\/p>\n<\/li>\n<\/ul>\n<p>Entdecken Sie unsere neuesten <a href=\"https:\/\/orkza.com\/de\/produkt-kategorie\/pc-spiele\/\" target=\"_blank\" rel=\"noopener\">Spiel-Accounts<\/a><\/p>\n","protected":false},"excerpt":{"rendered":"<p>Entdecken Sie dunkle Geheimnisse in einem verfluchten, von Monstern heimgesuchten Dorf. \u00dcberleben Sie den Gothic-Horror in RE Village mit unserem Steam-Konto. <\/p>\n<p><img decoding=\"async\" class=\"alignnone wp-image-3526\" src=\"https:\/\/orkza.com\/wp-content\/uploads\/2024\/10\/Steam-Account-Notice-min-300x300.png\" alt=\"\" width=\"45\" height=\"45\" srcset=\"https:\/\/orkza.com\/wp-content\/uploads\/2024\/10\/Steam-Account-Notice-min-300x300.png 300w, https:\/\/orkza.com\/wp-content\/uploads\/2024\/10\/Steam-Account-Notice-min-scaled-430x430.png 430w, https:\/\/orkza.com\/wp-content\/uploads\/2024\/10\/Steam-Account-Notice-min-150x150.png 150w, https:\/\/orkza.com\/wp-content\/uploads\/2024\/10\/Steam-Account-Notice-min-scaled-700x700.png 700w, https:\/\/orkza.com\/wp-content\/uploads\/2024\/10\/Steam-Account-Notice-min-800x800.png 800w, https:\/\/orkza.com\/wp-content\/uploads\/2024\/10\/Steam-Account-Notice-min-768x768.png 768w, https:\/\/orkza.com\/wp-content\/uploads\/2024\/10\/Steam-Account-Notice-min-1536x1536.png 1536w, https:\/\/orkza.com\/wp-content\/uploads\/2024\/10\/Steam-Account-Notice-min-2048x2048.png 2048w\" sizes=\"(max-width: 45px) 100vw, 45px\" \/><strong>Hinweis: Kontodaten k\u00f6nnen nicht ge\u00e4ndert werden. Dies ist ein Steam-Konto mit lebenslangem Zugriff, nur f\u00fcr Offline-Spiele. <\/strong><\/p>\n","protected":false},"featured_media":17179,"comment_status":"open","ping_status":"closed","template":"","meta":[],"product_brand":[],"product_cat":[216],"product_tag":[249],"class_list":{"0":"post-17178","1":"product","2":"type-product","3":"status-publish","4":"has-post-thumbnail","6":"product_cat-action","7":"product_tag-steam","9":"first","10":"instock","11":"sale","12":"virtual","13":"purchasable","14":"product-type-simple"},"_links":{"self":[{"href":"https:\/\/orkza.com\/de\/wp-json\/wp\/v2\/product\/17178","targetHints":{"allow":["GET"]}}],"collection":[{"href":"https:\/\/orkza.com\/de\/wp-json\/wp\/v2\/product"}],"about":[{"href":"https:\/\/orkza.com\/de\/wp-json\/wp\/v2\/types\/product"}],"replies":[{"embeddable":true,"href":"https:\/\/orkza.com\/de\/wp-json\/wp\/v2\/comments?post=17178"}],"version-history":[{"count":0,"href":"https:\/\/orkza.com\/de\/wp-json\/wp\/v2\/product\/17178\/revisions"}],"wp:featuredmedia":[{"embeddable":true,"href":"https:\/\/orkza.com\/de\/wp-json\/wp\/v2\/media\/17179"}],"wp:attachment":[{"href":"https:\/\/orkza.com\/de\/wp-json\/wp\/v2\/media?parent=17178"}],"wp:term":[{"taxonomy":"product_brand","embeddable":true,"href":"https:\/\/orkza.com\/de\/wp-json\/wp\/v2\/product_brand?post=17178"},{"taxonomy":"product_cat","embeddable":true,"href":"https:\/\/orkza.com\/de\/wp-json\/wp\/v2\/product_cat?post=17178"},{"taxonomy":"product_tag","embeddable":true,"href":"https:\/\/orkza.com\/de\/wp-json\/wp\/v2\/product_tag?post=17178"}],"curies":[{"name":"wp","href":"https:\/\/api.w.org\/{rel}","templated":true}]}}