{"id":17169,"date":"2025-09-24T02:12:59","date_gmt":"2025-09-24T02:12:59","guid":{"rendered":"https:\/\/orkza.com\/product\/ara-history-untold-premium-edition-steam-account\/"},"modified":"2026-02-26T05:55:19","modified_gmt":"2026-02-26T05:55:19","slug":"ara-history-untold-premium-edition-steam-account","status":"publish","type":"product","link":"https:\/\/orkza.com\/de\/produkt\/ara-history-untold-premium-edition-steam-account\/","title":{"rendered":"Ara History Untold Premium Edition Steam-Account"},"content":{"rendered":"<h2 data-start=\"3747\" data-end=\"3823\"><strong data-start=\"3750\" data-end=\"3823\">Ara: History Untold Steam-Account \u2013 Schmieden Sie das Schicksal Ihrer Zivilisation<\/strong><\/h2>\n<p data-start=\"3825\" data-end=\"4161\">Spielen Sie <strong data-start=\"3830\" data-end=\"3919\"><a class=\"decorated-link\" href=\"https:\/\/store.steampowered.com\/app\/2021880\/Ara_History_Untold\/?utm_source=chatgpt.com\" target=\"_new\" rel=\"noopener\" data-start=\"3832\" data-end=\"3917\">Ara: History Untold<\/a><\/strong> \u00fcber unseren Steam-Account und f\u00fchren Sie eine Nation von bescheidenen Anf\u00e4ngen zu Gr\u00f6\u00dfe \u2013 durch kulturelle, technologische und milit\u00e4rische St\u00e4rke. Dieser Grand-Strategy-Titel l\u00e4sst jede Entscheidung durch die Geschichte nachhallen. <\/p>\n<p data-start=\"4163\" data-end=\"4476\">In <em data-start=\"4166\" data-end=\"4187\">Ara: History Untold<\/em> k\u00f6nnen Sie Ihre Zivilisation an jedem Punkt der Menschheitsgeschichte beginnen. F\u00f6rdern Sie Handel, errichten Sie Weltwunder, f\u00fchren Sie Krieg und entwickeln Sie Ihre Kultur weiter. Das Spiel bietet simultane Z\u00fcge, eine Crafting-\u00d6konomie, nichtlineare Technologie-B\u00e4ume und Diplomatie, die nie vorhersehbar ist.  <\/p>\n<p data-start=\"4478\" data-end=\"4784\">Die lebendige Welt reagiert dynamisch: B\u00fcrger reagieren auf Krieg, Wohlstand und Hungersnot und wandern durch Ihre Lande. Biome, Klima und Gel\u00e4nde beeinflussen Ihre Strategie. Der Multiplayer unterst\u00fctzt asynchrone und synchrone Optionen, sodass Sie und Ihre Rivalen in Ihrem Tempo spielen k\u00f6nnen.  <\/p>\n<p data-start=\"4786\" data-end=\"5057\">Visuell bietet das Spiel detaillierte Karten, lebendige Landschaften und einen cineastischen Zoom \u2013 vom Makro-Ma\u00dfstab des Imperiums bis hinunter zu einzelnen Provinzen. Die Benutzeroberfl\u00e4che ist auf Tiefe und Klarheit ausgelegt \u2013 essenziell angesichts der Komplexit\u00e4t und Strategie. <\/p>\n<hr data-start=\"5059\" data-end=\"5062\">\n<h3 data-start=\"5064\" data-end=\"5089\">Systemanforderungen<\/h3>\n<p data-start=\"5091\" data-end=\"5117\"><strong data-start=\"5091\" data-end=\"5115\">Mindestanforderungen<\/strong><\/p>\n<ul data-start=\"5118\" data-end=\"5404\">\n<li data-start=\"5118\" data-end=\"5185\">\n<p data-start=\"5120\" data-end=\"5185\">Betriebssystem: Windows 10 (64-Bit)<\/p>\n<\/li>\n<li data-start=\"5186\" data-end=\"5237\">\n<p data-start=\"5188\" data-end=\"5237\">CPU: Dual-Core Intel oder AMD (modernes \u00c4quivalent)<\/p>\n<\/li>\n<li data-start=\"5238\" data-end=\"5291\">\n<p data-start=\"5240\" data-end=\"5291\">RAM: 8 GB<\/p>\n<\/li>\n<li data-start=\"5292\" data-end=\"5384\">\n<p data-start=\"5294\" data-end=\"5384\">GPU: Integrierte Grafik oder Einsteiger-Grafikkarte (z. B. Intel UHD \/ \u00e4ltere AMD\/NVIDIA)<\/p>\n<\/li>\n<li data-start=\"5385\" data-end=\"5404\">\n<p data-start=\"5387\" data-end=\"5404\">Speicher: ~10 GB<\/p>\n<\/li>\n<\/ul>\n<p data-start=\"5406\" data-end=\"5436\"><strong data-start=\"5406\" data-end=\"5434\">Empfohlene Anforderungen<\/strong><\/p>\n<ul data-start=\"5437\" data-end=\"5571\">\n<li data-start=\"5437\" data-end=\"5464\">\n<p data-start=\"5439\" data-end=\"5464\">CPU: 4-Core Intel \/ AMD<\/p>\n<\/li>\n<li data-start=\"5465\" data-end=\"5479\">\n<p data-start=\"5467\" data-end=\"5479\">RAM: 16 GB<\/p>\n<\/li>\n<li data-start=\"5480\" data-end=\"5547\">\n<p data-start=\"5482\" data-end=\"5547\">GPU: Mittelklasse-Grafikkarte (z. B. GTX 1650 \/ RX 5500 oder besser)<\/p>\n<\/li>\n<li data-start=\"5548\" data-end=\"5571\">\n<p data-start=\"5550\" data-end=\"5571\">Speicher: 10+ GB SSD<\/p>\n<\/li>\n<\/ul>\n<h3>So nutzen Sie Ihren Ara History Untold Steam-Account<\/h3>\n<p><img decoding=\"async\" class=\"alignnone wp-image-3511\" src=\"https:\/\/orkza.com\/wp-content\/uploads\/2024\/10\/STEAM-ACTIVATION-GUIDE-400x225.jpg\" alt=\"\" width=\"804\" height=\"453\" title=\"\" srcset=\"https:\/\/orkza.com\/wp-content\/uploads\/2024\/10\/STEAM-ACTIVATION-GUIDE-400x225.jpg 400w, https:\/\/orkza.com\/wp-content\/uploads\/2024\/10\/STEAM-ACTIVATION-GUIDE-430x242.jpg 430w, https:\/\/orkza.com\/wp-content\/uploads\/2024\/10\/STEAM-ACTIVATION-GUIDE-150x84.jpg 150w, https:\/\/orkza.com\/wp-content\/uploads\/2024\/10\/STEAM-ACTIVATION-GUIDE-700x394.jpg 700w, https:\/\/orkza.com\/wp-content\/uploads\/2024\/10\/STEAM-ACTIVATION-GUIDE-768x432.jpg 768w, https:\/\/orkza.com\/wp-content\/uploads\/2024\/10\/STEAM-ACTIVATION-GUIDE.jpg 1280w\" sizes=\"(max-width: 804px) 100vw, 804px\" \/><\/p>\n<p>Melde dich nach dem Kauf auf deinem PC mit dem bereitgestellten Steam-Konto an. Sobald du angemeldet bist, navigiere zu deiner Bibliothek, installiere das Spiel und klicke auf den Play-Button.  Nach ein paar Minuten beende das Spiel und schalte Steam in den Offline-Modus \u2013 und schon bist du bereit f\u00fcr stundenlangen, aufregenden Spielspa\u00df!<\/p>\n<p>F\u00fcr eine umfassende Einrichtung lies dir unseren <a href=\"https:\/\/orkza.com\/de\/steam-account-activation-guide\/\" target=\"_blank\" rel=\"noopener\">Steam-Konto-Aktivierungsleitfaden<\/a> durch.<\/p>\n<p>Entdecke unsere neuesten <a href=\"https:\/\/orkza.com\/de\/produkt-kategorie\/pc-spiele\/\" target=\"_blank\" rel=\"noopener\">PC-SPIELE<\/a><\/p>\n","protected":false},"excerpt":{"rendered":"<p data-start=\"5578\" data-end=\"5726\">F\u00fchren Sie Ihre Zivilisation durch die Zeitalter in <em data-start=\"5659\" data-end=\"5680\">Ara: History Untold<\/em>. Strategie, Kultur und epische Diplomatie erwarten Sie. <\/p>\n<p><img decoding=\"async\" class=\"alignnone wp-image-3526\" src=\"https:\/\/orkza.com\/wp-content\/uploads\/2024\/10\/Steam-Account-Notice-min-300x300.png\" alt=\"\" width=\"41\" height=\"41\" srcset=\"https:\/\/orkza.com\/wp-content\/uploads\/2024\/10\/Steam-Account-Notice-min-300x300.png 300w, https:\/\/orkza.com\/wp-content\/uploads\/2024\/10\/Steam-Account-Notice-min-scaled-430x430.png 430w, https:\/\/orkza.com\/wp-content\/uploads\/2024\/10\/Steam-Account-Notice-min-150x150.png 150w, https:\/\/orkza.com\/wp-content\/uploads\/2024\/10\/Steam-Account-Notice-min-scaled-700x700.png 700w, https:\/\/orkza.com\/wp-content\/uploads\/2024\/10\/Steam-Account-Notice-min-800x800.png 800w, https:\/\/orkza.com\/wp-content\/uploads\/2024\/10\/Steam-Account-Notice-min-768x768.png 768w, https:\/\/orkza.com\/wp-content\/uploads\/2024\/10\/Steam-Account-Notice-min-1536x1536.png 1536w, https:\/\/orkza.com\/wp-content\/uploads\/2024\/10\/Steam-Account-Notice-min-2048x2048.png 2048w\" sizes=\"(max-width: 41px) 100vw, 41px\" \/><strong>Hinweis: Kontodaten k\u00f6nnen nicht ge\u00e4ndert werden. Dies ist ein Steam-Konto mit lebenslangem Zugriff, nur f\u00fcr Offline-Spiele. <\/strong><\/p>\n","protected":false},"featured_media":17170,"comment_status":"open","ping_status":"closed","template":"","meta":[],"product_brand":[],"product_cat":[216],"product_tag":[249],"class_list":{"0":"post-17169","1":"product","2":"type-product","3":"status-publish","4":"has-post-thumbnail","6":"product_cat-action","7":"product_tag-steam","9":"first","10":"instock","11":"sale","12":"virtual","13":"purchasable","14":"product-type-simple"},"_links":{"self":[{"href":"https:\/\/orkza.com\/de\/wp-json\/wp\/v2\/product\/17169","targetHints":{"allow":["GET"]}}],"collection":[{"href":"https:\/\/orkza.com\/de\/wp-json\/wp\/v2\/product"}],"about":[{"href":"https:\/\/orkza.com\/de\/wp-json\/wp\/v2\/types\/product"}],"replies":[{"embeddable":true,"href":"https:\/\/orkza.com\/de\/wp-json\/wp\/v2\/comments?post=17169"}],"version-history":[{"count":0,"href":"https:\/\/orkza.com\/de\/wp-json\/wp\/v2\/product\/17169\/revisions"}],"wp:featuredmedia":[{"embeddable":true,"href":"https:\/\/orkza.com\/de\/wp-json\/wp\/v2\/media\/17170"}],"wp:attachment":[{"href":"https:\/\/orkza.com\/de\/wp-json\/wp\/v2\/media?parent=17169"}],"wp:term":[{"taxonomy":"product_brand","embeddable":true,"href":"https:\/\/orkza.com\/de\/wp-json\/wp\/v2\/product_brand?post=17169"},{"taxonomy":"product_cat","embeddable":true,"href":"https:\/\/orkza.com\/de\/wp-json\/wp\/v2\/product_cat?post=17169"},{"taxonomy":"product_tag","embeddable":true,"href":"https:\/\/orkza.com\/de\/wp-json\/wp\/v2\/product_tag?post=17169"}],"curies":[{"name":"wp","href":"https:\/\/api.w.org\/{rel}","templated":true}]}}