{"id":17161,"date":"2025-09-24T02:13:06","date_gmt":"2025-09-24T02:13:06","guid":{"rendered":"https:\/\/orkza.com\/product\/undisputed-steam-account\/"},"modified":"2026-02-26T05:54:44","modified_gmt":"2026-02-26T05:54:44","slug":"undisputed-steam-account","status":"publish","type":"product","link":"https:\/\/orkza.com\/de\/produkt\/undisputed-steam-account\/","title":{"rendered":"Undisputed Steam-Account"},"content":{"rendered":"<h2 data-start=\"0\" data-end=\"66\"><strong data-start=\"3\" data-end=\"64\">Undisputed Steam-Account \u2013 Beherrschen Sie den Ring mit Pr\u00e4zision<\/strong><\/h2>\n<p data-start=\"68\" data-end=\"497\">Spielen Sie <a href=\"https:\/\/store.steampowered.com\/app\/1451190\/Undisputed\/\" target=\"_blank\" rel=\"noopener\"><strong data-start=\"73\" data-end=\"141\">Undisputed<\/strong> <\/a>\u00fcber unseren Steam-Account und tauchen Sie ein in den fortschrittlichsten Box-Simulator der Welt. Dieser Titel bietet realistische Bewegungen, einen umfangreichen Kader und authentische Kampfsysteme, die die Kunst des Boxens nachbilden. Mit \u00fcber 70 lizenzierten K\u00e4mpfern und umfangreicher Anpassung strebt <em data-start=\"402\" data-end=\"414\">Undisputed<\/em> danach, das ultimative Ring-Erlebnis zu sein.  <\/p>\n<p data-start=\"499\" data-end=\"942\">Vom Karrieremodus bis zu kompetitiven Online-K\u00e4mpfen bietet <em data-start=\"547\" data-end=\"559\">Undisputed<\/em> nuancierte Kontrolle \u00fcber Beinarbeit, Deckung und Schlagkombinationen. Jeder Kampf ist ein mentales und physisches Schachspiel \u2013 Timing, Winkel und Ausdauermanagement machen den Unterschied zwischen Ruhm und Niederlage. Das Spiel bietet auch lizenzierte Organisationen wie WBC, WBO, IBF und eine fiktive SCI Championship, die zus\u00e4tzliche Ebenen von Prestige und Realismus hinzuf\u00fcgen.  <\/p>\n<p data-start=\"944\" data-end=\"1185\">Visuell bietet das Spiel hochaufl\u00f6sende Boxer-Modelle, Schwei\u00dfeffekte, dynamische Beleuchtung in Arenen und Schadensmodellierung. Die Engine unterst\u00fctzt verschiedene Leistungseinstellungen f\u00fcr eine breite Palette von GPUs bei gleichzeitig fl\u00fcssiger Bewegung im Ring. <\/p>\n<hr data-start=\"1187\" data-end=\"1190\">\n<h3 data-start=\"1192\" data-end=\"1217\">Systemanforderungen<\/h3>\n<p data-start=\"1219\" data-end=\"1252\"><strong data-start=\"1219\" data-end=\"1250\">Minimale Systemanforderungen<\/strong><\/p>\n<ul data-start=\"1253\" data-end=\"1401\">\n<li data-start=\"1253\" data-end=\"1280\">\n<p data-start=\"1255\" data-end=\"1280\">Betriebssystem: Windows 10 (64-Bit)<\/p>\n<\/li>\n<li data-start=\"1281\" data-end=\"1327\">\n<p data-start=\"1283\" data-end=\"1327\">CPU: Quad-Core (z. B. Intel Core i5-Klasse)<\/p>\n<\/li>\n<li data-start=\"1328\" data-end=\"1341\">\n<p data-start=\"1330\" data-end=\"1341\">RAM: 8 GB<\/p>\n<\/li>\n<li data-start=\"1342\" data-end=\"1382\">\n<p data-start=\"1344\" data-end=\"1382\">GPU: NVIDIA GTX 960 \/ AMD-\u00c4quivalent<\/p>\n<\/li>\n<li data-start=\"1383\" data-end=\"1401\">\n<p data-start=\"1385\" data-end=\"1401\">Speicher: 30 GB<\/p>\n<\/li>\n<\/ul>\n<p data-start=\"1403\" data-end=\"1440\"><strong data-start=\"1403\" data-end=\"1438\">Empfohlene Systemanforderungen<\/strong><\/p>\n<ul data-start=\"1441\" data-end=\"1605\">\n<li data-start=\"1441\" data-end=\"1471\">\n<p data-start=\"1443\" data-end=\"1471\">OS: Windows 10\/11 (64-Bit)<\/p>\n<\/li>\n<li data-start=\"1472\" data-end=\"1515\">\n<p data-start=\"1474\" data-end=\"1515\">CPU: High-End 6-Core \/ 8-Core Intel\/AMD<\/p>\n<\/li>\n<li data-start=\"1516\" data-end=\"1530\">\n<p data-start=\"1518\" data-end=\"1530\">RAM: 16 GB<\/p>\n<\/li>\n<li data-start=\"1531\" data-end=\"1582\">\n<p data-start=\"1533\" data-end=\"1582\">GPU: NVIDIA RTX 2060 \/ AMD RX 5600 XT oder besser<\/p>\n<\/li>\n<li data-start=\"1583\" data-end=\"1605\">\n<p data-start=\"1585\" data-end=\"1605\">Speicher: 30 GB SSD<\/p>\n<\/li>\n<\/ul>\n<h3>So verwenden Sie Ihren Undisputed Steam-Account<\/h3>\n<p><img decoding=\"async\" class=\"alignnone wp-image-3511\" src=\"https:\/\/orkza.com\/wp-content\/uploads\/2024\/10\/STEAM-ACTIVATION-GUIDE-400x225.jpg\" alt=\"\" width=\"804\" height=\"453\" title=\"\" srcset=\"https:\/\/orkza.com\/wp-content\/uploads\/2024\/10\/STEAM-ACTIVATION-GUIDE-400x225.jpg 400w, https:\/\/orkza.com\/wp-content\/uploads\/2024\/10\/STEAM-ACTIVATION-GUIDE-430x242.jpg 430w, https:\/\/orkza.com\/wp-content\/uploads\/2024\/10\/STEAM-ACTIVATION-GUIDE-150x84.jpg 150w, https:\/\/orkza.com\/wp-content\/uploads\/2024\/10\/STEAM-ACTIVATION-GUIDE-700x394.jpg 700w, https:\/\/orkza.com\/wp-content\/uploads\/2024\/10\/STEAM-ACTIVATION-GUIDE-768x432.jpg 768w, https:\/\/orkza.com\/wp-content\/uploads\/2024\/10\/STEAM-ACTIVATION-GUIDE.jpg 1280w\" sizes=\"(max-width: 804px) 100vw, 804px\" \/><\/p>\n<p>Melde dich nach dem Kauf auf deinem PC mit dem bereitgestellten Steam-Konto an. Sobald du angemeldet bist, navigiere zu deiner Bibliothek, installiere das Spiel und klicke auf den Play-Button.  Nach ein paar Minuten beende das Spiel und schalte Steam in den Offline-Modus \u2013 und schon bist du bereit f\u00fcr stundenlangen, aufregenden Spielspa\u00df!<\/p>\n<p>F\u00fcr eine umfassende Einrichtung lies dir unseren <a href=\"https:\/\/orkza.com\/de\/steam-account-activation-guide\/\" target=\"_blank\" rel=\"noopener\">Steam-Konto-Aktivierungsleitfaden<\/a> durch.<\/p>\n<p>Entdecke unsere neuesten <a href=\"https:\/\/orkza.com\/de\/produkt-kategorie\/pc-spiele\/\" target=\"_blank\" rel=\"noopener\">PC-SPIELE<\/a><\/p>\n","protected":false},"excerpt":{"rendered":"<p data-start=\"1612\" data-end=\"1752\">Boxen Sie mit Pr\u00e4zision in <em data-start=\"1677\" data-end=\"1689\">Undisputed<\/em>. Realistische Mechaniken, umfangreicher Kader, intensive Ring-K\u00e4mpfe erwarten Sie. <\/p>\n<p><img decoding=\"async\" class=\"alignnone wp-image-3526\" src=\"https:\/\/orkza.com\/wp-content\/uploads\/2024\/10\/Steam-Account-Notice-min-300x300.png\" alt=\"\" width=\"41\" height=\"41\" srcset=\"https:\/\/orkza.com\/wp-content\/uploads\/2024\/10\/Steam-Account-Notice-min-300x300.png 300w, https:\/\/orkza.com\/wp-content\/uploads\/2024\/10\/Steam-Account-Notice-min-scaled-430x430.png 430w, https:\/\/orkza.com\/wp-content\/uploads\/2024\/10\/Steam-Account-Notice-min-150x150.png 150w, https:\/\/orkza.com\/wp-content\/uploads\/2024\/10\/Steam-Account-Notice-min-scaled-700x700.png 700w, https:\/\/orkza.com\/wp-content\/uploads\/2024\/10\/Steam-Account-Notice-min-800x800.png 800w, https:\/\/orkza.com\/wp-content\/uploads\/2024\/10\/Steam-Account-Notice-min-768x768.png 768w, https:\/\/orkza.com\/wp-content\/uploads\/2024\/10\/Steam-Account-Notice-min-1536x1536.png 1536w, https:\/\/orkza.com\/wp-content\/uploads\/2024\/10\/Steam-Account-Notice-min-2048x2048.png 2048w\" sizes=\"(max-width: 41px) 100vw, 41px\" \/><strong>Hinweis: Kontodaten k\u00f6nnen nicht ge\u00e4ndert werden. Dies ist ein Steam-Konto mit lebenslangem Zugriff, nur f\u00fcr Offline-Spiele. <\/strong><\/p>\n","protected":false},"featured_media":17162,"comment_status":"open","ping_status":"closed","template":"","meta":[],"product_brand":[],"product_cat":[216],"product_tag":[249],"class_list":{"0":"post-17161","1":"product","2":"type-product","3":"status-publish","4":"has-post-thumbnail","6":"product_cat-action","7":"product_tag-steam","9":"first","10":"instock","11":"sale","12":"virtual","13":"purchasable","14":"product-type-simple"},"_links":{"self":[{"href":"https:\/\/orkza.com\/de\/wp-json\/wp\/v2\/product\/17161","targetHints":{"allow":["GET"]}}],"collection":[{"href":"https:\/\/orkza.com\/de\/wp-json\/wp\/v2\/product"}],"about":[{"href":"https:\/\/orkza.com\/de\/wp-json\/wp\/v2\/types\/product"}],"replies":[{"embeddable":true,"href":"https:\/\/orkza.com\/de\/wp-json\/wp\/v2\/comments?post=17161"}],"version-history":[{"count":0,"href":"https:\/\/orkza.com\/de\/wp-json\/wp\/v2\/product\/17161\/revisions"}],"wp:featuredmedia":[{"embeddable":true,"href":"https:\/\/orkza.com\/de\/wp-json\/wp\/v2\/media\/17162"}],"wp:attachment":[{"href":"https:\/\/orkza.com\/de\/wp-json\/wp\/v2\/media?parent=17161"}],"wp:term":[{"taxonomy":"product_brand","embeddable":true,"href":"https:\/\/orkza.com\/de\/wp-json\/wp\/v2\/product_brand?post=17161"},{"taxonomy":"product_cat","embeddable":true,"href":"https:\/\/orkza.com\/de\/wp-json\/wp\/v2\/product_cat?post=17161"},{"taxonomy":"product_tag","embeddable":true,"href":"https:\/\/orkza.com\/de\/wp-json\/wp\/v2\/product_tag?post=17161"}],"curies":[{"name":"wp","href":"https:\/\/api.w.org\/{rel}","templated":true}]}}