{"id":17155,"date":"2025-09-24T02:13:02","date_gmt":"2025-09-24T02:13:02","guid":{"rendered":"https:\/\/orkza.com\/product\/until-dawn-steam-account\/"},"modified":"2026-02-26T05:54:31","modified_gmt":"2026-02-26T05:54:31","slug":"until-dawn-steam-account","status":"publish","type":"product","link":"https:\/\/orkza.com\/de\/produkt\/until-dawn-steam-account\/","title":{"rendered":"Until Dawn Steam-Account"},"content":{"rendered":"<h2 data-start=\"1976\" data-end=\"2040\"><strong data-start=\"1979\" data-end=\"2038\">Until Dawn Steam-Account \u2013 Horror lebt von deinen Entscheidungen<\/strong><\/h2>\n<p data-start=\"2042\" data-end=\"2367\">Spielen Sie <strong data-start=\"2047\" data-end=\"2119\"><a class=\"decorated-link cursor-pointer\" href=\"https:\/\/store.steampowered.com\/app\/2172010\/Until_Dawn\/\" target=\"_new\" rel=\"noopener\" data-start=\"2049\" data-end=\"2117\">Until Dawn<\/a><\/strong> \u00fcber unseren Steam-Account und erleben Sie einen filmreifen Horror mit verzweigten Handlungsstr\u00e4ngen. Das Remake bietet verbesserte Grafik, neue Story-Szenen und eine \u00fcberarbeitete Kamera, die das urspr\u00fcngliche interaktive Drama modernisiert. <\/p>\n<p data-start=\"2369\" data-end=\"2745\">Sie steuern acht Charaktere, die auf dem Blackwood Mountain gestrandet sind und bis zum Morgengrauen \u00fcberleben m\u00fcssen. Jede Ihrer Entscheidungen hat Gewicht im \u201eSchmetterlingseffekt\u201c-System \u2013 kleine Entscheidungen f\u00fchren zu Konsequenzen \u00fcber Leben und Tod. Das Gameplay kombiniert Erkundung, QTEs und R\u00e4tselelemente zu einem spannungsgeladenen und emotionalen Erlebnis.  <\/p>\n<p data-start=\"2747\" data-end=\"3142\">Die Beziehungen, Geheimnisse und \u00c4ngste der Besetzung kollidieren, w\u00e4hrend Sie angespannte Szenarien meistern. Das Remake aktualisiert die Mechaniken des Originals f\u00fcr PC und f\u00fcgt \u201eStay Calm\u201c-Unterst\u00fctzung f\u00fcr Nicht-Bewegungssteuerungen hinzu, was die Zug\u00e4nglichkeit verbessert. Einige fr\u00fche Spielerberichte weisen auf eine entt\u00e4uschende Leistung beim Start und einen bescheidenen H\u00f6chststand in den Steam-Charts hin.  <\/p>\n<hr data-start=\"3144\" data-end=\"3147\">\n<h3 data-start=\"3149\" data-end=\"3174\">Systemanforderungen<\/h3>\n<p data-start=\"3176\" data-end=\"3189\"><strong data-start=\"3176\" data-end=\"3187\">Minimum<\/strong><\/p>\n<ul data-start=\"3190\" data-end=\"3334\">\n<li data-start=\"3190\" data-end=\"3217\">\n<p data-start=\"3192\" data-end=\"3217\">Betriebssystem: Windows 10 (64-Bit)<\/p>\n<\/li>\n<li data-start=\"3218\" data-end=\"3254\">\n<p data-start=\"3220\" data-end=\"3254\">CPU: Intel Core i3 oder gleichwertig<\/p>\n<\/li>\n<li data-start=\"3255\" data-end=\"3268\">\n<p data-start=\"3257\" data-end=\"3268\">RAM: 8 GB<\/p>\n<\/li>\n<li data-start=\"3269\" data-end=\"3315\">\n<p data-start=\"3271\" data-end=\"3315\">GPU: Mittelklasse-GPU (z. B. GTX 960 \/ RX 550)<\/p>\n<\/li>\n<li data-start=\"3316\" data-end=\"3334\">\n<p data-start=\"3318\" data-end=\"3334\">Speicherplatz: 50 GB<\/p>\n<\/li>\n<\/ul>\n<p data-start=\"3336\" data-end=\"3353\"><strong data-start=\"3336\" data-end=\"3351\">Empfohlen<\/strong><\/p>\n<ul data-start=\"3354\" data-end=\"3497\">\n<li data-start=\"3354\" data-end=\"3384\">\n<p data-start=\"3356\" data-end=\"3384\">OS: Windows 10\/11 (64-Bit)<\/p>\n<\/li>\n<li data-start=\"3385\" data-end=\"3421\">\n<p data-start=\"3387\" data-end=\"3421\">CPU: Intel Core i5 oder gleichwertig<\/p>\n<\/li>\n<li data-start=\"3422\" data-end=\"3436\">\n<p data-start=\"3424\" data-end=\"3436\">RAM: 16 GB<\/p>\n<\/li>\n<li data-start=\"3437\" data-end=\"3474\">\n<p data-start=\"3439\" data-end=\"3474\">GPU: NVIDIA GTX 1060 \/ AMD RX 580<\/p>\n<\/li>\n<li data-start=\"3475\" data-end=\"3497\">\n<p data-start=\"3477\" data-end=\"3497\">Speicher: 50 GB SSD<\/p>\n<\/li>\n<\/ul>\n<h3>So verwenden Sie Ihren Until Dawn Steam-Account<\/h3>\n<p><img decoding=\"async\" class=\"alignnone wp-image-3511\" src=\"https:\/\/orkza.com\/wp-content\/uploads\/2024\/10\/STEAM-ACTIVATION-GUIDE-400x225.jpg\" alt=\"\" width=\"804\" height=\"453\" title=\"\" srcset=\"https:\/\/orkza.com\/wp-content\/uploads\/2024\/10\/STEAM-ACTIVATION-GUIDE-400x225.jpg 400w, https:\/\/orkza.com\/wp-content\/uploads\/2024\/10\/STEAM-ACTIVATION-GUIDE-430x242.jpg 430w, https:\/\/orkza.com\/wp-content\/uploads\/2024\/10\/STEAM-ACTIVATION-GUIDE-150x84.jpg 150w, https:\/\/orkza.com\/wp-content\/uploads\/2024\/10\/STEAM-ACTIVATION-GUIDE-700x394.jpg 700w, https:\/\/orkza.com\/wp-content\/uploads\/2024\/10\/STEAM-ACTIVATION-GUIDE-768x432.jpg 768w, https:\/\/orkza.com\/wp-content\/uploads\/2024\/10\/STEAM-ACTIVATION-GUIDE.jpg 1280w\" sizes=\"(max-width: 804px) 100vw, 804px\" \/><\/p>\n<p>Melde dich nach dem Kauf auf deinem PC mit dem bereitgestellten Steam-Konto an. Sobald du angemeldet bist, navigiere zu deiner Bibliothek, installiere das Spiel und klicke auf den Play-Button.  Nach ein paar Minuten beende das Spiel und schalte Steam in den Offline-Modus \u2013 und schon bist du bereit f\u00fcr stundenlangen, aufregenden Spielspa\u00df!<\/p>\n<p>F\u00fcr eine umfassende Einrichtung lies dir unseren <a href=\"https:\/\/orkza.com\/de\/steam-account-activation-guide\/\" target=\"_blank\" rel=\"noopener\">Steam-Konto-Aktivierungsleitfaden<\/a> durch.<\/p>\n<p>Entdecke unsere neuesten <a href=\"https:\/\/orkza.com\/de\/produkt-kategorie\/pc-spiele\/\" target=\"_blank\" rel=\"noopener\">PC-SPIELE<\/a><\/p>\n","protected":false},"excerpt":{"rendered":"<p data-start=\"3504\" data-end=\"3663\">\u00dcberlebe die Nacht in <em data-start=\"3568\" data-end=\"3580\">Until Dawn<\/em>. Deine Entscheidungen formen den Horror. Das Remake bietet verbesserte Grafik, neue Wege und packende Spannung.  <\/p>\n<p><img decoding=\"async\" class=\"alignnone wp-image-3526\" src=\"https:\/\/orkza.com\/wp-content\/uploads\/2024\/10\/Steam-Account-Notice-min-300x300.png\" alt=\"\" width=\"41\" height=\"41\" srcset=\"https:\/\/orkza.com\/wp-content\/uploads\/2024\/10\/Steam-Account-Notice-min-300x300.png 300w, https:\/\/orkza.com\/wp-content\/uploads\/2024\/10\/Steam-Account-Notice-min-scaled-430x430.png 430w, https:\/\/orkza.com\/wp-content\/uploads\/2024\/10\/Steam-Account-Notice-min-150x150.png 150w, https:\/\/orkza.com\/wp-content\/uploads\/2024\/10\/Steam-Account-Notice-min-scaled-700x700.png 700w, https:\/\/orkza.com\/wp-content\/uploads\/2024\/10\/Steam-Account-Notice-min-800x800.png 800w, https:\/\/orkza.com\/wp-content\/uploads\/2024\/10\/Steam-Account-Notice-min-768x768.png 768w, https:\/\/orkza.com\/wp-content\/uploads\/2024\/10\/Steam-Account-Notice-min-1536x1536.png 1536w, https:\/\/orkza.com\/wp-content\/uploads\/2024\/10\/Steam-Account-Notice-min-2048x2048.png 2048w\" sizes=\"(max-width: 41px) 100vw, 41px\" \/><strong>Hinweis: Kontodaten k\u00f6nnen nicht ge\u00e4ndert werden. Dies ist ein Steam-Konto mit lebenslangem Zugriff, nur f\u00fcr Offline-Spiele. <\/strong><\/p>\n","protected":false},"featured_media":17156,"comment_status":"open","ping_status":"closed","template":"","meta":[],"product_brand":[],"product_cat":[216],"product_tag":[249],"class_list":{"0":"post-17155","1":"product","2":"type-product","3":"status-publish","4":"has-post-thumbnail","6":"product_cat-action","7":"product_tag-steam","9":"first","10":"instock","11":"sale","12":"virtual","13":"purchasable","14":"product-type-simple"},"_links":{"self":[{"href":"https:\/\/orkza.com\/de\/wp-json\/wp\/v2\/product\/17155","targetHints":{"allow":["GET"]}}],"collection":[{"href":"https:\/\/orkza.com\/de\/wp-json\/wp\/v2\/product"}],"about":[{"href":"https:\/\/orkza.com\/de\/wp-json\/wp\/v2\/types\/product"}],"replies":[{"embeddable":true,"href":"https:\/\/orkza.com\/de\/wp-json\/wp\/v2\/comments?post=17155"}],"version-history":[{"count":0,"href":"https:\/\/orkza.com\/de\/wp-json\/wp\/v2\/product\/17155\/revisions"}],"wp:featuredmedia":[{"embeddable":true,"href":"https:\/\/orkza.com\/de\/wp-json\/wp\/v2\/media\/17156"}],"wp:attachment":[{"href":"https:\/\/orkza.com\/de\/wp-json\/wp\/v2\/media?parent=17155"}],"wp:term":[{"taxonomy":"product_brand","embeddable":true,"href":"https:\/\/orkza.com\/de\/wp-json\/wp\/v2\/product_brand?post=17155"},{"taxonomy":"product_cat","embeddable":true,"href":"https:\/\/orkza.com\/de\/wp-json\/wp\/v2\/product_cat?post=17155"},{"taxonomy":"product_tag","embeddable":true,"href":"https:\/\/orkza.com\/de\/wp-json\/wp\/v2\/product_tag?post=17155"}],"curies":[{"name":"wp","href":"https:\/\/api.w.org\/{rel}","templated":true}]}}