{"id":17136,"date":"2025-10-03T17:04:35","date_gmt":"2025-10-03T17:04:35","guid":{"rendered":"https:\/\/orkza.com\/product\/dark-souls-remastered-steam-account\/"},"modified":"2026-02-26T05:53:43","modified_gmt":"2026-02-26T05:53:43","slug":"dark-souls-remastered-steam-account","status":"publish","type":"product","link":"https:\/\/orkza.com\/de\/produkt\/dark-souls-remastered-steam-account\/","title":{"rendered":"Dark Souls Remastered Steam-Account"},"content":{"rendered":"<h2>Dark Souls Remastered Steam-Account \u2013 Die klassische Herausforderung neu erlebt<\/h2>\n<p>Erleben Sie die intensive, gnadenlose Welt von <a href=\"https:\/\/store.steampowered.com\/app\/570940\/DARK_SOULS_REMASTERED\/\" target=\"_blank\" rel=\"noopener\">Dark Souls Remastered<\/a> auf unserem Steam-Account. Ber\u00fchmt-ber\u00fcchtigt f\u00fcr seinen herausfordernden Kampf und d\u00fcstere Gothic-Fantasy-Atmosph\u00e4re, kommt diese Neuauflage des beliebten Originals mit verbesserter Grafik, fl\u00fcssigerem Gameplay und allen je ver\u00f6ffentlichten DLCs. Erkunden Sie ein Land der Dunkelheit, in dem der schnelle Kampf nie nachl\u00e4sst und hinter jeder Ecke eine Falle lauert, wenn Sie nicht aufpassen. Dark Souls Remastered l\u00e4dt Sie ein, Ihre F\u00e4higkeiten und strategisches Denken in ikonischem Action-RPG-Gameplay unter Beweis zu stellen.   <\/p>\n<p><img decoding=\"async\" class=\"alignnone wp-image-3643\" src=\"https:\/\/orkza.com\/wp-content\/uploads\/2024\/10\/Dark-Souls-Remastered-Gameplay-88-400x225.jpg\" alt=\"Dark Souls Remastered Gameplay\" width=\"805\" height=\"453\" title=\"\" srcset=\"https:\/\/orkza.com\/wp-content\/uploads\/2024\/10\/Dark-Souls-Remastered-Gameplay-88-400x225.jpg 400w, https:\/\/orkza.com\/wp-content\/uploads\/2024\/10\/Dark-Souls-Remastered-Gameplay-88-430x242.jpg 430w, https:\/\/orkza.com\/wp-content\/uploads\/2024\/10\/Dark-Souls-Remastered-Gameplay-88-150x84.jpg 150w, https:\/\/orkza.com\/wp-content\/uploads\/2024\/10\/Dark-Souls-Remastered-Gameplay-88-700x394.jpg 700w, https:\/\/orkza.com\/wp-content\/uploads\/2024\/10\/Dark-Souls-Remastered-Gameplay-88-1300x731.jpg 1300w, https:\/\/orkza.com\/wp-content\/uploads\/2024\/10\/Dark-Souls-Remastered-Gameplay-88-768x432.jpg 768w, https:\/\/orkza.com\/wp-content\/uploads\/2024\/10\/Dark-Souls-Remastered-Gameplay-88-1536x864.jpg 1536w, https:\/\/orkza.com\/wp-content\/uploads\/2024\/10\/Dark-Souls-Remastered-Gameplay-88.jpg 1920w\" sizes=\"(max-width: 805px) 100vw, 805px\" \/><\/p>\n<h3>Bessere Grafik und Performance<\/h3>\n<p>Dark Souls Remastered \u2013 Erleben Sie das preisgekr\u00f6nte, genredefinierende Spiel, das alles begann, erneut. Wundersch\u00f6n remastered kehren Sie in atemberaubendem Detail mit verbesserter Grafik und Bildraten nach Lordran zur\u00fcck. Bessere Beleuchtung, Texturen und Schatten machen jeden Ort d\u00fcster und bedrohlich. Das Spiel verspricht durch die remasterte Version bessere Performance auf allen Plattformen, damit Sie sich ohne Unterbrechungen auf das Spielen konzentrieren k\u00f6nnen. Die K\u00e4mpfe und Erkundungen (einschlie\u00dflich der Fortbewegung \u2013 hier als \u201eTraversal\u201c bezeichnet) in diesem gewaltigen RPG laufen mit 60 FPS und f\u00fchlen sich daher reaktionsschnell an.    <\/p>\n<h3>Klassischer Kampf mit umfangreichen Anpassungsm\u00f6glichkeiten<\/h3>\n<p>Dark Souls Remastered ist bekannt f\u00fcr seine herausfordernden und zutiefst lohnenden Kampfmechaniken, die pr\u00e4zises Timing und Strategie erfordern. Verschiedene Waffen, R\u00fcstungsteile, Zauber und F\u00e4higkeiten k\u00f6nnen Ihren Spielstil oder Ihre Kampftaktiken beeinflussen. Individuelle Charakterbuilds sind universell darauf ausgelegt, Ihre F\u00e4higkeiten widerzuspiegeln, da m\u00e4chtige Ritter oder agile Schurken unterschiedliche Fertigkeiten und Ausr\u00fcstung ben\u00f6tigen. Dies verleiht dem Spiel zweifellos mehr Tiefe, die in Kombination mit hervorragender Wiederspielbarkeit daf\u00fcr sorgt, dass Sie h\u00e4ufig alle Strategien und Ans\u00e4tze ausprobieren werden.   <\/p>\n<h3>Multiplayer und Co-Op<\/h3>\n<p>Spieler k\u00f6nnen in Dark Souls Remastered die Geist-Option w\u00e4hlen oder im Koop spielen, wo Sie in die Welten anderer Spieler eindringen oder Verb\u00fcndete in herausfordernden Gebieten und bei Bossen herbeirufen k\u00f6nnen, wenn es die Situation erfordert. Die Online-Funktionalit\u00e4t macht das Spiel noch tiefgr\u00fcndiger als zuvor, mit Multiplayer-Aspekten, die Sie nirgendwo anders finden werden. <\/p>\n<h3>So nutzen Sie Ihren Dark Souls Remastered Steam Account<\/h3>\n<p><img decoding=\"async\" class=\"alignnone wp-image-3511\" src=\"https:\/\/orkza.com\/wp-content\/uploads\/2024\/10\/STEAM-ACTIVATION-GUIDE-400x225.jpg\" alt=\"\" width=\"804\" height=\"453\" title=\"\" srcset=\"https:\/\/orkza.com\/wp-content\/uploads\/2024\/10\/STEAM-ACTIVATION-GUIDE-400x225.jpg 400w, https:\/\/orkza.com\/wp-content\/uploads\/2024\/10\/STEAM-ACTIVATION-GUIDE-430x242.jpg 430w, https:\/\/orkza.com\/wp-content\/uploads\/2024\/10\/STEAM-ACTIVATION-GUIDE-150x84.jpg 150w, https:\/\/orkza.com\/wp-content\/uploads\/2024\/10\/STEAM-ACTIVATION-GUIDE-700x394.jpg 700w, https:\/\/orkza.com\/wp-content\/uploads\/2024\/10\/STEAM-ACTIVATION-GUIDE-768x432.jpg 768w, https:\/\/orkza.com\/wp-content\/uploads\/2024\/10\/STEAM-ACTIVATION-GUIDE.jpg 1280w\" sizes=\"(max-width: 804px) 100vw, 804px\" \/><\/p>\n<p>Melde dich nach dem Kauf auf deinem PC mit dem bereitgestellten Steam-Konto an. Sobald du angemeldet bist, navigiere zu deiner Bibliothek, installiere das Spiel und klicke auf den Play-Button.  Nach ein paar Minuten beende das Spiel und schalte Steam in den Offline-Modus \u2013 und schon bist du bereit f\u00fcr stundenlangen, aufregenden Spielspa\u00df!<\/p>\n<p>F\u00fcr einen umfassenden Einrichtungsprozess lesen Sie bitte unsere <a href=\"https:\/\/orkza.com\/de\/steam-account-activation-guide\/\" target=\"_blank\" rel=\"noopener\">vollst\u00e4ndige Aktivierungsanleitung<\/a><\/p>\n<h3><strong>Minimale Systemanforderungen<\/strong><\/h3>\n<ul>\n<li>Betriebssystem: Windows 7\/8\/10 (64-Bit)<\/li>\n<li>Prozessor: Intel Core i5-2300 oder AMD FX-6300<\/li>\n<li>Arbeitsspeicher: 6 GB RAM<\/li>\n<li>Grafik: NVIDIA GeForce GTX 460 oder AMD Radeon HD 6870<\/li>\n<li>Speicherplatz: 8 GB verf\u00fcgbarer Speicherplatz<\/li>\n<\/ul>\n<h3><strong>Empfohlene Systemanforderungen<\/strong><\/h3>\n<ul>\n<li>Betriebssystem: Windows 10 (64-Bit)<\/li>\n<li>Prozessor: Intel Core i5-4570 oder AMD FX-8350<\/li>\n<li>Arbeitsspeicher: 8 GB RAM<\/li>\n<li>Grafik: NVIDIA GeForce GTX 660 oder AMD Radeon R9 270<\/li>\n<li>Speicherplatz: 8 GB verf\u00fcgbarer Speicherplatz<\/li>\n<\/ul>\n<p>Entdecken Sie unsere neuesten <a href=\"https:\/\/orkza.com\/de\/produkt-kategorie\/pc-spiele\/\" target=\"_blank\" rel=\"noopener\">Spiel-Accounts<\/a><\/p>\n","protected":false},"excerpt":{"rendered":"<p>Stellen Sie sich der Herausforderung in Dark Souls Remastered! K\u00e4mpfen Sie sich durch Lordran, passen Sie Ihren Helden an und erleben Sie epische K\u00e4mpfe auf unserem Steam Account <\/p>\n<p><img decoding=\"async\" class=\"alignnone wp-image-3526\" src=\"https:\/\/orkza.com\/wp-content\/uploads\/2024\/10\/Steam-Account-Notice-min-300x300.png\" alt=\"\" width=\"45\" height=\"45\" srcset=\"https:\/\/orkza.com\/wp-content\/uploads\/2024\/10\/Steam-Account-Notice-min-300x300.png 300w, https:\/\/orkza.com\/wp-content\/uploads\/2024\/10\/Steam-Account-Notice-min-scaled-430x430.png 430w, https:\/\/orkza.com\/wp-content\/uploads\/2024\/10\/Steam-Account-Notice-min-150x150.png 150w, https:\/\/orkza.com\/wp-content\/uploads\/2024\/10\/Steam-Account-Notice-min-scaled-700x700.png 700w, https:\/\/orkza.com\/wp-content\/uploads\/2024\/10\/Steam-Account-Notice-min-800x800.png 800w, https:\/\/orkza.com\/wp-content\/uploads\/2024\/10\/Steam-Account-Notice-min-768x768.png 768w, https:\/\/orkza.com\/wp-content\/uploads\/2024\/10\/Steam-Account-Notice-min-1536x1536.png 1536w, https:\/\/orkza.com\/wp-content\/uploads\/2024\/10\/Steam-Account-Notice-min-2048x2048.png 2048w\" sizes=\"(max-width: 45px) 100vw, 45px\" \/><strong>Hinweis: Kontodaten k\u00f6nnen nicht ge\u00e4ndert werden. Dies ist ein Steam-Konto mit lebenslangem Zugriff, nur f\u00fcr Offline-Spiele. <\/strong><\/p>\n","protected":false},"featured_media":17142,"comment_status":"open","ping_status":"closed","template":"","meta":[],"product_brand":[],"product_cat":[216],"product_tag":[249],"class_list":{"0":"post-17136","1":"product","2":"type-product","3":"status-publish","4":"has-post-thumbnail","6":"product_cat-action","7":"product_tag-steam","9":"first","10":"instock","11":"sale","12":"virtual","13":"purchasable","14":"product-type-simple"},"_links":{"self":[{"href":"https:\/\/orkza.com\/de\/wp-json\/wp\/v2\/product\/17136","targetHints":{"allow":["GET"]}}],"collection":[{"href":"https:\/\/orkza.com\/de\/wp-json\/wp\/v2\/product"}],"about":[{"href":"https:\/\/orkza.com\/de\/wp-json\/wp\/v2\/types\/product"}],"replies":[{"embeddable":true,"href":"https:\/\/orkza.com\/de\/wp-json\/wp\/v2\/comments?post=17136"}],"version-history":[{"count":0,"href":"https:\/\/orkza.com\/de\/wp-json\/wp\/v2\/product\/17136\/revisions"}],"wp:featuredmedia":[{"embeddable":true,"href":"https:\/\/orkza.com\/de\/wp-json\/wp\/v2\/media\/17142"}],"wp:attachment":[{"href":"https:\/\/orkza.com\/de\/wp-json\/wp\/v2\/media?parent=17136"}],"wp:term":[{"taxonomy":"product_brand","embeddable":true,"href":"https:\/\/orkza.com\/de\/wp-json\/wp\/v2\/product_brand?post=17136"},{"taxonomy":"product_cat","embeddable":true,"href":"https:\/\/orkza.com\/de\/wp-json\/wp\/v2\/product_cat?post=17136"},{"taxonomy":"product_tag","embeddable":true,"href":"https:\/\/orkza.com\/de\/wp-json\/wp\/v2\/product_tag?post=17136"}],"curies":[{"name":"wp","href":"https:\/\/api.w.org\/{rel}","templated":true}]}}