{"id":17132,"date":"2025-09-24T02:13:14","date_gmt":"2025-09-24T02:13:14","guid":{"rendered":"https:\/\/orkza.com\/product\/horizon-zero-dawn-remastered-steam-account\/"},"modified":"2026-02-26T05:53:07","modified_gmt":"2026-02-26T05:53:07","slug":"horizon-zero-dawn-remastered-steam-account","status":"publish","type":"product","link":"https:\/\/orkza.com\/de\/produkt\/horizon-zero-dawn-remastered-steam-account\/","title":{"rendered":"Horizon Zero Dawn Remastered Steam-Account"},"content":{"rendered":"<h2 data-start=\"55\" data-end=\"132\"><strong data-start=\"58\" data-end=\"132\">Horizon Zero Dawn Remastered Steam-Account \u2013 H\u00f6hepunkt einer Postapokalypse<\/strong><\/h2>\n<p data-start=\"134\" data-end=\"484\">Spielen Sie <strong data-start=\"139\" data-end=\"247\"><a class=\"decorated-link cursor-pointer\" href=\"https:\/\/store.steampowered.com\/app\/2561580\/Horizon_Zero_Dawn_Remastered\/\" target=\"_new\" rel=\"noopener\" data-start=\"141\" data-end=\"245\">Horizon Zero Dawn Remastered<\/a><\/strong> \u00fcber unseren Steam-Account und erleben Sie Aloys epische Mission mit verbesserter Grafik, Performance und modernen Features erneut. Dieses Remaster verbindet die fesselnde Story des Originals mit Optimierungen f\u00fcr heutige Hardware und Erwartungen. <\/p>\n<p data-start=\"486\" data-end=\"980\">In einer Welt, in der die Natur die Erde zur\u00fcckerobert und robotische Kreaturen umherstreifen, spielen Sie eine erfahrene J\u00e4gerin, erkunden Stammesgesellschaften, decken uralte Geheimnisse auf und bek\u00e4mpfen Maschinen mit B\u00f6gen, Speeren und taktischer Heimlichkeit. Die Remastered-Version bringt native PC-Verbesserungen: freigeschaltete Bildraten, Ultrawide-Monitor-Unterst\u00fctzung und Kompatibilit\u00e4t mit DLSS, FSR und XeSS. (<a class=\"decorated-link cursor-pointer\" target=\"_new\" rel=\"noopener\" data-start=\"858\" data-end=\"977\">systemrequirementslab.com<\/a>)<\/p>\n<p data-start=\"982\" data-end=\"1375\">Das Spiel beh\u00e4lt seine emotional packende Geschichte, die detailreiche Open World und vielf\u00e4ltige Umgebungen \u2013 \u00fcppige W\u00e4lder, gefrorene Berge, Ruinen \u2013 bei und verbessert zugleich Performance und Grafikqualit\u00e4t. Enthalten sind der DLC <em data-start=\"1179\" data-end=\"1197\">The Frozen Wilds<\/em>, zus\u00e4tzliche Outfits, Waffen und digitale Inhalte, die das Erlebnis erweitern. (<a class=\"decorated-link cursor-pointer\" target=\"_new\" rel=\"noopener\" data-start=\"1276\" data-end=\"1372\">playstation.com<\/a>) <\/p>\n<hr data-start=\"1377\" data-end=\"1380\">\n<h3 data-start=\"1382\" data-end=\"1407\">Systemanforderungen<\/h3>\n<p data-start=\"1409\" data-end=\"1442\"><strong data-start=\"1409\" data-end=\"1440\">Minimale Systemanforderungen<\/strong><\/p>\n<ul data-start=\"1443\" data-end=\"1636\">\n<li data-start=\"1443\" data-end=\"1494\">\n<p data-start=\"1445\" data-end=\"1494\">OS: Windows 10 (64-Bit, Version 1909 oder h\u00f6her)<\/p>\n<\/li>\n<li data-start=\"1495\" data-end=\"1543\">\n<p data-start=\"1497\" data-end=\"1543\">CPU: Intel Core i3-8100 oder AMD Ryzen 3 1300X<\/p>\n<\/li>\n<li data-start=\"1544\" data-end=\"1558\">\n<p data-start=\"1546\" data-end=\"1558\">RAM: 16 GB<\/p>\n<\/li>\n<li data-start=\"1559\" data-end=\"1616\">\n<p data-start=\"1561\" data-end=\"1616\">GPU: NVIDIA GTX 1650 4GB oder AMD Radeon RX 5500 XT 4GB<\/p>\n<\/li>\n<li data-start=\"1617\" data-end=\"1636\">\n<p data-start=\"1619\" data-end=\"1636\">Speicher: 135 GB<\/p>\n<\/li>\n<\/ul>\n<p data-start=\"1638\" data-end=\"1675\"><strong data-start=\"1638\" data-end=\"1673\">Empfohlene Systemanforderungen<\/strong><\/p>\n<ul data-start=\"1676\" data-end=\"1833\">\n<li data-start=\"1676\" data-end=\"1706\">\n<p data-start=\"1678\" data-end=\"1706\">OS: Windows 10\/11 (64-Bit)<\/p>\n<\/li>\n<li data-start=\"1707\" data-end=\"1754\">\n<p data-start=\"1709\" data-end=\"1754\">CPU: Intel Core i5-8600 oder AMD Ryzen 5 3600<\/p>\n<\/li>\n<li data-start=\"1755\" data-end=\"1769\">\n<p data-start=\"1757\" data-end=\"1769\">RAM: 16 GB<\/p>\n<\/li>\n<li data-start=\"1770\" data-end=\"1809\">\n<p data-start=\"1772\" data-end=\"1809\">GPU: NVIDIA RTX 3060 oder AMD RX 5700<\/p>\n<\/li>\n<li data-start=\"1810\" data-end=\"1833\">\n<p data-start=\"1812\" data-end=\"1833\">Speicher: 135 GB SSD<\/p>\n<\/li>\n<\/ul>\n<h3>So nutzen Sie Ihren Horizon Zero Dawn Remastered Steam-Account<\/h3>\n<p><img decoding=\"async\" class=\"alignnone wp-image-3511\" src=\"https:\/\/orkza.com\/wp-content\/uploads\/2024\/10\/STEAM-ACTIVATION-GUIDE-400x225.jpg\" alt=\"\" width=\"804\" height=\"453\" title=\"\" srcset=\"https:\/\/orkza.com\/wp-content\/uploads\/2024\/10\/STEAM-ACTIVATION-GUIDE-400x225.jpg 400w, https:\/\/orkza.com\/wp-content\/uploads\/2024\/10\/STEAM-ACTIVATION-GUIDE-430x242.jpg 430w, https:\/\/orkza.com\/wp-content\/uploads\/2024\/10\/STEAM-ACTIVATION-GUIDE-150x84.jpg 150w, https:\/\/orkza.com\/wp-content\/uploads\/2024\/10\/STEAM-ACTIVATION-GUIDE-700x394.jpg 700w, https:\/\/orkza.com\/wp-content\/uploads\/2024\/10\/STEAM-ACTIVATION-GUIDE-768x432.jpg 768w, https:\/\/orkza.com\/wp-content\/uploads\/2024\/10\/STEAM-ACTIVATION-GUIDE.jpg 1280w\" sizes=\"(max-width: 804px) 100vw, 804px\" \/><\/p>\n<p>Melde dich nach dem Kauf auf deinem PC mit dem bereitgestellten Steam-Konto an. Sobald du angemeldet bist, navigiere zu deiner Bibliothek, installiere das Spiel und klicke auf den Play-Button.  Nach ein paar Minuten beende das Spiel und schalte Steam in den Offline-Modus \u2013 und schon bist du bereit f\u00fcr stundenlangen, aufregenden Spielspa\u00df!<\/p>\n<p>F\u00fcr eine umfassende Einrichtung lies dir unseren <a href=\"https:\/\/orkza.com\/de\/steam-account-activation-guide\/\" target=\"_blank\" rel=\"noopener\">Steam-Konto-Aktivierungsleitfaden<\/a> durch.<\/p>\n<p>Entdecke unsere neuesten <a href=\"https:\/\/orkza.com\/de\/produkt-kategorie\/pc-spiele\/\" target=\"_blank\" rel=\"noopener\">PC-SPIELE<\/a><\/p>\n","protected":false},"excerpt":{"rendered":"<p data-start=\"1840\" data-end=\"2006\">Entdecken Sie Aloys Reise in <em data-start=\"1912\" data-end=\"1942\">Horizon Zero Dawn Remastered<\/em> neu. Verbesserte Grafik, freigeschaltete FPS und alle DLC-Inhalte inklusive. <\/p>\n<p><img decoding=\"async\" class=\"alignnone wp-image-3526\" src=\"https:\/\/orkza.com\/wp-content\/uploads\/2024\/10\/Steam-Account-Notice-min-300x300.png\" alt=\"\" width=\"41\" height=\"41\" srcset=\"https:\/\/orkza.com\/wp-content\/uploads\/2024\/10\/Steam-Account-Notice-min-300x300.png 300w, https:\/\/orkza.com\/wp-content\/uploads\/2024\/10\/Steam-Account-Notice-min-scaled-430x430.png 430w, https:\/\/orkza.com\/wp-content\/uploads\/2024\/10\/Steam-Account-Notice-min-150x150.png 150w, https:\/\/orkza.com\/wp-content\/uploads\/2024\/10\/Steam-Account-Notice-min-scaled-700x700.png 700w, https:\/\/orkza.com\/wp-content\/uploads\/2024\/10\/Steam-Account-Notice-min-800x800.png 800w, https:\/\/orkza.com\/wp-content\/uploads\/2024\/10\/Steam-Account-Notice-min-768x768.png 768w, https:\/\/orkza.com\/wp-content\/uploads\/2024\/10\/Steam-Account-Notice-min-1536x1536.png 1536w, https:\/\/orkza.com\/wp-content\/uploads\/2024\/10\/Steam-Account-Notice-min-2048x2048.png 2048w\" sizes=\"(max-width: 41px) 100vw, 41px\" \/><strong>Hinweis: Kontodaten k\u00f6nnen nicht ge\u00e4ndert werden. Dies ist ein Steam-Konto mit lebenslangem Zugriff, nur f\u00fcr Offline-Spiele. <\/strong><\/p>\n","protected":false},"featured_media":17133,"comment_status":"open","ping_status":"closed","template":"","meta":[],"product_brand":[],"product_cat":[216],"product_tag":[249],"class_list":{"0":"post-17132","1":"product","2":"type-product","3":"status-publish","4":"has-post-thumbnail","6":"product_cat-action","7":"product_tag-steam","9":"first","10":"instock","11":"sale","12":"virtual","13":"purchasable","14":"product-type-simple"},"_links":{"self":[{"href":"https:\/\/orkza.com\/de\/wp-json\/wp\/v2\/product\/17132","targetHints":{"allow":["GET"]}}],"collection":[{"href":"https:\/\/orkza.com\/de\/wp-json\/wp\/v2\/product"}],"about":[{"href":"https:\/\/orkza.com\/de\/wp-json\/wp\/v2\/types\/product"}],"replies":[{"embeddable":true,"href":"https:\/\/orkza.com\/de\/wp-json\/wp\/v2\/comments?post=17132"}],"version-history":[{"count":0,"href":"https:\/\/orkza.com\/de\/wp-json\/wp\/v2\/product\/17132\/revisions"}],"wp:featuredmedia":[{"embeddable":true,"href":"https:\/\/orkza.com\/de\/wp-json\/wp\/v2\/media\/17133"}],"wp:attachment":[{"href":"https:\/\/orkza.com\/de\/wp-json\/wp\/v2\/media?parent=17132"}],"wp:term":[{"taxonomy":"product_brand","embeddable":true,"href":"https:\/\/orkza.com\/de\/wp-json\/wp\/v2\/product_brand?post=17132"},{"taxonomy":"product_cat","embeddable":true,"href":"https:\/\/orkza.com\/de\/wp-json\/wp\/v2\/product_cat?post=17132"},{"taxonomy":"product_tag","embeddable":true,"href":"https:\/\/orkza.com\/de\/wp-json\/wp\/v2\/product_tag?post=17132"}],"curies":[{"name":"wp","href":"https:\/\/api.w.org\/{rel}","templated":true}]}}