{"id":17120,"date":"2025-09-24T02:13:19","date_gmt":"2025-09-24T02:13:19","guid":{"rendered":"https:\/\/orkza.com\/product\/dragon-quest-iii-hd-2d-remake-steam-account\/"},"modified":"2026-02-26T05:51:29","modified_gmt":"2026-02-26T05:51:29","slug":"dragon-quest-iii-hd-2d-remake-steam-account","status":"publish","type":"product","link":"https:\/\/orkza.com\/de\/produkt\/dragon-quest-iii-hd-2d-remake-steam-account\/","title":{"rendered":"DRAGON QUEST III HD-2D Remake Steam-Account"},"content":{"rendered":"<h2 data-start=\"51\" data-end=\"129\"><strong data-start=\"54\" data-end=\"129\">DRAGON QUEST III HD-2D Remake Steam-Account \u2013 Eine zeitlose Reise neu geboren<\/strong><\/h2>\n<p data-start=\"131\" data-end=\"498\">Spielen Sie <strong data-start=\"136\" data-end=\"245\"><a class=\"decorated-link\" href=\"https:\/\/store.steampowered.com\/app\/2701660\/DRAGON_QUEST_III_HD2D_Remake\/?utm_source=chatgpt.com\" target=\"_new\" rel=\"noopener\" data-start=\"138\" data-end=\"243\">DRAGON QUEST III HD-2D Remake<\/a><\/strong> \u00fcber unseren Steam-Account und tauchen Sie ein in einen wundersch\u00f6n neu interpretierten Klassiker. Dieses HD-2D-Remake bietet moderne Grafik, Komfortverbesserungen und erweiterte Handlungsstr\u00e4nge bei gleichzeitiger Treue zum Geist des Originals. <\/p>\n<p data-start=\"500\" data-end=\"887\">Sie f\u00fchren Ihre Gruppe von bescheidenen Anf\u00e4ngen zu legend\u00e4ren Helden, erkunden eine lebendige Oberwelt, Verliese und St\u00e4dte voller Charakter. Das Remake beh\u00e4lt das Kernsystem der Klassen, Monsterrekrutierung und rundenbasierte K\u00e4mpfe bei, f\u00fcgt aber neue Szenen, erweiterte Hintergrundgeschichten f\u00fcr Schl\u00fcsselfiguren wie Ortega und verbesserte Benutzeroberfl\u00e4chen f\u00fcr fl\u00fcssigeres Gameplay hinzu. <\/p>\n<p data-start=\"889\" data-end=\"976\">Fans loben die visuellen Verbesserungen und nostalgische Authentizit\u00e4t. Ein Nutzer kommentierte: <\/p>\n<blockquote data-start=\"977\" data-end=\"1145\">\n<p data-start=\"979\" data-end=\"1145\">\u201eDieses Spiel ist mehr oder weniger ein extrem originalgetreues Remake \u2026 mit neuen Extras sowie Quality-of-Life-Verbesserungen.\u201c<\/p>\n<\/blockquote>\n<p data-start=\"1147\" data-end=\"1220\">Auf dem Steam Deck berichten viele von solider Performance, sobald die Shader kompiliert sind:<\/p>\n<blockquote data-start=\"1221\" data-end=\"1388\">\n<p data-start=\"1223\" data-end=\"1388\">\u201eIch habe das Spiel auf meinem Steam Deck ausprobiert \u2026 es scheint sehr gut zu laufen \u2026 es gibt einige Einbr\u00fcche, aber das liegt an der Shader-Kompilierung.\u201c<\/p>\n<\/blockquote>\n<hr data-start=\"1390\" data-end=\"1393\">\n<h3 data-start=\"1395\" data-end=\"1420\">Systemanforderungen<\/h3>\n<p data-start=\"1422\" data-end=\"1448\"><strong data-start=\"1422\" data-end=\"1446\">Mindestanforderungen<\/strong><\/p>\n<ul data-start=\"1449\" data-end=\"1603\">\n<li data-start=\"1449\" data-end=\"1476\">\n<p data-start=\"1451\" data-end=\"1476\">Betriebssystem: Windows 10 (64-Bit)<\/p>\n<\/li>\n<li data-start=\"1477\" data-end=\"1517\">\n<p data-start=\"1479\" data-end=\"1517\">CPU: Quad-Core (z. B. Intel i5-Klasse)<\/p>\n<\/li>\n<li data-start=\"1518\" data-end=\"1531\">\n<p data-start=\"1520\" data-end=\"1531\">RAM: 8 GB<\/p>\n<\/li>\n<li data-start=\"1532\" data-end=\"1583\">\n<p data-start=\"1534\" data-end=\"1583\">GPU: Dedizierte GPU (z. B. GTX 960 \/ RX 470-Klasse)<\/p>\n<\/li>\n<li data-start=\"1584\" data-end=\"1603\">\n<p data-start=\"1586\" data-end=\"1603\">Speicher: ~10 GB<\/p>\n<\/li>\n<\/ul>\n<p data-start=\"1605\" data-end=\"1635\"><strong data-start=\"1605\" data-end=\"1633\">Empfohlene Anforderungen<\/strong><\/p>\n<ul data-start=\"1636\" data-end=\"1783\">\n<li data-start=\"1636\" data-end=\"1666\">\n<p data-start=\"1638\" data-end=\"1666\">OS: Windows 10\/11 (64-Bit)<\/p>\n<\/li>\n<li data-start=\"1667\" data-end=\"1708\">\n<p data-start=\"1669\" data-end=\"1708\">CPU: H\u00f6herer Quad-Core \/ moderner 6-Core<\/p>\n<\/li>\n<li data-start=\"1709\" data-end=\"1723\">\n<p data-start=\"1711\" data-end=\"1723\">RAM: 16 GB<\/p>\n<\/li>\n<li data-start=\"1724\" data-end=\"1760\">\n<p data-start=\"1726\" data-end=\"1760\">GPU: GTX 1060 \/ RX 580 oder besser<\/p>\n<\/li>\n<li data-start=\"1761\" data-end=\"1783\">\n<p data-start=\"1763\" data-end=\"1783\">Speicher: 10 GB SSD<\/p>\n<\/li>\n<\/ul>\n<h3>So verwenden Sie Ihren DRAGON QUEST III HD-2D Remake Steam-Account<\/h3>\n<p><img decoding=\"async\" class=\"alignnone wp-image-3511\" src=\"https:\/\/orkza.com\/wp-content\/uploads\/2024\/10\/STEAM-ACTIVATION-GUIDE-400x225.jpg\" alt=\"\" width=\"804\" height=\"453\" title=\"\" srcset=\"https:\/\/orkza.com\/wp-content\/uploads\/2024\/10\/STEAM-ACTIVATION-GUIDE-400x225.jpg 400w, https:\/\/orkza.com\/wp-content\/uploads\/2024\/10\/STEAM-ACTIVATION-GUIDE-430x242.jpg 430w, https:\/\/orkza.com\/wp-content\/uploads\/2024\/10\/STEAM-ACTIVATION-GUIDE-150x84.jpg 150w, https:\/\/orkza.com\/wp-content\/uploads\/2024\/10\/STEAM-ACTIVATION-GUIDE-700x394.jpg 700w, https:\/\/orkza.com\/wp-content\/uploads\/2024\/10\/STEAM-ACTIVATION-GUIDE-768x432.jpg 768w, https:\/\/orkza.com\/wp-content\/uploads\/2024\/10\/STEAM-ACTIVATION-GUIDE.jpg 1280w\" sizes=\"(max-width: 804px) 100vw, 804px\" \/><\/p>\n<p>Melde dich nach dem Kauf auf deinem PC mit dem bereitgestellten Steam-Konto an. Sobald du angemeldet bist, navigiere zu deiner Bibliothek, installiere das Spiel und klicke auf den Play-Button.  Nach ein paar Minuten beende das Spiel und schalte Steam in den Offline-Modus \u2013 und schon bist du bereit f\u00fcr stundenlangen, aufregenden Spielspa\u00df!<\/p>\n<p>F\u00fcr eine umfassende Einrichtung lies dir unseren <a href=\"https:\/\/orkza.com\/de\/steam-account-activation-guide\/\" target=\"_blank\" rel=\"noopener\">Steam-Konto-Aktivierungsleitfaden<\/a> durch.<\/p>\n<p>Entdecke unsere neuesten <a href=\"https:\/\/orkza.com\/de\/produkt-kategorie\/pc-spiele\/\" target=\"_blank\" rel=\"noopener\">PC-SPIELE<\/a><\/p>\n","protected":false},"excerpt":{"rendered":"<p data-start=\"1790\" data-end=\"1974\">Erleben Sie <em data-start=\"1849\" data-end=\"1880\">DRAGON QUEST III HD-2D Remake<\/em> neu. Klassisches rundenbasiertes JRPG mit moderner Grafik, neuen Szenen &amp; Komfortverbesserungen. <\/p>\n<p><img decoding=\"async\" class=\"alignnone wp-image-3526\" src=\"https:\/\/orkza.com\/wp-content\/uploads\/2024\/10\/Steam-Account-Notice-min-300x300.png\" alt=\"\" width=\"41\" height=\"41\" srcset=\"https:\/\/orkza.com\/wp-content\/uploads\/2024\/10\/Steam-Account-Notice-min-300x300.png 300w, https:\/\/orkza.com\/wp-content\/uploads\/2024\/10\/Steam-Account-Notice-min-scaled-430x430.png 430w, https:\/\/orkza.com\/wp-content\/uploads\/2024\/10\/Steam-Account-Notice-min-150x150.png 150w, https:\/\/orkza.com\/wp-content\/uploads\/2024\/10\/Steam-Account-Notice-min-scaled-700x700.png 700w, https:\/\/orkza.com\/wp-content\/uploads\/2024\/10\/Steam-Account-Notice-min-800x800.png 800w, https:\/\/orkza.com\/wp-content\/uploads\/2024\/10\/Steam-Account-Notice-min-768x768.png 768w, https:\/\/orkza.com\/wp-content\/uploads\/2024\/10\/Steam-Account-Notice-min-1536x1536.png 1536w, https:\/\/orkza.com\/wp-content\/uploads\/2024\/10\/Steam-Account-Notice-min-2048x2048.png 2048w\" sizes=\"(max-width: 41px) 100vw, 41px\" \/><strong>Hinweis: Kontodaten k\u00f6nnen nicht ge\u00e4ndert werden. Dies ist ein Steam-Konto mit lebenslangem Zugriff, nur f\u00fcr Offline-Spiele. <\/strong><\/p>\n","protected":false},"featured_media":17121,"comment_status":"open","ping_status":"closed","template":"","meta":[],"product_brand":[],"product_cat":[219],"product_tag":[249],"class_list":{"0":"post-17120","1":"product","2":"type-product","3":"status-publish","4":"has-post-thumbnail","6":"product_cat-rpg","7":"product_tag-steam","9":"first","10":"instock","11":"sale","12":"virtual","13":"purchasable","14":"product-type-simple"},"_links":{"self":[{"href":"https:\/\/orkza.com\/de\/wp-json\/wp\/v2\/product\/17120","targetHints":{"allow":["GET"]}}],"collection":[{"href":"https:\/\/orkza.com\/de\/wp-json\/wp\/v2\/product"}],"about":[{"href":"https:\/\/orkza.com\/de\/wp-json\/wp\/v2\/types\/product"}],"replies":[{"embeddable":true,"href":"https:\/\/orkza.com\/de\/wp-json\/wp\/v2\/comments?post=17120"}],"version-history":[{"count":0,"href":"https:\/\/orkza.com\/de\/wp-json\/wp\/v2\/product\/17120\/revisions"}],"wp:featuredmedia":[{"embeddable":true,"href":"https:\/\/orkza.com\/de\/wp-json\/wp\/v2\/media\/17121"}],"wp:attachment":[{"href":"https:\/\/orkza.com\/de\/wp-json\/wp\/v2\/media?parent=17120"}],"wp:term":[{"taxonomy":"product_brand","embeddable":true,"href":"https:\/\/orkza.com\/de\/wp-json\/wp\/v2\/product_brand?post=17120"},{"taxonomy":"product_cat","embeddable":true,"href":"https:\/\/orkza.com\/de\/wp-json\/wp\/v2\/product_cat?post=17120"},{"taxonomy":"product_tag","embeddable":true,"href":"https:\/\/orkza.com\/de\/wp-json\/wp\/v2\/product_tag?post=17120"}],"curies":[{"name":"wp","href":"https:\/\/api.w.org\/{rel}","templated":true}]}}