{"id":17103,"date":"2025-10-03T16:49:00","date_gmt":"2025-10-03T16:49:00","guid":{"rendered":"https:\/\/orkza.com\/product\/aew-fight-forever-steam-account\/"},"modified":"2026-04-15T03:39:09","modified_gmt":"2026-04-15T03:39:09","slug":"aew-fight-forever-steam-account","status":"publish","type":"product","link":"https:\/\/orkza.com\/de\/produkt\/aew-fight-forever-steam-account\/","title":{"rendered":"AEW Fight Forever Steam-Account"},"content":{"rendered":"<h2>AEW Fight Forever Steam-Account \u2013 Treten Sie in den Ring f\u00fcr pausenlose Wrestling-Action<\/h2>\n<p>Machen Sie sich bereit, die Spannung von spektakul\u00e4rem, knallhartem Wrestling dank <a href=\"https:\/\/store.steampowered.com\/app\/1913210\/AEW_Fight_Forever\/\" target=\"_blank\" rel=\"noopener\">AEW Fight Forever<\/a> zu sp\u00fcren. Diese spielerische Meisterleistung wurde von All Elite Wrestling (AEW) und erfahrenen Entwicklern entworfen, um Sie mitten ins Geschehen zu ziehen \u2013 mit \u00fcbertriebenen Matches und Ihren Lieblingsstars aus dem AEW-Kader. Adam Page steht bereit, den Kampf aufzunehmen und Ihren Kader im Tag-Team zu verst\u00e4rken. Er bringt einen brandneuen Ansatz mit, der es Wrestling-Fans aller Spielst\u00e4rken erm\u00f6glicht, die wilde Energie rund um AEW zu genie\u00dfen und gleichzeitig ein authentisches Pro-Wrestling-Erlebnis zu erhalten, das viele hochkar\u00e4tige Moves aus Live-Events oder dem Fernsehen enth\u00e4lt, komplett mit den individuellen Stilen der Wrestler.   <\/p>\n<p><img decoding=\"async\" class=\"alignnone wp-image-3535\" src=\"https:\/\/orkza.com\/wp-content\/uploads\/2024\/10\/AEW-Fight-Forever4-400x225.jpg\" alt=\"AEW Fight Forever\" width=\"809\" height=\"455\" title=\"\" srcset=\"https:\/\/orkza.com\/wp-content\/uploads\/2024\/10\/AEW-Fight-Forever4-400x225.jpg 400w, https:\/\/orkza.com\/wp-content\/uploads\/2024\/10\/AEW-Fight-Forever4-430x242.jpg 430w, https:\/\/orkza.com\/wp-content\/uploads\/2024\/10\/AEW-Fight-Forever4-150x84.jpg 150w, https:\/\/orkza.com\/wp-content\/uploads\/2024\/10\/AEW-Fight-Forever4-700x394.jpg 700w, https:\/\/orkza.com\/wp-content\/uploads\/2024\/10\/AEW-Fight-Forever4-1300x731.jpg 1300w, https:\/\/orkza.com\/wp-content\/uploads\/2024\/10\/AEW-Fight-Forever4-768x432.jpg 768w, https:\/\/orkza.com\/wp-content\/uploads\/2024\/10\/AEW-Fight-Forever4-1536x864.jpg 1536w, https:\/\/orkza.com\/wp-content\/uploads\/2024\/10\/AEW-Fight-Forever4.jpg 1920w\" sizes=\"(max-width: 809px) 100vw, 809px\" \/><\/p>\n<h3>Actiongeladenes Gameplay mit den Superstars von AEW Fight Forever<\/h3>\n<p>AEW Fight Forever ist einzigartig in seiner nostalgischen Arcade-Interpretation und bietet ein Gameplay, das an klassische Wrestling-Spiele erinnert, gepaart mit einem modernen Spielgef\u00fchl. Es enth\u00e4lt Ihre Lieblings-AEW-Wrestler und viele ikonische Charaktere zum Freischalten: Kenny Omega, Chris Jericho, Dr. Britt Baker und weitere. Jeder Superstar verf\u00fcgt \u00fcber eigene Kr\u00e4fte und Schl\u00e4ge, sodass Spieler ihre Traum-Matches nacherleben oder neu gestalten k\u00f6nnen. Egal, ob Sie eingefleischter Fan oder Gelegenheitsspieler sind, die AEWGames-Erfahrung bietet<br \/>\nweitere neue Spielmodi und individuelle Anpassungsm\u00f6glichkeiten.   <\/p>\n<h3>Einzigartige Spielmodi und Anpassungsoptionen<\/h3>\n<p>Genie\u00dfen Sie eine Vielzahl von Spielmodi, von Einzelmatches bis hin zu chaotischen 4-Personen-Brawls; es ist f\u00fcr jeden etwas dabei \u2013 egal, ob Sie Gelegenheitsspieler oder Hardcore-Fighter sind! AEW Fight Forever bietet zudem belohnende Karriere- und Koop-Modi sowie umfangreiche Tools zur Erstellung von Wrestlern. Erstellen Sie einen Wrestler, r\u00fcsten Sie ihn mit einem der vielen verf\u00fcgbaren Kost\u00fcme aus und arbeiten Sie sich zum Champion hoch! Wrestling-Fans, die auf der Suche nach solider Action sind, werden AEW Fight Forever mit seinen zahlreichen Herausforderungen, t\u00e4glichen Missionen und Online-Modi kaum verlassen wollen.   <\/p>\n<h3>So nutzen Sie Ihren AEW Fight Forever Steam-Account<\/h3>\n<p><img decoding=\"async\" class=\"alignnone wp-image-3511\" src=\"https:\/\/orkza.com\/wp-content\/uploads\/2024\/10\/STEAM-ACTIVATION-GUIDE-400x225.jpg\" alt=\"\" width=\"804\" height=\"453\" title=\"\" srcset=\"https:\/\/orkza.com\/wp-content\/uploads\/2024\/10\/STEAM-ACTIVATION-GUIDE-400x225.jpg 400w, https:\/\/orkza.com\/wp-content\/uploads\/2024\/10\/STEAM-ACTIVATION-GUIDE-430x242.jpg 430w, https:\/\/orkza.com\/wp-content\/uploads\/2024\/10\/STEAM-ACTIVATION-GUIDE-150x84.jpg 150w, https:\/\/orkza.com\/wp-content\/uploads\/2024\/10\/STEAM-ACTIVATION-GUIDE-700x394.jpg 700w, https:\/\/orkza.com\/wp-content\/uploads\/2024\/10\/STEAM-ACTIVATION-GUIDE-768x432.jpg 768w, https:\/\/orkza.com\/wp-content\/uploads\/2024\/10\/STEAM-ACTIVATION-GUIDE.jpg 1280w\" sizes=\"(max-width: 804px) 100vw, 804px\" \/><\/p>\n<p>Melde dich nach dem Kauf auf deinem PC mit dem bereitgestellten Steam-Konto an. Sobald du angemeldet bist, navigiere zu deiner Bibliothek, installiere das Spiel und klicke auf den Play-Button.  Nach ein paar Minuten beende das Spiel und schalte Steam in den Offline-Modus \u2013 und schon bist du bereit f\u00fcr stundenlangen, aufregenden Spielspa\u00df!<\/p>\n<p>F\u00fcr einen umfassenden Einrichtungsprozess lesen Sie bitte unsere <a href=\"https:\/\/orkza.com\/de\/steam-account-activation-guide\/\" target=\"_blank\" rel=\"noopener\">vollst\u00e4ndige Aktivierungsanleitung<\/a><\/p>\n<h3><strong>Minimale Systemanforderungen<\/strong><\/h3>\n<ul>\n<li>Betriebssystem: Windows 10 (64-Bit)<\/li>\n<li>Prozessor: Intel Core i5-3550 \/ AMD FX 8150<\/li>\n<li>Arbeitsspeicher: 8 GB RAM<\/li>\n<li>Grafikkarte: GeForce GTX 1060 \/ Radeon RX 480<\/li>\n<li>Speicherplatz: 25 GB verf\u00fcgbarer Speicher<\/li>\n<\/ul>\n<h3><strong>Empfohlene Systemanforderungen<\/strong><\/h3>\n<ul>\n<li>OS: Windows 10\/11 (64-Bit)<\/li>\n<li>Prozessor: Intel Core i7-4790 \/ AMD FX 8350<\/li>\n<li>Arbeitsspeicher: 16 GB RAM<\/li>\n<li>Grafikkarte: GeForce GTX 1070 \/ Radeon RX 580<\/li>\n<li>Speicherplatz: 25 GB verf\u00fcgbarer Speicher<\/li>\n<\/ul>\n<p>Entdecken Sie unsere neuesten <a href=\"https:\/\/orkza.com\/de\/produkt-kategorie\/pc-spiele\/\" target=\"_blank\" rel=\"noopener\">Spiel-Accounts<\/a><\/p>\n","protected":false},"excerpt":{"rendered":"<p>St\u00fcrzen Sie sich mit diesem Steam-Account in AEW Fight Forever! Spielen Sie als legend\u00e4re AEW-Stars in energiegeladener Wrestling-Action \u2013 jederzeit und \u00fcberall! <\/p>\n<p><img decoding=\"async\" class=\"alignnone wp-image-3526\" src=\"https:\/\/orkza.com\/wp-content\/uploads\/2024\/10\/Steam-Account-Notice-min-300x300.png\" alt=\"\" width=\"45\" height=\"45\" srcset=\"https:\/\/orkza.com\/wp-content\/uploads\/2024\/10\/Steam-Account-Notice-min-300x300.png 300w, https:\/\/orkza.com\/wp-content\/uploads\/2024\/10\/Steam-Account-Notice-min-scaled-430x430.png 430w, https:\/\/orkza.com\/wp-content\/uploads\/2024\/10\/Steam-Account-Notice-min-150x150.png 150w, https:\/\/orkza.com\/wp-content\/uploads\/2024\/10\/Steam-Account-Notice-min-scaled-700x700.png 700w, https:\/\/orkza.com\/wp-content\/uploads\/2024\/10\/Steam-Account-Notice-min-800x800.png 800w, https:\/\/orkza.com\/wp-content\/uploads\/2024\/10\/Steam-Account-Notice-min-768x768.png 768w, https:\/\/orkza.com\/wp-content\/uploads\/2024\/10\/Steam-Account-Notice-min-1536x1536.png 1536w, https:\/\/orkza.com\/wp-content\/uploads\/2024\/10\/Steam-Account-Notice-min-2048x2048.png 2048w\" sizes=\"(max-width: 45px) 100vw, 45px\" \/><strong>Hinweis: Kontodaten k\u00f6nnen nicht ge\u00e4ndert werden. Dies ist ein Steam-Konto mit lebenslangem Zugriff, nur f\u00fcr Offline-Spiele. <\/strong><\/p>\n","protected":false},"featured_media":17109,"comment_status":"open","ping_status":"closed","template":"","meta":[],"product_brand":[],"product_cat":[216],"product_tag":[249],"class_list":{"0":"post-17103","1":"product","2":"type-product","3":"status-publish","4":"has-post-thumbnail","6":"product_cat-action","7":"product_tag-steam","9":"first","10":"instock","11":"sale","12":"virtual","13":"purchasable","14":"product-type-simple"},"_links":{"self":[{"href":"https:\/\/orkza.com\/de\/wp-json\/wp\/v2\/product\/17103","targetHints":{"allow":["GET"]}}],"collection":[{"href":"https:\/\/orkza.com\/de\/wp-json\/wp\/v2\/product"}],"about":[{"href":"https:\/\/orkza.com\/de\/wp-json\/wp\/v2\/types\/product"}],"replies":[{"embeddable":true,"href":"https:\/\/orkza.com\/de\/wp-json\/wp\/v2\/comments?post=17103"}],"version-history":[{"count":0,"href":"https:\/\/orkza.com\/de\/wp-json\/wp\/v2\/product\/17103\/revisions"}],"wp:featuredmedia":[{"embeddable":true,"href":"https:\/\/orkza.com\/de\/wp-json\/wp\/v2\/media\/17109"}],"wp:attachment":[{"href":"https:\/\/orkza.com\/de\/wp-json\/wp\/v2\/media?parent=17103"}],"wp:term":[{"taxonomy":"product_brand","embeddable":true,"href":"https:\/\/orkza.com\/de\/wp-json\/wp\/v2\/product_brand?post=17103"},{"taxonomy":"product_cat","embeddable":true,"href":"https:\/\/orkza.com\/de\/wp-json\/wp\/v2\/product_cat?post=17103"},{"taxonomy":"product_tag","embeddable":true,"href":"https:\/\/orkza.com\/de\/wp-json\/wp\/v2\/product_tag?post=17103"}],"curies":[{"name":"wp","href":"https:\/\/api.w.org\/{rel}","templated":true}]}}