{"id":17099,"date":"2025-10-03T16:03:34","date_gmt":"2025-10-03T16:03:34","guid":{"rendered":"https:\/\/orkza.com\/product\/trepang2-steam-account\/"},"modified":"2026-02-26T05:49:45","modified_gmt":"2026-02-26T05:49:45","slug":"trepang2-steam-account","status":"publish","type":"product","link":"https:\/\/orkza.com\/de\/produkt\/trepang2-steam-account\/","title":{"rendered":"Trepang2 Steam-Account"},"content":{"rendered":"<h2 data-start=\"4447\" data-end=\"4514\"><strong data-start=\"4451\" data-end=\"4514\">Trepang2 Steam-Account \u2013 Rasanter \u00fcbernat\u00fcrlicher FPS-Kampf<\/strong><\/h2>\n<p class=\"\" data-start=\"4516\" data-end=\"4760\">Schalten Sie <a href=\"https:\/\/store.steampowered.com\/app\/1164940\/Trepang2\/\" target=\"_blank\" rel=\"noopener\"><em data-start=\"4523\" data-end=\"4533\">Trepang2<\/em> <\/a>mit unserem Steam-Account frei und tauchen Sie ein in einen hyperbrutalen, \u00fcbernat\u00fcrlichen FPS, in dem Kugeln fliegen, Blut spritzt und die Zeit langsamer wird. Inspiriert von Klassikern wie <em data-start=\"4688\" data-end=\"4698\">F.E.A.R.<\/em> verbindet dieses Indie-Juwel brutales Gunplay mit paranormalen Kr\u00e4ften. <\/p>\n<h3 data-start=\"4762\" data-end=\"4789\"><strong data-start=\"4767\" data-end=\"4789\">Bullet-Time-Chaos<\/strong><\/h3>\n<p class=\"\" data-start=\"4791\" data-end=\"4951\">Nutzen Sie Zeitlupenf\u00e4higkeiten, um Kugeln auszuweichen, Nahkampfangriffe zu verketten und Gegner mit Stil zu erledigen. Jede Begegnung f\u00fchlt sich intensiv, filmreif und \u00e4u\u00dferst befriedigend an. <\/p>\n<h3 data-start=\"4953\" data-end=\"4995\"><strong data-start=\"4958\" data-end=\"4995\">D\u00fcstere Story und geheime Experimente<\/strong><\/h3>\n<p class=\"\" data-start=\"4997\" data-end=\"5161\">Decken Sie eine d\u00fcstere Verschw\u00f6rung rund um geheime Milit\u00e4rexperimente auf. Navigieren Sie durch unheimliche Labore, verdrehte Anlagen und feindliche Basen \u2013 in einer Kampagne voller Mysterien und Gore. <\/p>\n<h3 data-start=\"5163\" data-end=\"5200\"><strong data-start=\"5168\" data-end=\"5200\">Waffen und F\u00e4higkeiten im \u00dcberfluss<\/strong><\/h3>\n<p class=\"\" data-start=\"5202\" data-end=\"5355\">F\u00fchren Sie Schrotflinten, Gewehre, Sprengstoff und \u00fcbernat\u00fcrliche Kr\u00e4fte. Kombinieren Sie Stealth und rohe Gewalt, um schwer bewaffnete Gegner und mutierte Monstrosit\u00e4ten zu \u00fcberwinden. <\/p>\n<h3>So nutzen Sie Ihren Trepang2 Steam-Account<\/h3>\n<p><img decoding=\"async\" class=\"alignnone wp-image-3511\" src=\"https:\/\/orkza.com\/wp-content\/uploads\/2024\/10\/STEAM-ACTIVATION-GUIDE-400x225.jpg\" alt=\"\" width=\"804\" height=\"453\" title=\"\" srcset=\"https:\/\/orkza.com\/wp-content\/uploads\/2024\/10\/STEAM-ACTIVATION-GUIDE-400x225.jpg 400w, https:\/\/orkza.com\/wp-content\/uploads\/2024\/10\/STEAM-ACTIVATION-GUIDE-430x242.jpg 430w, https:\/\/orkza.com\/wp-content\/uploads\/2024\/10\/STEAM-ACTIVATION-GUIDE-150x84.jpg 150w, https:\/\/orkza.com\/wp-content\/uploads\/2024\/10\/STEAM-ACTIVATION-GUIDE-700x394.jpg 700w, https:\/\/orkza.com\/wp-content\/uploads\/2024\/10\/STEAM-ACTIVATION-GUIDE-768x432.jpg 768w, https:\/\/orkza.com\/wp-content\/uploads\/2024\/10\/STEAM-ACTIVATION-GUIDE.jpg 1280w\" sizes=\"(max-width: 804px) 100vw, 804px\" \/><\/p>\n<p>Melde dich nach dem Kauf auf deinem PC mit dem bereitgestellten Steam-Konto an. Sobald du angemeldet bist, navigiere zu deiner Bibliothek, installiere das Spiel und klicke auf den Play-Button.  Nach ein paar Minuten beende das Spiel und schalte Steam in den Offline-Modus \u2013 und schon bist du bereit f\u00fcr stundenlangen, aufregenden Spielspa\u00df!<\/p>\n<p>F\u00fcr einen umfassenden Einrichtungsprozess lesen Sie bitte unsere <a href=\"https:\/\/orkza.com\/de\/steam-account-activation-guide\/\" target=\"_blank\" rel=\"noopener\">vollst\u00e4ndige Aktivierungsanleitung<\/a><\/p>\n<h3 data-start=\"5357\" data-end=\"5393\"><strong data-start=\"5362\" data-end=\"5393\">Minimale Systemanforderungen<\/strong><\/h3>\n<ul data-start=\"5395\" data-end=\"5552\">\n<li class=\"\" data-start=\"5395\" data-end=\"5422\">\n<p class=\"\" data-start=\"5397\" data-end=\"5422\">Betriebssystem: Windows 10 (64-Bit)<\/p>\n<\/li>\n<li class=\"\" data-start=\"5423\" data-end=\"5471\">\n<p class=\"\" data-start=\"5425\" data-end=\"5471\">Prozessor: Intel Core i5-2550K \/ AMD FX-8320<\/p>\n<\/li>\n<li class=\"\" data-start=\"5472\" data-end=\"5492\">\n<p class=\"\" data-start=\"5474\" data-end=\"5492\">Arbeitsspeicher: 8 GB RAM<\/p>\n<\/li>\n<li class=\"\" data-start=\"5493\" data-end=\"5535\">\n<p class=\"\" data-start=\"5495\" data-end=\"5535\">Grafik: NVIDIA GTX 670 \/ AMD HD 7950<\/p>\n<\/li>\n<li class=\"\" data-start=\"5536\" data-end=\"5552\">\n<p class=\"\" data-start=\"5538\" data-end=\"5552\">Speicher: 35 GB<\/p>\n<\/li>\n<\/ul>\n<h3 data-start=\"5554\" data-end=\"5594\"><strong data-start=\"5559\" data-end=\"5594\">Empfohlene Systemanforderungen<\/strong><\/h3>\n<ul data-start=\"5596\" data-end=\"5770\">\n<li class=\"\" data-start=\"5596\" data-end=\"5626\">\n<p class=\"\" data-start=\"5598\" data-end=\"5626\">OS: Windows 10\/11 (64-Bit)<\/p>\n<\/li>\n<li class=\"\" data-start=\"5627\" data-end=\"5680\">\n<p class=\"\" data-start=\"5629\" data-end=\"5680\">Prozessor: Intel Core i7-4790K \/ AMD Ryzen 5 1600<\/p>\n<\/li>\n<li class=\"\" data-start=\"5681\" data-end=\"5702\">\n<p class=\"\" data-start=\"5683\" data-end=\"5702\">Arbeitsspeicher: 12 GB RAM<\/p>\n<\/li>\n<li class=\"\" data-start=\"5703\" data-end=\"5749\">\n<p class=\"\" data-start=\"5705\" data-end=\"5749\">Grafikkarte: NVIDIA GTX 1070 \/ AMD RX Vega 56<\/p>\n<\/li>\n<li class=\"\" data-start=\"5750\" data-end=\"5770\">\n<p class=\"\" data-start=\"5752\" data-end=\"5770\">Speicher: 35 GB SSD<\/p>\n<\/li>\n<\/ul>\n<p>Entdecken Sie unsere neuesten <a href=\"https:\/\/orkza.com\/de\/produkt-kategorie\/pc-spiele\/\" target=\"_blank\" rel=\"noopener\">Spiel-Accounts<\/a><\/p>\n","protected":false},"excerpt":{"rendered":"<p class=\"\" data-start=\"553\" data-end=\"678\">Entfesseln Sie \u00fcbernat\u00fcrliche Kr\u00e4fte und Slow-Mo-Gunplay in diesem brutalen, rasanten FPS \u2013 spielen Sie mit unserem Steam-Account.<\/p>\n<p><img decoding=\"async\" class=\"alignnone wp-image-3526\" src=\"https:\/\/orkza.com\/wp-content\/uploads\/2024\/10\/Steam-Account-Notice-min-300x300.png\" alt=\"\" width=\"45\" height=\"45\" srcset=\"https:\/\/orkza.com\/wp-content\/uploads\/2024\/10\/Steam-Account-Notice-min-300x300.png 300w, https:\/\/orkza.com\/wp-content\/uploads\/2024\/10\/Steam-Account-Notice-min-scaled-430x430.png 430w, https:\/\/orkza.com\/wp-content\/uploads\/2024\/10\/Steam-Account-Notice-min-150x150.png 150w, https:\/\/orkza.com\/wp-content\/uploads\/2024\/10\/Steam-Account-Notice-min-scaled-700x700.png 700w, https:\/\/orkza.com\/wp-content\/uploads\/2024\/10\/Steam-Account-Notice-min-800x800.png 800w, https:\/\/orkza.com\/wp-content\/uploads\/2024\/10\/Steam-Account-Notice-min-768x768.png 768w, https:\/\/orkza.com\/wp-content\/uploads\/2024\/10\/Steam-Account-Notice-min-1536x1536.png 1536w, https:\/\/orkza.com\/wp-content\/uploads\/2024\/10\/Steam-Account-Notice-min-2048x2048.png 2048w\" sizes=\"(max-width: 45px) 100vw, 45px\" \/><strong>Hinweis: Kontodaten k\u00f6nnen nicht ge\u00e4ndert werden. Dies ist ein Steam-Konto mit lebenslangem Zugriff, nur f\u00fcr Offline-Spiele. <\/strong><\/p>\n","protected":false},"featured_media":17100,"comment_status":"open","ping_status":"closed","template":"","meta":[],"product_brand":[],"product_cat":[216],"product_tag":[249],"class_list":{"0":"post-17099","1":"product","2":"type-product","3":"status-publish","4":"has-post-thumbnail","6":"product_cat-action","7":"product_tag-steam","9":"first","10":"instock","11":"sale","12":"virtual","13":"purchasable","14":"product-type-simple"},"_links":{"self":[{"href":"https:\/\/orkza.com\/de\/wp-json\/wp\/v2\/product\/17099","targetHints":{"allow":["GET"]}}],"collection":[{"href":"https:\/\/orkza.com\/de\/wp-json\/wp\/v2\/product"}],"about":[{"href":"https:\/\/orkza.com\/de\/wp-json\/wp\/v2\/types\/product"}],"replies":[{"embeddable":true,"href":"https:\/\/orkza.com\/de\/wp-json\/wp\/v2\/comments?post=17099"}],"version-history":[{"count":0,"href":"https:\/\/orkza.com\/de\/wp-json\/wp\/v2\/product\/17099\/revisions"}],"wp:featuredmedia":[{"embeddable":true,"href":"https:\/\/orkza.com\/de\/wp-json\/wp\/v2\/media\/17100"}],"wp:attachment":[{"href":"https:\/\/orkza.com\/de\/wp-json\/wp\/v2\/media?parent=17099"}],"wp:term":[{"taxonomy":"product_brand","embeddable":true,"href":"https:\/\/orkza.com\/de\/wp-json\/wp\/v2\/product_brand?post=17099"},{"taxonomy":"product_cat","embeddable":true,"href":"https:\/\/orkza.com\/de\/wp-json\/wp\/v2\/product_cat?post=17099"},{"taxonomy":"product_tag","embeddable":true,"href":"https:\/\/orkza.com\/de\/wp-json\/wp\/v2\/product_tag?post=17099"}],"curies":[{"name":"wp","href":"https:\/\/api.w.org\/{rel}","templated":true}]}}