{"id":17094,"date":"2025-10-03T15:58:48","date_gmt":"2025-10-03T15:58:48","guid":{"rendered":"https:\/\/orkza.com\/product\/total-war-pharaoh-steam-account\/"},"modified":"2026-02-26T05:49:24","modified_gmt":"2026-02-26T05:49:24","slug":"total-war-pharaoh-steam-account","status":"publish","type":"product","link":"https:\/\/orkza.com\/de\/produkt\/total-war-pharaoh-steam-account\/","title":{"rendered":"Total War Pharaoh Steam-Account"},"content":{"rendered":"<h2 data-start=\"3019\" data-end=\"3097\"><strong data-start=\"3023\" data-end=\"3097\">Total War: PHARAOH Steam-Account \u2013 Schreiben Sie die Zukunft des Alten \u00c4gypten neu<\/strong><\/h2>\n<p class=\"\" data-start=\"3099\" data-end=\"3379\">Befehligen Sie die Geschichte in <a href=\"https:\/\/store.steampowered.com\/app\/1937780\/Total_War_PHARAOH\/\" target=\"_blank\" rel=\"noopener\"><em data-start=\"3118\" data-end=\"3138\">Total War: PHARAOH<\/em><\/a> mit unserem Steam-Account und f\u00fchren Sie Ihre Dynastie durch politische Umw\u00e4lzungen, Naturkatastrophen und Krieg. Dieses Kapitel spielt w\u00e4hrend des Zusammenbruchs der Bronzezeit und bietet ein frisches, erz\u00e4hlgetriebenes Strategie-Erlebnis f\u00fcr die Total-War-Reihe. <\/p>\n<h3 data-start=\"3381\" data-end=\"3432\"><strong data-start=\"3386\" data-end=\"3432\">Taktische Kampagnen in historischem Setting<\/strong><\/h3>\n<p class=\"\" data-start=\"3434\" data-end=\"3616\">W\u00e4hlen Sie aus mehreren Fraktionen, darunter \u00c4gypter, Kanaaniter und Hethiter. Erobern Sie Gebiete, bauen Sie St\u00e4dte aus und verhandeln Sie politische Allianzen in einer historisch fundierten Kampagne. <\/p>\n<h3 data-start=\"3618\" data-end=\"3665\"><strong data-start=\"3623\" data-end=\"3665\">Echtzeit-Schlachten mit dynamischem Wetter<\/strong><\/h3>\n<p class=\"\" data-start=\"3667\" data-end=\"3828\">St\u00fcrzen Sie sich in gro\u00df angelegte Echtzeit-Schlachten, die von Wetter und Feuer beeinflusst werden. Sandst\u00fcrme, Regen und Gel\u00e4nde pr\u00e4gen die Strategie und die Effektivit\u00e4t Ihrer Einheiten auf dem Schlachtfeld. <\/p>\n<h3 data-start=\"3830\" data-end=\"3872\"><strong data-start=\"3835\" data-end=\"3872\">Anpassung und dynastisches Verm\u00e4chtnis<\/strong><\/h3>\n<p class=\"\" data-start=\"3874\" data-end=\"4032\">Gestalten Sie Ihren Pharao mit Eigenschaften, Kampfstil und Abstammung. Entscheidungen haben generationen\u00fcbergreifende Folgen und beeinflussen die Stabilit\u00e4t und den Ruf Ihres Reiches. <\/p>\n<h3>So nutzen Sie Ihren Total War Pharaoh Steam-Account<\/h3>\n<p><img decoding=\"async\" class=\"alignnone wp-image-3511\" src=\"https:\/\/orkza.com\/wp-content\/uploads\/2024\/10\/STEAM-ACTIVATION-GUIDE-400x225.jpg\" alt=\"\" width=\"804\" height=\"453\" title=\"\" srcset=\"https:\/\/orkza.com\/wp-content\/uploads\/2024\/10\/STEAM-ACTIVATION-GUIDE-400x225.jpg 400w, https:\/\/orkza.com\/wp-content\/uploads\/2024\/10\/STEAM-ACTIVATION-GUIDE-430x242.jpg 430w, https:\/\/orkza.com\/wp-content\/uploads\/2024\/10\/STEAM-ACTIVATION-GUIDE-150x84.jpg 150w, https:\/\/orkza.com\/wp-content\/uploads\/2024\/10\/STEAM-ACTIVATION-GUIDE-700x394.jpg 700w, https:\/\/orkza.com\/wp-content\/uploads\/2024\/10\/STEAM-ACTIVATION-GUIDE-768x432.jpg 768w, https:\/\/orkza.com\/wp-content\/uploads\/2024\/10\/STEAM-ACTIVATION-GUIDE.jpg 1280w\" sizes=\"(max-width: 804px) 100vw, 804px\" \/><\/p>\n<p>Melde dich nach dem Kauf auf deinem PC mit dem bereitgestellten Steam-Konto an. Sobald du angemeldet bist, navigiere zu deiner Bibliothek, installiere das Spiel und klicke auf den Play-Button.  Nach ein paar Minuten beende das Spiel und schalte Steam in den Offline-Modus \u2013 und schon bist du bereit f\u00fcr stundenlangen, aufregenden Spielspa\u00df!<\/p>\n<p>F\u00fcr einen umfassenden Einrichtungsprozess lesen Sie bitte unsere <a href=\"https:\/\/orkza.com\/de\/steam-account-activation-guide\/\" target=\"_blank\" rel=\"noopener\">vollst\u00e4ndige Aktivierungsanleitung<\/a><\/p>\n<h3 data-start=\"4034\" data-end=\"4070\"><strong data-start=\"4039\" data-end=\"4070\">Minimale Systemanforderungen<\/strong><\/h3>\n<ul data-start=\"4072\" data-end=\"4228\">\n<li class=\"\" data-start=\"4072\" data-end=\"4099\">\n<p class=\"\" data-start=\"4074\" data-end=\"4099\">Betriebssystem: Windows 10 (64-Bit)<\/p>\n<\/li>\n<li class=\"\" data-start=\"4100\" data-end=\"4147\">\n<p class=\"\" data-start=\"4102\" data-end=\"4147\">Prozessor: Intel Core i3-2100 \/ AMD FX-4300<\/p>\n<\/li>\n<li class=\"\" data-start=\"4148\" data-end=\"4168\">\n<p class=\"\" data-start=\"4150\" data-end=\"4168\">Arbeitsspeicher: 6 GB RAM<\/p>\n<\/li>\n<li class=\"\" data-start=\"4169\" data-end=\"4211\">\n<p class=\"\" data-start=\"4171\" data-end=\"4211\">Grafik: NVIDIA GTX 660 \/ AMD HD 7850<\/p>\n<\/li>\n<li class=\"\" data-start=\"4212\" data-end=\"4228\">\n<p class=\"\" data-start=\"4214\" data-end=\"4228\">Speicherplatz: 50 GB<\/p>\n<\/li>\n<\/ul>\n<h3 data-start=\"4230\" data-end=\"4270\"><strong data-start=\"4235\" data-end=\"4270\">Empfohlene Systemanforderungen<\/strong><\/h3>\n<ul data-start=\"4272\" data-end=\"4440\">\n<li class=\"\" data-start=\"4272\" data-end=\"4302\">\n<p class=\"\" data-start=\"4274\" data-end=\"4302\">OS: Windows 10\/11 (64-Bit)<\/p>\n<\/li>\n<li class=\"\" data-start=\"4303\" data-end=\"4355\">\n<p class=\"\" data-start=\"4305\" data-end=\"4355\">Prozessor: Intel Core i5-6600 \/ AMD Ryzen 5 2600<\/p>\n<\/li>\n<li class=\"\" data-start=\"4356\" data-end=\"4376\">\n<p class=\"\" data-start=\"4358\" data-end=\"4376\">Arbeitsspeicher: 8 GB RAM<\/p>\n<\/li>\n<li class=\"\" data-start=\"4377\" data-end=\"4419\">\n<p class=\"\" data-start=\"4379\" data-end=\"4419\">Grafik: NVIDIA GTX 1070 \/ AMD RX 580<\/p>\n<\/li>\n<li class=\"\" data-start=\"4420\" data-end=\"4440\">\n<p class=\"\" data-start=\"4422\" data-end=\"4440\">Speicher: 50 GB SSD<\/p>\n<\/li>\n<\/ul>\n<p>Entdecken Sie unsere neuesten <a href=\"https:\/\/orkza.com\/de\/produkt-kategorie\/pc-spiele\/\" target=\"_blank\" rel=\"noopener\">Spiel-Accounts<\/a><\/p>\n","protected":false},"excerpt":{"rendered":"<p class=\"\" data-start=\"391\" data-end=\"551\">Befehligen Sie Armeen, formen Sie Dynastien und \u00fcberleben Sie den Zusammenbruch der Bronzezeit in diesem historischen Strategie-Epos \u2013 Steam-Account inklusive.<\/p>\n<p><img decoding=\"async\" class=\"alignnone wp-image-3526\" src=\"https:\/\/orkza.com\/wp-content\/uploads\/2024\/10\/Steam-Account-Notice-min-300x300.png\" alt=\"\" width=\"45\" height=\"45\" srcset=\"https:\/\/orkza.com\/wp-content\/uploads\/2024\/10\/Steam-Account-Notice-min-300x300.png 300w, https:\/\/orkza.com\/wp-content\/uploads\/2024\/10\/Steam-Account-Notice-min-scaled-430x430.png 430w, https:\/\/orkza.com\/wp-content\/uploads\/2024\/10\/Steam-Account-Notice-min-150x150.png 150w, https:\/\/orkza.com\/wp-content\/uploads\/2024\/10\/Steam-Account-Notice-min-scaled-700x700.png 700w, https:\/\/orkza.com\/wp-content\/uploads\/2024\/10\/Steam-Account-Notice-min-800x800.png 800w, https:\/\/orkza.com\/wp-content\/uploads\/2024\/10\/Steam-Account-Notice-min-768x768.png 768w, https:\/\/orkza.com\/wp-content\/uploads\/2024\/10\/Steam-Account-Notice-min-1536x1536.png 1536w, https:\/\/orkza.com\/wp-content\/uploads\/2024\/10\/Steam-Account-Notice-min-2048x2048.png 2048w\" sizes=\"(max-width: 45px) 100vw, 45px\" \/><strong>Hinweis: Kontodaten k\u00f6nnen nicht ge\u00e4ndert werden. Dies ist ein Steam-Konto mit lebenslangem Zugriff, nur f\u00fcr Offline-Spiele. <\/strong><\/p>\n","protected":false},"featured_media":17095,"comment_status":"open","ping_status":"closed","template":"","meta":[],"product_brand":[],"product_cat":[223],"product_tag":[249],"class_list":{"0":"post-17094","1":"product","2":"type-product","3":"status-publish","4":"has-post-thumbnail","6":"product_cat-strategiespiele","7":"product_tag-steam","9":"first","10":"instock","11":"sale","12":"virtual","13":"purchasable","14":"product-type-simple"},"_links":{"self":[{"href":"https:\/\/orkza.com\/de\/wp-json\/wp\/v2\/product\/17094","targetHints":{"allow":["GET"]}}],"collection":[{"href":"https:\/\/orkza.com\/de\/wp-json\/wp\/v2\/product"}],"about":[{"href":"https:\/\/orkza.com\/de\/wp-json\/wp\/v2\/types\/product"}],"replies":[{"embeddable":true,"href":"https:\/\/orkza.com\/de\/wp-json\/wp\/v2\/comments?post=17094"}],"version-history":[{"count":0,"href":"https:\/\/orkza.com\/de\/wp-json\/wp\/v2\/product\/17094\/revisions"}],"wp:featuredmedia":[{"embeddable":true,"href":"https:\/\/orkza.com\/de\/wp-json\/wp\/v2\/media\/17095"}],"wp:attachment":[{"href":"https:\/\/orkza.com\/de\/wp-json\/wp\/v2\/media?parent=17094"}],"wp:term":[{"taxonomy":"product_brand","embeddable":true,"href":"https:\/\/orkza.com\/de\/wp-json\/wp\/v2\/product_brand?post=17094"},{"taxonomy":"product_cat","embeddable":true,"href":"https:\/\/orkza.com\/de\/wp-json\/wp\/v2\/product_cat?post=17094"},{"taxonomy":"product_tag","embeddable":true,"href":"https:\/\/orkza.com\/de\/wp-json\/wp\/v2\/product_tag?post=17094"}],"curies":[{"name":"wp","href":"https:\/\/api.w.org\/{rel}","templated":true}]}}