{"id":17027,"date":"2025-10-03T16:31:41","date_gmt":"2025-10-03T16:31:41","guid":{"rendered":"https:\/\/orkza.com\/product\/cyberpunk-2077-steam-account\/"},"modified":"2026-02-26T05:48:55","modified_gmt":"2026-02-26T05:48:55","slug":"cyberpunk-2077-steam-account","status":"publish","type":"product","link":"https:\/\/orkza.com\/de\/produkt\/cyberpunk-2077-steam-account\/","title":{"rendered":"CYBERPUNK 2077 Steam-Account"},"content":{"rendered":"<h2><span data-preserver-spaces=\"true\">Cyberpunk 2077 Steam-Account \u2013 Tauchen Sie ein in die offene Welt von Night City \u2013 im CyberPunk-Stil<\/span><\/h2>\n<p><span data-preserver-spaces=\"true\">Mit Stra\u00dfenk\u00e4mpfern und S\u00f6ldnern, die zweifellos auf Sie warten, erleben Sie Night City in seiner ganzen neonbeleuchteten Pracht, wenn Sie <a href=\"https:\/\/store.steampowered.com\/app\/1091500\/Cyberpunk_2077\/\" target=\"_blank\" rel=\"noopener\">Cyberpunk 2077<\/a> auf unserem Steam-Account laden. Von CD Projekt Red kommt dieses immersive RPG, das Spieler in eine Welt voller Action, komplexer Erz\u00e4hlungen und wundersch\u00f6n gestalteter Open-World-Umgebungen versetzt, in der jede Entscheidung Ihr Schicksal bestimmt. Sie sind V \u2013 ein gesetzloser S\u00f6ldner mit kybernetischen Verbesserungen, der alles tut, um in Night City Fu\u00df zu fassen.  <\/span><\/p>\n<p><img decoding=\"async\" class=\"alignnone wp-image-3634\" src=\"https:\/\/orkza.com\/wp-content\/uploads\/2024\/10\/CYBERPUNK-2077-Gameplay-400x225.jpg\" alt=\"CYBERPUNK 2077 Gameplay\" width=\"804\" height=\"452\" title=\"\" srcset=\"https:\/\/orkza.com\/wp-content\/uploads\/2024\/10\/CYBERPUNK-2077-Gameplay-400x225.jpg 400w, https:\/\/orkza.com\/wp-content\/uploads\/2024\/10\/CYBERPUNK-2077-Gameplay-430x242.jpg 430w, https:\/\/orkza.com\/wp-content\/uploads\/2024\/10\/CYBERPUNK-2077-Gameplay-150x84.jpg 150w, https:\/\/orkza.com\/wp-content\/uploads\/2024\/10\/CYBERPUNK-2077-Gameplay-700x394.jpg 700w, https:\/\/orkza.com\/wp-content\/uploads\/2024\/10\/CYBERPUNK-2077-Gameplay-1300x731.jpg 1300w, https:\/\/orkza.com\/wp-content\/uploads\/2024\/10\/CYBERPUNK-2077-Gameplay-768x432.jpg 768w, https:\/\/orkza.com\/wp-content\/uploads\/2024\/10\/CYBERPUNK-2077-Gameplay-1536x864.jpg 1536w, https:\/\/orkza.com\/wp-content\/uploads\/2024\/10\/CYBERPUNK-2077-Gameplay.jpg 1920w\" sizes=\"(max-width: 804px) 100vw, 804px\" \/><\/p>\n<h3><span data-preserver-spaces=\"true\">Eine fesselnde Handlung mit dynamischen Entscheidungen<\/span><\/h3>\n<p>&nbsp;<\/p>\n<p><span data-preserver-spaces=\"true\">Cyberpunk 2077 ist leicht zu spielen, aber jede Entscheidung beeinflusst die Welt um Sie herum. W\u00e4hrend Sie sich in Gefahr begeben, k\u00f6nnen Sie Ihren Charakter und die Welt durch eine verzweigte Erz\u00e4hlung gestalten, die sich durch das gesamte Spiel zieht. Sie k\u00f6nnen Missionen durch Hacken, Kampf oder Heimlichkeit angehen und Allianzen mit Gruppen bilden oder Rivalit\u00e4ten schaffen, w\u00e4hrend Sie der Handlung in verschiedenen Bezirken folgen, wo Sie auf unterschiedliche Charaktere treffen \u2013 alle mit eigenen Zielen und Pers\u00f6nlichkeiten. Von Stra\u00dfengangs bis zum Rathaus \u2013 alle Ihre Interaktionen haben Konsequenzen.   <\/span><\/p>\n<h3><span data-preserver-spaces=\"true\">Anpassung und Kampf im Zukunftsstil<\/span><\/h3>\n<p><span data-preserver-spaces=\"true\">Entfesseln Sie Ihre Kraft. Anpassung ist der Kern von Cyberpunk 2077, das Sie dazu bringt, <\/span><span data-preserver-spaces=\"true\">aufr\u00fcstbare<\/span><span data-preserver-spaces=\"true\">  F\u00e4higkeiten, Implantate und Waffen von V f\u00fcr verschiedene Spielstile zu verbessern. Hacken Sie sich in Feinde ein oder verbessern Sie Kampf und Heimlichkeit mit Cyberware-Upgrades, einem endlosen Skillbaum und einer Vielzahl t\u00f6dlicher Waffen, Fahrzeuge und Mods zum Anpassen. Die Begegnungen in Cyberpunk 2077 sind so gestaltet, dass sie eine gro\u00dfe Bandbreite an Spielstil-Experimenten erm\u00f6glichen, und welche Upgrades Sie w\u00e4hlen, k\u00f6nnen Sie kombinieren, um Ihr eigenes Erlebnis zu schaffen.   <\/span><\/p>\n<h3><span data-preserver-spaces=\"true\">Erleben Sie jedes Detail in der offenen Welt von Night City in Cyberpunk 2077.<\/span><\/h3>\n<p><span data-preserver-spaces=\"true\">Night City ist eine riesige, lebendige Stadt mit dynamischen Aktivit\u00e4ten und geheimen Nebenquests, die Sie in hoch aufragende Wolkenkratzer f\u00fchren und Ihnen einen intimen Blick auf das futuristische Setting von 2077 gew\u00e4hren. Mit Ihrem Steam-Account erleben Sie eine detailreiche Umgebung \u2013 von hoch aufragenden Wolkenkratzern bis zu schmutzigen Gassen \u2013 und genie\u00dfen eine Atmosph\u00e4re, die Technologie mit Themen der menschlichen Natur verbindet. <\/span><\/p>\n<h3>So nutzen Sie Ihren CYBERPUNK 2077 Steam-Account<\/h3>\n<p><img decoding=\"async\" class=\"alignnone wp-image-3511\" src=\"https:\/\/orkza.com\/wp-content\/uploads\/2024\/10\/STEAM-ACTIVATION-GUIDE-400x225.jpg\" alt=\"\" width=\"804\" height=\"453\" title=\"\" srcset=\"https:\/\/orkza.com\/wp-content\/uploads\/2024\/10\/STEAM-ACTIVATION-GUIDE-400x225.jpg 400w, https:\/\/orkza.com\/wp-content\/uploads\/2024\/10\/STEAM-ACTIVATION-GUIDE-430x242.jpg 430w, https:\/\/orkza.com\/wp-content\/uploads\/2024\/10\/STEAM-ACTIVATION-GUIDE-150x84.jpg 150w, https:\/\/orkza.com\/wp-content\/uploads\/2024\/10\/STEAM-ACTIVATION-GUIDE-700x394.jpg 700w, https:\/\/orkza.com\/wp-content\/uploads\/2024\/10\/STEAM-ACTIVATION-GUIDE-768x432.jpg 768w, https:\/\/orkza.com\/wp-content\/uploads\/2024\/10\/STEAM-ACTIVATION-GUIDE.jpg 1280w\" sizes=\"(max-width: 804px) 100vw, 804px\" \/><\/p>\n<p>Melde dich nach dem Kauf auf deinem PC mit dem bereitgestellten Steam-Konto an. Sobald du angemeldet bist, navigiere zu deiner Bibliothek, installiere das Spiel und klicke auf den Play-Button.  Nach ein paar Minuten beende das Spiel und schalte Steam in den Offline-Modus \u2013 und schon bist du bereit f\u00fcr stundenlangen, aufregenden Spielspa\u00df!<\/p>\n<p>F\u00fcr einen umfassenden Einrichtungsprozess lesen Sie bitte unsere <a href=\"https:\/\/orkza.com\/de\/steam-account-activation-guide\/\" target=\"_blank\" rel=\"noopener\">vollst\u00e4ndige Aktivierungsanleitung<\/a><\/p>\n<h3><strong>Minimale Systemanforderungen<\/strong><\/h3>\n<ul>\n<li>Betriebssystem: Windows 10 (64-Bit)<\/li>\n<li>Prozessor: Intel Core i5-3570K oder AMD FX-8310<\/li>\n<li>Arbeitsspeicher: 8 GB RAM<\/li>\n<li>Grafik: NVIDIA GeForce GTX 780 oder AMD Radeon RX 470<\/li>\n<li>Speicherplatz: 70 GB verf\u00fcgbarer Speicherplatz<\/li>\n<\/ul>\n<h3><strong>Empfohlene Systemanforderungen<\/strong><\/h3>\n<ul>\n<li>Betriebssystem: Windows 10 (64-Bit)<\/li>\n<li>Prozessor: Intel Core i7-4790 oder AMD Ryzen 3 3200G<\/li>\n<li>Arbeitsspeicher: 12 GB RAM<\/li>\n<li>Grafik: NVIDIA GeForce GTX 1060 oder AMD Radeon R9 Fury<\/li>\n<li>Speicherplatz: 70 GB verf\u00fcgbarer Speicherplatz<\/li>\n<\/ul>\n<p>Entdecken Sie unsere neuesten <a href=\"https:\/\/orkza.com\/de\/produkt-kategorie\/pc-spiele\/\" target=\"_blank\" rel=\"noopener\">Spiel-Accounts<\/a><\/p>\n","protected":false},"excerpt":{"rendered":"<p>Betreten Sie Night City in Cyberpunk 2077! Passen Sie V an, erkunden Sie eine offene Welt und gestalten Sie Ihre Geschichte in diesem immersiven RPG auf unserem Steam-Account. <\/p>\n<p><img decoding=\"async\" class=\"alignnone wp-image-3526\" src=\"https:\/\/orkza.com\/wp-content\/uploads\/2024\/10\/Steam-Account-Notice-min-300x300.png\" alt=\"\" width=\"45\" height=\"45\" srcset=\"https:\/\/orkza.com\/wp-content\/uploads\/2024\/10\/Steam-Account-Notice-min-300x300.png 300w, https:\/\/orkza.com\/wp-content\/uploads\/2024\/10\/Steam-Account-Notice-min-scaled-430x430.png 430w, https:\/\/orkza.com\/wp-content\/uploads\/2024\/10\/Steam-Account-Notice-min-150x150.png 150w, https:\/\/orkza.com\/wp-content\/uploads\/2024\/10\/Steam-Account-Notice-min-scaled-700x700.png 700w, https:\/\/orkza.com\/wp-content\/uploads\/2024\/10\/Steam-Account-Notice-min-800x800.png 800w, https:\/\/orkza.com\/wp-content\/uploads\/2024\/10\/Steam-Account-Notice-min-768x768.png 768w, https:\/\/orkza.com\/wp-content\/uploads\/2024\/10\/Steam-Account-Notice-min-1536x1536.png 1536w, https:\/\/orkza.com\/wp-content\/uploads\/2024\/10\/Steam-Account-Notice-min-2048x2048.png 2048w\" sizes=\"(max-width: 45px) 100vw, 45px\" \/><strong>Hinweis: Kontodaten k\u00f6nnen nicht ge\u00e4ndert werden. Dies ist ein Steam-Konto mit lebenslangem Zugriff, nur f\u00fcr Offline-Spiele. <\/strong><\/p>\n","protected":false},"featured_media":17033,"comment_status":"open","ping_status":"closed","template":"","meta":[],"product_brand":[],"product_cat":[219],"product_tag":[249],"class_list":{"0":"post-17027","1":"product","2":"type-product","3":"status-publish","4":"has-post-thumbnail","6":"product_cat-rpg","7":"product_tag-steam","9":"first","10":"instock","11":"sale","12":"virtual","13":"purchasable","14":"product-type-simple"},"_links":{"self":[{"href":"https:\/\/orkza.com\/de\/wp-json\/wp\/v2\/product\/17027","targetHints":{"allow":["GET"]}}],"collection":[{"href":"https:\/\/orkza.com\/de\/wp-json\/wp\/v2\/product"}],"about":[{"href":"https:\/\/orkza.com\/de\/wp-json\/wp\/v2\/types\/product"}],"replies":[{"embeddable":true,"href":"https:\/\/orkza.com\/de\/wp-json\/wp\/v2\/comments?post=17027"}],"version-history":[{"count":0,"href":"https:\/\/orkza.com\/de\/wp-json\/wp\/v2\/product\/17027\/revisions"}],"wp:featuredmedia":[{"embeddable":true,"href":"https:\/\/orkza.com\/de\/wp-json\/wp\/v2\/media\/17033"}],"wp:attachment":[{"href":"https:\/\/orkza.com\/de\/wp-json\/wp\/v2\/media?parent=17027"}],"wp:term":[{"taxonomy":"product_brand","embeddable":true,"href":"https:\/\/orkza.com\/de\/wp-json\/wp\/v2\/product_brand?post=17027"},{"taxonomy":"product_cat","embeddable":true,"href":"https:\/\/orkza.com\/de\/wp-json\/wp\/v2\/product_cat?post=17027"},{"taxonomy":"product_tag","embeddable":true,"href":"https:\/\/orkza.com\/de\/wp-json\/wp\/v2\/product_tag?post=17027"}],"curies":[{"name":"wp","href":"https:\/\/api.w.org\/{rel}","templated":true}]}}