{"id":17025,"date":"2025-11-07T05:37:03","date_gmt":"2025-11-07T05:37:03","guid":{"rendered":"https:\/\/orkza.com\/product\/fatal-frame-project-zero-maiden-of-black-water-deluxe-edition-steam-account\/"},"modified":"2026-02-26T05:43:37","modified_gmt":"2026-02-26T05:43:37","slug":"fatal-frame-project-zero-maiden-of-black-water-deluxe-edition-steam-account","status":"publish","type":"product","link":"https:\/\/orkza.com\/de\/produkt\/fatal-frame-project-zero-maiden-of-black-water-deluxe-edition-steam-account\/","title":{"rendered":"FATAL FRAME PROJECT ZERO Maiden of Black Water Deluxe Edition Steam Account"},"content":{"rendered":"<h2 data-start=\"3598\" data-end=\"4109\"><strong data-start=\"3598\" data-end=\"3651\">FATAL FRAME \/ PROJECT ZERO: Maiden of Black Water<\/strong><\/h2>\n<p data-start=\"3598\" data-end=\"4109\">Betreten Sie die schaurige Welt von <em data-start=\"3688\" data-end=\"3833\"><a class=\"decorated-link cursor-pointer\" href=\"https:\/\/store.steampowered.com\/app\/1732190\/FATAL_FRAME__PROJECT_ZERO_Maiden_of_Black_Water\/\" target=\"_new\" rel=\"noopener\" data-start=\"3689\" data-end=\"3832\">FATAL FRAME \/ PROJECT ZERO: Maiden of Black Water<\/a><\/em> \u2013 ein Survival-Horror-Meisterwerk, das Mysterien, \u00fcbernat\u00fcrlichen Schrecken und japanische Folklore vereint. Auf dem verfluchten Berg Hikami, an dem viele Menschen verschwunden sind, schl\u00fcpfen Sie in die Rollen von drei Protagonisten, die sich furchterregenden Geistern stellen und tragische Geschichten aufdecken. <\/p>\n<p data-start=\"4111\" data-end=\"4478\">Bewaffnet mit der mystischen Camera Obscura ist Ihre einzige Verteidigung gegen Geister das Fotografieren \u2013 so fangen Sie deren Seelen ein und schw\u00e4chen ihre Macht. Jedes Bild z\u00e4hlt, w\u00e4hrend Sie unheimliche Schreine, dunkle W\u00e4lder und verlassene Hotels voller ruheloser Geister erkunden. Die Atmosph\u00e4re des Spiels wird durch realistische Beleuchtung, immersive Grafik und einen eindringlichen Soundtrack verst\u00e4rkt.  <\/p>\n<p data-start=\"4480\" data-end=\"4778\">Diese Remastered-Version bietet verbesserte Grafik, einen Fotomodus, neue Kost\u00fcme und eine optimierte Steuerung \u2013 ein verbessertes Erlebnis f\u00fcr langj\u00e4hrige Fans und neue Spieler gleicherma\u00dfen. Tauchen Sie ein in eine Geschichte, in der sich jede Begegnung pers\u00f6nlich anf\u00fchlt, jedes Foto ein Geheimnis enth\u00fcllt und jeder Schatten eine Seele verbirgt. <\/p>\n<p data-start=\"4780\" data-end=\"4825\"><strong data-start=\"4780\" data-end=\"4808\">Systemanforderungen (PC)<\/strong><br data-start=\"4808\" data-end=\"4811\"><strong data-start=\"4811\" data-end=\"4823\">Minimum:<\/strong><\/p>\n<ul data-start=\"4826\" data-end=\"5014\">\n<li data-start=\"4826\" data-end=\"4853\">\n<p data-start=\"4828\" data-end=\"4853\">Betriebssystem: Windows 10 (64-Bit)<\/p>\n<\/li>\n<li data-start=\"4854\" data-end=\"4909\">\n<p data-start=\"4856\" data-end=\"4909\">Prozessor: Intel Core i5-750 \/ AMD Phenom II X4 965<\/p>\n<\/li>\n<li data-start=\"4910\" data-end=\"4930\">\n<p data-start=\"4912\" data-end=\"4930\">Arbeitsspeicher: 6 GB RAM<\/p>\n<\/li>\n<li data-start=\"4931\" data-end=\"4979\">\n<p data-start=\"4933\" data-end=\"4979\">Grafikkarte: NVIDIA GTX 660 \/ AMD Radeon RX 550<\/p>\n<\/li>\n<li data-start=\"4980\" data-end=\"5014\">\n<p data-start=\"4982\" data-end=\"5014\">Speicherplatz: 25 GB verf\u00fcgbarer Speicher<\/p>\n<\/li>\n<\/ul>\n<p data-start=\"5016\" data-end=\"5034\"><strong data-start=\"5016\" data-end=\"5032\">Empfohlen:<\/strong><\/p>\n<ul data-start=\"5035\" data-end=\"5218\">\n<li data-start=\"5035\" data-end=\"5067\">\n<p data-start=\"5037\" data-end=\"5067\">Betriebssystem: Windows 10 \/ 11 (64-Bit)<\/p>\n<\/li>\n<li data-start=\"5068\" data-end=\"5120\">\n<p data-start=\"5070\" data-end=\"5120\">Prozessor: Intel Core i7-4770 \/ AMD Ryzen 5 2600<\/p>\n<\/li>\n<li data-start=\"5121\" data-end=\"5141\">\n<p data-start=\"5123\" data-end=\"5141\">Arbeitsspeicher: 8 GB RAM<\/p>\n<\/li>\n<li data-start=\"5142\" data-end=\"5183\">\n<p data-start=\"5144\" data-end=\"5183\">Grafikkarte: NVIDIA GTX 960 \/ AMD RX 570<\/p>\n<\/li>\n<li data-start=\"5184\" data-end=\"5218\">\n<p data-start=\"5186\" data-end=\"5218\">Speicherplatz: 25 GB verf\u00fcgbarer Speicher<\/p>\n<\/li>\n<\/ul>\n<h3>So nutzen Sie Ihren FATAL FRAME PROJECT ZERO Maiden of Black Water Steam Account<\/h3>\n<p><img decoding=\"async\" class=\"alignnone wp-image-3511\" src=\"https:\/\/orkza.com\/wp-content\/uploads\/2024\/10\/STEAM-ACTIVATION-GUIDE-400x225.jpg\" alt=\"\" width=\"804\" height=\"453\" title=\"\" srcset=\"https:\/\/orkza.com\/wp-content\/uploads\/2024\/10\/STEAM-ACTIVATION-GUIDE-400x225.jpg 400w, https:\/\/orkza.com\/wp-content\/uploads\/2024\/10\/STEAM-ACTIVATION-GUIDE-430x242.jpg 430w, https:\/\/orkza.com\/wp-content\/uploads\/2024\/10\/STEAM-ACTIVATION-GUIDE-150x84.jpg 150w, https:\/\/orkza.com\/wp-content\/uploads\/2024\/10\/STEAM-ACTIVATION-GUIDE-700x394.jpg 700w, https:\/\/orkza.com\/wp-content\/uploads\/2024\/10\/STEAM-ACTIVATION-GUIDE-768x432.jpg 768w, https:\/\/orkza.com\/wp-content\/uploads\/2024\/10\/STEAM-ACTIVATION-GUIDE.jpg 1280w\" sizes=\"(max-width: 804px) 100vw, 804px\" \/><\/p>\n<p>Melde dich nach dem Kauf auf deinem PC mit dem bereitgestellten Steam-Konto an. Sobald du angemeldet bist, navigiere zu deiner Bibliothek, installiere das Spiel und klicke auf den Play-Button.  Nach ein paar Minuten beende das Spiel und schalte Steam in den Offline-Modus \u2013 und schon bist du bereit f\u00fcr stundenlangen, aufregenden Spielspa\u00df!<\/p>\n<p>F\u00fcr eine umfassende Einrichtung lies dir unseren <a href=\"https:\/\/orkza.com\/de\/steam-account-activation-guide\/\" target=\"_blank\" rel=\"noopener\">Steam-Konto-Aktivierungsleitfaden<\/a> durch.<\/p>\n<p>Entdecke unsere neuesten <a href=\"https:\/\/orkza.com\/de\/produkt-kategorie\/pc-spiele\/\" target=\"_blank\" rel=\"noopener\">PC-SPIELE<\/a><\/p>\n","protected":false},"excerpt":{"rendered":"<article class=\"text-token-text-primary w-full focus:outline-none scroll-mt-[calc(var(--header-height)+min(200px,max(70px,20svh)))]\" dir=\"auto\" tabindex=\"-1\" data-turn-id=\"825f8558-9f2b-458c-ad9a-5b51e35369c8\" data-testid=\"conversation-turn-286\" data-scroll-anchor=\"true\" data-turn=\"assistant\">\n<div class=\"text-base my-auto mx-auto pb-10 [--thread-content-margin:--spacing(4)] thread-sm:[--thread-content-margin:--spacing(6)] thread-lg:[--thread-content-margin:--spacing(16)] px-(--thread-content-margin)\">\n<div class=\"[--thread-content-max-width:40rem] thread-lg:[--thread-content-max-width:48rem] mx-auto max-w-(--thread-content-max-width) flex-1 group\/turn-messages focus-visible:outline-hidden relative flex w-full min-w-0 flex-col agent-turn\" tabindex=\"-1\">\n<div class=\"flex max-w-full flex-col grow\">\n<div class=\"min-h-8 text-message relative flex w-full flex-col items-end gap-2 text-start break-words whitespace-normal [.text-message+&amp;]:mt-5\" dir=\"auto\" data-message-author-role=\"assistant\" data-message-id=\"2928a0af-c8b9-4771-8af5-a56ec1451607\" data-message-model-slug=\"gpt-5\">\n<div class=\"flex w-full flex-col gap-1 empty:hidden first:pt-[3px]\">\n<div class=\"markdown prose dark:prose-invert w-full break-words dark markdown-new-styling\">\n<article class=\"text-token-text-primary w-full focus:outline-none scroll-mt-[calc(var(--header-height)+min(200px,max(70px,20svh)))]\" dir=\"auto\" tabindex=\"-1\" data-turn-id=\"4853738f-41d9-4361-acbd-da104adcb5f6\" data-testid=\"conversation-turn-288\" data-scroll-anchor=\"true\" data-turn=\"assistant\">\n<div class=\"text-base my-auto mx-auto pb-10 [--thread-content-margin:--spacing(4)] thread-sm:[--thread-content-margin:--spacing(6)] thread-lg:[--thread-content-margin:--spacing(16)] px-(--thread-content-margin)\">\n<div class=\"[--thread-content-max-width:40rem] thread-lg:[--thread-content-max-width:48rem] mx-auto max-w-(--thread-content-max-width) flex-1 group\/turn-messages focus-visible:outline-hidden relative flex w-full min-w-0 flex-col agent-turn\" tabindex=\"-1\">\n<div class=\"flex max-w-full flex-col grow\">\n<div class=\"min-h-8 text-message relative flex w-full flex-col items-end gap-2 text-start break-words whitespace-normal [.text-message+&amp;]:mt-5\" dir=\"auto\" data-message-author-role=\"assistant\" data-message-id=\"5f2e51b3-f20e-438b-8196-6d76021c77fc\" data-message-model-slug=\"gpt-5\">\n<div class=\"flex w-full flex-col gap-1 empty:hidden first:pt-[3px]\">\n<div class=\"markdown prose dark:prose-invert w-full break-words dark markdown-new-styling\">\n<article class=\"text-token-text-primary w-full focus:outline-none [--shadow-height:45px] has-data-writing-block:pointer-events-none has-data-writing-block:-mt-(--shadow-height) has-data-writing-block:pt-(--shadow-height) [&amp;:has([data-writing-block])&gt;*]:pointer-events-auto [content-visibility:auto] supports-[content-visibility:auto]:[contain-intrinsic-size:auto_100lvh] scroll-mt-[calc(var(--header-height)+min(200px,max(70px,20svh)))]\" dir=\"auto\" tabindex=\"-1\" data-turn-id=\"4ef4e9ca-f79c-4037-becb-9bb8f9d17a52\" data-testid=\"conversation-turn-314\" data-scroll-anchor=\"false\" data-turn=\"assistant\">\n<div class=\"text-base my-auto mx-auto [--thread-content-margin:--spacing(4)] thread-sm:[--thread-content-margin:--spacing(6)] thread-lg:[--thread-content-margin:--spacing(16)] px-(--thread-content-margin)\">\n<div class=\"[--thread-content-max-width:40rem] thread-lg:[--thread-content-max-width:48rem] mx-auto max-w-(--thread-content-max-width) flex-1 group\/turn-messages focus-visible:outline-hidden relative flex w-full min-w-0 flex-col agent-turn\" tabindex=\"-1\">\n<div class=\"flex max-w-full flex-col grow\">\n<div class=\"min-h-8 text-message relative flex w-full flex-col items-end gap-2 text-start break-words whitespace-normal [.text-message+&amp;]:mt-1\" dir=\"auto\" data-message-author-role=\"assistant\" data-message-id=\"4ef4e9ca-f79c-4037-becb-9bb8f9d17a52\" data-message-model-slug=\"gpt-5\">\n<div class=\"flex w-full flex-col gap-1 empty:hidden first:pt-[1px]\">\n<div class=\"markdown prose dark:prose-invert w-full break-words dark markdown-new-styling\">\n<p data-start=\"5220\" data-end=\"5376\" data-is-last-node=\"\" data-is-only-node=\"\">\u00dcberleben Sie den Horror am Berg Hikami in <em data-start=\"5282\" data-end=\"5318\">FATAL FRAME: Maiden of Black Water<\/em> und fangen Sie Geister mit der Camera Obscura ein.<\/p>\n<\/div>\n<\/div>\n<\/div>\n<\/div>\n<\/div>\n<\/div>\n<\/article>\n<\/div>\n<\/div>\n<\/div>\n<\/div>\n<\/div>\n<\/div>\n<\/article>\n<\/div>\n<\/div>\n<\/div>\n<\/div>\n<\/div>\n<\/div>\n<\/article>\n<p><img decoding=\"async\" class=\"alignnone wp-image-3526\" src=\"https:\/\/orkza.com\/wp-content\/uploads\/2024\/10\/Steam-Account-Notice-min-300x300.png\" alt=\"\" width=\"41\" height=\"41\" srcset=\"https:\/\/orkza.com\/wp-content\/uploads\/2024\/10\/Steam-Account-Notice-min-300x300.png 300w, https:\/\/orkza.com\/wp-content\/uploads\/2024\/10\/Steam-Account-Notice-min-scaled-430x430.png 430w, https:\/\/orkza.com\/wp-content\/uploads\/2024\/10\/Steam-Account-Notice-min-150x150.png 150w, https:\/\/orkza.com\/wp-content\/uploads\/2024\/10\/Steam-Account-Notice-min-scaled-700x700.png 700w, https:\/\/orkza.com\/wp-content\/uploads\/2024\/10\/Steam-Account-Notice-min-800x800.png 800w, https:\/\/orkza.com\/wp-content\/uploads\/2024\/10\/Steam-Account-Notice-min-768x768.png 768w, https:\/\/orkza.com\/wp-content\/uploads\/2024\/10\/Steam-Account-Notice-min-1536x1536.png 1536w, https:\/\/orkza.com\/wp-content\/uploads\/2024\/10\/Steam-Account-Notice-min-2048x2048.png 2048w\" sizes=\"(max-width: 41px) 100vw, 41px\" \/><strong>Hinweis: Kontodaten k\u00f6nnen nicht ge\u00e4ndert werden. Dies ist ein Steam-Konto mit lebenslangem Zugriff, nur f\u00fcr Offline-Spiele. <\/strong><\/p>\n","protected":false},"featured_media":17013,"comment_status":"open","ping_status":"closed","template":"","meta":[],"product_brand":[],"product_cat":[217],"product_tag":[249],"class_list":{"0":"post-17025","1":"product","2":"type-product","3":"status-publish","4":"has-post-thumbnail","6":"product_cat-abenteuer","7":"product_tag-steam","9":"first","10":"instock","11":"sale","12":"virtual","13":"purchasable","14":"product-type-simple"},"_links":{"self":[{"href":"https:\/\/orkza.com\/de\/wp-json\/wp\/v2\/product\/17025","targetHints":{"allow":["GET"]}}],"collection":[{"href":"https:\/\/orkza.com\/de\/wp-json\/wp\/v2\/product"}],"about":[{"href":"https:\/\/orkza.com\/de\/wp-json\/wp\/v2\/types\/product"}],"replies":[{"embeddable":true,"href":"https:\/\/orkza.com\/de\/wp-json\/wp\/v2\/comments?post=17025"}],"version-history":[{"count":0,"href":"https:\/\/orkza.com\/de\/wp-json\/wp\/v2\/product\/17025\/revisions"}],"wp:featuredmedia":[{"embeddable":true,"href":"https:\/\/orkza.com\/de\/wp-json\/wp\/v2\/media\/17013"}],"wp:attachment":[{"href":"https:\/\/orkza.com\/de\/wp-json\/wp\/v2\/media?parent=17025"}],"wp:term":[{"taxonomy":"product_brand","embeddable":true,"href":"https:\/\/orkza.com\/de\/wp-json\/wp\/v2\/product_brand?post=17025"},{"taxonomy":"product_cat","embeddable":true,"href":"https:\/\/orkza.com\/de\/wp-json\/wp\/v2\/product_cat?post=17025"},{"taxonomy":"product_tag","embeddable":true,"href":"https:\/\/orkza.com\/de\/wp-json\/wp\/v2\/product_tag?post=17025"}],"curies":[{"name":"wp","href":"https:\/\/api.w.org\/{rel}","templated":true}]}}