{"id":17015,"date":"2025-10-03T22:53:41","date_gmt":"2025-10-03T22:53:41","guid":{"rendered":"https:\/\/orkza.com\/product\/detroit-become-human-steam-account\/"},"modified":"2026-02-26T05:43:35","modified_gmt":"2026-02-26T05:43:35","slug":"detroit-become-human-steam-account","status":"publish","type":"product","link":"https:\/\/orkza.com\/de\/produkt\/detroit-become-human-steam-account\/","title":{"rendered":"Detroit: Become Human Steam-Account"},"content":{"rendered":"<h2>Detroit: Become Human Steam-Account \u2013 Tauchen Sie ein in eine futuristische Welt voller Entscheidungen und Konsequenzen<\/h2>\n<p>Betreten Sie die Metropole Detroit im Jahr 2038 \u2013 eine Stadt, die durch eine aufregende technologische Entwicklung wiederbelebt wurde: Androiden. <a href=\"https:\/\/store.steampowered.com\/app\/1222140\/Detroit_Become_Human\/\" target=\"_blank\" rel=\"noopener\">Detroit: Become Human<\/a> ist ein jahrelang entwickeltes Adventure-Spiel der Heavy-Rain-Entwickler Quantic Dream, das die Spieler in eine detailreich gestaltete Vision des Detroit der nahen Zukunft versetzt \u2013 wo fortschrittliche KI und menschen\u00e4hnliche Androiden zum Alltag geh\u00f6ren. Im Jahr 2038, w\u00e4hrend die Welt am Rande eines B\u00fcrgerkriegs steht, gestalten Sie die Geschichte jedes Charakters durch Dialoge und Ihre Entscheidungen in Echtzeit und ver\u00e4ndern damit, was zwischen ihnen und dem Schicksal selbst geschieht. Ihre Entscheidungen haben enormes Gewicht, sodass sich die Geschichte in mehrere Richtungen verzweigt und zu vielen verschiedenen Enden f\u00fchrt.  <\/p>\n<p><img decoding=\"async\" class=\"alignnone wp-image-3683\" src=\"https:\/\/orkza.com\/wp-content\/uploads\/2024\/10\/detroit_become_human_connor_hank_car_3840.0-400x225.jpg\" alt=\"Detroit Become Human Gameplay\" width=\"811\" height=\"456\" title=\"\" srcset=\"https:\/\/orkza.com\/wp-content\/uploads\/2024\/10\/detroit_become_human_connor_hank_car_3840.0-400x225.jpg 400w, https:\/\/orkza.com\/wp-content\/uploads\/2024\/10\/detroit_become_human_connor_hank_car_3840.0-430x242.jpg 430w, https:\/\/orkza.com\/wp-content\/uploads\/2024\/10\/detroit_become_human_connor_hank_car_3840.0-150x84.jpg 150w, https:\/\/orkza.com\/wp-content\/uploads\/2024\/10\/detroit_become_human_connor_hank_car_3840.0-700x394.jpg 700w, https:\/\/orkza.com\/wp-content\/uploads\/2024\/10\/detroit_become_human_connor_hank_car_3840.0-768x432.jpg 768w, https:\/\/orkza.com\/wp-content\/uploads\/2024\/10\/detroit_become_human_connor_hank_car_3840.0.jpg 1200w\" sizes=\"(max-width: 811px) 100vw, 811px\" \/><\/p>\n<h3>Drei spielbare Charaktere mit einzigartigen Perspektiven<\/h3>\n<p>Detroit: Become Human dreht sich um drei Android-Protagonisten \u2013 einen verwirrten Verhandlungsf\u00fchrer namens Connor, eine Haush\u00e4lterin, die zu einer bewussten Geschichte wird, Kara, und Markus, den Anf\u00fchrer einer Android-Revolution. Die Geschichten aller Charaktere sind miteinander verwoben und erm\u00f6glichen unglaublich einzigartige Perspektiven und moralische Dilemmata, die Spieler hautnah erleben k\u00f6nnen. Mit jeder Entscheidung, die Sie treffen, beeinflussen Ihre Handlungen die Reise aller drei Androiden und Detroits.  <\/p>\n<h3> Eine filmreife Geschichte mit verzweigten Handlungsstr\u00e4ngen<\/h3>\n<p>Detroit: Become Human ist ein filmisches Erlebnis, das Motion Capture, realistische Animationen und beeindruckende Grafik nutzt. Unz\u00e4hlige narrative Ausg\u00e4nge, da sich die verzweigte Handlung an Ihre Entscheidungen anpasst. Und eine lange Reihe moralischer und ethischer Dilemmata \u2013 die Wahl des Schicksals der Charaktere erm\u00f6glicht es den Spielern auch, die Richtung der Android-Mensch-Beziehungen zu bestimmen. Detroit: Become Human hat \u00fcber 40 m\u00f6gliche Enden, was bedeutet, dass es sich f\u00fcr Entdecker verschiedener Wege und Ausg\u00e4nge besonders lohnt.  <\/p>\n<h3>Atemberaubende Grafik und realistische Umgebungen<\/h3>\n<p>Die Vision des zuk\u00fcnftigen Detroit im Spiel ist atemberaubend umgesetzt, mit verschiedenen Umgebungen wie lebendigen Stadtstra\u00dfen und Hightech-Laboren, die liebevoll mit bescheidenen Nachbarschaften kontrastiert werden. Jede Umgebung ist reich an visuellen Details, die die Welt zum Leben erwecken und Sie das Gef\u00fchl geben, wirklich dort zu sein. Diese realistische Darstellung wird durch einen hervorragenden Soundtrack und Sounddesign noch verst\u00e4rkt, sodass jeder dieser Momente Sie direkt ins Herz trifft.  <\/p>\n<h3>So verwenden Sie Ihren Detroit Become Human Steam-Account<\/h3>\n<p><img decoding=\"async\" class=\"alignnone wp-image-3511\" src=\"https:\/\/orkza.com\/wp-content\/uploads\/2024\/10\/STEAM-ACTIVATION-GUIDE-400x225.jpg\" alt=\"\" width=\"804\" height=\"453\" title=\"\" srcset=\"https:\/\/orkza.com\/wp-content\/uploads\/2024\/10\/STEAM-ACTIVATION-GUIDE-400x225.jpg 400w, https:\/\/orkza.com\/wp-content\/uploads\/2024\/10\/STEAM-ACTIVATION-GUIDE-430x242.jpg 430w, https:\/\/orkza.com\/wp-content\/uploads\/2024\/10\/STEAM-ACTIVATION-GUIDE-150x84.jpg 150w, https:\/\/orkza.com\/wp-content\/uploads\/2024\/10\/STEAM-ACTIVATION-GUIDE-700x394.jpg 700w, https:\/\/orkza.com\/wp-content\/uploads\/2024\/10\/STEAM-ACTIVATION-GUIDE-768x432.jpg 768w, https:\/\/orkza.com\/wp-content\/uploads\/2024\/10\/STEAM-ACTIVATION-GUIDE.jpg 1280w\" sizes=\"(max-width: 804px) 100vw, 804px\" \/><\/p>\n<p>Melden Sie sich nach dem Kauf auf Ihrem PC beim bereitgestellten Steam-Konto an. \u00d6ffnen Sie nach dem Login Ihre Bibliothek, installieren Sie das Spiel und klicken Sie auf \u201eSpielen\u201c.  Beenden Sie nach ein paar Minuten das Spiel, stellen Sie Steam auf den Offline-Modus um \u2013 und schon k\u00f6nnen Sie stundenlang spannendes Gameplay genie\u00dfen!<\/p>\n<p>F\u00fcr einen umfassenden Einrichtungsprozess lesen Sie bitte unsere <a href=\"https:\/\/orkza.com\/de\/steam-account-activation-guide\/\" target=\"_blank\" rel=\"noopener\">vollst\u00e4ndige Aktivierungsanleitung<\/a><\/p>\n<h3><strong>Minimale Systemanforderungen<\/strong><\/h3>\n<ul>\n<li>Betriebssystem: Windows 10 (64-Bit)<\/li>\n<li>Prozessor: Intel Core i5-2400 oder AMD FX-8350<\/li>\n<li>Arbeitsspeicher: 8 GB RAM<\/li>\n<li>Grafik: NVIDIA GeForce GTX 780 oder AMD Radeon HD 7950<\/li>\n<li>Speicherplatz: 55 GB verf\u00fcgbarer Speicherplatz<\/li>\n<\/ul>\n<h3><strong>Empfohlene Systemanforderungen<\/strong><\/h3>\n<ul>\n<li>Betriebssystem: Windows 10 (64-Bit)<\/li>\n<li>Prozessor: Intel Core i5-8400 oder Ryzen 5 1600<\/li>\n<li>Arbeitsspeicher: 16 GB RAM<\/li>\n<li>Grafik: NVIDIA GeForce GTX 1060 oder AMD Radeon RX 580<\/li>\n<li>Speicherplatz: 55 GB verf\u00fcgbarer Speicherplatz<\/li>\n<\/ul>\n<p>Entdecken Sie unsere neuesten <a href=\"https:\/\/orkza.com\/de\/produkt-kategorie\/pc-spiele\/\" target=\"_blank\" rel=\"noopener\">Spiel-Accounts<\/a><\/p>\n","protected":false},"excerpt":{"rendered":"<p>Gestalten Sie die Zukunft in Detroit: Become Human! Steuern Sie drei Androiden, treffen Sie folgenreiche Entscheidungen und erkunden Sie eine futuristische Welt auf unserem Steam-Account. <\/p>\n<p><img decoding=\"async\" class=\"alignnone wp-image-3526\" src=\"https:\/\/orkza.com\/wp-content\/uploads\/2024\/10\/Steam-Account-Notice-min-300x300.png\" alt=\"\" width=\"45\" height=\"45\" srcset=\"https:\/\/orkza.com\/wp-content\/uploads\/2024\/10\/Steam-Account-Notice-min-300x300.png 300w, https:\/\/orkza.com\/wp-content\/uploads\/2024\/10\/Steam-Account-Notice-min-scaled-430x430.png 430w, https:\/\/orkza.com\/wp-content\/uploads\/2024\/10\/Steam-Account-Notice-min-150x150.png 150w, https:\/\/orkza.com\/wp-content\/uploads\/2024\/10\/Steam-Account-Notice-min-scaled-700x700.png 700w, https:\/\/orkza.com\/wp-content\/uploads\/2024\/10\/Steam-Account-Notice-min-800x800.png 800w, https:\/\/orkza.com\/wp-content\/uploads\/2024\/10\/Steam-Account-Notice-min-768x768.png 768w, https:\/\/orkza.com\/wp-content\/uploads\/2024\/10\/Steam-Account-Notice-min-1536x1536.png 1536w, https:\/\/orkza.com\/wp-content\/uploads\/2024\/10\/Steam-Account-Notice-min-2048x2048.png 2048w\" sizes=\"(max-width: 45px) 100vw, 45px\" \/><strong>Hinweis: Kontodaten k\u00f6nnen nicht ge\u00e4ndert werden. Dies ist ein Steam-Konto mit lebenslangem Zugriff, nur Offline-Spiel. <\/strong><\/p>\n","protected":false},"featured_media":17020,"comment_status":"open","ping_status":"closed","template":"","meta":[],"product_brand":[],"product_cat":[216],"product_tag":[249],"class_list":{"0":"post-17015","1":"product","2":"type-product","3":"status-publish","4":"has-post-thumbnail","6":"product_cat-action","7":"product_tag-steam","9":"first","10":"instock","11":"sale","12":"virtual","13":"purchasable","14":"product-type-simple"},"_links":{"self":[{"href":"https:\/\/orkza.com\/de\/wp-json\/wp\/v2\/product\/17015","targetHints":{"allow":["GET"]}}],"collection":[{"href":"https:\/\/orkza.com\/de\/wp-json\/wp\/v2\/product"}],"about":[{"href":"https:\/\/orkza.com\/de\/wp-json\/wp\/v2\/types\/product"}],"replies":[{"embeddable":true,"href":"https:\/\/orkza.com\/de\/wp-json\/wp\/v2\/comments?post=17015"}],"version-history":[{"count":0,"href":"https:\/\/orkza.com\/de\/wp-json\/wp\/v2\/product\/17015\/revisions"}],"wp:featuredmedia":[{"embeddable":true,"href":"https:\/\/orkza.com\/de\/wp-json\/wp\/v2\/media\/17020"}],"wp:attachment":[{"href":"https:\/\/orkza.com\/de\/wp-json\/wp\/v2\/media?parent=17015"}],"wp:term":[{"taxonomy":"product_brand","embeddable":true,"href":"https:\/\/orkza.com\/de\/wp-json\/wp\/v2\/product_brand?post=17015"},{"taxonomy":"product_cat","embeddable":true,"href":"https:\/\/orkza.com\/de\/wp-json\/wp\/v2\/product_cat?post=17015"},{"taxonomy":"product_tag","embeddable":true,"href":"https:\/\/orkza.com\/de\/wp-json\/wp\/v2\/product_tag?post=17015"}],"curies":[{"name":"wp","href":"https:\/\/api.w.org\/{rel}","templated":true}]}}