{"id":17006,"date":"2025-11-07T05:36:32","date_gmt":"2025-11-07T05:36:32","guid":{"rendered":"https:\/\/orkza.com\/product\/they-are-billions-steam-account\/"},"modified":"2026-02-26T05:42:35","modified_gmt":"2026-02-26T05:42:35","slug":"they-are-billions-steam-account","status":"publish","type":"product","link":"https:\/\/orkza.com\/de\/produkt\/they-are-billions-steam-account\/","title":{"rendered":"They Are Billions Steam-Account"},"content":{"rendered":"<h2 data-start=\"3375\" data-end=\"3737\"><strong data-start=\"3375\" data-end=\"3396\">They Are Billions<\/strong><\/h2>\n<p data-start=\"3375\" data-end=\"3737\">Stellen Sie sich der Apokalypse in <a class=\"decorated-link\" href=\"https:\/\/store.steampowered.com\/app\/644930\/They_Are_Billions\/\" target=\"_new\" rel=\"noopener\" data-start=\"3422\" data-end=\"3503\">They Are Billions<\/a>, einem Steampunk-Strategiespiel in einer von Milliarden Zombies \u00fcberrannten Welt. Bauen, verwalten und verteidigen Sie Ihre Kolonie gegen unerbittliche Horden in diesem Echtzeit-Strategie-Survival-Erlebnis, bei dem ein einziger Fehler alles beenden kann. <\/p>\n<p data-start=\"3739\" data-end=\"4026\">Spieler m\u00fcssen die Balance zwischen Expansion und Verteidigung finden, Ressourcen sammeln, Geb\u00e4ude errichten und Armeen ausbilden, um den herannahenden Wellen der Infizierten standzuhalten. Jede Entscheidung z\u00e4hlt \u2013 eine zu schnelle Expansion kann Ihre Kolonie gef\u00e4hrden, w\u00e4hrend Z\u00f6gern bedeuten kann, von Milliarden \u00fcberrannt zu werden. <\/p>\n<p data-start=\"4028\" data-end=\"4359\">Das Spiel bietet eine herausfordernde Kampagne, \u201eDas neue Imperium\u201c, in der die Menschheit um die R\u00fcckeroberung der Erde k\u00e4mpft, sowie endlose \u00dcberlebensmodi, die Ihre Planungs- und Strategief\u00e4higkeiten testen. Mit detaillierter Grafik, atmosph\u00e4rischem Sounddesign und tiefgreifenden Spielmechaniken liefert <em data-start=\"4291\" data-end=\"4310\">They Are Billions<\/em> Spannung und Nervenkitzel an jeder Ecke. <\/p>\n<h3 data-start=\"4361\" data-end=\"4384\">Systemanforderungen<\/h3>\n<p data-start=\"4385\" data-end=\"4399\"><strong data-start=\"4385\" data-end=\"4397\">Minimum:<\/strong><\/p>\n<ul data-start=\"4400\" data-end=\"4583\">\n<li data-start=\"4400\" data-end=\"4433\">\n<p data-start=\"4402\" data-end=\"4433\">Betriebssystem: Windows 7, 8, 10 (64-Bit)<\/p>\n<\/li>\n<li data-start=\"4434\" data-end=\"4477\">\n<p data-start=\"4436\" data-end=\"4477\">Prozessor: Intel i3-3220 oder AMD FX 6300<\/p>\n<\/li>\n<li data-start=\"4478\" data-end=\"4498\">\n<p data-start=\"4480\" data-end=\"4498\">Arbeitsspeicher: 8 GB RAM<\/p>\n<\/li>\n<li data-start=\"4499\" data-end=\"4549\">\n<p data-start=\"4501\" data-end=\"4549\">Grafikkarte: NVIDIA GTX 660 oder AMD Radeon HD 7870<\/p>\n<\/li>\n<li data-start=\"4550\" data-end=\"4583\">\n<p data-start=\"4552\" data-end=\"4583\">Speicherplatz: 4 GB verf\u00fcgbarer Speicher<\/p>\n<\/li>\n<\/ul>\n<p data-start=\"4585\" data-end=\"4603\"><strong data-start=\"4585\" data-end=\"4601\">Empfohlen:<\/strong><\/p>\n<ul data-start=\"4604\" data-end=\"4778\">\n<li data-start=\"4604\" data-end=\"4631\">\n<p data-start=\"4606\" data-end=\"4631\">Betriebssystem: Windows 10 (64-Bit)<\/p>\n<\/li>\n<li data-start=\"4632\" data-end=\"4680\">\n<p data-start=\"4634\" data-end=\"4680\">Prozessor: Intel i5-7600K \/ AMD Ryzen 5 2600<\/p>\n<\/li>\n<li data-start=\"4681\" data-end=\"4702\">\n<p data-start=\"4683\" data-end=\"4702\">Arbeitsspeicher: 16 GB RAM<\/p>\n<\/li>\n<li data-start=\"4703\" data-end=\"4744\">\n<p data-start=\"4705\" data-end=\"4744\">Grafikkarte: NVIDIA GTX 970 \/ AMD RX 580<\/p>\n<\/li>\n<li data-start=\"4745\" data-end=\"4778\">\n<p data-start=\"4747\" data-end=\"4778\">Speicherplatz: 4 GB verf\u00fcgbarer Speicher<\/p>\n<\/li>\n<\/ul>\n<h3>So nutzen Sie Ihren They Are Billions Steam-Account<\/h3>\n<p><img decoding=\"async\" class=\"alignnone wp-image-3511\" src=\"https:\/\/orkza.com\/wp-content\/uploads\/2024\/10\/STEAM-ACTIVATION-GUIDE-400x225.jpg\" alt=\"\" width=\"804\" height=\"453\" title=\"\" srcset=\"https:\/\/orkza.com\/wp-content\/uploads\/2024\/10\/STEAM-ACTIVATION-GUIDE-400x225.jpg 400w, https:\/\/orkza.com\/wp-content\/uploads\/2024\/10\/STEAM-ACTIVATION-GUIDE-430x242.jpg 430w, https:\/\/orkza.com\/wp-content\/uploads\/2024\/10\/STEAM-ACTIVATION-GUIDE-150x84.jpg 150w, https:\/\/orkza.com\/wp-content\/uploads\/2024\/10\/STEAM-ACTIVATION-GUIDE-700x394.jpg 700w, https:\/\/orkza.com\/wp-content\/uploads\/2024\/10\/STEAM-ACTIVATION-GUIDE-768x432.jpg 768w, https:\/\/orkza.com\/wp-content\/uploads\/2024\/10\/STEAM-ACTIVATION-GUIDE.jpg 1280w\" sizes=\"(max-width: 804px) 100vw, 804px\" \/><\/p>\n<p>Melden Sie sich nach dem Kauf auf Ihrem PC beim bereitgestellten Steam-Konto an. \u00d6ffnen Sie nach dem Login Ihre Bibliothek, installieren Sie das Spiel und klicken Sie auf \u201eSpielen\u201c.  Nach ein paar Minuten beende das Spiel und schalte Steam in den Offline-Modus \u2013 und schon bist du bereit f\u00fcr stundenlangen, aufregenden Spielspa\u00df!<\/p>\n<p>F\u00fcr eine umfassende Einrichtung lies dir unseren <a href=\"https:\/\/orkza.com\/de\/steam-account-activation-guide\/\" target=\"_blank\" rel=\"noopener\">Steam-Konto-Aktivierungsleitfaden<\/a> durch.<\/p>\n<p>Entdecke unsere neuesten <a href=\"https:\/\/orkza.com\/de\/produkt-kategorie\/pc-spiele\/\" target=\"_blank\" rel=\"noopener\">PC-SPIELE<\/a><\/p>\n","protected":false},"excerpt":{"rendered":"<article class=\"text-token-text-primary w-full focus:outline-none scroll-mt-[calc(var(--header-height)+min(200px,max(70px,20svh)))]\" dir=\"auto\" tabindex=\"-1\" data-turn-id=\"825f8558-9f2b-458c-ad9a-5b51e35369c8\" data-testid=\"conversation-turn-286\" data-scroll-anchor=\"true\" data-turn=\"assistant\">\n<div class=\"text-base my-auto mx-auto pb-10 [--thread-content-margin:--spacing(4)] thread-sm:[--thread-content-margin:--spacing(6)] thread-lg:[--thread-content-margin:--spacing(16)] px-(--thread-content-margin)\">\n<div class=\"[--thread-content-max-width:40rem] thread-lg:[--thread-content-max-width:48rem] mx-auto max-w-(--thread-content-max-width) flex-1 group\/turn-messages focus-visible:outline-hidden relative flex w-full min-w-0 flex-col agent-turn\" tabindex=\"-1\">\n<div class=\"flex max-w-full flex-col grow\">\n<div class=\"min-h-8 text-message relative flex w-full flex-col items-end gap-2 text-start break-words whitespace-normal [.text-message+&amp;]:mt-5\" dir=\"auto\" data-message-author-role=\"assistant\" data-message-id=\"2928a0af-c8b9-4771-8af5-a56ec1451607\" data-message-model-slug=\"gpt-5\">\n<div class=\"flex w-full flex-col gap-1 empty:hidden first:pt-[3px]\">\n<div class=\"markdown prose dark:prose-invert w-full break-words dark markdown-new-styling\">\n<article class=\"text-token-text-primary w-full focus:outline-none scroll-mt-[calc(var(--header-height)+min(200px,max(70px,20svh)))]\" dir=\"auto\" tabindex=\"-1\" data-turn-id=\"4853738f-41d9-4361-acbd-da104adcb5f6\" data-testid=\"conversation-turn-288\" data-scroll-anchor=\"true\" data-turn=\"assistant\">\n<div class=\"text-base my-auto mx-auto pb-10 [--thread-content-margin:--spacing(4)] thread-sm:[--thread-content-margin:--spacing(6)] thread-lg:[--thread-content-margin:--spacing(16)] px-(--thread-content-margin)\">\n<div class=\"[--thread-content-max-width:40rem] thread-lg:[--thread-content-max-width:48rem] mx-auto max-w-(--thread-content-max-width) flex-1 group\/turn-messages focus-visible:outline-hidden relative flex w-full min-w-0 flex-col agent-turn\" tabindex=\"-1\">\n<div class=\"flex max-w-full flex-col grow\">\n<div class=\"min-h-8 text-message relative flex w-full flex-col items-end gap-2 text-start break-words whitespace-normal [.text-message+&amp;]:mt-5\" dir=\"auto\" data-message-author-role=\"assistant\" data-message-id=\"5f2e51b3-f20e-438b-8196-6d76021c77fc\" data-message-model-slug=\"gpt-5\">\n<div class=\"flex w-full flex-col gap-1 empty:hidden first:pt-[3px]\">\n<div class=\"markdown prose dark:prose-invert w-full break-words dark markdown-new-styling\">\n<article class=\"text-token-text-primary w-full focus:outline-none [--shadow-height:45px] has-data-writing-block:pointer-events-none has-data-writing-block:-mt-(--shadow-height) has-data-writing-block:pt-(--shadow-height) [&amp;:has([data-writing-block])&gt;*]:pointer-events-auto [content-visibility:auto] supports-[content-visibility:auto]:[contain-intrinsic-size:auto_100lvh] scroll-mt-[calc(var(--header-height)+min(200px,max(70px,20svh)))]\" dir=\"auto\" tabindex=\"-1\" data-turn-id=\"d6e75f15-d912-41e6-94be-dd04c9f38be2\" data-testid=\"conversation-turn-300\" data-scroll-anchor=\"false\" data-turn=\"assistant\">\n<div class=\"text-base my-auto mx-auto [--thread-content-margin:--spacing(4)] thread-sm:[--thread-content-margin:--spacing(6)] thread-lg:[--thread-content-margin:--spacing(16)] px-(--thread-content-margin)\">\n<div class=\"[--thread-content-max-width:40rem] thread-lg:[--thread-content-max-width:48rem] mx-auto max-w-(--thread-content-max-width) flex-1 group\/turn-messages focus-visible:outline-hidden relative flex w-full min-w-0 flex-col agent-turn\" tabindex=\"-1\">\n<div class=\"flex max-w-full flex-col grow\">\n<div class=\"min-h-8 text-message relative flex w-full flex-col items-end gap-2 text-start break-words whitespace-normal [.text-message+&amp;]:mt-1\" dir=\"auto\" data-message-author-role=\"assistant\" data-message-id=\"d6e75f15-d912-41e6-94be-dd04c9f38be2\" data-message-model-slug=\"gpt-5\">\n<div class=\"flex w-full flex-col gap-1 empty:hidden first:pt-[1px]\">\n<div class=\"markdown prose dark:prose-invert w-full break-words dark markdown-new-styling\">\n<p data-start=\"4780\" data-end=\"4891\" data-is-last-node=\"\" data-is-only-node=\"\">Bauen, \u00fcberleben und verteidigen Sie Ihre Kolonie in einer Welt, die von Milliarden Infizierten \u00fcberrannt wird.<\/p>\n<\/div>\n<\/div>\n<\/div>\n<\/div>\n<\/div>\n<\/div>\n<\/article>\n<\/div>\n<\/div>\n<\/div>\n<\/div>\n<\/div>\n<\/div>\n<\/article>\n<\/div>\n<\/div>\n<\/div>\n<\/div>\n<\/div>\n<\/div>\n<\/article>\n<p><img decoding=\"async\" class=\"alignnone wp-image-3526\" src=\"https:\/\/orkza.com\/wp-content\/uploads\/2024\/10\/Steam-Account-Notice-min-300x300.png\" alt=\"\" width=\"41\" height=\"41\" srcset=\"https:\/\/orkza.com\/wp-content\/uploads\/2024\/10\/Steam-Account-Notice-min-300x300.png 300w, https:\/\/orkza.com\/wp-content\/uploads\/2024\/10\/Steam-Account-Notice-min-scaled-430x430.png 430w, https:\/\/orkza.com\/wp-content\/uploads\/2024\/10\/Steam-Account-Notice-min-150x150.png 150w, https:\/\/orkza.com\/wp-content\/uploads\/2024\/10\/Steam-Account-Notice-min-scaled-700x700.png 700w, https:\/\/orkza.com\/wp-content\/uploads\/2024\/10\/Steam-Account-Notice-min-800x800.png 800w, https:\/\/orkza.com\/wp-content\/uploads\/2024\/10\/Steam-Account-Notice-min-768x768.png 768w, https:\/\/orkza.com\/wp-content\/uploads\/2024\/10\/Steam-Account-Notice-min-1536x1536.png 1536w, https:\/\/orkza.com\/wp-content\/uploads\/2024\/10\/Steam-Account-Notice-min-2048x2048.png 2048w\" sizes=\"(max-width: 41px) 100vw, 41px\" \/><strong>Hinweis: Kontodaten k\u00f6nnen nicht ge\u00e4ndert werden. Dies ist ein Steam-Konto mit lebenslangem Zugriff, nur Offline-Spiel. <\/strong><\/p>\n","protected":false},"featured_media":17007,"comment_status":"open","ping_status":"closed","template":"","meta":[],"product_brand":[],"product_cat":[223],"product_tag":[249],"class_list":{"0":"post-17006","1":"product","2":"type-product","3":"status-publish","4":"has-post-thumbnail","6":"product_cat-strategiespiele","7":"product_tag-steam","9":"first","10":"instock","11":"sale","12":"virtual","13":"purchasable","14":"product-type-simple"},"_links":{"self":[{"href":"https:\/\/orkza.com\/de\/wp-json\/wp\/v2\/product\/17006","targetHints":{"allow":["GET"]}}],"collection":[{"href":"https:\/\/orkza.com\/de\/wp-json\/wp\/v2\/product"}],"about":[{"href":"https:\/\/orkza.com\/de\/wp-json\/wp\/v2\/types\/product"}],"replies":[{"embeddable":true,"href":"https:\/\/orkza.com\/de\/wp-json\/wp\/v2\/comments?post=17006"}],"version-history":[{"count":0,"href":"https:\/\/orkza.com\/de\/wp-json\/wp\/v2\/product\/17006\/revisions"}],"wp:featuredmedia":[{"embeddable":true,"href":"https:\/\/orkza.com\/de\/wp-json\/wp\/v2\/media\/17007"}],"wp:attachment":[{"href":"https:\/\/orkza.com\/de\/wp-json\/wp\/v2\/media?parent=17006"}],"wp:term":[{"taxonomy":"product_brand","embeddable":true,"href":"https:\/\/orkza.com\/de\/wp-json\/wp\/v2\/product_brand?post=17006"},{"taxonomy":"product_cat","embeddable":true,"href":"https:\/\/orkza.com\/de\/wp-json\/wp\/v2\/product_cat?post=17006"},{"taxonomy":"product_tag","embeddable":true,"href":"https:\/\/orkza.com\/de\/wp-json\/wp\/v2\/product_tag?post=17006"}],"curies":[{"name":"wp","href":"https:\/\/api.w.org\/{rel}","templated":true}]}}