{"id":16999,"date":"2025-10-03T20:58:21","date_gmt":"2025-10-03T20:58:21","guid":{"rendered":"https:\/\/orkza.com\/product\/hitman-3-steam-account\/"},"modified":"2026-02-26T05:41:53","modified_gmt":"2026-02-26T05:41:53","slug":"hitman-3-steam-account","status":"publish","type":"product","link":"https:\/\/orkza.com\/de\/produkt\/hitman-3-steam-account\/","title":{"rendered":"Hitman 3 Steam-Account"},"content":{"rendered":"<h2 data-start=\"1549\" data-end=\"1617\"><strong data-start=\"1553\" data-end=\"1617\">Hitman 3 Steam-Account \u2013 Werden Sie zum ultimativen Silent Assassin<\/strong><\/h2>\n<p class=\"\" data-start=\"1619\" data-end=\"1856\">Spielen Sie <a href=\"https:\/\/store.steampowered.com\/app\/1659040\/HITMAN_World_of_Assassination\/\" target=\"_blank\" rel=\"noopener\"><em data-start=\"1624\" data-end=\"1634\">Hitman 3<\/em><\/a> \u00fcber unseren Steam-Account und betreten Sie eine Welt voller Stealth, Strategie und Attentate. Als Agent 47 reisen Sie an sechs exotische Orte, um hochkar\u00e4tige Ziele mit Verkleidungen, Ablenkungen und t\u00f6dlicher Pr\u00e4zision auszuschalten. <\/p>\n<h3 data-start=\"1858\" data-end=\"1886\"><strong data-start=\"1863\" data-end=\"1886\">Vollst\u00e4ndige Handlungsfreiheit<\/strong><\/h3>\n<p class=\"\" data-start=\"1888\" data-end=\"2141\">Egal, ob Sie mit gezogenen Waffen st\u00fcrmen oder mit einer Verkleidung untertauchen \u2013 <em data-start=\"1948\" data-end=\"1958\">Hitman 3<\/em> belohnt kreative Probleml\u00f6sungen. Nutzen Sie Gift, Fallen, Scharfsch\u00fctzengewehre oder eine einfache Klavierseite, um Ihre Mission zu erf\u00fcllen. Der Wiederspielwert ist dank unz\u00e4hliger L\u00f6sungswege pro Level extrem hoch.  <\/p>\n<h3 data-start=\"2143\" data-end=\"2177\"><strong data-start=\"2148\" data-end=\"2177\">Atemberaubende weltweite Schaupl\u00e4tze<\/strong><\/h3>\n<p class=\"\" data-start=\"2179\" data-end=\"2401\">Von den Wolkenkratzern in Dubai bis zu den Weinbergen Argentiniens ist jeder Ort detailreich gestaltet und voller Geheimnisse. Die \u201eWorld of Assassination\u201c-Trilogie ist zudem vollst\u00e4ndig integriert, sodass Sie Level aus Hitman 1 und 2 importieren k\u00f6nnen. <\/p>\n<h3>So nutzen Sie Ihren Hitman 3 Steam-Account<\/h3>\n<p><img decoding=\"async\" class=\"alignnone wp-image-3511\" src=\"https:\/\/orkza.com\/wp-content\/uploads\/2024\/10\/STEAM-ACTIVATION-GUIDE-400x225.jpg\" alt=\"\" width=\"804\" height=\"453\" title=\"\" srcset=\"https:\/\/orkza.com\/wp-content\/uploads\/2024\/10\/STEAM-ACTIVATION-GUIDE-400x225.jpg 400w, https:\/\/orkza.com\/wp-content\/uploads\/2024\/10\/STEAM-ACTIVATION-GUIDE-430x242.jpg 430w, https:\/\/orkza.com\/wp-content\/uploads\/2024\/10\/STEAM-ACTIVATION-GUIDE-150x84.jpg 150w, https:\/\/orkza.com\/wp-content\/uploads\/2024\/10\/STEAM-ACTIVATION-GUIDE-700x394.jpg 700w, https:\/\/orkza.com\/wp-content\/uploads\/2024\/10\/STEAM-ACTIVATION-GUIDE-768x432.jpg 768w, https:\/\/orkza.com\/wp-content\/uploads\/2024\/10\/STEAM-ACTIVATION-GUIDE.jpg 1280w\" sizes=\"(max-width: 804px) 100vw, 804px\" \/><\/p>\n<p>Melden Sie sich nach dem Kauf auf Ihrem PC beim bereitgestellten Steam-Konto an. \u00d6ffnen Sie nach dem Login Ihre Bibliothek, installieren Sie das Spiel und klicken Sie auf \u201eSpielen\u201c.  Beenden Sie nach ein paar Minuten das Spiel, stellen Sie Steam auf den Offline-Modus um \u2013 und schon k\u00f6nnen Sie stundenlang spannendes Gameplay genie\u00dfen!<\/p>\n<p>Detaillierte Informationen zur Einrichtung finden Sie in unserem <a href=\"https:\/\/orkza.com\/de\/steam-account-activation-guide\/\" target=\"_blank\" rel=\"noopener\">vollst\u00e4ndigen Aktivierungsleitfaden<\/a>.<\/p>\n<h3 data-start=\"2403\" data-end=\"2439\"><strong data-start=\"2408\" data-end=\"2439\">Minimale Systemanforderungen<\/strong><\/h3>\n<ul data-start=\"2440\" data-end=\"2613\">\n<li class=\"\" data-start=\"2440\" data-end=\"2467\">\n<p class=\"\" data-start=\"2442\" data-end=\"2467\">Betriebssystem: Windows 10 (64-Bit)<\/p>\n<\/li>\n<li class=\"\" data-start=\"2468\" data-end=\"2525\">\n<p class=\"\" data-start=\"2470\" data-end=\"2525\">Prozessor: Intel Core i5-2500K \/ AMD Phenom II X4 940<\/p>\n<\/li>\n<li class=\"\" data-start=\"2526\" data-end=\"2546\">\n<p class=\"\" data-start=\"2528\" data-end=\"2546\">Arbeitsspeicher: 8 GB RAM<\/p>\n<\/li>\n<li class=\"\" data-start=\"2547\" data-end=\"2596\">\n<p class=\"\" data-start=\"2549\" data-end=\"2596\">Grafikkarte: NVIDIA GTX 660 \/ AMD Radeon HD 7870<\/p>\n<\/li>\n<li class=\"\" data-start=\"2597\" data-end=\"2613\">\n<p class=\"\" data-start=\"2599\" data-end=\"2613\">Speicherplatz: 80 GB<\/p>\n<\/li>\n<\/ul>\n<h3 data-start=\"2615\" data-end=\"2655\"><strong data-start=\"2620\" data-end=\"2655\">Empfohlene Systemanforderungen<\/strong><\/h3>\n<ul data-start=\"2656\" data-end=\"2825\">\n<li class=\"\" data-start=\"2656\" data-end=\"2686\">\n<p class=\"\" data-start=\"2658\" data-end=\"2686\">Betriebssystem: Windows 10\/11 (64-Bit)<\/p>\n<\/li>\n<li class=\"\" data-start=\"2687\" data-end=\"2739\">\n<p class=\"\" data-start=\"2689\" data-end=\"2739\">Prozessor: Intel Core i7-4790 \/ AMD Ryzen 5 1600<\/p>\n<\/li>\n<li class=\"\" data-start=\"2740\" data-end=\"2761\">\n<p class=\"\" data-start=\"2742\" data-end=\"2761\">Arbeitsspeicher: 16 GB RAM<\/p>\n<\/li>\n<li class=\"\" data-start=\"2762\" data-end=\"2808\">\n<p class=\"\" data-start=\"2764\" data-end=\"2808\">Grafikkarte: NVIDIA GTX 1070 \/ AMD RX Vega 56<\/p>\n<\/li>\n<li class=\"\" data-start=\"2809\" data-end=\"2825\">\n<p class=\"\" data-start=\"2811\" data-end=\"2825\">Speicherplatz: 80 GB<\/p>\n<\/li>\n<\/ul>\n<p>Entdecken Sie unsere neuesten <a href=\"https:\/\/orkza.com\/de\/produkt-kategorie\/pc-spiele\/\" target=\"_blank\" rel=\"noopener\">Game-Accounts<\/a><\/p>\n","protected":false},"excerpt":{"rendered":"<p class=\"\" data-start=\"210\" data-end=\"338\"><em data-start=\"228\" data-end=\"338\">Schl\u00fcpfen Sie in die Rolle von Agent 47. Planen Sie, f\u00fchren Sie aus und verschwinden Sie weltweit mit unserem Hitman 3 Steam-Account! <\/em><\/p>\n<p><img decoding=\"async\" class=\"alignnone wp-image-3526\" src=\"https:\/\/orkza.com\/wp-content\/uploads\/2024\/10\/Steam-Account-Notice-min-300x300.png\" alt=\"\" width=\"45\" height=\"45\" srcset=\"https:\/\/orkza.com\/wp-content\/uploads\/2024\/10\/Steam-Account-Notice-min-300x300.png 300w, https:\/\/orkza.com\/wp-content\/uploads\/2024\/10\/Steam-Account-Notice-min-scaled-430x430.png 430w, https:\/\/orkza.com\/wp-content\/uploads\/2024\/10\/Steam-Account-Notice-min-150x150.png 150w, https:\/\/orkza.com\/wp-content\/uploads\/2024\/10\/Steam-Account-Notice-min-scaled-700x700.png 700w, https:\/\/orkza.com\/wp-content\/uploads\/2024\/10\/Steam-Account-Notice-min-800x800.png 800w, https:\/\/orkza.com\/wp-content\/uploads\/2024\/10\/Steam-Account-Notice-min-768x768.png 768w, https:\/\/orkza.com\/wp-content\/uploads\/2024\/10\/Steam-Account-Notice-min-1536x1536.png 1536w, https:\/\/orkza.com\/wp-content\/uploads\/2024\/10\/Steam-Account-Notice-min-2048x2048.png 2048w\" sizes=\"(max-width: 45px) 100vw, 45px\" \/><strong>Hinweis: Kontodaten k\u00f6nnen nicht ge\u00e4ndert werden. Dies ist ein Steam-Konto mit lebenslangem Zugriff, nur Offline-Spiel. <\/strong><\/p>\n","protected":false},"featured_media":17000,"comment_status":"open","ping_status":"closed","template":"","meta":[],"product_brand":[],"product_cat":[216],"product_tag":[249],"class_list":{"0":"post-16999","1":"product","2":"type-product","3":"status-publish","4":"has-post-thumbnail","6":"product_cat-action","7":"product_tag-steam","9":"first","10":"instock","11":"sale","12":"virtual","13":"purchasable","14":"product-type-simple"},"_links":{"self":[{"href":"https:\/\/orkza.com\/de\/wp-json\/wp\/v2\/product\/16999","targetHints":{"allow":["GET"]}}],"collection":[{"href":"https:\/\/orkza.com\/de\/wp-json\/wp\/v2\/product"}],"about":[{"href":"https:\/\/orkza.com\/de\/wp-json\/wp\/v2\/types\/product"}],"replies":[{"embeddable":true,"href":"https:\/\/orkza.com\/de\/wp-json\/wp\/v2\/comments?post=16999"}],"version-history":[{"count":0,"href":"https:\/\/orkza.com\/de\/wp-json\/wp\/v2\/product\/16999\/revisions"}],"wp:featuredmedia":[{"embeddable":true,"href":"https:\/\/orkza.com\/de\/wp-json\/wp\/v2\/media\/17000"}],"wp:attachment":[{"href":"https:\/\/orkza.com\/de\/wp-json\/wp\/v2\/media?parent=16999"}],"wp:term":[{"taxonomy":"product_brand","embeddable":true,"href":"https:\/\/orkza.com\/de\/wp-json\/wp\/v2\/product_brand?post=16999"},{"taxonomy":"product_cat","embeddable":true,"href":"https:\/\/orkza.com\/de\/wp-json\/wp\/v2\/product_cat?post=16999"},{"taxonomy":"product_tag","embeddable":true,"href":"https:\/\/orkza.com\/de\/wp-json\/wp\/v2\/product_tag?post=16999"}],"curies":[{"name":"wp","href":"https:\/\/api.w.org\/{rel}","templated":true}]}}