{"id":16972,"date":"2025-10-03T23:09:12","date_gmt":"2025-10-03T23:09:12","guid":{"rendered":"https:\/\/orkza.com\/product\/a-plague-tale-requiem-steam-account\/"},"modified":"2026-02-26T05:41:07","modified_gmt":"2026-02-26T05:41:07","slug":"a-plague-tale-requiem-steam-account","status":"publish","type":"product","link":"https:\/\/orkza.com\/de\/produkt\/a-plague-tale-requiem-steam-account\/","title":{"rendered":"A Plague Tale: Requiem Steam-Konto"},"content":{"rendered":"<h2><span data-preserver-spaces=\"true\">A Plague Tale: Requiem Steam-Konto \u2013 Tauchen Sie ein in ein fesselndes Abenteuer<\/span><\/h2>\n<p><span data-preserver-spaces=\"true\">Betreten Sie die dunkle &amp; brutale Welt von <a href=\"https:\/\/store.steampowered.com\/app\/1182900\/A_Plague_Tale_Requiem\/\" target=\"_blank\" rel=\"noopener\">A Plague Tale: Requiem<\/a> mit Ihrem Steam-Konto! Das Original: Ein von der Kritik gefeiertes Action-Adventure-Spiel, das die Grenze zwischen Spielen und Filmen verwischt. Folgen Sie Amicia und ihrem Bruder Hugo auf ihrem Versuch, in einer harten, von Konflikten heimgesuchten Welt zu \u00fcberleben. Als Fortsetzung von A Plague Tale: Innocence erweitert Requiem die packende Erz\u00e4hlung und die einzigartige Mischung aus Abenteuer der Serie.   <\/span><\/p>\n<p><img decoding=\"async\" class=\"alignnone wp-image-3505\" src=\"https:\/\/orkza.com\/wp-content\/uploads\/2024\/10\/Plague-Requiem-400x225.jpg\" alt=\"A Plague Tale: Requiem Cover\" width=\"803\" height=\"452\" title=\"\" srcset=\"https:\/\/orkza.com\/wp-content\/uploads\/2024\/10\/Plague-Requiem-400x225.jpg 400w, https:\/\/orkza.com\/wp-content\/uploads\/2024\/10\/Plague-Requiem-430x242.jpg 430w, https:\/\/orkza.com\/wp-content\/uploads\/2024\/10\/Plague-Requiem-150x84.jpg 150w, https:\/\/orkza.com\/wp-content\/uploads\/2024\/10\/Plague-Requiem-700x394.jpg 700w, https:\/\/orkza.com\/wp-content\/uploads\/2024\/10\/Plague-Requiem-768x432.jpg 768w, https:\/\/orkza.com\/wp-content\/uploads\/2024\/10\/Plague-Requiem.jpg 800w\" sizes=\"(max-width: 803px) 100vw, 803px\" \/><\/p>\n<h3><span data-preserver-spaces=\"true\">Gro\u00dfartige Story, vielschichtige Charaktere<\/span><\/h3>\n<p><span data-preserver-spaces=\"true\">Begleiten Sie Amicia und ihren Bruder Hugo auf einer gef\u00e4hrlichen Reise durch das Frankreich des 14. Jahrhunderts auf der Suche nach dem einzigen Zufluchtsort, den sie finden k\u00f6nnen, w\u00e4hrend sie Truppen und Pestratten <\/span><span data-preserver-spaces=\"true\">gleicherma\u00dfen<\/span> ausweichen<span data-preserver-spaces=\"true\">. Gemeinsam werden sie scheinbar un\u00fcberwindlichen Herausforderungen und \u00fcberw\u00e4ltigenden Widrigkeiten gegen\u00fcberstehen, die ihre Bindung auf die Probe stellen werden. Mit jedem Durchspielen enth\u00fcllen Sie eine wundersch\u00f6n eindringliche Welt voller Mysterien, Schrecken und meisterhaftem Storytelling. <\/span><\/p>\n<h3><span data-preserver-spaces=\"true\">Beeindruckende Grafik, spannende Gameplay-Mechaniken<\/span><\/h3>\n<p><strong><span data-preserver-spaces=\"true\">A Plague Tale:<\/span><\/strong><span data-preserver-spaces=\"true\">  Requiem erweckt die hochwertige Grafik, die Sie von einer meisterhaft gestalteten Szene erwarten k\u00f6nnen, zum Leben. Umgebungen, Charakterausdr\u00fccke und atmosph\u00e4rische Details lassen diese mittelalterliche Welt lebendig werden und verleihen dem Spiel Substanz. Das Ergebnis ist ein fesselnder Rhythmus, der durch innovative Stealth-Mechaniken, anspruchsvolle R\u00e4tsel und Action-Szenen bei den Spielern ankommt. Jeder Teil dieses Spiels ist sorgf\u00e4ltig gestaltet, um Sie zu fesseln \u2013 ob Sie Feinden ausweichen, Umgebungsr\u00e4tsel l\u00f6sen oder sich intensiven moralischen Entscheidungen stellen.   <\/span><\/p>\n<h3>So nutzen Sie Ihr <strong><span data-preserver-spaces=\"true\">A Plague Tale:<\/span><\/strong><span data-preserver-spaces=\"true\"> Requiem<\/span> Steam-Konto<\/h3>\n<p><img decoding=\"async\" class=\"alignnone wp-image-3511\" src=\"https:\/\/orkza.com\/wp-content\/uploads\/2024\/10\/STEAM-ACTIVATION-GUIDE-400x225.jpg\" alt=\"\" width=\"804\" height=\"453\" title=\"\" srcset=\"https:\/\/orkza.com\/wp-content\/uploads\/2024\/10\/STEAM-ACTIVATION-GUIDE-400x225.jpg 400w, https:\/\/orkza.com\/wp-content\/uploads\/2024\/10\/STEAM-ACTIVATION-GUIDE-430x242.jpg 430w, https:\/\/orkza.com\/wp-content\/uploads\/2024\/10\/STEAM-ACTIVATION-GUIDE-150x84.jpg 150w, https:\/\/orkza.com\/wp-content\/uploads\/2024\/10\/STEAM-ACTIVATION-GUIDE-700x394.jpg 700w, https:\/\/orkza.com\/wp-content\/uploads\/2024\/10\/STEAM-ACTIVATION-GUIDE-768x432.jpg 768w, https:\/\/orkza.com\/wp-content\/uploads\/2024\/10\/STEAM-ACTIVATION-GUIDE.jpg 1280w\" sizes=\"(max-width: 804px) 100vw, 804px\" \/><\/p>\n<p>Melden Sie sich nach dem Kauf auf Ihrem PC beim bereitgestellten Steam-Konto an. \u00d6ffnen Sie nach dem Login Ihre Bibliothek, installieren Sie das Spiel und klicken Sie auf \u201eSpielen\u201c.  Beenden Sie nach ein paar Minuten das Spiel, stellen Sie Steam auf den Offline-Modus um \u2013 und schon k\u00f6nnen Sie stundenlang spannendes Gameplay genie\u00dfen!<\/p>\n<p>F\u00fcr einen umfassenden Einrichtungsprozess lesen Sie unsere <a href=\"https:\/\/orkza.com\/de\/steam-account-activation-guide\/\" target=\"_blank\" rel=\"noopener\">vollst\u00e4ndige Aktivierungsanleitung<\/a><\/p>\n<h3><strong>Mindestsystemanforderungen<\/strong><\/h3>\n<ul>\n<li>Betriebssystem: Windows 10 (64-bit)<\/li>\n<li>Prozessor: Intel Core i5-6600 oder AMD Ryzen 3 1200<\/li>\n<li>Arbeitsspeicher: 8 GB RAM<\/li>\n<li>Grafik: NVIDIA GeForce GTX 970, 4 GB oder AMD Radeon RX 590<\/li>\n<li>Speicherplatz: 55 GB verf\u00fcgbarer Speicherplatz<\/li>\n<\/ul>\n<h3><strong>Empfohlene Systemanforderungen<\/strong><\/h3>\n<ul>\n<li>Betriebssystem: Windows 10\/11 (64-bit)<\/li>\n<li>Prozessor: Intel Core i7-8700K oder AMD Ryzen 5 3600<\/li>\n<li>Arbeitsspeicher: 16 GB RAM<\/li>\n<li>Grafik: NVIDIA GeForce RTX 2060, 6 GB oder AMD Radeon RX 6700 XT<\/li>\n<li>Speicherplatz: 55 GB verf\u00fcgbarer Speicherplatz<\/li>\n<\/ul>\n<p>Entdecken Sie unsere neuesten <a href=\"https:\/\/orkza.com\/de\/produkt-kategorie\/pc-spiele\/\" target=\"_blank\" rel=\"noopener\">Spiele-Konten<\/a><\/p>\n","protected":false},"excerpt":{"rendered":"<p>Spielen Sie A Plague Tale: Requiem sofort mit diesem Steam-Konto. Tauchen Sie ein in eine d\u00fcstere, fesselnde Geschichte von \u00dcberleben und Widerstandskraft! <\/p>\n<p><img decoding=\"async\" class=\"alignnone wp-image-3526\" src=\"https:\/\/orkza.com\/wp-content\/uploads\/2024\/10\/Steam-Account-Notice-min-300x300.png\" alt=\"\" width=\"45\" height=\"45\" srcset=\"https:\/\/orkza.com\/wp-content\/uploads\/2024\/10\/Steam-Account-Notice-min-300x300.png 300w, https:\/\/orkza.com\/wp-content\/uploads\/2024\/10\/Steam-Account-Notice-min-scaled-430x430.png 430w, https:\/\/orkza.com\/wp-content\/uploads\/2024\/10\/Steam-Account-Notice-min-150x150.png 150w, https:\/\/orkza.com\/wp-content\/uploads\/2024\/10\/Steam-Account-Notice-min-scaled-700x700.png 700w, https:\/\/orkza.com\/wp-content\/uploads\/2024\/10\/Steam-Account-Notice-min-800x800.png 800w, https:\/\/orkza.com\/wp-content\/uploads\/2024\/10\/Steam-Account-Notice-min-768x768.png 768w, https:\/\/orkza.com\/wp-content\/uploads\/2024\/10\/Steam-Account-Notice-min-1536x1536.png 1536w, https:\/\/orkza.com\/wp-content\/uploads\/2024\/10\/Steam-Account-Notice-min-2048x2048.png 2048w\" sizes=\"(max-width: 45px) 100vw, 45px\" \/><strong>Hinweis: Kontodaten k\u00f6nnen nicht ge\u00e4ndert werden. Dies ist ein Steam-Konto mit lebenslangem Zugriff, nur Offline-Spiel. <\/strong><\/p>\n","protected":false},"featured_media":16979,"comment_status":"open","ping_status":"closed","template":"","meta":[],"product_brand":[],"product_cat":[217,216],"product_tag":[249],"class_list":{"0":"post-16972","1":"product","2":"type-product","3":"status-publish","4":"has-post-thumbnail","6":"product_cat-abenteuer","7":"product_cat-action","8":"product_tag-steam","10":"first","11":"instock","12":"sale","13":"virtual","14":"purchasable","15":"product-type-simple"},"_links":{"self":[{"href":"https:\/\/orkza.com\/de\/wp-json\/wp\/v2\/product\/16972","targetHints":{"allow":["GET"]}}],"collection":[{"href":"https:\/\/orkza.com\/de\/wp-json\/wp\/v2\/product"}],"about":[{"href":"https:\/\/orkza.com\/de\/wp-json\/wp\/v2\/types\/product"}],"replies":[{"embeddable":true,"href":"https:\/\/orkza.com\/de\/wp-json\/wp\/v2\/comments?post=16972"}],"version-history":[{"count":0,"href":"https:\/\/orkza.com\/de\/wp-json\/wp\/v2\/product\/16972\/revisions"}],"wp:featuredmedia":[{"embeddable":true,"href":"https:\/\/orkza.com\/de\/wp-json\/wp\/v2\/media\/16979"}],"wp:attachment":[{"href":"https:\/\/orkza.com\/de\/wp-json\/wp\/v2\/media?parent=16972"}],"wp:term":[{"taxonomy":"product_brand","embeddable":true,"href":"https:\/\/orkza.com\/de\/wp-json\/wp\/v2\/product_brand?post=16972"},{"taxonomy":"product_cat","embeddable":true,"href":"https:\/\/orkza.com\/de\/wp-json\/wp\/v2\/product_cat?post=16972"},{"taxonomy":"product_tag","embeddable":true,"href":"https:\/\/orkza.com\/de\/wp-json\/wp\/v2\/product_tag?post=16972"}],"curies":[{"name":"wp","href":"https:\/\/api.w.org\/{rel}","templated":true}]}}