{"id":16970,"date":"2025-10-03T20:58:27","date_gmt":"2025-10-03T20:58:27","guid":{"rendered":"https:\/\/orkza.com\/product\/lies-of-p-steam-account\/"},"modified":"2026-02-26T05:41:05","modified_gmt":"2026-02-26T05:41:05","slug":"lies-of-p-steam-account","status":"publish","type":"product","link":"https:\/\/orkza.com\/de\/produkt\/lies-of-p-steam-account\/","title":{"rendered":"Lies of P Steam-Account"},"content":{"rendered":"<h2 data-start=\"3555\" data-end=\"3627\"><strong data-start=\"3559\" data-end=\"3627\">Lies of P Steam-Account \u2013 Eine d\u00fcstere Neuinterpretation von Pinocchios Geschichte<\/strong><\/h2>\n<p class=\"\" data-start=\"3629\" data-end=\"3880\">Schalten Sie <a href=\"https:\/\/store.steampowered.com\/app\/1627720\/Lies_of_P\/\" target=\"_blank\" rel=\"noopener\"><em data-start=\"3636\" data-end=\"3647\">Lies of P<\/em><\/a> mit unserem Steam-Account frei und begeben Sie sich auf eine Reise durch eine gotische, horrorinspirierte Neuerz\u00e4hlung von Pinocchio. Dieses brutale Souls-like-Action-RPG zieht Spieler in die gefallene Stadt Krat, in der monstr\u00f6se Puppen umherstreifen und Entscheidungen Ihr Schicksal formen. <\/p>\n<h3 data-start=\"3882\" data-end=\"3920\"><strong data-start=\"3887\" data-end=\"3920\">Herausfordernder Soulsborne-Kampf<\/strong><\/h3>\n<p class=\"\" data-start=\"3922\" data-end=\"4177\">Inspiriert von Titeln wie <em data-start=\"3946\" data-end=\"3958\">Bloodborne<\/em> und <em data-start=\"3963\" data-end=\"3971\">Sekiro<\/em> bietet <em data-start=\"3973\" data-end=\"3984\">Lies of P<\/em> straffe, reaktionsschnelle K\u00e4mpfe, in denen Pr\u00e4zision, Timing und Strategie entscheidend sind. Meistern Sie vielf\u00e4ltige Waffenkombinationen und Legion-Arm-Upgrades, um groteske Gegner und verdrehte Bosse zu besiegen. <\/p>\n<h3 data-start=\"4179\" data-end=\"4206\"><strong data-start=\"4184\" data-end=\"4206\">Einzigartiges L\u00fcgen-System<\/strong><\/h3>\n<p class=\"\" data-start=\"4208\" data-end=\"4410\">Die \u201eL\u00fcge\u201c-Mechanik l\u00e4sst Sie Pinocchios Menschlichkeit formen. Ihre L\u00fcgen (oder Wahrheiten) beeinflussen den Verlauf der Geschichte, Beziehungen zu Charakteren und das Ende des Spiels. Bleiben Sie eine Puppe oder werden Sie menschlich?  <\/p>\n<h3 data-start=\"4412\" data-end=\"4459\"><strong data-start=\"4417\" data-end=\"4459\">Viktorianischer Horror trifft Steampunk-Stil<\/strong><\/h3>\n<p class=\"\" data-start=\"4461\" data-end=\"4660\">Krat ist eine wundersch\u00f6n verfallende Stadt voller mechanischer Schrecken und erz\u00e4hlerischer Umgebungsdetails. Erkunden Sie br\u00f6ckelnde Geb\u00e4ude, heimgesuchte Fabriken und verfluchte Stra\u00dfen auf der Suche nach Antworten \u2013 und Rache. <\/p>\n<h3>So nutzen Sie Ihren Lies of P Steam-Account<\/h3>\n<p><img decoding=\"async\" class=\"alignnone wp-image-3511\" src=\"https:\/\/orkza.com\/wp-content\/uploads\/2024\/10\/STEAM-ACTIVATION-GUIDE-400x225.jpg\" alt=\"\" width=\"804\" height=\"453\" title=\"\" srcset=\"https:\/\/orkza.com\/wp-content\/uploads\/2024\/10\/STEAM-ACTIVATION-GUIDE-400x225.jpg 400w, https:\/\/orkza.com\/wp-content\/uploads\/2024\/10\/STEAM-ACTIVATION-GUIDE-430x242.jpg 430w, https:\/\/orkza.com\/wp-content\/uploads\/2024\/10\/STEAM-ACTIVATION-GUIDE-150x84.jpg 150w, https:\/\/orkza.com\/wp-content\/uploads\/2024\/10\/STEAM-ACTIVATION-GUIDE-700x394.jpg 700w, https:\/\/orkza.com\/wp-content\/uploads\/2024\/10\/STEAM-ACTIVATION-GUIDE-768x432.jpg 768w, https:\/\/orkza.com\/wp-content\/uploads\/2024\/10\/STEAM-ACTIVATION-GUIDE.jpg 1280w\" sizes=\"(max-width: 804px) 100vw, 804px\" \/><\/p>\n<p>Melden Sie sich nach dem Kauf auf Ihrem PC beim bereitgestellten Steam-Konto an. \u00d6ffnen Sie nach dem Login Ihre Bibliothek, installieren Sie das Spiel und klicken Sie auf \u201eSpielen\u201c.  Beenden Sie nach ein paar Minuten das Spiel, stellen Sie Steam auf den Offline-Modus um \u2013 und schon k\u00f6nnen Sie stundenlang spannendes Gameplay genie\u00dfen!<\/p>\n<p>F\u00fcr einen umfassenden Einrichtungsprozess lesen Sie bitte unseren <a href=\"https:\/\/orkza.com\/de\/steam-account-activation-guide\/\" target=\"_blank\" rel=\"noopener\">vollst\u00e4ndigen Aktivierungsleitfaden<\/a><\/p>\n<h3 data-start=\"4662\" data-end=\"4698\"><strong data-start=\"4667\" data-end=\"4698\">Minimale Systemanforderungen<\/strong><\/h3>\n<ul data-start=\"4700\" data-end=\"4876\">\n<li class=\"\" data-start=\"4700\" data-end=\"4727\">\n<p class=\"\" data-start=\"4702\" data-end=\"4727\">OS: Windows 10 (64-bit)<\/p>\n<\/li>\n<li class=\"\" data-start=\"4728\" data-end=\"4780\">\n<p class=\"\" data-start=\"4730\" data-end=\"4780\">Prozessor: Intel Core i5-7500 \/ AMD Ryzen 3 1200<\/p>\n<\/li>\n<li class=\"\" data-start=\"4781\" data-end=\"4802\">\n<p class=\"\" data-start=\"4783\" data-end=\"4802\">Arbeitsspeicher: 16 GB RAM<\/p>\n<\/li>\n<li class=\"\" data-start=\"4803\" data-end=\"4855\">\n<p class=\"\" data-start=\"4805\" data-end=\"4855\">Grafik: NVIDIA GTX 1050 Ti \/ AMD Radeon RX 560<\/p>\n<\/li>\n<li class=\"\" data-start=\"4856\" data-end=\"4876\">\n<p class=\"\" data-start=\"4858\" data-end=\"4876\">Speicher: 50 GB SSD<\/p>\n<\/li>\n<\/ul>\n<h3 data-start=\"4878\" data-end=\"4918\"><strong data-start=\"4883\" data-end=\"4918\">Empfohlene Systemanforderungen<\/strong><\/h3>\n<ul data-start=\"4920\" data-end=\"5090\">\n<li class=\"\" data-start=\"4920\" data-end=\"4950\">\n<p class=\"\" data-start=\"4922\" data-end=\"4950\">OS: Windows 10\/11 (64-bit)<\/p>\n<\/li>\n<li class=\"\" data-start=\"4951\" data-end=\"5003\">\n<p class=\"\" data-start=\"4953\" data-end=\"5003\">Prozessor: Intel Core i7-8700 \/ AMD Ryzen 5 3600<\/p>\n<\/li>\n<li class=\"\" data-start=\"5004\" data-end=\"5025\">\n<p class=\"\" data-start=\"5006\" data-end=\"5025\">Arbeitsspeicher: 16 GB RAM<\/p>\n<\/li>\n<li class=\"\" data-start=\"5026\" data-end=\"5069\">\n<p class=\"\" data-start=\"5028\" data-end=\"5069\">Grafik: NVIDIA RTX 2060 \/ AMD RX 6700<\/p>\n<\/li>\n<li class=\"\" data-start=\"5070\" data-end=\"5090\">\n<p class=\"\" data-start=\"5072\" data-end=\"5090\">Speicher: 50 GB SSD<\/p>\n<\/li>\n<\/ul>\n<p>Entdecken Sie unsere neuesten <a href=\"https:\/\/orkza.com\/de\/produkt-kategorie\/pc-spiele\/\" target=\"_blank\" rel=\"noopener\">Game-Accounts<\/a><\/p>\n","protected":false},"excerpt":{"rendered":"<p>K\u00e4mpfen Sie gegen brutale Feinde in einer d\u00fcsteren Neuinterpretation von Pinocchios Geschichte. Erkunden Sie Krat und formen Sie Ihr Schicksal in Lies of P mit unserem Steam-Account. <\/p>\n<p><img decoding=\"async\" class=\"alignnone wp-image-3526\" src=\"https:\/\/orkza.com\/wp-content\/uploads\/2024\/10\/Steam-Account-Notice-min-300x300.png\" alt=\"\" width=\"45\" height=\"45\" srcset=\"https:\/\/orkza.com\/wp-content\/uploads\/2024\/10\/Steam-Account-Notice-min-300x300.png 300w, https:\/\/orkza.com\/wp-content\/uploads\/2024\/10\/Steam-Account-Notice-min-scaled-430x430.png 430w, https:\/\/orkza.com\/wp-content\/uploads\/2024\/10\/Steam-Account-Notice-min-150x150.png 150w, https:\/\/orkza.com\/wp-content\/uploads\/2024\/10\/Steam-Account-Notice-min-scaled-700x700.png 700w, https:\/\/orkza.com\/wp-content\/uploads\/2024\/10\/Steam-Account-Notice-min-800x800.png 800w, https:\/\/orkza.com\/wp-content\/uploads\/2024\/10\/Steam-Account-Notice-min-768x768.png 768w, https:\/\/orkza.com\/wp-content\/uploads\/2024\/10\/Steam-Account-Notice-min-1536x1536.png 1536w, https:\/\/orkza.com\/wp-content\/uploads\/2024\/10\/Steam-Account-Notice-min-2048x2048.png 2048w\" sizes=\"(max-width: 45px) 100vw, 45px\" \/><strong>Hinweis: Kontodaten k\u00f6nnen nicht ge\u00e4ndert werden. Dies ist ein Steam-Konto mit lebenslangem Zugriff, nur Offline-Spiel. <\/strong><\/p>\n","protected":false},"featured_media":16971,"comment_status":"open","ping_status":"closed","template":"","meta":[],"product_brand":[],"product_cat":[216],"product_tag":[249],"class_list":{"0":"post-16970","1":"product","2":"type-product","3":"status-publish","4":"has-post-thumbnail","6":"product_cat-action","7":"product_tag-steam","9":"first","10":"instock","11":"sale","12":"virtual","13":"purchasable","14":"product-type-simple"},"_links":{"self":[{"href":"https:\/\/orkza.com\/de\/wp-json\/wp\/v2\/product\/16970","targetHints":{"allow":["GET"]}}],"collection":[{"href":"https:\/\/orkza.com\/de\/wp-json\/wp\/v2\/product"}],"about":[{"href":"https:\/\/orkza.com\/de\/wp-json\/wp\/v2\/types\/product"}],"replies":[{"embeddable":true,"href":"https:\/\/orkza.com\/de\/wp-json\/wp\/v2\/comments?post=16970"}],"version-history":[{"count":0,"href":"https:\/\/orkza.com\/de\/wp-json\/wp\/v2\/product\/16970\/revisions"}],"wp:featuredmedia":[{"embeddable":true,"href":"https:\/\/orkza.com\/de\/wp-json\/wp\/v2\/media\/16971"}],"wp:attachment":[{"href":"https:\/\/orkza.com\/de\/wp-json\/wp\/v2\/media?parent=16970"}],"wp:term":[{"taxonomy":"product_brand","embeddable":true,"href":"https:\/\/orkza.com\/de\/wp-json\/wp\/v2\/product_brand?post=16970"},{"taxonomy":"product_cat","embeddable":true,"href":"https:\/\/orkza.com\/de\/wp-json\/wp\/v2\/product_cat?post=16970"},{"taxonomy":"product_tag","embeddable":true,"href":"https:\/\/orkza.com\/de\/wp-json\/wp\/v2\/product_tag?post=16970"}],"curies":[{"name":"wp","href":"https:\/\/api.w.org\/{rel}","templated":true}]}}