{"id":16943,"date":"2025-10-03T22:36:18","date_gmt":"2025-10-03T22:36:18","guid":{"rendered":"https:\/\/orkza.com\/product\/dead-space-remake-steam-account\/"},"modified":"2026-02-26T05:40:32","modified_gmt":"2026-02-26T05:40:32","slug":"dead-space-remake-steam-account","status":"publish","type":"product","link":"https:\/\/orkza.com\/de\/produkt\/dead-space-remake-steam-account\/","title":{"rendered":"Dead Space Remake Steam-Konto"},"content":{"rendered":"<h2>Dead Space Remake Steam-Konto \u2013 Erleben Sie den Horror in atemberaubendem Detail neu<\/h2>\n<p><span data-preserver-spaces=\"true\">Erleben Sie Survival-Horror wie nie zuvor. Schl\u00fcpfen Sie (sozusagen) in die Haut von Isaac Clarke und nutzen Sie unser Steam-Konto; Sie begeben sich auf eine Reise in die eisigen Tiefen von <a href=\"https:\/\/store.steampowered.com\/app\/1693980\/Dead_Space\/\" target=\"_blank\" rel=\"noopener\">Dead Space Remake<\/a>. Dieses Remake ist mehr als nur eine Neuauflage der Originalversion von 2008, es wurde von Grund auf neu entwickelt und bietet eine unbegrenzte Bildrate sowie native Unterst\u00fctzung f\u00fcr h\u00f6here Aufl\u00f6sungen. In dieser furchterregenden Geschichte eines im Weltraum gefangenen Mannes muss Ingenieur Isaac Clarke seine Erfahrung und sein Wissen nutzen, um die b\u00f6se Pr\u00e4senz an Bord der USG Ishimura abzuwehren.   <\/span><\/p>\n<p><img decoding=\"async\" class=\"alignnone wp-image-3667 \" src=\"https:\/\/orkza.com\/wp-content\/uploads\/2024\/10\/Dead-Space-Remake-Gameplay-2--400x225.jpg\" alt=\"Dead Space Remake Gameplay\" width=\"802\" height=\"451\" title=\"\" srcset=\"https:\/\/orkza.com\/wp-content\/uploads\/2024\/10\/Dead-Space-Remake-Gameplay-2--400x225.jpg 400w, https:\/\/orkza.com\/wp-content\/uploads\/2024\/10\/Dead-Space-Remake-Gameplay-2--430x242.jpg 430w, https:\/\/orkza.com\/wp-content\/uploads\/2024\/10\/Dead-Space-Remake-Gameplay-2--150x84.jpg 150w, https:\/\/orkza.com\/wp-content\/uploads\/2024\/10\/Dead-Space-Remake-Gameplay-2--700x394.jpg 700w, https:\/\/orkza.com\/wp-content\/uploads\/2024\/10\/Dead-Space-Remake-Gameplay-2--1300x731.jpg 1300w, https:\/\/orkza.com\/wp-content\/uploads\/2024\/10\/Dead-Space-Remake-Gameplay-2--768x432.jpg 768w, https:\/\/orkza.com\/wp-content\/uploads\/2024\/10\/Dead-Space-Remake-Gameplay-2--1536x864.jpg 1536w, https:\/\/orkza.com\/wp-content\/uploads\/2024\/10\/Dead-Space-Remake-Gameplay-2-.jpg 1920w\" sizes=\"(max-width: 802px) 100vw, 802px\" \/><\/p>\n<h3><span data-preserver-spaces=\"true\">Verbesserte Grafik und Next-Gen-Optik<\/span><\/h3>\n<p><span data-preserver-spaces=\"true\">Das Dead Space Remake nutzt neue visuelle Effekte und wird ma\u00dfgeschneiderte Effekte bieten, um die Anblicke, Ger\u00e4usche (und Schrecken!) von Isaac Clarkes Reise auf Aegis VII auf den neuesten Stand zu bringen. Jeder Korridor, jeder Schatten und jede Kreatur wird mit beneidenswertem Realismus reproduziert, um den Spieler noch tiefer in die Schrecken der UG Ishimura zu st\u00fcrzen. Verbesserte Beleuchtung, verst\u00e4rkte Schatten und neue Spielermodelle lassen Sie vollst\u00e4ndig in das Fleisch unseres reichen Universums eintauchen, das ebenso befremdlich (gut be\u00e4ngstigend) ist und  <\/span> <span data-preserver-spaces=\"true\">somit wundersch\u00f6n.<\/span><\/p>\n<h3><span data-preserver-spaces=\"true\">Intensives Gameplay und strategische Zerst\u00fcckelung<\/span><\/h3>\n<p><span data-preserver-spaces=\"true\">Das Dead Space Remake facht die schwelende, aber immer noch rauchende Debatte um die strategische Zerst\u00fcckelung als Spielmechanik neu an \u2013 Dead Space war zu seiner Zeit daf\u00fcr ber\u00fchmt \u2013, aber mit neuen Gameplay-Mechaniken und Quality-of-Life-Verbesserungen, um es auf moderne Standards zu bringen. Mit der Kraft von Visceral Binary m\u00fcssen Spieler Feinde strategisch zerst\u00fcckeln und Ressourcen sparen, um zu \u00fcberleben. Begleitet von modernisierten Steuerungen, aktualisierten HUD-Elementen und Quality-of-Life-Verbesserungen f\u00fcr den Spielerkomfort wird das Dead Space Remake ein echtes Action-Erlebnis bieten, w\u00e4hrend es alle urspr\u00fcnglichen Nuancen beibeh\u00e4lt, die Spieler auf verschiedenen Plattformen vor einiger Zeit fesselten. Jede Begegnung ist nervenaufreibend angespannt und wird Sie in Atem halten, w\u00e4hrend Sie sich von einem schlecht beleuchteten Korridor zum n\u00e4chsten Ihres dem Untergang geweihten Raumschiffs schleichen.   <\/span><\/p>\n<h3><span data-preserver-spaces=\"true\">\u00dcberarbeitete Story und immersives Sounddesign<\/span><\/h3>\n<p><span data-preserver-spaces=\"true\">Zus\u00e4tzlich zu den aktualisierten Grafiken bietet das Dead Space Remake eine verbesserte Erz\u00e4hlweise und ein atmosph\u00e4rischeres Sounddesign, das seinen Horror verst\u00e4rkt. Isaac hat jetzt eine vollst\u00e4ndige Stimme, wodurch Sie sich charakterlich tiefer mit ihm verbunden f\u00fchlen und Emotionen in seine Reise investieren k\u00f6nnen. Das gruselige Audio-Design des Spiels, von entfernten Fl\u00fcstern bis zu widerlichen Kreaturenger\u00e4uschen, versetzt die Spieler in eine Horror-Umgebung, die sie nur schwer wieder verlassen k\u00f6nnen.  <\/span><\/p>\n<h3>So verwenden Sie Ihr Dead Space Remake Steam-Konto<\/h3>\n<p><img decoding=\"async\" class=\"alignnone wp-image-3511\" src=\"https:\/\/orkza.com\/wp-content\/uploads\/2024\/10\/STEAM-ACTIVATION-GUIDE-400x225.jpg\" alt=\"\" width=\"804\" height=\"453\" title=\"\" srcset=\"https:\/\/orkza.com\/wp-content\/uploads\/2024\/10\/STEAM-ACTIVATION-GUIDE-400x225.jpg 400w, https:\/\/orkza.com\/wp-content\/uploads\/2024\/10\/STEAM-ACTIVATION-GUIDE-430x242.jpg 430w, https:\/\/orkza.com\/wp-content\/uploads\/2024\/10\/STEAM-ACTIVATION-GUIDE-150x84.jpg 150w, https:\/\/orkza.com\/wp-content\/uploads\/2024\/10\/STEAM-ACTIVATION-GUIDE-700x394.jpg 700w, https:\/\/orkza.com\/wp-content\/uploads\/2024\/10\/STEAM-ACTIVATION-GUIDE-768x432.jpg 768w, https:\/\/orkza.com\/wp-content\/uploads\/2024\/10\/STEAM-ACTIVATION-GUIDE.jpg 1280w\" sizes=\"(max-width: 804px) 100vw, 804px\" \/><\/p>\n<p>Melden Sie sich nach dem Kauf auf Ihrem PC beim bereitgestellten Steam-Konto an. \u00d6ffnen Sie nach dem Login Ihre Bibliothek, installieren Sie das Spiel und klicken Sie auf \u201eSpielen\u201c.  Beenden Sie nach ein paar Minuten das Spiel, stellen Sie Steam auf den Offline-Modus um \u2013 und schon k\u00f6nnen Sie stundenlang spannendes Gameplay genie\u00dfen!<\/p>\n<p>F\u00fcr einen umfassenden Einrichtungsprozess lesen Sie bitte unseren <a href=\"https:\/\/orkza.com\/de\/steam-account-activation-guide\/\" target=\"_blank\" rel=\"noopener\">Vollst\u00e4ndigen Aktivierungsleitfaden<\/a><\/p>\n<h3><strong>Minimale Systemanforderungen<\/strong><\/h3>\n<ul>\n<li>Betriebssystem: Windows 10 (64-Bit)<\/li>\n<li>Prozessor: Ryzen 5 2600x oder Intel Core i5 8600<\/li>\n<li>Arbeitsspeicher: 16 GB RAM<\/li>\n<li>Grafikkarte: AMD RX 5700 oder NVIDIA GTX 1070<\/li>\n<li>Speicherplatz: 50 GB verf\u00fcgbarer Speicherplatz<\/li>\n<\/ul>\n<h3><strong>Empfohlene Systemanforderungen<\/strong><\/h3>\n<ul>\n<li>Betriebssystem: Windows 10\/11 (64-Bit)<\/li>\n<li>Prozessor: Ryzen 5 5600X oder Intel Core i5 11600K<\/li>\n<li>Arbeitsspeicher: 16 GB RAM<\/li>\n<li>Grafikkarte: Radeon RX 6700 XT oder NVIDIA GeForce RTX 2070<\/li>\n<li>Speicherplatz: 50 GB verf\u00fcgbarer Speicherplatz<\/li>\n<\/ul>\n<p>Entdecken Sie unsere neuesten <a href=\"https:\/\/orkza.com\/de\/produkt-kategorie\/pc-spiele\/\" target=\"_blank\" rel=\"noopener\">Game Accounts<\/a><\/p>\n","protected":false},"excerpt":{"rendered":"<p>Stellen Sie sich dem Schrecken an Bord der USG Ishimura in Dead Space Remake! Verbesserte Grafik und strategische K\u00e4mpfe erwecken den Horror auf unserem Steam-Konto zum Leben. <\/p>\n<p><img decoding=\"async\" class=\"alignnone wp-image-3526\" src=\"https:\/\/orkza.com\/wp-content\/uploads\/2024\/10\/Steam-Account-Notice-min-300x300.png\" alt=\"\" width=\"45\" height=\"45\" srcset=\"https:\/\/orkza.com\/wp-content\/uploads\/2024\/10\/Steam-Account-Notice-min-300x300.png 300w, https:\/\/orkza.com\/wp-content\/uploads\/2024\/10\/Steam-Account-Notice-min-scaled-430x430.png 430w, https:\/\/orkza.com\/wp-content\/uploads\/2024\/10\/Steam-Account-Notice-min-150x150.png 150w, https:\/\/orkza.com\/wp-content\/uploads\/2024\/10\/Steam-Account-Notice-min-scaled-700x700.png 700w, https:\/\/orkza.com\/wp-content\/uploads\/2024\/10\/Steam-Account-Notice-min-800x800.png 800w, https:\/\/orkza.com\/wp-content\/uploads\/2024\/10\/Steam-Account-Notice-min-768x768.png 768w, https:\/\/orkza.com\/wp-content\/uploads\/2024\/10\/Steam-Account-Notice-min-1536x1536.png 1536w, https:\/\/orkza.com\/wp-content\/uploads\/2024\/10\/Steam-Account-Notice-min-2048x2048.png 2048w\" sizes=\"(max-width: 45px) 100vw, 45px\" \/><strong>Hinweis: Kontodaten k\u00f6nnen nicht ge\u00e4ndert werden. Dies ist ein Steam-Konto mit lebenslangem Zugriff, nur Offline-Spiel. <\/strong><\/p>\n","protected":false},"featured_media":16949,"comment_status":"open","ping_status":"closed","template":"","meta":[],"product_brand":[],"product_cat":[217],"product_tag":[249],"class_list":{"0":"post-16943","1":"product","2":"type-product","3":"status-publish","4":"has-post-thumbnail","6":"product_cat-abenteuer","7":"product_tag-steam","9":"first","10":"instock","11":"sale","12":"virtual","13":"purchasable","14":"product-type-simple"},"_links":{"self":[{"href":"https:\/\/orkza.com\/de\/wp-json\/wp\/v2\/product\/16943","targetHints":{"allow":["GET"]}}],"collection":[{"href":"https:\/\/orkza.com\/de\/wp-json\/wp\/v2\/product"}],"about":[{"href":"https:\/\/orkza.com\/de\/wp-json\/wp\/v2\/types\/product"}],"replies":[{"embeddable":true,"href":"https:\/\/orkza.com\/de\/wp-json\/wp\/v2\/comments?post=16943"}],"version-history":[{"count":0,"href":"https:\/\/orkza.com\/de\/wp-json\/wp\/v2\/product\/16943\/revisions"}],"wp:featuredmedia":[{"embeddable":true,"href":"https:\/\/orkza.com\/de\/wp-json\/wp\/v2\/media\/16949"}],"wp:attachment":[{"href":"https:\/\/orkza.com\/de\/wp-json\/wp\/v2\/media?parent=16943"}],"wp:term":[{"taxonomy":"product_brand","embeddable":true,"href":"https:\/\/orkza.com\/de\/wp-json\/wp\/v2\/product_brand?post=16943"},{"taxonomy":"product_cat","embeddable":true,"href":"https:\/\/orkza.com\/de\/wp-json\/wp\/v2\/product_cat?post=16943"},{"taxonomy":"product_tag","embeddable":true,"href":"https:\/\/orkza.com\/de\/wp-json\/wp\/v2\/product_tag?post=16943"}],"curies":[{"name":"wp","href":"https:\/\/api.w.org\/{rel}","templated":true}]}}