{"id":16929,"date":"2025-10-03T23:57:26","date_gmt":"2025-10-03T23:57:26","guid":{"rendered":"https:\/\/orkza.com\/product\/atomic-heart-premium-edition-steam-account\/"},"modified":"2026-02-26T05:40:20","modified_gmt":"2026-02-26T05:40:20","slug":"atomic-heart-premium-edition-steam-account","status":"publish","type":"product","link":"https:\/\/orkza.com\/de\/produkt\/atomic-heart-premium-edition-steam-account\/","title":{"rendered":"Atomic Heart: Premium Edition Steam-Konto"},"content":{"rendered":"<h2><span data-preserver-spaces=\"true\">Atomic Heart: Premium Edition Steam-Konto \u2013 Alternative sowjetische Dystopie<\/span><\/h2>\n<p><span data-preserver-spaces=\"true\">Erleben Sie eine albtraumhafte alternative Realit\u00e4t mit der Premium Edition von <a href=\"https:\/\/store.steampowered.com\/app\/668580\/Atomic_Heart\/\" target=\"_blank\" rel=\"noopener\">Atomic Heart<\/a> auf unserem Steam-Konto. Diese Premium-Ver\u00f6ffentlichung umfasst ein legend\u00e4res Action-RPG, in dem die Sowjetunion fortschrittliche Technologie einsetzte, um den Dritten Weltkrieg zu gewinnen, was zu einem sozialen Zusammenbruch katastrophalen Ausma\u00dfes f\u00fchrte. Und sterben werden Sie! Atomic Heart: Action, Mystery &amp; Horror verschmelzen in einer visuell reichen Handlung.   <\/span><\/p>\n<p><img decoding=\"async\" class=\"alignnone wp-image-3590\" src=\"https:\/\/orkza.com\/wp-content\/uploads\/2024\/10\/Atomic-Heart-Gameplay1-400x225.jpg\" alt=\"\" width=\"802\" height=\"451\" title=\"\" srcset=\"https:\/\/orkza.com\/wp-content\/uploads\/2024\/10\/Atomic-Heart-Gameplay1-400x225.jpg 400w, https:\/\/orkza.com\/wp-content\/uploads\/2024\/10\/Atomic-Heart-Gameplay1-430x242.jpg 430w, https:\/\/orkza.com\/wp-content\/uploads\/2024\/10\/Atomic-Heart-Gameplay1-150x84.jpg 150w, https:\/\/orkza.com\/wp-content\/uploads\/2024\/10\/Atomic-Heart-Gameplay1-700x394.jpg 700w, https:\/\/orkza.com\/wp-content\/uploads\/2024\/10\/Atomic-Heart-Gameplay1-1300x731.jpg 1300w, https:\/\/orkza.com\/wp-content\/uploads\/2024\/10\/Atomic-Heart-Gameplay1-768x432.jpg 768w, https:\/\/orkza.com\/wp-content\/uploads\/2024\/10\/Atomic-Heart-Gameplay1-1536x864.jpg 1536w, https:\/\/orkza.com\/wp-content\/uploads\/2024\/10\/Atomic-Heart-Gameplay1.jpg 1920w\" sizes=\"(max-width: 802px) 100vw, 802px\" \/><\/p>\n<h3><span data-preserver-spaces=\"true\">Premium Edition-Inhalte f\u00fcr das ultimative Erlebnis<\/span><\/h3>\n<p><strong><span data-preserver-spaces=\"true\">Atomic Heart:<\/span><\/strong><span data-preserver-spaces=\"true\"> Die Premium Edition hingegen bietet eine F\u00fclle von speziellen Extras, um Spielern ein noch besseres Erlebnis zu erm\u00f6glichen. Spieler erhalten mehr Waffen, verschiedene Skins und Ausr\u00fcstungsgegenst\u00e4nde, um in der rauen Umgebung von Atomic Heart zu \u00fcberleben. Zuk\u00fcnftige Erweiterungen sind ebenfalls Teil dieser Edition, was viel zu tun und zu erkunden in der alternativen Sowjetwelt bedeutet. Perfekt f\u00fcr Spieler, die alles wollen, enth\u00e4lt dieses Bundle jedes Waffenpaket und Upgrade aus dem Spiel.   <\/span><\/p>\n<h3>Atomic Heart bietet intensives Gameplay mit atemberaubender Grafik und Kampf<\/h3>\n<p><span data-preserver-spaces=\"true\">Diese Elemente sind gut umgesetzt, und es ist wirklich eine Freude, diese seltsame, von Au\u00dferirdischen verw\u00fcstete Welt zu durchstreifen, w\u00e4hrend man ihre komplement\u00e4ren Feinde bek\u00e4mpft. Spieler k\u00f6nnen einen Kampf erwarten, der vollgepackt ist mit einzigartigen, anpassbaren Waffen und F\u00e4higkeiten, die es ihnen erm\u00f6glichen, Konflikte kreativ und strategisch anzugehen. Reisen Sie durch die mysteri\u00f6se und einsame Umgebung mit gef\u00e4hrlichen KI-gesteuerten Kreaturen, herausfordernden Bossen &amp; verst\u00f6renden Mutanten. Doch seine grafische Sch\u00f6nheit und die eindringliche Musik ziehen Sie so schnell in diese Welt, dass es sich anf\u00fchlt wie Sekunden, bevor Tarsier die H\u00e4nde um Ihren Hals legt, um jede Hoffnung zu ersticken.   <\/span><\/p>\n<h3>So verwenden Sie Ihr Atomic Heart: Premium Edition Steam-Konto<\/h3>\n<p><img decoding=\"async\" class=\"alignnone wp-image-3511\" src=\"https:\/\/orkza.com\/wp-content\/uploads\/2024\/10\/STEAM-ACTIVATION-GUIDE-400x225.jpg\" alt=\"\" width=\"804\" height=\"453\" title=\"\" srcset=\"https:\/\/orkza.com\/wp-content\/uploads\/2024\/10\/STEAM-ACTIVATION-GUIDE-400x225.jpg 400w, https:\/\/orkza.com\/wp-content\/uploads\/2024\/10\/STEAM-ACTIVATION-GUIDE-430x242.jpg 430w, https:\/\/orkza.com\/wp-content\/uploads\/2024\/10\/STEAM-ACTIVATION-GUIDE-150x84.jpg 150w, https:\/\/orkza.com\/wp-content\/uploads\/2024\/10\/STEAM-ACTIVATION-GUIDE-700x394.jpg 700w, https:\/\/orkza.com\/wp-content\/uploads\/2024\/10\/STEAM-ACTIVATION-GUIDE-768x432.jpg 768w, https:\/\/orkza.com\/wp-content\/uploads\/2024\/10\/STEAM-ACTIVATION-GUIDE.jpg 1280w\" sizes=\"(max-width: 804px) 100vw, 804px\" \/><\/p>\n<p>Melden Sie sich nach dem Kauf auf Ihrem PC beim bereitgestellten Steam-Konto an. \u00d6ffnen Sie nach dem Login Ihre Bibliothek, installieren Sie das Spiel und klicken Sie auf \u201eSpielen\u201c.  Beenden Sie nach ein paar Minuten das Spiel, stellen Sie Steam auf den Offline-Modus um \u2013 und schon k\u00f6nnen Sie stundenlang spannendes Gameplay genie\u00dfen!<\/p>\n<p>F\u00fcr einen umfassenden Einrichtungsprozess beachten Sie bitte unseren <a href=\"https:\/\/orkza.com\/de\/steam-account-activation-guide\/\" target=\"_blank\" rel=\"noopener\">vollst\u00e4ndigen Aktivierungsleitfaden<\/a><\/p>\n<h3><strong>Mindestsystemanforderungen<\/strong><\/h3>\n<ul>\n<li>Betriebssystem: Windows 10 (64-Bit)<\/li>\n<li>Prozessor: Intel Core i5-4460 oder AMD Ryzen 5 1600<\/li>\n<li>Arbeitsspeicher: 8 GB RAM<\/li>\n<li>Grafikkarte: NVIDIA GeForce GTX 1060, 6 GB oder AMD Radeon RX 580<\/li>\n<li>Speicherplatz: 50 GB verf\u00fcgbarer Speicherplatz<\/li>\n<\/ul>\n<h3><strong>Empfohlene Systemanforderungen<\/strong><\/h3>\n<ul>\n<li>Betriebssystem: Windows 10\/11 (64-Bit)<\/li>\n<li>Prozessor: Intel Core i7-7700K oder AMD Ryzen 7 2700X<\/li>\n<li>Arbeitsspeicher: 16 GB RAM<\/li>\n<li>Grafikkarte: NVIDIA GeForce RTX 2070 oder AMD Radeon RX 6700 XT<\/li>\n<li>Speicherplatz: 50 GB verf\u00fcgbarer Speicherplatz<\/li>\n<\/ul>\n<p>Entdecken Sie unsere neuesten <a href=\"https:\/\/orkza.com\/de\/produkt-kategorie\/pc-spiele\/\" target=\"_blank\" rel=\"noopener\">Spielkonten<\/a><\/p>\n","protected":false},"excerpt":{"rendered":"<p>Erkunden Sie eine sowjetische Dystopie in Atomic Heart: Premium Edition. Bek\u00e4mpfen Sie Roboter und Mutanten mit exklusiven Inhalten! <\/p>\n<p><img decoding=\"async\" class=\"alignnone wp-image-3526\" src=\"https:\/\/orkza.com\/wp-content\/uploads\/2024\/10\/Steam-Account-Notice-min-300x300.png\" alt=\"\" width=\"45\" height=\"45\" srcset=\"https:\/\/orkza.com\/wp-content\/uploads\/2024\/10\/Steam-Account-Notice-min-300x300.png 300w, https:\/\/orkza.com\/wp-content\/uploads\/2024\/10\/Steam-Account-Notice-min-scaled-430x430.png 430w, https:\/\/orkza.com\/wp-content\/uploads\/2024\/10\/Steam-Account-Notice-min-150x150.png 150w, https:\/\/orkza.com\/wp-content\/uploads\/2024\/10\/Steam-Account-Notice-min-scaled-700x700.png 700w, https:\/\/orkza.com\/wp-content\/uploads\/2024\/10\/Steam-Account-Notice-min-800x800.png 800w, https:\/\/orkza.com\/wp-content\/uploads\/2024\/10\/Steam-Account-Notice-min-768x768.png 768w, https:\/\/orkza.com\/wp-content\/uploads\/2024\/10\/Steam-Account-Notice-min-1536x1536.png 1536w, https:\/\/orkza.com\/wp-content\/uploads\/2024\/10\/Steam-Account-Notice-min-2048x2048.png 2048w\" sizes=\"(max-width: 45px) 100vw, 45px\" \/><strong>Hinweis: Kontodaten k\u00f6nnen nicht ge\u00e4ndert werden. Dies ist ein Steam-Konto mit lebenslangem Zugriff, nur Offline-Spiel. <\/strong><\/p>\n","protected":false},"featured_media":16936,"comment_status":"open","ping_status":"closed","template":"","meta":[],"product_brand":[],"product_cat":[219],"product_tag":[249],"class_list":{"0":"post-16929","1":"product","2":"type-product","3":"status-publish","4":"has-post-thumbnail","6":"product_cat-rpg","7":"product_tag-steam","9":"first","10":"instock","11":"sale","12":"virtual","13":"purchasable","14":"product-type-simple"},"_links":{"self":[{"href":"https:\/\/orkza.com\/de\/wp-json\/wp\/v2\/product\/16929","targetHints":{"allow":["GET"]}}],"collection":[{"href":"https:\/\/orkza.com\/de\/wp-json\/wp\/v2\/product"}],"about":[{"href":"https:\/\/orkza.com\/de\/wp-json\/wp\/v2\/types\/product"}],"replies":[{"embeddable":true,"href":"https:\/\/orkza.com\/de\/wp-json\/wp\/v2\/comments?post=16929"}],"version-history":[{"count":0,"href":"https:\/\/orkza.com\/de\/wp-json\/wp\/v2\/product\/16929\/revisions"}],"wp:featuredmedia":[{"embeddable":true,"href":"https:\/\/orkza.com\/de\/wp-json\/wp\/v2\/media\/16936"}],"wp:attachment":[{"href":"https:\/\/orkza.com\/de\/wp-json\/wp\/v2\/media?parent=16929"}],"wp:term":[{"taxonomy":"product_brand","embeddable":true,"href":"https:\/\/orkza.com\/de\/wp-json\/wp\/v2\/product_brand?post=16929"},{"taxonomy":"product_cat","embeddable":true,"href":"https:\/\/orkza.com\/de\/wp-json\/wp\/v2\/product_cat?post=16929"},{"taxonomy":"product_tag","embeddable":true,"href":"https:\/\/orkza.com\/de\/wp-json\/wp\/v2\/product_tag?post=16929"}],"curies":[{"name":"wp","href":"https:\/\/api.w.org\/{rel}","templated":true}]}}