{"id":16914,"date":"2025-10-03T23:25:26","date_gmt":"2025-10-03T23:25:26","guid":{"rendered":"https:\/\/orkza.com\/product\/armored-core-vi-fires-of-rubicon-steam-account\/"},"modified":"2026-02-26T05:40:19","modified_gmt":"2026-02-26T05:40:19","slug":"armored-core-vi-fires-of-rubicon-steam-account","status":"publish","type":"product","link":"https:\/\/orkza.com\/de\/produkt\/armored-core-vi-fires-of-rubicon-steam-account\/","title":{"rendered":"Armored Core VI: Fires of Rubicon Steam-Account"},"content":{"rendered":"<h2>Armored Core VI: Fires of Rubicon Steam-Account \u2013 Tauchen Sie ein in die Welt der Mech-Kriegsf\u00fchrung<\/h2>\n<p>St\u00fcrzen Sie sich mit diesem Steam-Account auf ein Schlachtfeld der Zukunft in <a href=\"https:\/\/store.steampowered.com\/app\/1888160\/ARMORED_CORE_VI_FIRES_OF_RUBICON\/\" target=\"_blank\" rel=\"noopener\">Armored Core VI: Fires of Rubicon<\/a>. F\u00fcr Uneingeweihte: Armored Core VI ist ein actiongeladenes Mech-Kampfspiel, das vom Fan-Favoriten FromSoftware entwickelt wurde. Es versetzt Spieler in eine rasante Welt, die mechanische Anpassung, Strategie und Anpassungsf\u00e4higkeit erfordert. In Armored Core VI k\u00f6nnen sich Spieler in ihre personalisierten Mechs schnallen und actionreiche Missionen in einem dynamischen Sci-Fi-Setting \u00fcbernehmen, einschlie\u00dflich intensiver Multiplayer-Schlachten in Maius City, w\u00e4hrend sie die dahinter liegenden Geheimnisse l\u00fcften.   <\/p>\n<h3><img decoding=\"async\" class=\"alignnone wp-image-3580\" src=\"https:\/\/orkza.com\/wp-content\/uploads\/2024\/10\/ss_f441df5b6d02d0cbc2635f29ec502d93058e025c.1920x1080-400x225.jpg\" alt=\"\" width=\"800\" height=\"450\" title=\"\" srcset=\"https:\/\/orkza.com\/wp-content\/uploads\/2024\/10\/ss_f441df5b6d02d0cbc2635f29ec502d93058e025c.1920x1080-400x225.jpg 400w, https:\/\/orkza.com\/wp-content\/uploads\/2024\/10\/ss_f441df5b6d02d0cbc2635f29ec502d93058e025c.1920x1080-430x242.jpg 430w, https:\/\/orkza.com\/wp-content\/uploads\/2024\/10\/ss_f441df5b6d02d0cbc2635f29ec502d93058e025c.1920x1080-150x84.jpg 150w, https:\/\/orkza.com\/wp-content\/uploads\/2024\/10\/ss_f441df5b6d02d0cbc2635f29ec502d93058e025c.1920x1080-700x394.jpg 700w, https:\/\/orkza.com\/wp-content\/uploads\/2024\/10\/ss_f441df5b6d02d0cbc2635f29ec502d93058e025c.1920x1080-1300x731.jpg 1300w, https:\/\/orkza.com\/wp-content\/uploads\/2024\/10\/ss_f441df5b6d02d0cbc2635f29ec502d93058e025c.1920x1080-768x432.jpg 768w, https:\/\/orkza.com\/wp-content\/uploads\/2024\/10\/ss_f441df5b6d02d0cbc2635f29ec502d93058e025c.1920x1080-1536x864.jpg 1536w, https:\/\/orkza.com\/wp-content\/uploads\/2024\/10\/ss_f441df5b6d02d0cbc2635f29ec502d93058e025c.1920x1080.jpg 1920w\" sizes=\"(max-width: 800px) 100vw, 800px\" \/><\/h3>\n<h3>Epische Mech-K\u00e4mpfe mit strategischer Tiefe<\/h3>\n<p>Armored Core VI: Fires of Rubicon ist eine Mischung aus Actionspiel und komplexen strategischen Komponenten; Sie k\u00f6nnen Ihre m\u00e4chtigen Mechs bauen und aufr\u00fcsten. Mit einem Kampfsystem, das auf Ihren Spielstil reagiert, umfassen die Optionen akribisch durchdachte Nahkampfangriffe oder pr\u00e4zise Fernartillerie mit schnellen Ausweichman\u00f6vern \u2013 hier ist f\u00fcr jeden etwas dabei. Jede Mission in Armored Core VI Fires of Rubicon ist ein Balanceakt zwischen der Vorbereitung und dem Leveln Ihrer Charaktere, dem klugen Ressourcenmanagement zur Aufwertung von Charakterkarten (eine wichtige Spielmechanik) und der Ausf\u00fchrung der eigentlichen Taktiken.  <\/p>\n<h3>Fesselnde Handlung und beeindruckende Grafik<\/h3>\n<p>Eine Erz\u00e4hlung \u00fcber politische Intrigen, erz\u00e4hlt aus der Sicht unz\u00e4hliger komplexer Charaktere in einem exquisit detaillierten Sci-Fi-Universum \u2013 Fires of Rubicon bietet Intrigen zwischen zwei m\u00e4chtigen Konzernen. Atemberaubende Grafik: Ein taktischer, Mech-basierter Shooter in einer \u00fcberw\u00e4ltigenden Umgebung mit gigantischen Explosionen und \u00e4sthetischer Zerst\u00f6rung. Spieler von Armored Core VI erleben eine epische Saga, w\u00e4hrend sie sich ihren Weg durch die Pr\u00fcfungen und Wirrungen von Rubicon bahnen, gegen eine Vielzahl t\u00f6dlicher Feinde antreten und die Geheimnisse dieser Cyberpunk-Welt l\u00fcften.  <\/p>\n<h3>So nutzen Sie Ihren Armored Core VI: Fires of Rubicon Steam-Account<\/h3>\n<p><img decoding=\"async\" class=\"alignnone wp-image-3511\" src=\"https:\/\/orkza.com\/wp-content\/uploads\/2024\/10\/STEAM-ACTIVATION-GUIDE-400x225.jpg\" alt=\"\" width=\"804\" height=\"453\" title=\"\" srcset=\"https:\/\/orkza.com\/wp-content\/uploads\/2024\/10\/STEAM-ACTIVATION-GUIDE-400x225.jpg 400w, https:\/\/orkza.com\/wp-content\/uploads\/2024\/10\/STEAM-ACTIVATION-GUIDE-430x242.jpg 430w, https:\/\/orkza.com\/wp-content\/uploads\/2024\/10\/STEAM-ACTIVATION-GUIDE-150x84.jpg 150w, https:\/\/orkza.com\/wp-content\/uploads\/2024\/10\/STEAM-ACTIVATION-GUIDE-700x394.jpg 700w, https:\/\/orkza.com\/wp-content\/uploads\/2024\/10\/STEAM-ACTIVATION-GUIDE-768x432.jpg 768w, https:\/\/orkza.com\/wp-content\/uploads\/2024\/10\/STEAM-ACTIVATION-GUIDE.jpg 1280w\" sizes=\"(max-width: 804px) 100vw, 804px\" \/><\/p>\n<p>Melden Sie sich nach dem Kauf auf Ihrem PC beim bereitgestellten Steam-Konto an. \u00d6ffnen Sie nach dem Login Ihre Bibliothek, installieren Sie das Spiel und klicken Sie auf \u201eSpielen\u201c.  Beenden Sie nach ein paar Minuten das Spiel, stellen Sie Steam auf den Offline-Modus um \u2013 und schon k\u00f6nnen Sie stundenlang spannendes Gameplay genie\u00dfen!<\/p>\n<p>F\u00fcr einen umfassenden Einrichtungsprozess lesen Sie bitte unseren <a href=\"https:\/\/orkza.com\/de\/steam-account-activation-guide\/\" target=\"_blank\" rel=\"noopener\">vollst\u00e4ndigen Aktivierungsleitfaden<\/a><\/p>\n<h3><strong>Minimale Systemanforderungen<\/strong><\/h3>\n<ul>\n<li>Betriebssystem: Windows 10 (64-Bit)<\/li>\n<li>Prozessor: Intel Core i5-8400 oder AMD Ryzen 5 2600<\/li>\n<li>Arbeitsspeicher: 12 GB RAM<\/li>\n<li>Grafik: NVIDIA GeForce GTX 1060, 3 GB oder AMD Radeon RX 580, 4 GB<\/li>\n<li>Speicherplatz: 60 GB verf\u00fcgbarer Speicher<\/li>\n<\/ul>\n<h3><strong>Empfohlene Systemanforderungen<\/strong><\/h3>\n<ul>\n<li>Betriebssystem: Windows 10\/11 (64-Bit)<\/li>\n<li>Prozessor: Intel Core i7-9700K oder AMD Ryzen 7 3700X<\/li>\n<li>Arbeitsspeicher: 16 GB RAM<\/li>\n<li>Grafik: NVIDIA GeForce GTX 1080, 8 GB oder AMD Radeon RX 6700 XT<\/li>\n<li>Speicherplatz: 60 GB verf\u00fcgbarer Speicher<\/li>\n<\/ul>\n<p>Entdecken Sie unsere neuesten <a href=\"https:\/\/orkza.com\/de\/produkt-kategorie\/pc-spiele\/\" target=\"_blank\" rel=\"noopener\">Game-Accounts<\/a><\/p>\n","protected":false},"excerpt":{"rendered":"<p>Steuern Sie anpassbare Mechs in Armored Core VI! Erleben Sie epische Mech-K\u00e4mpfe mit diesem Steam-Account-Zugang <\/p>\n<p><img decoding=\"async\" class=\"alignnone wp-image-3526\" src=\"https:\/\/orkza.com\/wp-content\/uploads\/2024\/10\/Steam-Account-Notice-min-300x300.png\" alt=\"\" width=\"45\" height=\"45\" srcset=\"https:\/\/orkza.com\/wp-content\/uploads\/2024\/10\/Steam-Account-Notice-min-300x300.png 300w, https:\/\/orkza.com\/wp-content\/uploads\/2024\/10\/Steam-Account-Notice-min-scaled-430x430.png 430w, https:\/\/orkza.com\/wp-content\/uploads\/2024\/10\/Steam-Account-Notice-min-150x150.png 150w, https:\/\/orkza.com\/wp-content\/uploads\/2024\/10\/Steam-Account-Notice-min-scaled-700x700.png 700w, https:\/\/orkza.com\/wp-content\/uploads\/2024\/10\/Steam-Account-Notice-min-800x800.png 800w, https:\/\/orkza.com\/wp-content\/uploads\/2024\/10\/Steam-Account-Notice-min-768x768.png 768w, https:\/\/orkza.com\/wp-content\/uploads\/2024\/10\/Steam-Account-Notice-min-1536x1536.png 1536w, https:\/\/orkza.com\/wp-content\/uploads\/2024\/10\/Steam-Account-Notice-min-2048x2048.png 2048w\" sizes=\"(max-width: 45px) 100vw, 45px\" \/><strong>Hinweis: Kontodaten k\u00f6nnen nicht ge\u00e4ndert werden. Dies ist ein Steam-Konto mit lebenslangem Zugriff, nur Offline-Spiel. <\/strong><\/p>\n","protected":false},"featured_media":16915,"comment_status":"open","ping_status":"closed","template":"","meta":[],"product_brand":[],"product_cat":[216],"product_tag":[249],"class_list":{"0":"post-16914","1":"product","2":"type-product","3":"status-publish","4":"has-post-thumbnail","6":"product_cat-action","7":"product_tag-steam","9":"first","10":"instock","11":"sale","12":"virtual","13":"purchasable","14":"product-type-simple"},"_links":{"self":[{"href":"https:\/\/orkza.com\/de\/wp-json\/wp\/v2\/product\/16914","targetHints":{"allow":["GET"]}}],"collection":[{"href":"https:\/\/orkza.com\/de\/wp-json\/wp\/v2\/product"}],"about":[{"href":"https:\/\/orkza.com\/de\/wp-json\/wp\/v2\/types\/product"}],"replies":[{"embeddable":true,"href":"https:\/\/orkza.com\/de\/wp-json\/wp\/v2\/comments?post=16914"}],"version-history":[{"count":0,"href":"https:\/\/orkza.com\/de\/wp-json\/wp\/v2\/product\/16914\/revisions"}],"wp:featuredmedia":[{"embeddable":true,"href":"https:\/\/orkza.com\/de\/wp-json\/wp\/v2\/media\/16915"}],"wp:attachment":[{"href":"https:\/\/orkza.com\/de\/wp-json\/wp\/v2\/media?parent=16914"}],"wp:term":[{"taxonomy":"product_brand","embeddable":true,"href":"https:\/\/orkza.com\/de\/wp-json\/wp\/v2\/product_brand?post=16914"},{"taxonomy":"product_cat","embeddable":true,"href":"https:\/\/orkza.com\/de\/wp-json\/wp\/v2\/product_cat?post=16914"},{"taxonomy":"product_tag","embeddable":true,"href":"https:\/\/orkza.com\/de\/wp-json\/wp\/v2\/product_tag?post=16914"}],"curies":[{"name":"wp","href":"https:\/\/api.w.org\/{rel}","templated":true}]}}