{"id":16901,"date":"2025-10-03T23:23:39","date_gmt":"2025-10-03T23:23:39","guid":{"rendered":"https:\/\/orkza.com\/product\/evil-west-steam-account\/"},"modified":"2026-02-26T05:39:43","modified_gmt":"2026-02-26T05:39:43","slug":"evil-west-steam-account","status":"publish","type":"product","link":"https:\/\/orkza.com\/de\/produkt\/evil-west-steam-account\/","title":{"rendered":"Evil West Steam-Account"},"content":{"rendered":"<h2>Evil West Steam-Account &#8211; K\u00e4mpfen Sie gegen \u00fcbernat\u00fcrliche Feinde in einem d\u00fcsteren Wilden Westen<\/h2>\n<p>Tauchen Sie ein in eine d\u00fcstere, \u00fcbernat\u00fcrliche Version des Wilden Westens mit <a href=\"https:\/\/store.steampowered.com\/app\/1065310\/Evil_West\/\" target=\"_blank\" rel=\"noopener\">Evil West<\/a> auf unserem Steam-Account. Das Spiel ist ein actiongeladener Titel, der Spieler in den Kampf gegen Vampire und andere abscheuliche Kreaturen in einem dunklen alternativen Amerika wirft, wo die besten Cowboys herkommen. Spielen Sie in Carpe Mortem als Mitglied einer Elitegruppe, die im Verborgenen Vampire jagt und m\u00e4chtige Ausr\u00fcstung &amp; Blitzf\u00e4higkeiten einsetzt, um die Welt von dieser dunklen Bedrohung zu befreien, die die gesamte Menschheit in gespenstischen Landschaften bedroht.  <\/p>\n<p><img decoding=\"async\" class=\"alignnone wp-image-3695\" src=\"https:\/\/orkza.com\/wp-content\/uploads\/2024\/10\/Evil-West-Gameplay-2-400x225.jpg\" alt=\"Evil West Gameplay\" width=\"805\" height=\"453\" title=\"\" srcset=\"https:\/\/orkza.com\/wp-content\/uploads\/2024\/10\/Evil-West-Gameplay-2-400x225.jpg 400w, https:\/\/orkza.com\/wp-content\/uploads\/2024\/10\/Evil-West-Gameplay-2-430x242.jpg 430w, https:\/\/orkza.com\/wp-content\/uploads\/2024\/10\/Evil-West-Gameplay-2-150x84.jpg 150w, https:\/\/orkza.com\/wp-content\/uploads\/2024\/10\/Evil-West-Gameplay-2-700x394.jpg 700w, https:\/\/orkza.com\/wp-content\/uploads\/2024\/10\/Evil-West-Gameplay-2-1300x731.jpg 1300w, https:\/\/orkza.com\/wp-content\/uploads\/2024\/10\/Evil-West-Gameplay-2-768x432.jpg 768w, https:\/\/orkza.com\/wp-content\/uploads\/2024\/10\/Evil-West-Gameplay-2.jpg 1400w\" sizes=\"(max-width: 805px) 100vw, 805px\" \/><\/p>\n<h3>Rasante K\u00e4mpfe mit einzigartigen F\u00e4higkeiten<\/h3>\n<p>Evil West bietet im neuen Trailer ein hochenergetisches Kampfsystem, das rasante Nahkampf- und Fernkampfangriffe mit brutalen Kills kombiniert. Mit Waffen, blitzgeladenen Handschuhen und einer Auswahl an Nahkampfwaffen werden Sie die grotesken Feinde stilvoll zerlegen. Das Kampfsystem des Spiels erfordert von den Spielern, schnell zwischen Waffen und F\u00e4higkeiten zu wechseln, um Kombos und Finisher f\u00fcr effektive Angriffe gegen \u00fcbernat\u00fcrliche Wesen einzusetzen. Jede Begegnung ist eine Entscheidung von Moment zu Moment, und Spieler m\u00fcssen schnell reagieren, w\u00e4hrend sie die Dunkelheit in der Stadt aufsp\u00fcren.   <\/p>\n<h3>Eine d\u00fcstere und atmosph\u00e4rische Handlung<\/h3>\n<p>Evil West ist ein Action-Spiel, in dem Sie im unheimlichen Wilden Westen voller Gefahren, Mysterien und au\u00dfergew\u00f6hnlicher \u00dcberlieferungen spielen. Die Geschichte f\u00fchrt Spieler in ein Land voller alter Mythen und dunkler Legenden, w\u00e4hrend Sie die Geheimnisse hinter einem Vampirausbruch aufdecken \u2013 in einer Erz\u00e4hlung, die sich mit den Begriffen Pflicht, Opfer und endloser Nacht in einem nie endenden Kampf gegen das B\u00f6se auseinandersetzt, inmitten unvergesslicher Gesichter &amp; Landschaften aus der gesamten Fire Emblem-Geschichte. Evil West ist zus\u00e4tzlich zu den rasanten K\u00e4mpfen ein einzigartiges filmisches Erlebnis mit differenzierten Zwischensequenzen und einer immersiven Welt.  <\/p>\n<h3>Verbessern und passen Sie Ihr Arsenal an<\/h3>\n<p>Das Verbessern von F\u00e4higkeiten und Anpassen von Waffen zur Steigerung von Schaden, Geschwindigkeit oder Widerstandsf\u00e4higkeit erm\u00f6glicht es Spielern, die Schrecken von Evil West zu \u00fcberleben. Schalten Sie neue Eigenschaften, Verbesserungen f\u00fcr Ihre Boni und Kampfausr\u00fcstung sowie spezielle J\u00e4gerf\u00e4higkeiten oder die M\u00f6glichkeit frei, m\u00e4chtige Verbrauchsgegenst\u00e4nde herzustellen. Jedes Upgrade hilft Spielern, geschicktere Vampirj\u00e4ger zu werden und steigert die Spannung und Belohnungen aus brutalen Monsterk\u00e4mpfen.  <\/p>\n<h3>So verwenden Sie Ihren Evil West Steam-Account<\/h3>\n<p><img decoding=\"async\" class=\"alignnone wp-image-3511\" src=\"https:\/\/orkza.com\/wp-content\/uploads\/2024\/10\/STEAM-ACTIVATION-GUIDE-400x225.jpg\" alt=\"\" width=\"804\" height=\"453\" title=\"\" srcset=\"https:\/\/orkza.com\/wp-content\/uploads\/2024\/10\/STEAM-ACTIVATION-GUIDE-400x225.jpg 400w, https:\/\/orkza.com\/wp-content\/uploads\/2024\/10\/STEAM-ACTIVATION-GUIDE-430x242.jpg 430w, https:\/\/orkza.com\/wp-content\/uploads\/2024\/10\/STEAM-ACTIVATION-GUIDE-150x84.jpg 150w, https:\/\/orkza.com\/wp-content\/uploads\/2024\/10\/STEAM-ACTIVATION-GUIDE-700x394.jpg 700w, https:\/\/orkza.com\/wp-content\/uploads\/2024\/10\/STEAM-ACTIVATION-GUIDE-768x432.jpg 768w, https:\/\/orkza.com\/wp-content\/uploads\/2024\/10\/STEAM-ACTIVATION-GUIDE.jpg 1280w\" sizes=\"(max-width: 804px) 100vw, 804px\" \/><\/p>\n<p>Melden Sie sich nach dem Kauf auf Ihrem PC beim bereitgestellten Steam-Konto an. \u00d6ffnen Sie nach dem Login Ihre Bibliothek, installieren Sie das Spiel und klicken Sie auf \u201eSpielen\u201c.  Beenden Sie nach ein paar Minuten das Spiel, stellen Sie Steam auf den Offline-Modus um \u2013 und schon k\u00f6nnen Sie stundenlang spannendes Gameplay genie\u00dfen!<\/p>\n<p>F\u00fcr einen umfassenden Einrichtungsprozess lesen Sie bitte unsere <a href=\"https:\/\/orkza.com\/de\/steam-account-activation-guide\/\" target=\"_blank\" rel=\"noopener\">vollst\u00e4ndige Aktivierungsanleitung<\/a><\/p>\n<h3><strong>Mindestsystemanforderungen<\/strong><\/h3>\n<ul>\n<li>Betriebssystem: Windows 10 (64-bit)<\/li>\n<li>Prozessor: Intel Core i5-2500K oder AMD FX-6300<\/li>\n<li>Arbeitsspeicher: 8 GB RAM<\/li>\n<li>Grafik: NVIDIA GeForce GTX 750 Ti oder AMD Radeon R7 360<\/li>\n<li>Speicherplatz: 40 GB verf\u00fcgbarer Speicherplatz<\/li>\n<\/ul>\n<h3><strong>Empfohlene Systemanforderungen<\/strong><\/h3>\n<ul>\n<li>Betriebssystem: Windows 10\/11 (64-bit)<\/li>\n<li>Prozessor: Intel Core i5-10500 oder AMD Ryzen 5 2600<\/li>\n<li>Arbeitsspeicher: 16 GB RAM<\/li>\n<li>Grafik: NVIDIA GeForce GTX 1060 oder AMD Radeon RX 580<\/li>\n<li>Speicherplatz: 40 GB verf\u00fcgbarer Speicherplatz<\/li>\n<\/ul>\n<p>Entdecken Sie unsere neuesten <a href=\"https:\/\/orkza.com\/de\/produkt-kategorie\/pc-spiele\/\" target=\"_blank\" rel=\"noopener\">Game-Accounts<\/a><\/p>\n","protected":false},"excerpt":{"rendered":"<p>K\u00e4mpfen Sie gegen Vampire im \u00fcbernat\u00fcrlichen Wilden Westen mit Evil West! Greifen Sie sofort auf intensive Action und Upgrades mit unserem Steam-Account zu. <\/p>\n<p><img decoding=\"async\" class=\"alignnone wp-image-3526\" src=\"https:\/\/orkza.com\/wp-content\/uploads\/2024\/10\/Steam-Account-Notice-min-300x300.png\" alt=\"\" width=\"45\" height=\"45\" srcset=\"https:\/\/orkza.com\/wp-content\/uploads\/2024\/10\/Steam-Account-Notice-min-300x300.png 300w, https:\/\/orkza.com\/wp-content\/uploads\/2024\/10\/Steam-Account-Notice-min-scaled-430x430.png 430w, https:\/\/orkza.com\/wp-content\/uploads\/2024\/10\/Steam-Account-Notice-min-150x150.png 150w, https:\/\/orkza.com\/wp-content\/uploads\/2024\/10\/Steam-Account-Notice-min-scaled-700x700.png 700w, https:\/\/orkza.com\/wp-content\/uploads\/2024\/10\/Steam-Account-Notice-min-800x800.png 800w, https:\/\/orkza.com\/wp-content\/uploads\/2024\/10\/Steam-Account-Notice-min-768x768.png 768w, https:\/\/orkza.com\/wp-content\/uploads\/2024\/10\/Steam-Account-Notice-min-1536x1536.png 1536w, https:\/\/orkza.com\/wp-content\/uploads\/2024\/10\/Steam-Account-Notice-min-2048x2048.png 2048w\" sizes=\"(max-width: 45px) 100vw, 45px\" \/><strong>Hinweis: Kontodaten k\u00f6nnen nicht ge\u00e4ndert werden. Dies ist ein Steam-Konto mit lebenslangem Zugriff, nur Offline-Spiel. <\/strong><\/p>\n","protected":false},"featured_media":16907,"comment_status":"open","ping_status":"closed","template":"","meta":[],"product_brand":[],"product_cat":[216],"product_tag":[249],"class_list":{"0":"post-16901","1":"product","2":"type-product","3":"status-publish","4":"has-post-thumbnail","6":"product_cat-action","7":"product_tag-steam","9":"first","10":"instock","11":"sale","12":"virtual","13":"purchasable","14":"product-type-simple"},"_links":{"self":[{"href":"https:\/\/orkza.com\/de\/wp-json\/wp\/v2\/product\/16901","targetHints":{"allow":["GET"]}}],"collection":[{"href":"https:\/\/orkza.com\/de\/wp-json\/wp\/v2\/product"}],"about":[{"href":"https:\/\/orkza.com\/de\/wp-json\/wp\/v2\/types\/product"}],"replies":[{"embeddable":true,"href":"https:\/\/orkza.com\/de\/wp-json\/wp\/v2\/comments?post=16901"}],"version-history":[{"count":0,"href":"https:\/\/orkza.com\/de\/wp-json\/wp\/v2\/product\/16901\/revisions"}],"wp:featuredmedia":[{"embeddable":true,"href":"https:\/\/orkza.com\/de\/wp-json\/wp\/v2\/media\/16907"}],"wp:attachment":[{"href":"https:\/\/orkza.com\/de\/wp-json\/wp\/v2\/media?parent=16901"}],"wp:term":[{"taxonomy":"product_brand","embeddable":true,"href":"https:\/\/orkza.com\/de\/wp-json\/wp\/v2\/product_brand?post=16901"},{"taxonomy":"product_cat","embeddable":true,"href":"https:\/\/orkza.com\/de\/wp-json\/wp\/v2\/product_cat?post=16901"},{"taxonomy":"product_tag","embeddable":true,"href":"https:\/\/orkza.com\/de\/wp-json\/wp\/v2\/product_tag?post=16901"}],"curies":[{"name":"wp","href":"https:\/\/api.w.org\/{rel}","templated":true}]}}