{"id":16881,"date":"2025-11-07T05:36:30","date_gmt":"2025-11-07T05:36:30","guid":{"rendered":"https:\/\/orkza.com\/product\/five-nights-at-freddys-help-wanted-steam-account\/"},"modified":"2026-02-26T05:38:44","modified_gmt":"2026-02-26T05:38:44","slug":"five-nights-at-freddys-help-wanted-steam-account","status":"publish","type":"product","link":"https:\/\/orkza.com\/de\/produkt\/five-nights-at-freddys-help-wanted-steam-account\/","title":{"rendered":"FIVE NIGHTS AT FREDDY&#8217;S HELP WANTED Steam-Konto"},"content":{"rendered":"<h2 data-start=\"0\" data-end=\"529\"><strong data-start=\"0\" data-end=\"40\">FIVE NIGHTS AT FREDDY&#8217;S: HELP WANTED<\/strong><\/h2>\n<p data-start=\"0\" data-end=\"529\">Tauche zur\u00fcck in die erschreckende Welt des Animatronic-Horrors mit <a class=\"decorated-link\" href=\"https:\/\/store.steampowered.com\/app\/732690\/FIVE_NIGHTS_AT_FREDDYS_HELP_WANTED\/\" target=\"_new\" rel=\"noopener\" data-start=\"106\" data-end=\"223\">FIVE NIGHTS AT FREDDY&#8217;S: HELP WANTED<\/a>. Dieses First-Person-VR- (und Nicht-VR-) Erlebnis interpretiert das klassische Five-Nights-Gameplay mit verbesserter Grafik, immersivem Sound und einer neuen Ebene der Angst neu. Als Techniker bei Fazbear Entertainment besteht Ihre Aufgabe darin, erschreckende Minispiele mit den ber\u00fcchtigten Freddy, Bonnie, Chica und Foxy zu absolvieren.  <\/p>\n<p data-start=\"531\" data-end=\"850\">Das Spiel vereint neue und klassische Erlebnisse \u2013 von der Reparatur von Animatronics bis zum \u00dcberleben von Jump-Scare-gef\u00fcllten N\u00e4chten in engen Sicherheitsr\u00e4umen. Ob in VR oder auf dem Bildschirm, jede Sekunde ist voller Spannung, unvorhersehbarer Momente und beunruhigendem Realismus, der die Essenz der urspr\u00fcnglichen FNAF-Serie einf\u00e4ngt. <\/p>\n<p data-start=\"852\" data-end=\"1119\">Mit seinem schwarzen Humor, seiner unheimlichen Atmosph\u00e4re und seinem nervenaufreibenden Gameplay bietet <em data-start=\"920\" data-end=\"933\">Help Wanted<\/em> Fans eine neue M\u00f6glichkeit, die Welt von Freddy Fazbear&#8217;s Pizza zu erleben. Sammeln Sie versteckte Kassetten, decken Sie Geheimnisse auf und stellen Sie sich Ihren \u00c4ngsten in einem der immersivsten Horrorspiele, die je gemacht wurden. <\/p>\n<h3 data-start=\"1121\" data-end=\"1144\">Systemanforderungen<\/h3>\n<p data-start=\"1145\" data-end=\"1159\"><strong data-start=\"1145\" data-end=\"1157\">Minimum:<\/strong><\/p>\n<ul data-start=\"1160\" data-end=\"1344\">\n<li data-start=\"1160\" data-end=\"1186\">\n<p data-start=\"1162\" data-end=\"1186\">Betriebssystem: Windows 8 oder neuer<\/p>\n<\/li>\n<li data-start=\"1187\" data-end=\"1239\">\n<p data-start=\"1189\" data-end=\"1239\">Prozessor: Intel i5-4590 \/ AMD FX 8350 oder besser<\/p>\n<\/li>\n<li data-start=\"1240\" data-end=\"1260\">\n<p data-start=\"1242\" data-end=\"1260\">Arbeitsspeicher: 8 GB RAM<\/p>\n<\/li>\n<li data-start=\"1261\" data-end=\"1309\">\n<p data-start=\"1263\" data-end=\"1309\">Grafik: NVIDIA GTX 970 \/ AMD Radeon R9 390<\/p>\n<\/li>\n<li data-start=\"1310\" data-end=\"1344\">\n<p data-start=\"1312\" data-end=\"1344\">Speicherplatz: 11 GB verf\u00fcgbarer Speicherplatz<\/p>\n<\/li>\n<\/ul>\n<p data-start=\"1346\" data-end=\"1364\"><strong data-start=\"1346\" data-end=\"1362\">Empfohlen:<\/strong><\/p>\n<ul data-start=\"1365\" data-end=\"1545\">\n<li data-start=\"1365\" data-end=\"1392\">\n<p data-start=\"1367\" data-end=\"1392\">Betriebssystem: Windows 10 (64-Bit)<\/p>\n<\/li>\n<li data-start=\"1393\" data-end=\"1441\">\n<p data-start=\"1395\" data-end=\"1441\">Prozessor: Intel i7-6700K \/ AMD Ryzen 5 1600<\/p>\n<\/li>\n<li data-start=\"1442\" data-end=\"1463\">\n<p data-start=\"1444\" data-end=\"1463\">Arbeitsspeicher: 16 GB RAM<\/p>\n<\/li>\n<li data-start=\"1464\" data-end=\"1510\">\n<p data-start=\"1466\" data-end=\"1510\">Grafik: NVIDIA GTX 1070 \/ AMD RX Vega 56<\/p>\n<\/li>\n<li data-start=\"1511\" data-end=\"1545\">\n<p data-start=\"1513\" data-end=\"1545\">Speicherplatz: 11 GB verf\u00fcgbarer Speicherplatz<\/p>\n<\/li>\n<\/ul>\n<h3>So verwenden Sie Ihr FIVE NIGHTS AT FREDDY&#8217;S HELP WANTED Steam-Konto<\/h3>\n<p><img decoding=\"async\" class=\"alignnone wp-image-3511\" src=\"https:\/\/orkza.com\/wp-content\/uploads\/2024\/10\/STEAM-ACTIVATION-GUIDE-400x225.jpg\" alt=\"\" width=\"804\" height=\"453\" title=\"\" srcset=\"https:\/\/orkza.com\/wp-content\/uploads\/2024\/10\/STEAM-ACTIVATION-GUIDE-400x225.jpg 400w, https:\/\/orkza.com\/wp-content\/uploads\/2024\/10\/STEAM-ACTIVATION-GUIDE-430x242.jpg 430w, https:\/\/orkza.com\/wp-content\/uploads\/2024\/10\/STEAM-ACTIVATION-GUIDE-150x84.jpg 150w, https:\/\/orkza.com\/wp-content\/uploads\/2024\/10\/STEAM-ACTIVATION-GUIDE-700x394.jpg 700w, https:\/\/orkza.com\/wp-content\/uploads\/2024\/10\/STEAM-ACTIVATION-GUIDE-768x432.jpg 768w, https:\/\/orkza.com\/wp-content\/uploads\/2024\/10\/STEAM-ACTIVATION-GUIDE.jpg 1280w\" sizes=\"(max-width: 804px) 100vw, 804px\" \/><\/p>\n<p>Melden Sie sich nach dem Kauf auf Ihrem PC beim bereitgestellten Steam-Konto an. \u00d6ffnen Sie nach dem Login Ihre Bibliothek, installieren Sie das Spiel und klicken Sie auf \u201eSpielen\u201c.  Beenden Sie nach ein paar Minuten das Spiel, stellen Sie Steam auf den Offline-Modus um \u2013 und schon k\u00f6nnen Sie stundenlang spannendes Gameplay genie\u00dfen!<\/p>\n<p>F\u00fcr einen umfassenden Einrichtungsprozess lesen Sie bitte unseren <a href=\"https:\/\/orkza.com\/de\/steam-account-activation-guide\/\" target=\"_blank\" rel=\"noopener\">Steam-Konto-Aktivierungsleitfaden<\/a>.<\/p>\n<p>Entdecken Sie unsere neuesten <a href=\"https:\/\/orkza.com\/de\/produkt-kategorie\/pc-spiele\/\" target=\"_blank\" rel=\"noopener\">PC-SPIELE<\/a><\/p>\n","protected":false},"excerpt":{"rendered":"<article class=\"text-token-text-primary w-full focus:outline-none scroll-mt-[calc(var(--header-height)+min(200px,max(70px,20svh)))]\" dir=\"auto\" tabindex=\"-1\" data-turn-id=\"825f8558-9f2b-458c-ad9a-5b51e35369c8\" data-testid=\"conversation-turn-286\" data-scroll-anchor=\"true\" data-turn=\"assistant\">\n<div class=\"text-base my-auto mx-auto pb-10 [--thread-content-margin:--spacing(4)] thread-sm:[--thread-content-margin:--spacing(6)] thread-lg:[--thread-content-margin:--spacing(16)] px-(--thread-content-margin)\">\n<div class=\"[--thread-content-max-width:40rem] thread-lg:[--thread-content-max-width:48rem] mx-auto max-w-(--thread-content-max-width) flex-1 group\/turn-messages focus-visible:outline-hidden relative flex w-full min-w-0 flex-col agent-turn\" tabindex=\"-1\">\n<div class=\"flex max-w-full flex-col grow\">\n<div class=\"min-h-8 text-message relative flex w-full flex-col items-end gap-2 text-start break-words whitespace-normal [.text-message+&amp;]:mt-5\" dir=\"auto\" data-message-author-role=\"assistant\" data-message-id=\"2928a0af-c8b9-4771-8af5-a56ec1451607\" data-message-model-slug=\"gpt-5\">\n<div class=\"flex w-full flex-col gap-1 empty:hidden first:pt-[3px]\">\n<div class=\"markdown prose dark:prose-invert w-full break-words dark markdown-new-styling\">\n<article class=\"text-token-text-primary w-full focus:outline-none scroll-mt-[calc(var(--header-height)+min(200px,max(70px,20svh)))]\" dir=\"auto\" tabindex=\"-1\" data-turn-id=\"4853738f-41d9-4361-acbd-da104adcb5f6\" data-testid=\"conversation-turn-288\" data-scroll-anchor=\"true\" data-turn=\"assistant\">\n<div class=\"text-base my-auto mx-auto pb-10 [--thread-content-margin:--spacing(4)] thread-sm:[--thread-content-margin:--spacing(6)] thread-lg:[--thread-content-margin:--spacing(16)] px-(--thread-content-margin)\">\n<div class=\"[--thread-content-max-width:40rem] thread-lg:[--thread-content-max-width:48rem] mx-auto max-w-(--thread-content-max-width) flex-1 group\/turn-messages focus-visible:outline-hidden relative flex w-full min-w-0 flex-col agent-turn\" tabindex=\"-1\">\n<div class=\"flex max-w-full flex-col grow\">\n<div class=\"min-h-8 text-message relative flex w-full flex-col items-end gap-2 text-start break-words whitespace-normal [.text-message+&amp;]:mt-5\" dir=\"auto\" data-message-author-role=\"assistant\" data-message-id=\"5f2e51b3-f20e-438b-8196-6d76021c77fc\" data-message-model-slug=\"gpt-5\">\n<div class=\"flex w-full flex-col gap-1 empty:hidden first:pt-[3px]\">\n<div class=\"markdown prose dark:prose-invert w-full break-words dark markdown-new-styling\">\n<p data-start=\"1547\" data-end=\"1676\">\u00dcberlebe schreckliche N\u00e4chte in Freddy Fazbear&#8217;s Pizza in diesem immersiven VR- und Nicht-VR-Horrorerlebnis.<\/p>\n<\/div>\n<\/div>\n<\/div>\n<\/div>\n<\/div>\n<\/div>\n<\/article>\n<\/div>\n<\/div>\n<\/div>\n<\/div>\n<\/div>\n<\/div>\n<\/article>\n<p><img decoding=\"async\" class=\"alignnone wp-image-3526\" src=\"https:\/\/orkza.com\/wp-content\/uploads\/2024\/10\/Steam-Account-Notice-min-300x300.png\" alt=\"\" width=\"41\" height=\"41\" srcset=\"https:\/\/orkza.com\/wp-content\/uploads\/2024\/10\/Steam-Account-Notice-min-300x300.png 300w, https:\/\/orkza.com\/wp-content\/uploads\/2024\/10\/Steam-Account-Notice-min-scaled-430x430.png 430w, https:\/\/orkza.com\/wp-content\/uploads\/2024\/10\/Steam-Account-Notice-min-150x150.png 150w, https:\/\/orkza.com\/wp-content\/uploads\/2024\/10\/Steam-Account-Notice-min-scaled-700x700.png 700w, https:\/\/orkza.com\/wp-content\/uploads\/2024\/10\/Steam-Account-Notice-min-800x800.png 800w, https:\/\/orkza.com\/wp-content\/uploads\/2024\/10\/Steam-Account-Notice-min-768x768.png 768w, https:\/\/orkza.com\/wp-content\/uploads\/2024\/10\/Steam-Account-Notice-min-1536x1536.png 1536w, https:\/\/orkza.com\/wp-content\/uploads\/2024\/10\/Steam-Account-Notice-min-2048x2048.png 2048w\" sizes=\"(max-width: 41px) 100vw, 41px\" \/><strong>Hinweis: Kontodaten k\u00f6nnen nicht ge\u00e4ndert werden. Dies ist ein Steam-Konto mit lebenslangem Zugriff, nur Offline-Spiel. <\/strong><\/p>\n","protected":false},"featured_media":16882,"comment_status":"open","ping_status":"closed","template":"","meta":[],"product_brand":[],"product_cat":[216],"product_tag":[249],"class_list":{"0":"post-16881","1":"product","2":"type-product","3":"status-publish","4":"has-post-thumbnail","6":"product_cat-action","7":"product_tag-steam","9":"first","10":"instock","11":"sale","12":"virtual","13":"purchasable","14":"product-type-simple"},"_links":{"self":[{"href":"https:\/\/orkza.com\/de\/wp-json\/wp\/v2\/product\/16881","targetHints":{"allow":["GET"]}}],"collection":[{"href":"https:\/\/orkza.com\/de\/wp-json\/wp\/v2\/product"}],"about":[{"href":"https:\/\/orkza.com\/de\/wp-json\/wp\/v2\/types\/product"}],"replies":[{"embeddable":true,"href":"https:\/\/orkza.com\/de\/wp-json\/wp\/v2\/comments?post=16881"}],"version-history":[{"count":0,"href":"https:\/\/orkza.com\/de\/wp-json\/wp\/v2\/product\/16881\/revisions"}],"wp:featuredmedia":[{"embeddable":true,"href":"https:\/\/orkza.com\/de\/wp-json\/wp\/v2\/media\/16882"}],"wp:attachment":[{"href":"https:\/\/orkza.com\/de\/wp-json\/wp\/v2\/media?parent=16881"}],"wp:term":[{"taxonomy":"product_brand","embeddable":true,"href":"https:\/\/orkza.com\/de\/wp-json\/wp\/v2\/product_brand?post=16881"},{"taxonomy":"product_cat","embeddable":true,"href":"https:\/\/orkza.com\/de\/wp-json\/wp\/v2\/product_cat?post=16881"},{"taxonomy":"product_tag","embeddable":true,"href":"https:\/\/orkza.com\/de\/wp-json\/wp\/v2\/product_tag?post=16881"}],"curies":[{"name":"wp","href":"https:\/\/api.w.org\/{rel}","templated":true}]}}