{"id":16879,"date":"2025-11-07T05:36:19","date_gmt":"2025-11-07T05:36:19","guid":{"rendered":"https:\/\/orkza.com\/product\/house-flipper-2-steam-account\/"},"modified":"2026-02-26T05:38:42","modified_gmt":"2026-02-26T05:38:42","slug":"house-flipper-2-steam-account","status":"publish","type":"product","link":"https:\/\/orkza.com\/de\/produkt\/house-flipper-2-steam-account\/","title":{"rendered":"House Flipper 2 Steam-Konto"},"content":{"rendered":"<h2 data-start=\"4475\" data-end=\"4563\"><strong data-start=\"4478\" data-end=\"4561\">House Flipper 2 Steam-Konto \u2013 Bauen, Renovieren und Gestalten Sie Ihre Traumprojekte<\/strong><\/h2>\n<p data-start=\"4565\" data-end=\"4885\">Erleben Sie den ultimativen Renovierungssimulator in <strong data-start=\"4613\" data-end=\"4695\"><a class=\"decorated-link\" href=\"https:\/\/store.steampowered.com\/app\/1190970\/House_Flipper_2\/\" target=\"_new\" rel=\"noopener\" data-start=\"4615\" data-end=\"4693\">House Flipper 2<\/a><\/strong>, wo Kreativit\u00e4t auf Handwerkskunst trifft. Egal, ob Sie verlassene H\u00e4user restaurieren, Innenr\u00e4ume neu gestalten oder von Grund auf neu bauen \u2013 diese Fortsetzung hebt Ihre Renovierungsf\u00e4higkeiten auf ein neues Niveau. <\/p>\n<hr data-start=\"4887\" data-end=\"4890\">\n<h3 data-start=\"4892\" data-end=\"4935\"><strong data-start=\"4896\" data-end=\"4933\">Umbauen und Neugestalten mit Realismus<\/strong><\/h3>\n<p data-start=\"4936\" data-end=\"5202\">Werden Sie zum professionellen Haus-Flipper, ausgestattet mit leistungsstarken Werkzeugen zum Reinigen, Reparieren, Abrei\u00dfen und Dekorieren. Die verbesserten Baummechaniken und die realistische Physik erm\u00f6glichen es Ihnen, W\u00e4nde zu errichten, B\u00f6den zu verlegen und aus Tausenden von M\u00f6belst\u00fccken und Materialien zu w\u00e4hlen. <\/p>\n<p data-start=\"5204\" data-end=\"5413\">Jedes Projekt erz\u00e4hlt eine Geschichte \u2013 renovieren Sie gem\u00fctliche H\u00e4user, Luxusvillen oder einzigartige R\u00e4ume f\u00fcr Kunden mit unterschiedlichem Geschmack. Der neue Sandbox-Modus gibt Ihnen v\u00f6llige kreative Freiheit, um grenzenlos zu gestalten und zu bauen. <\/p>\n<hr data-start=\"5415\" data-end=\"5418\">\n<h3 data-start=\"5420\" data-end=\"5466\"><strong data-start=\"5424\" data-end=\"5464\">Verbessertes Gameplay &amp; Atemberaubende Grafik<\/strong><\/h3>\n<p data-start=\"5467\" data-end=\"5741\"><em data-start=\"5467\" data-end=\"5484\">House Flipper 2<\/em> bietet verbesserte Grafik, fl\u00fcssige Animationen und ein immersiveres First-Person-Erlebnis. Von staubigen Dachb\u00f6den bis zu sonnigen G\u00e4rten erweckt jedes Detail Ihre Vision zum Leben. Das entspannende und doch lohnende Gameplay ist perfekt f\u00fcr Gelegenheitsspieler und kreative K\u00f6pfe gleicherma\u00dfen.  <\/p>\n<hr data-start=\"5743\" data-end=\"5746\">\n<h3 data-start=\"5748\" data-end=\"5796\"><strong data-start=\"5752\" data-end=\"5794\">Systemanforderungen<\/strong><\/h3>\n<p data-start=\"5798\" data-end=\"5812\"><strong data-start=\"5798\" data-end=\"5810\">Minimum:<\/strong><\/p>\n<ul data-start=\"5813\" data-end=\"6039\">\n<li data-start=\"5813\" data-end=\"5844\">\n<p data-start=\"5815\" data-end=\"5844\"><strong data-start=\"5815\" data-end=\"5822\">Betriebssystem:<\/strong> Windows 10 (64-Bit)<\/p>\n<\/li>\n<li data-start=\"5845\" data-end=\"5901\">\n<p data-start=\"5847\" data-end=\"5901\"><strong data-start=\"5847\" data-end=\"5861\">Prozessor:<\/strong> Intel Core i5-8400 \/ AMD Ryzen 5 2600<\/p>\n<\/li>\n<li data-start=\"5902\" data-end=\"5926\">\n<p data-start=\"5904\" data-end=\"5926\"><strong data-start=\"5904\" data-end=\"5915\">Arbeitsspeicher:<\/strong> 8 GB RAM<\/p>\n<\/li>\n<li data-start=\"5927\" data-end=\"5972\">\n<p data-start=\"5929\" data-end=\"5972\"><strong data-start=\"5929\" data-end=\"5942\">Grafikkarte:<\/strong> NVIDIA GTX 970 \/ AMD RX 580<\/p>\n<\/li>\n<li data-start=\"5973\" data-end=\"6000\">\n<p data-start=\"5975\" data-end=\"6000\"><strong data-start=\"5975\" data-end=\"5987\">DirectX:<\/strong> Version 11<\/p>\n<\/li>\n<li data-start=\"6001\" data-end=\"6039\">\n<p data-start=\"6003\" data-end=\"6039\"><strong data-start=\"6003\" data-end=\"6015\">Speicherplatz:<\/strong> 15 GB verf\u00fcgbarer Speicherplatz<\/p>\n<\/li>\n<\/ul>\n<p data-start=\"6041\" data-end=\"6059\"><strong data-start=\"6041\" data-end=\"6057\">Empfohlen:<\/strong><\/p>\n<ul data-start=\"6060\" data-end=\"6287\">\n<li data-start=\"6060\" data-end=\"6091\">\n<p data-start=\"6062\" data-end=\"6091\"><strong data-start=\"6062\" data-end=\"6069\">Betriebssystem:<\/strong> Windows 11 (64-Bit)<\/p>\n<\/li>\n<li data-start=\"6092\" data-end=\"6149\">\n<p data-start=\"6094\" data-end=\"6149\"><strong data-start=\"6094\" data-end=\"6108\">Prozessor:<\/strong> Intel Core i7-9700 \/ AMD Ryzen 7 3700X<\/p>\n<\/li>\n<li data-start=\"6150\" data-end=\"6175\">\n<p data-start=\"6152\" data-end=\"6175\"><strong data-start=\"6152\" data-end=\"6163\">Arbeitsspeicher:<\/strong> 16 GB RAM<\/p>\n<\/li>\n<li data-start=\"6176\" data-end=\"6226\">\n<p data-start=\"6178\" data-end=\"6226\"><strong data-start=\"6178\" data-end=\"6191\">Grafikkarte:<\/strong> NVIDIA RTX 2060 \/ AMD RX 6600 XT<\/p>\n<\/li>\n<li data-start=\"6227\" data-end=\"6254\">\n<p data-start=\"6229\" data-end=\"6254\"><strong data-start=\"6229\" data-end=\"6241\">DirectX:<\/strong> Version 12<\/p>\n<\/li>\n<li data-start=\"6255\" data-end=\"6287\">\n<p data-start=\"6257\" data-end=\"6287\"><strong data-start=\"6257\" data-end=\"6269\">Speicherplatz:<\/strong> 15 GB SSD-Speicherplatz<\/p>\n<\/li>\n<\/ul>\n<h3>So nutzen Sie Ihr House Flipper 2 Steam-Konto<\/h3>\n<p><img decoding=\"async\" class=\"alignnone wp-image-3511\" src=\"https:\/\/orkza.com\/wp-content\/uploads\/2024\/10\/STEAM-ACTIVATION-GUIDE-400x225.jpg\" alt=\"\" width=\"804\" height=\"453\" title=\"\" srcset=\"https:\/\/orkza.com\/wp-content\/uploads\/2024\/10\/STEAM-ACTIVATION-GUIDE-400x225.jpg 400w, https:\/\/orkza.com\/wp-content\/uploads\/2024\/10\/STEAM-ACTIVATION-GUIDE-430x242.jpg 430w, https:\/\/orkza.com\/wp-content\/uploads\/2024\/10\/STEAM-ACTIVATION-GUIDE-150x84.jpg 150w, https:\/\/orkza.com\/wp-content\/uploads\/2024\/10\/STEAM-ACTIVATION-GUIDE-700x394.jpg 700w, https:\/\/orkza.com\/wp-content\/uploads\/2024\/10\/STEAM-ACTIVATION-GUIDE-768x432.jpg 768w, https:\/\/orkza.com\/wp-content\/uploads\/2024\/10\/STEAM-ACTIVATION-GUIDE.jpg 1280w\" sizes=\"(max-width: 804px) 100vw, 804px\" \/><\/p>\n<p>Melden Sie sich nach dem Kauf auf Ihrem PC beim bereitgestellten Steam-Konto an. \u00d6ffnen Sie nach dem Login Ihre Bibliothek, installieren Sie das Spiel und klicken Sie auf \u201eSpielen\u201c.  Beenden Sie nach ein paar Minuten das Spiel, stellen Sie Steam auf den Offline-Modus um \u2013 und schon k\u00f6nnen Sie stundenlang spannendes Gameplay genie\u00dfen!<\/p>\n<p>F\u00fcr einen umfassenden Einrichtungsprozess lesen Sie bitte unseren <a href=\"https:\/\/orkza.com\/de\/steam-account-activation-guide\/\" target=\"_blank\" rel=\"noopener\">Steam-Konto-Aktivierungsleitfaden<\/a>.<\/p>\n<p>Entdecken Sie unsere neuesten <a href=\"https:\/\/orkza.com\/de\/produkt-kategorie\/pc-spiele\/\" target=\"_blank\" rel=\"noopener\">PC-SPIELE<\/a><\/p>\n","protected":false},"excerpt":{"rendered":"<article class=\"text-token-text-primary w-full focus:outline-none scroll-mt-[calc(var(--header-height)+min(200px,max(70px,20svh)))]\" dir=\"auto\" tabindex=\"-1\" data-turn-id=\"825f8558-9f2b-458c-ad9a-5b51e35369c8\" data-testid=\"conversation-turn-286\" data-scroll-anchor=\"true\" data-turn=\"assistant\">\n<div class=\"text-base my-auto mx-auto pb-10 [--thread-content-margin:--spacing(4)] thread-sm:[--thread-content-margin:--spacing(6)] thread-lg:[--thread-content-margin:--spacing(16)] px-(--thread-content-margin)\">\n<div class=\"[--thread-content-max-width:40rem] thread-lg:[--thread-content-max-width:48rem] mx-auto max-w-(--thread-content-max-width) flex-1 group\/turn-messages focus-visible:outline-hidden relative flex w-full min-w-0 flex-col agent-turn\" tabindex=\"-1\">\n<div class=\"flex max-w-full flex-col grow\">\n<div class=\"min-h-8 text-message relative flex w-full flex-col items-end gap-2 text-start break-words whitespace-normal [.text-message+&amp;]:mt-5\" dir=\"auto\" data-message-author-role=\"assistant\" data-message-id=\"2928a0af-c8b9-4771-8af5-a56ec1451607\" data-message-model-slug=\"gpt-5\">\n<div class=\"flex w-full flex-col gap-1 empty:hidden first:pt-[3px]\">\n<div class=\"markdown prose dark:prose-invert w-full break-words dark markdown-new-styling\">\n<article class=\"text-token-text-primary w-full focus:outline-none scroll-mt-[calc(var(--header-height)+min(200px,max(70px,20svh)))]\" dir=\"auto\" tabindex=\"-1\" data-turn-id=\"4853738f-41d9-4361-acbd-da104adcb5f6\" data-testid=\"conversation-turn-288\" data-scroll-anchor=\"true\" data-turn=\"assistant\">\n<div class=\"text-base my-auto mx-auto pb-10 [--thread-content-margin:--spacing(4)] thread-sm:[--thread-content-margin:--spacing(6)] thread-lg:[--thread-content-margin:--spacing(16)] px-(--thread-content-margin)\">\n<div class=\"[--thread-content-max-width:40rem] thread-lg:[--thread-content-max-width:48rem] mx-auto max-w-(--thread-content-max-width) flex-1 group\/turn-messages focus-visible:outline-hidden relative flex w-full min-w-0 flex-col agent-turn\" tabindex=\"-1\">\n<div class=\"flex max-w-full flex-col grow\">\n<div class=\"min-h-8 text-message relative flex w-full flex-col items-end gap-2 text-start break-words whitespace-normal [.text-message+&amp;]:mt-5\" dir=\"auto\" data-message-author-role=\"assistant\" data-message-id=\"5f2e51b3-f20e-438b-8196-6d76021c77fc\" data-message-model-slug=\"gpt-5\">\n<div class=\"flex w-full flex-col gap-1 empty:hidden first:pt-[3px]\">\n<div class=\"markdown prose dark:prose-invert w-full break-words dark markdown-new-styling\">\n<p data-start=\"2441\" data-end=\"2597\">Renovieren, gestalten und bauen Sie Ihre Traumh\u00e4user in <em data-start=\"6385\" data-end=\"6402\">House Flipper 2<\/em>, mit realistischen Werkzeugen und grenzenloser Kreativit\u00e4t.<\/p>\n<\/div>\n<\/div>\n<\/div>\n<\/div>\n<\/div>\n<\/div>\n<\/article>\n<\/div>\n<\/div>\n<\/div>\n<\/div>\n<\/div>\n<\/div>\n<\/article>\n<p><img decoding=\"async\" class=\"alignnone wp-image-3526\" src=\"https:\/\/orkza.com\/wp-content\/uploads\/2024\/10\/Steam-Account-Notice-min-300x300.png\" alt=\"\" width=\"41\" height=\"41\" srcset=\"https:\/\/orkza.com\/wp-content\/uploads\/2024\/10\/Steam-Account-Notice-min-300x300.png 300w, https:\/\/orkza.com\/wp-content\/uploads\/2024\/10\/Steam-Account-Notice-min-scaled-430x430.png 430w, https:\/\/orkza.com\/wp-content\/uploads\/2024\/10\/Steam-Account-Notice-min-150x150.png 150w, https:\/\/orkza.com\/wp-content\/uploads\/2024\/10\/Steam-Account-Notice-min-scaled-700x700.png 700w, https:\/\/orkza.com\/wp-content\/uploads\/2024\/10\/Steam-Account-Notice-min-800x800.png 800w, https:\/\/orkza.com\/wp-content\/uploads\/2024\/10\/Steam-Account-Notice-min-768x768.png 768w, https:\/\/orkza.com\/wp-content\/uploads\/2024\/10\/Steam-Account-Notice-min-1536x1536.png 1536w, https:\/\/orkza.com\/wp-content\/uploads\/2024\/10\/Steam-Account-Notice-min-2048x2048.png 2048w\" sizes=\"(max-width: 41px) 100vw, 41px\" \/><strong>Hinweis: Kontodaten k\u00f6nnen nicht ge\u00e4ndert werden. Dies ist ein Steam-Konto mit lebenslangem Zugriff, nur Offline-Spiel. <\/strong><\/p>\n","protected":false},"featured_media":16880,"comment_status":"open","ping_status":"closed","template":"","meta":[],"product_brand":[],"product_cat":[224],"product_tag":[249],"class_list":{"0":"post-16879","1":"product","2":"type-product","3":"status-publish","4":"has-post-thumbnail","6":"product_cat-simulation","7":"product_tag-steam","9":"first","10":"instock","11":"sale","12":"virtual","13":"purchasable","14":"product-type-simple"},"_links":{"self":[{"href":"https:\/\/orkza.com\/de\/wp-json\/wp\/v2\/product\/16879","targetHints":{"allow":["GET"]}}],"collection":[{"href":"https:\/\/orkza.com\/de\/wp-json\/wp\/v2\/product"}],"about":[{"href":"https:\/\/orkza.com\/de\/wp-json\/wp\/v2\/types\/product"}],"replies":[{"embeddable":true,"href":"https:\/\/orkza.com\/de\/wp-json\/wp\/v2\/comments?post=16879"}],"version-history":[{"count":0,"href":"https:\/\/orkza.com\/de\/wp-json\/wp\/v2\/product\/16879\/revisions"}],"wp:featuredmedia":[{"embeddable":true,"href":"https:\/\/orkza.com\/de\/wp-json\/wp\/v2\/media\/16880"}],"wp:attachment":[{"href":"https:\/\/orkza.com\/de\/wp-json\/wp\/v2\/media?parent=16879"}],"wp:term":[{"taxonomy":"product_brand","embeddable":true,"href":"https:\/\/orkza.com\/de\/wp-json\/wp\/v2\/product_brand?post=16879"},{"taxonomy":"product_cat","embeddable":true,"href":"https:\/\/orkza.com\/de\/wp-json\/wp\/v2\/product_cat?post=16879"},{"taxonomy":"product_tag","embeddable":true,"href":"https:\/\/orkza.com\/de\/wp-json\/wp\/v2\/product_tag?post=16879"}],"curies":[{"name":"wp","href":"https:\/\/api.w.org\/{rel}","templated":true}]}}