{"id":16876,"date":"2025-11-07T05:36:28","date_gmt":"2025-11-07T05:36:28","guid":{"rendered":"https:\/\/orkza.com\/product\/crash-bandicoot-n-sane-trilogy-steam-account\/"},"modified":"2026-02-26T05:38:20","modified_gmt":"2026-02-26T05:38:20","slug":"crash-bandicoot-n-sane-trilogy-steam-account","status":"publish","type":"product","link":"https:\/\/orkza.com\/de\/produkt\/crash-bandicoot-n-sane-trilogy-steam-account\/","title":{"rendered":"Crash Bandicoot&#x2122; N. Sane Trilogy Steam-Account"},"content":{"rendered":"<h2 data-start=\"3033\" data-end=\"3507\"><strong data-start=\"3033\" data-end=\"3069\">Crash Bandicoot&#x2122; N. Sane Trilogy<\/strong><\/h2>\n<p data-start=\"3033\" data-end=\"3507\">Machen Sie sich bereit zum Wirbeln, Springen und Kisten-Zertr\u00fcmmern in <a class=\"decorated-link\" href=\"https:\/\/store.steampowered.com\/app\/731490\/Crash_Bandicoot_N_Sane_Trilogy\/\" target=\"_new\" rel=\"noopener\" data-start=\"3117\" data-end=\"3226\">Crash Bandicoot&#x2122; N. Sane Trilogy<\/a>, der ultimativen Remastered-Sammlung mit <em data-start=\"3273\" data-end=\"3290\">Crash Bandicoot<\/em>, <em data-start=\"3292\" data-end=\"3332\">Crash Bandicoot 2: Cortex Strikes Back<\/em> und <em data-start=\"3338\" data-end=\"3363\">Crash Bandicoot: Warped<\/em>. Erleben Sie die legend\u00e4re Platformer-Action, die eine Generation gepr\u00e4gt hat \u2013 jetzt mit komplett \u00fcberarbeiteter Grafik, verbesserter Steuerung und optimiertem Sound. <\/p>\n<p data-start=\"3509\" data-end=\"3751\">Spielen Sie als Crash, Coco oder Dr. Neo Cortex in \u00fcber 100 herausfordernden Levels voller Fallen, Gegner und Sch\u00e4tze. Das Remaster bewahrt den Charme und die Schwierigkeit der Originale und bietet gleichzeitig modernen Feinschliff sowie fl\u00fcssige Performance auf dem PC. <\/p>\n<p data-start=\"3753\" data-end=\"4032\">Mit voller Analog-Stick-Unterst\u00fctzung, Zeitrennen und wundersch\u00f6nen, \u00fcberarbeiteten Zwischensequenzen ist <em data-start=\"3834\" data-end=\"3868\">Crash Bandicoot&#x2122; N. Sane Trilogy<\/em> ein nostalgisches und zugleich frisches Abenteuer f\u00fcr alte und neue Fans. Perfektionieren Sie Ihr Timing, meistern Sie jedes Level und beweisen Sie Ihr K\u00f6nnen in einer der beliebtesten Spielreihen \u00fcberhaupt. <\/p>\n<h3 data-start=\"4034\" data-end=\"4057\">Systemanforderungen<\/h3>\n<p data-start=\"4058\" data-end=\"4072\"><strong data-start=\"4058\" data-end=\"4070\">Minimum:<\/strong><\/p>\n<ul data-start=\"4073\" data-end=\"4274\">\n<li data-start=\"4073\" data-end=\"4099\">\n<p data-start=\"4075\" data-end=\"4099\">Betriebssystem: Windows 7 (64-Bit)<\/p>\n<\/li>\n<li data-start=\"4100\" data-end=\"4167\">\n<p data-start=\"4102\" data-end=\"4167\">Prozessor: Intel Core i5-750 @ 2,67 GHz oder AMD Phenom II X4 965<\/p>\n<\/li>\n<li data-start=\"4168\" data-end=\"4188\">\n<p data-start=\"4170\" data-end=\"4188\">Arbeitsspeicher: 8 GB RAM<\/p>\n<\/li>\n<li data-start=\"4189\" data-end=\"4239\">\n<p data-start=\"4191\" data-end=\"4239\">Grafik: NVIDIA GTX 660 oder AMD Radeon HD 7850<\/p>\n<\/li>\n<li data-start=\"4240\" data-end=\"4274\">\n<p data-start=\"4242\" data-end=\"4274\">Speicherplatz: 30 GB verf\u00fcgbarer Speicher<\/p>\n<\/li>\n<\/ul>\n<p data-start=\"4276\" data-end=\"4294\"><strong data-start=\"4276\" data-end=\"4292\">Empfohlen:<\/strong><\/p>\n<ul data-start=\"4295\" data-end=\"4478\">\n<li data-start=\"4295\" data-end=\"4322\">\n<p data-start=\"4297\" data-end=\"4322\">Betriebssystem: Windows 10 (64-Bit)<\/p>\n<\/li>\n<li data-start=\"4323\" data-end=\"4372\">\n<p data-start=\"4325\" data-end=\"4372\">Prozessor: Intel Core i5-2500K oder AMD FX-8350<\/p>\n<\/li>\n<li data-start=\"4373\" data-end=\"4393\">\n<p data-start=\"4375\" data-end=\"4393\">Arbeitsspeicher: 8 GB RAM<\/p>\n<\/li>\n<li data-start=\"4394\" data-end=\"4443\">\n<p data-start=\"4396\" data-end=\"4443\">Grafik: NVIDIA GTX 970 oder AMD Radeon R9 390<\/p>\n<\/li>\n<li data-start=\"4444\" data-end=\"4478\">\n<p data-start=\"4446\" data-end=\"4478\">Speicherplatz: 30 GB verf\u00fcgbarer Speicher<\/p>\n<\/li>\n<\/ul>\n<h3>So nutzen Sie Ihren Crash Bandicoot&#x2122; N. Sane Trilogy Steam-Account<\/h3>\n<p><img decoding=\"async\" class=\"alignnone wp-image-3511\" src=\"https:\/\/orkza.com\/wp-content\/uploads\/2024\/10\/STEAM-ACTIVATION-GUIDE-400x225.jpg\" alt=\"\" width=\"804\" height=\"453\" title=\"\" srcset=\"https:\/\/orkza.com\/wp-content\/uploads\/2024\/10\/STEAM-ACTIVATION-GUIDE-400x225.jpg 400w, https:\/\/orkza.com\/wp-content\/uploads\/2024\/10\/STEAM-ACTIVATION-GUIDE-430x242.jpg 430w, https:\/\/orkza.com\/wp-content\/uploads\/2024\/10\/STEAM-ACTIVATION-GUIDE-150x84.jpg 150w, https:\/\/orkza.com\/wp-content\/uploads\/2024\/10\/STEAM-ACTIVATION-GUIDE-700x394.jpg 700w, https:\/\/orkza.com\/wp-content\/uploads\/2024\/10\/STEAM-ACTIVATION-GUIDE-768x432.jpg 768w, https:\/\/orkza.com\/wp-content\/uploads\/2024\/10\/STEAM-ACTIVATION-GUIDE.jpg 1280w\" sizes=\"(max-width: 804px) 100vw, 804px\" \/><\/p>\n<p>Melden Sie sich nach dem Kauf auf Ihrem PC beim bereitgestellten Steam-Konto an. \u00d6ffnen Sie nach dem Login Ihre Bibliothek, installieren Sie das Spiel und klicken Sie auf \u201eSpielen\u201c.  Nach ein paar Minuten beende das Spiel und schalte Steam in den Offline-Modus \u2013 und schon bist du bereit f\u00fcr stundenlangen, aufregenden Spielspa\u00df!<\/p>\n<p>F\u00fcr eine umfassende Einrichtung lies dir unseren <a href=\"https:\/\/orkza.com\/de\/steam-account-activation-guide\/\" target=\"_blank\" rel=\"noopener\">Steam-Konto-Aktivierungsleitfaden<\/a> durch.<\/p>\n<p>Entdecke unsere neuesten <a href=\"https:\/\/orkza.com\/de\/produkt-kategorie\/pc-spiele\/\" target=\"_blank\" rel=\"noopener\">PC-SPIELE<\/a><\/p>\n","protected":false},"excerpt":{"rendered":"<article class=\"text-token-text-primary w-full focus:outline-none scroll-mt-[calc(var(--header-height)+min(200px,max(70px,20svh)))]\" dir=\"auto\" tabindex=\"-1\" data-turn-id=\"825f8558-9f2b-458c-ad9a-5b51e35369c8\" data-testid=\"conversation-turn-286\" data-scroll-anchor=\"true\" data-turn=\"assistant\">\n<div class=\"text-base my-auto mx-auto pb-10 [--thread-content-margin:--spacing(4)] thread-sm:[--thread-content-margin:--spacing(6)] thread-lg:[--thread-content-margin:--spacing(16)] px-(--thread-content-margin)\">\n<div class=\"[--thread-content-max-width:40rem] thread-lg:[--thread-content-max-width:48rem] mx-auto max-w-(--thread-content-max-width) flex-1 group\/turn-messages focus-visible:outline-hidden relative flex w-full min-w-0 flex-col agent-turn\" tabindex=\"-1\">\n<div class=\"flex max-w-full flex-col grow\">\n<div class=\"min-h-8 text-message relative flex w-full flex-col items-end gap-2 text-start break-words whitespace-normal [.text-message+&amp;]:mt-5\" dir=\"auto\" data-message-author-role=\"assistant\" data-message-id=\"2928a0af-c8b9-4771-8af5-a56ec1451607\" data-message-model-slug=\"gpt-5\">\n<div class=\"flex w-full flex-col gap-1 empty:hidden first:pt-[3px]\">\n<div class=\"markdown prose dark:prose-invert w-full break-words dark markdown-new-styling\">\n<article class=\"text-token-text-primary w-full focus:outline-none scroll-mt-[calc(var(--header-height)+min(200px,max(70px,20svh)))]\" dir=\"auto\" tabindex=\"-1\" data-turn-id=\"4853738f-41d9-4361-acbd-da104adcb5f6\" data-testid=\"conversation-turn-288\" data-scroll-anchor=\"true\" data-turn=\"assistant\">\n<div class=\"text-base my-auto mx-auto pb-10 [--thread-content-margin:--spacing(4)] thread-sm:[--thread-content-margin:--spacing(6)] thread-lg:[--thread-content-margin:--spacing(16)] px-(--thread-content-margin)\">\n<div class=\"[--thread-content-max-width:40rem] thread-lg:[--thread-content-max-width:48rem] mx-auto max-w-(--thread-content-max-width) flex-1 group\/turn-messages focus-visible:outline-hidden relative flex w-full min-w-0 flex-col agent-turn\" tabindex=\"-1\">\n<div class=\"flex max-w-full flex-col grow\">\n<div class=\"min-h-8 text-message relative flex w-full flex-col items-end gap-2 text-start break-words whitespace-normal [.text-message+&amp;]:mt-5\" dir=\"auto\" data-message-author-role=\"assistant\" data-message-id=\"5f2e51b3-f20e-438b-8196-6d76021c77fc\" data-message-model-slug=\"gpt-5\">\n<div class=\"flex w-full flex-col gap-1 empty:hidden first:pt-[3px]\">\n<div class=\"markdown prose dark:prose-invert w-full break-words dark markdown-new-styling\">\n<article class=\"text-token-text-primary w-full focus:outline-none [--shadow-height:45px] has-data-writing-block:pointer-events-none has-data-writing-block:-mt-(--shadow-height) has-data-writing-block:pt-(--shadow-height) [&amp;:has([data-writing-block])&gt;*]:pointer-events-auto [content-visibility:auto] supports-[content-visibility:auto]:[contain-intrinsic-size:auto_100lvh] scroll-mt-[calc(var(--header-height)+min(200px,max(70px,20svh)))]\" dir=\"auto\" tabindex=\"-1\" data-turn-id=\"d53dde2a-3b31-4544-ada8-79767a5c260e\" data-testid=\"conversation-turn-298\" data-scroll-anchor=\"false\" data-turn=\"assistant\">\n<div class=\"text-base my-auto mx-auto [--thread-content-margin:--spacing(4)] thread-sm:[--thread-content-margin:--spacing(6)] thread-lg:[--thread-content-margin:--spacing(16)] px-(--thread-content-margin)\">\n<div class=\"[--thread-content-max-width:40rem] thread-lg:[--thread-content-max-width:48rem] mx-auto max-w-(--thread-content-max-width) flex-1 group\/turn-messages focus-visible:outline-hidden relative flex w-full min-w-0 flex-col agent-turn\" tabindex=\"-1\">\n<div class=\"flex max-w-full flex-col grow\">\n<div class=\"min-h-8 text-message relative flex w-full flex-col items-end gap-2 text-start break-words whitespace-normal [.text-message+&amp;]:mt-1\" dir=\"auto\" data-message-author-role=\"assistant\" data-message-id=\"d53dde2a-3b31-4544-ada8-79767a5c260e\" data-message-model-slug=\"gpt-5\">\n<div class=\"flex w-full flex-col gap-1 empty:hidden first:pt-[1px]\">\n<div class=\"markdown prose dark:prose-invert w-full break-words dark markdown-new-styling\">\n<p data-start=\"4480\" data-end=\"4601\" data-is-last-node=\"\" data-is-only-node=\"\">Erleben Sie die urspr\u00fcnglichen Crash-Bandicoot-Abenteuer mit atemberaubender, \u00fcberarbeiteter Grafik und klassischem Spielspa\u00df neu.<\/p>\n<\/div>\n<\/div>\n<\/div>\n<\/div>\n<\/div>\n<\/div>\n<\/article>\n<\/div>\n<\/div>\n<\/div>\n<\/div>\n<\/div>\n<\/div>\n<\/article>\n<\/div>\n<\/div>\n<\/div>\n<\/div>\n<\/div>\n<\/div>\n<\/article>\n<p><img decoding=\"async\" class=\"alignnone wp-image-3526\" src=\"https:\/\/orkza.com\/wp-content\/uploads\/2024\/10\/Steam-Account-Notice-min-300x300.png\" alt=\"\" width=\"41\" height=\"41\" srcset=\"https:\/\/orkza.com\/wp-content\/uploads\/2024\/10\/Steam-Account-Notice-min-300x300.png 300w, https:\/\/orkza.com\/wp-content\/uploads\/2024\/10\/Steam-Account-Notice-min-scaled-430x430.png 430w, https:\/\/orkza.com\/wp-content\/uploads\/2024\/10\/Steam-Account-Notice-min-150x150.png 150w, https:\/\/orkza.com\/wp-content\/uploads\/2024\/10\/Steam-Account-Notice-min-scaled-700x700.png 700w, https:\/\/orkza.com\/wp-content\/uploads\/2024\/10\/Steam-Account-Notice-min-800x800.png 800w, https:\/\/orkza.com\/wp-content\/uploads\/2024\/10\/Steam-Account-Notice-min-768x768.png 768w, https:\/\/orkza.com\/wp-content\/uploads\/2024\/10\/Steam-Account-Notice-min-1536x1536.png 1536w, https:\/\/orkza.com\/wp-content\/uploads\/2024\/10\/Steam-Account-Notice-min-2048x2048.png 2048w\" sizes=\"(max-width: 41px) 100vw, 41px\" \/><strong>Hinweis: Kontodaten k\u00f6nnen nicht ge\u00e4ndert werden. Dies ist ein Steam-Konto mit lebenslangem Zugriff, nur Offline-Spiel. <\/strong><\/p>\n","protected":false},"featured_media":16816,"comment_status":"open","ping_status":"closed","template":"","meta":[],"product_brand":[],"product_cat":[216],"product_tag":[249],"class_list":{"0":"post-16876","1":"product","2":"type-product","3":"status-publish","4":"has-post-thumbnail","6":"product_cat-action","7":"product_tag-steam","9":"first","10":"instock","11":"sale","12":"virtual","13":"purchasable","14":"product-type-simple"},"_links":{"self":[{"href":"https:\/\/orkza.com\/de\/wp-json\/wp\/v2\/product\/16876","targetHints":{"allow":["GET"]}}],"collection":[{"href":"https:\/\/orkza.com\/de\/wp-json\/wp\/v2\/product"}],"about":[{"href":"https:\/\/orkza.com\/de\/wp-json\/wp\/v2\/types\/product"}],"replies":[{"embeddable":true,"href":"https:\/\/orkza.com\/de\/wp-json\/wp\/v2\/comments?post=16876"}],"version-history":[{"count":0,"href":"https:\/\/orkza.com\/de\/wp-json\/wp\/v2\/product\/16876\/revisions"}],"wp:featuredmedia":[{"embeddable":true,"href":"https:\/\/orkza.com\/de\/wp-json\/wp\/v2\/media\/16816"}],"wp:attachment":[{"href":"https:\/\/orkza.com\/de\/wp-json\/wp\/v2\/media?parent=16876"}],"wp:term":[{"taxonomy":"product_brand","embeddable":true,"href":"https:\/\/orkza.com\/de\/wp-json\/wp\/v2\/product_brand?post=16876"},{"taxonomy":"product_cat","embeddable":true,"href":"https:\/\/orkza.com\/de\/wp-json\/wp\/v2\/product_cat?post=16876"},{"taxonomy":"product_tag","embeddable":true,"href":"https:\/\/orkza.com\/de\/wp-json\/wp\/v2\/product_tag?post=16876"}],"curies":[{"name":"wp","href":"https:\/\/api.w.org\/{rel}","templated":true}]}}