{"id":16874,"date":"2025-11-07T05:36:26","date_gmt":"2025-11-07T05:36:26","guid":{"rendered":"https:\/\/orkza.com\/product\/hyper-light-drifter-steam-account\/"},"modified":"2026-02-26T05:38:18","modified_gmt":"2026-02-26T05:38:18","slug":"hyper-light-drifter-steam-account","status":"publish","type":"product","link":"https:\/\/orkza.com\/de\/produkt\/hyper-light-drifter-steam-account\/","title":{"rendered":"Hyper Light Drifter Steam-Konto"},"content":{"rendered":"<h2 data-start=\"0\" data-end=\"436\"><strong data-start=\"0\" data-end=\"23\">Hyper Light Drifter<\/strong><\/h2>\n<p data-start=\"0\" data-end=\"436\">Erleben Sie eine eindringlich sch\u00f6ne Welt in <a class=\"decorated-link\" href=\"https:\/\/store.steampowered.com\/app\/257850\/Hyper_Light_Drifter\/\" target=\"_new\" rel=\"noopener\" data-start=\"69\" data-end=\"154\">Hyper Light Drifter<\/a>, einem von klassischen 16-Bit-Spielen inspirierten, von der Kritik gefeierten Action-Adventure-RPG. Spieler schl\u00fcpfen in die Rolle des Drifters, eines mysteri\u00f6sen Wanderers, der an einer unheilbaren Krankheit leidet und riesige, zerst\u00f6rte Landschaften voller Geheimnisse, Technologie und l\u00e4ngst vergessener Zivilisationen erkundet. <\/p>\n<p data-start=\"438\" data-end=\"787\">Jeder Bereich dieser pixelgenauen Welt erz\u00e4hlt seine eigene Geschichte durch Atmosph\u00e4re, Farbe und Musik. Ohne Dialog entfaltet sich die Erz\u00e4hlung durch Bilder und Emotionen und zieht die Spieler in ein meditatives und doch intensives Erlebnis. Der Kampf ist schnell und pr\u00e4zise, kombiniert Schwertschl\u00e4ge, Sprints und Projektilangriffe, die Timing und Geschick erfordern.  <\/p>\n<p data-start=\"789\" data-end=\"1074\">Hyper Light Drifter belohnt die Erkundung \u2013 entdecken Sie verborgene Pfade, verbessern Sie Waffen und sammeln Sie Ressourcen, um in der zunehmend feindseligen Welt zu \u00fcberleben. Das handgefertigte Design des Spiels, der evokative Soundtrack von Disasterpeace und die emotionale Erz\u00e4hlweise machen es zu einem herausragenden Indie-Meisterwerk. <\/p>\n<h3 data-start=\"1076\" data-end=\"1099\">Systemanforderungen<\/h3>\n<p data-start=\"1100\" data-end=\"1114\"><strong data-start=\"1100\" data-end=\"1112\">Minimum:<\/strong><\/p>\n<ul data-start=\"1115\" data-end=\"1279\">\n<li data-start=\"1115\" data-end=\"1141\">\n<p data-start=\"1117\" data-end=\"1141\">Betriebssystem: Windows 7 oder neuer<\/p>\n<\/li>\n<li data-start=\"1142\" data-end=\"1184\">\n<p data-start=\"1144\" data-end=\"1184\">Prozessor: 1,2 GHz oder schnellerer Prozessor<\/p>\n<\/li>\n<li data-start=\"1185\" data-end=\"1205\">\n<p data-start=\"1187\" data-end=\"1205\">Arbeitsspeicher: 4 GB RAM<\/p>\n<\/li>\n<li data-start=\"1206\" data-end=\"1245\">\n<p data-start=\"1208\" data-end=\"1245\">Grafik: DirectX 10 kompatible GPU<\/p>\n<\/li>\n<li data-start=\"1246\" data-end=\"1279\">\n<p data-start=\"1248\" data-end=\"1279\">Speicherplatz: 2 GB verf\u00fcgbarer Speicherplatz<\/p>\n<\/li>\n<\/ul>\n<p data-start=\"1281\" data-end=\"1299\"><strong data-start=\"1281\" data-end=\"1297\">Empfohlen:<\/strong><\/p>\n<ul data-start=\"1300\" data-end=\"1438\">\n<li data-start=\"1300\" data-end=\"1318\">\n<p data-start=\"1302\" data-end=\"1318\">Betriebssystem: Windows 10<\/p>\n<\/li>\n<li data-start=\"1319\" data-end=\"1342\">\n<p data-start=\"1321\" data-end=\"1342\">Prozessor: 2,0 GHz+<\/p>\n<\/li>\n<li data-start=\"1343\" data-end=\"1363\">\n<p data-start=\"1345\" data-end=\"1363\">Arbeitsspeicher: 8 GB RAM<\/p>\n<\/li>\n<li data-start=\"1364\" data-end=\"1404\">\n<p data-start=\"1366\" data-end=\"1404\">Grafik: Dedizierte GPU (NVIDIA\/AMD)<\/p>\n<\/li>\n<li data-start=\"1405\" data-end=\"1438\">\n<p data-start=\"1407\" data-end=\"1438\">Speicherplatz: 2 GB verf\u00fcgbarer Speicherplatz<\/p>\n<\/li>\n<\/ul>\n<h3>So verwenden Sie Ihr Hyper Light Drifter Steam-Konto<\/h3>\n<p><img decoding=\"async\" class=\"alignnone wp-image-3511\" src=\"https:\/\/orkza.com\/wp-content\/uploads\/2024\/10\/STEAM-ACTIVATION-GUIDE-400x225.jpg\" alt=\"\" width=\"804\" height=\"453\" title=\"\" srcset=\"https:\/\/orkza.com\/wp-content\/uploads\/2024\/10\/STEAM-ACTIVATION-GUIDE-400x225.jpg 400w, https:\/\/orkza.com\/wp-content\/uploads\/2024\/10\/STEAM-ACTIVATION-GUIDE-430x242.jpg 430w, https:\/\/orkza.com\/wp-content\/uploads\/2024\/10\/STEAM-ACTIVATION-GUIDE-150x84.jpg 150w, https:\/\/orkza.com\/wp-content\/uploads\/2024\/10\/STEAM-ACTIVATION-GUIDE-700x394.jpg 700w, https:\/\/orkza.com\/wp-content\/uploads\/2024\/10\/STEAM-ACTIVATION-GUIDE-768x432.jpg 768w, https:\/\/orkza.com\/wp-content\/uploads\/2024\/10\/STEAM-ACTIVATION-GUIDE.jpg 1280w\" sizes=\"(max-width: 804px) 100vw, 804px\" \/><\/p>\n<p>Melden Sie sich nach dem Kauf auf Ihrem PC beim bereitgestellten Steam-Konto an. \u00d6ffnen Sie nach dem Login Ihre Bibliothek, installieren Sie das Spiel und klicken Sie auf \u201eSpielen\u201c.  Nach ein paar Minuten beende das Spiel und schalte Steam in den Offline-Modus \u2013 und schon bist du bereit f\u00fcr stundenlangen, aufregenden Spielspa\u00df!<\/p>\n<p>F\u00fcr eine umfassende Einrichtung lies dir unseren <a href=\"https:\/\/orkza.com\/de\/steam-account-activation-guide\/\" target=\"_blank\" rel=\"noopener\">Steam-Konto-Aktivierungsleitfaden<\/a> durch.<\/p>\n<p>Entdecke unsere neuesten <a href=\"https:\/\/orkza.com\/de\/produkt-kategorie\/pc-spiele\/\" target=\"_blank\" rel=\"noopener\">PC-SPIELE<\/a><\/p>\n","protected":false},"excerpt":{"rendered":"<article class=\"text-token-text-primary w-full focus:outline-none scroll-mt-[calc(var(--header-height)+min(200px,max(70px,20svh)))]\" dir=\"auto\" tabindex=\"-1\" data-turn-id=\"825f8558-9f2b-458c-ad9a-5b51e35369c8\" data-testid=\"conversation-turn-286\" data-scroll-anchor=\"true\" data-turn=\"assistant\">\n<div class=\"text-base my-auto mx-auto pb-10 [--thread-content-margin:--spacing(4)] thread-sm:[--thread-content-margin:--spacing(6)] thread-lg:[--thread-content-margin:--spacing(16)] px-(--thread-content-margin)\">\n<div class=\"[--thread-content-max-width:40rem] thread-lg:[--thread-content-max-width:48rem] mx-auto max-w-(--thread-content-max-width) flex-1 group\/turn-messages focus-visible:outline-hidden relative flex w-full min-w-0 flex-col agent-turn\" tabindex=\"-1\">\n<div class=\"flex max-w-full flex-col grow\">\n<div class=\"min-h-8 text-message relative flex w-full flex-col items-end gap-2 text-start break-words whitespace-normal [.text-message+&amp;]:mt-5\" dir=\"auto\" data-message-author-role=\"assistant\" data-message-id=\"2928a0af-c8b9-4771-8af5-a56ec1451607\" data-message-model-slug=\"gpt-5\">\n<div class=\"flex w-full flex-col gap-1 empty:hidden first:pt-[3px]\">\n<div class=\"markdown prose dark:prose-invert w-full break-words dark markdown-new-styling\">\n<article class=\"text-token-text-primary w-full focus:outline-none scroll-mt-[calc(var(--header-height)+min(200px,max(70px,20svh)))]\" dir=\"auto\" tabindex=\"-1\" data-turn-id=\"4853738f-41d9-4361-acbd-da104adcb5f6\" data-testid=\"conversation-turn-288\" data-scroll-anchor=\"true\" data-turn=\"assistant\">\n<div class=\"text-base my-auto mx-auto pb-10 [--thread-content-margin:--spacing(4)] thread-sm:[--thread-content-margin:--spacing(6)] thread-lg:[--thread-content-margin:--spacing(16)] px-(--thread-content-margin)\">\n<div class=\"[--thread-content-max-width:40rem] thread-lg:[--thread-content-max-width:48rem] mx-auto max-w-(--thread-content-max-width) flex-1 group\/turn-messages focus-visible:outline-hidden relative flex w-full min-w-0 flex-col agent-turn\" tabindex=\"-1\">\n<div class=\"flex max-w-full flex-col grow\">\n<div class=\"min-h-8 text-message relative flex w-full flex-col items-end gap-2 text-start break-words whitespace-normal [.text-message+&amp;]:mt-5\" dir=\"auto\" data-message-author-role=\"assistant\" data-message-id=\"5f2e51b3-f20e-438b-8196-6d76021c77fc\" data-message-model-slug=\"gpt-5\">\n<div class=\"flex w-full flex-col gap-1 empty:hidden first:pt-[3px]\">\n<div class=\"markdown prose dark:prose-invert w-full break-words dark markdown-new-styling\">\n<p data-start=\"1440\" data-end=\"1571\">Erkunden Sie eine geheimnisvolle Welt voller Gefahren, Geheimnisse und Sch\u00f6nheit im gefeierten Hyper Light Drifter.<\/p>\n<\/div>\n<\/div>\n<\/div>\n<\/div>\n<\/div>\n<\/div>\n<\/article>\n<\/div>\n<\/div>\n<\/div>\n<\/div>\n<\/div>\n<\/div>\n<\/article>\n<p><img decoding=\"async\" class=\"alignnone wp-image-3526\" src=\"https:\/\/orkza.com\/wp-content\/uploads\/2024\/10\/Steam-Account-Notice-min-300x300.png\" alt=\"\" width=\"41\" height=\"41\" srcset=\"https:\/\/orkza.com\/wp-content\/uploads\/2024\/10\/Steam-Account-Notice-min-300x300.png 300w, https:\/\/orkza.com\/wp-content\/uploads\/2024\/10\/Steam-Account-Notice-min-scaled-430x430.png 430w, https:\/\/orkza.com\/wp-content\/uploads\/2024\/10\/Steam-Account-Notice-min-150x150.png 150w, https:\/\/orkza.com\/wp-content\/uploads\/2024\/10\/Steam-Account-Notice-min-scaled-700x700.png 700w, https:\/\/orkza.com\/wp-content\/uploads\/2024\/10\/Steam-Account-Notice-min-800x800.png 800w, https:\/\/orkza.com\/wp-content\/uploads\/2024\/10\/Steam-Account-Notice-min-768x768.png 768w, https:\/\/orkza.com\/wp-content\/uploads\/2024\/10\/Steam-Account-Notice-min-1536x1536.png 1536w, https:\/\/orkza.com\/wp-content\/uploads\/2024\/10\/Steam-Account-Notice-min-2048x2048.png 2048w\" sizes=\"(max-width: 41px) 100vw, 41px\" \/><strong>Hinweis: Kontodaten k\u00f6nnen nicht ge\u00e4ndert werden. Dies ist ein Steam-Konto mit lebenslangem Zugriff, nur Offline-Spiel. <\/strong><\/p>\n","protected":false},"featured_media":16875,"comment_status":"open","ping_status":"closed","template":"","meta":[],"product_brand":[],"product_cat":[216],"product_tag":[249],"class_list":{"0":"post-16874","1":"product","2":"type-product","3":"status-publish","4":"has-post-thumbnail","6":"product_cat-action","7":"product_tag-steam","9":"first","10":"instock","11":"sale","12":"virtual","13":"purchasable","14":"product-type-simple"},"_links":{"self":[{"href":"https:\/\/orkza.com\/de\/wp-json\/wp\/v2\/product\/16874","targetHints":{"allow":["GET"]}}],"collection":[{"href":"https:\/\/orkza.com\/de\/wp-json\/wp\/v2\/product"}],"about":[{"href":"https:\/\/orkza.com\/de\/wp-json\/wp\/v2\/types\/product"}],"replies":[{"embeddable":true,"href":"https:\/\/orkza.com\/de\/wp-json\/wp\/v2\/comments?post=16874"}],"version-history":[{"count":0,"href":"https:\/\/orkza.com\/de\/wp-json\/wp\/v2\/product\/16874\/revisions"}],"wp:featuredmedia":[{"embeddable":true,"href":"https:\/\/orkza.com\/de\/wp-json\/wp\/v2\/media\/16875"}],"wp:attachment":[{"href":"https:\/\/orkza.com\/de\/wp-json\/wp\/v2\/media?parent=16874"}],"wp:term":[{"taxonomy":"product_brand","embeddable":true,"href":"https:\/\/orkza.com\/de\/wp-json\/wp\/v2\/product_brand?post=16874"},{"taxonomy":"product_cat","embeddable":true,"href":"https:\/\/orkza.com\/de\/wp-json\/wp\/v2\/product_cat?post=16874"},{"taxonomy":"product_tag","embeddable":true,"href":"https:\/\/orkza.com\/de\/wp-json\/wp\/v2\/product_tag?post=16874"}],"curies":[{"name":"wp","href":"https:\/\/api.w.org\/{rel}","templated":true}]}}