{"id":16872,"date":"2025-11-07T05:36:37","date_gmt":"2025-11-07T05:36:37","guid":{"rendered":"https:\/\/orkza.com\/product\/boneworks-steam-account\/"},"modified":"2026-02-26T05:37:45","modified_gmt":"2026-02-26T05:37:45","slug":"boneworks-steam-account","status":"publish","type":"product","link":"https:\/\/orkza.com\/de\/produkt\/boneworks-steam-account\/","title":{"rendered":"BONEWORKS Steam-Konto"},"content":{"rendered":"<p data-start=\"3288\" data-end=\"3667\"><strong data-start=\"3288\" data-end=\"3301\">BONEWORKS<\/strong><br data-start=\"3301\" data-end=\"3304\">Tauchen Sie ein in ein bahnbrechendes, physikbasiertes VR-Erlebnis mit <a class=\"decorated-link\" href=\"https:\/\/store.steampowered.com\/app\/823500\/BONEWORKS\/\" target=\"_new\" rel=\"noopener\" data-start=\"3365\" data-end=\"3430\">BONEWORKS<\/a>, einem fortschrittlichen experimentellen Actionspiel von Stress Level Zero. Jedes Objekt, jede Waffe und jede Interaktion in <em data-start=\"3542\" data-end=\"3553\">BONEWORKS<\/em> folgt realer Physik und bietet eine der immersivsten und reaktionsschnellsten VR-Umgebungen, die je geschaffen wurden. <\/p>\n<p data-start=\"3669\" data-end=\"3998\">Spieler nutzen eine Vielzahl an Waffen, Werkzeugen und improvisierten Gegenst\u00e4nden, um sich durch komplexe Level voller R\u00e4tsel, Gegner und Geheimnisse zu k\u00e4mpfen. Ob beim Klettern, beim L\u00f6sen von Umgebungsherausforderungen oder in realistischen Gefechten \u2013 dank vollst\u00e4ndiger inverser Kinematik und Physiksimulation f\u00fchlt sich jede Bewegung und Reaktion nat\u00fcrlich an. <\/p>\n<p data-start=\"4000\" data-end=\"4287\"><em data-start=\"4000\" data-end=\"4011\">BONEWORKS<\/em> unterst\u00fctzt eine breite Auswahl an VR-Headsets und Controllern und erm\u00f6glicht es Spielern, auf nie dagewesene Weise mit der Umgebung zu interagieren. Die tiefgr\u00fcndige Story, die d\u00fcstere Atmosph\u00e4re und die hochdetaillierte Welt laden zum Experimentieren und zur Kreativit\u00e4t ein \u2013 und machen es zu einem Ma\u00dfstab f\u00fcr VR-Realismus und Innovation. <\/p>\n<h3 data-start=\"4289\" data-end=\"4314\">Systemanforderungen<\/h3>\n<p data-start=\"4315\" data-end=\"4329\"><strong data-start=\"4315\" data-end=\"4327\">Minimum:<\/strong><\/p>\n<ul data-start=\"4330\" data-end=\"4561\">\n<li data-start=\"4330\" data-end=\"4357\">\n<p data-start=\"4332\" data-end=\"4357\">Betriebssystem: Windows 10 (64-Bit)<\/p>\n<\/li>\n<li data-start=\"4358\" data-end=\"4411\">\n<p data-start=\"4360\" data-end=\"4411\">Prozessor: Intel Core i5-7600K \/ AMD Ryzen 5 1600<\/p>\n<\/li>\n<li data-start=\"4412\" data-end=\"4432\">\n<p data-start=\"4414\" data-end=\"4432\">Arbeitsspeicher: 8 GB RAM<\/p>\n<\/li>\n<li data-start=\"4433\" data-end=\"4475\">\n<p data-start=\"4435\" data-end=\"4475\">Grafik: NVIDIA GTX 1060 \/ AMD RX 580<\/p>\n<\/li>\n<li data-start=\"4476\" data-end=\"4510\">\n<p data-start=\"4478\" data-end=\"4510\">Speicher: 20 GB verf\u00fcgbarer Speicherplatz<\/p>\n<\/li>\n<li data-start=\"4511\" data-end=\"4561\">\n<p data-start=\"4513\" data-end=\"4561\">VR-Unterst\u00fctzung: Oculus Rift, HTC Vive, Valve Index<\/p>\n<\/li>\n<\/ul>\n<p data-start=\"4563\" data-end=\"4581\"><strong data-start=\"4563\" data-end=\"4579\">Empfohlen:<\/strong><\/p>\n<ul data-start=\"4582\" data-end=\"4771\">\n<li data-start=\"4582\" data-end=\"4612\">\n<p data-start=\"4584\" data-end=\"4612\">Betriebssystem: Windows 10\/11 (64-Bit)<\/p>\n<\/li>\n<li data-start=\"4613\" data-end=\"4667\">\n<p data-start=\"4615\" data-end=\"4667\">Prozessor: Intel Core i7-9700K \/ AMD Ryzen 7 3700X<\/p>\n<\/li>\n<li data-start=\"4668\" data-end=\"4689\">\n<p data-start=\"4670\" data-end=\"4689\">Arbeitsspeicher: 16 GB RAM<\/p>\n<\/li>\n<li data-start=\"4690\" data-end=\"4736\">\n<p data-start=\"4692\" data-end=\"4736\">Grafik: NVIDIA RTX 2070 \/ AMD RX 6700 XT<\/p>\n<\/li>\n<li data-start=\"4737\" data-end=\"4771\">\n<p data-start=\"4739\" data-end=\"4771\">Speicher: 20 GB verf\u00fcgbarer Speicherplatz<\/p>\n<\/li>\n<\/ul>\n<h3>So verwenden Sie Ihr BONEWORKS Steam-Konto<\/h3>\n<p><img decoding=\"async\" class=\"alignnone wp-image-3511\" src=\"https:\/\/orkza.com\/wp-content\/uploads\/2024\/10\/STEAM-ACTIVATION-GUIDE-400x225.jpg\" alt=\"\" width=\"804\" height=\"453\" title=\"\" srcset=\"https:\/\/orkza.com\/wp-content\/uploads\/2024\/10\/STEAM-ACTIVATION-GUIDE-400x225.jpg 400w, https:\/\/orkza.com\/wp-content\/uploads\/2024\/10\/STEAM-ACTIVATION-GUIDE-430x242.jpg 430w, https:\/\/orkza.com\/wp-content\/uploads\/2024\/10\/STEAM-ACTIVATION-GUIDE-150x84.jpg 150w, https:\/\/orkza.com\/wp-content\/uploads\/2024\/10\/STEAM-ACTIVATION-GUIDE-700x394.jpg 700w, https:\/\/orkza.com\/wp-content\/uploads\/2024\/10\/STEAM-ACTIVATION-GUIDE-768x432.jpg 768w, https:\/\/orkza.com\/wp-content\/uploads\/2024\/10\/STEAM-ACTIVATION-GUIDE.jpg 1280w\" sizes=\"(max-width: 804px) 100vw, 804px\" \/><\/p>\n<p>Melde dich nach dem Kauf auf deinem PC mit dem bereitgestellten Steam-Konto an. Sobald du angemeldet bist, navigiere zu deiner Bibliothek, installiere das Spiel und klicke auf den Play-Button.  Nach ein paar Minuten beende das Spiel und schalte Steam in den Offline-Modus \u2013 und schon bist du bereit f\u00fcr stundenlangen, aufregenden Spielspa\u00df!<\/p>\n<p>F\u00fcr eine umfassende Einrichtung lies dir unseren <a href=\"https:\/\/orkza.com\/de\/steam-account-activation-guide\/\" target=\"_blank\" rel=\"noopener\">Steam-Konto-Aktivierungsleitfaden<\/a> durch.<\/p>\n<p>Entdecke unsere neuesten <a href=\"https:\/\/orkza.com\/de\/produkt-kategorie\/pc-spiele\/\" target=\"_blank\" rel=\"noopener\">PC-SPIELE<\/a><\/p>\n","protected":false},"excerpt":{"rendered":"<article class=\"text-token-text-primary w-full focus:outline-none scroll-mt-[calc(var(--header-height)+min(200px,max(70px,20svh)))]\" dir=\"auto\" tabindex=\"-1\" data-turn-id=\"825f8558-9f2b-458c-ad9a-5b51e35369c8\" data-testid=\"conversation-turn-286\" data-scroll-anchor=\"true\" data-turn=\"assistant\">\n<div class=\"text-base my-auto mx-auto pb-10 [--thread-content-margin:--spacing(4)] thread-sm:[--thread-content-margin:--spacing(6)] thread-lg:[--thread-content-margin:--spacing(16)] px-(--thread-content-margin)\">\n<div class=\"[--thread-content-max-width:40rem] thread-lg:[--thread-content-max-width:48rem] mx-auto max-w-(--thread-content-max-width) flex-1 group\/turn-messages focus-visible:outline-hidden relative flex w-full min-w-0 flex-col agent-turn\" tabindex=\"-1\">\n<div class=\"flex max-w-full flex-col grow\">\n<div class=\"min-h-8 text-message relative flex w-full flex-col items-end gap-2 text-start break-words whitespace-normal [.text-message+&amp;]:mt-5\" dir=\"auto\" data-message-author-role=\"assistant\" data-message-id=\"2928a0af-c8b9-4771-8af5-a56ec1451607\" data-message-model-slug=\"gpt-5\">\n<div class=\"flex w-full flex-col gap-1 empty:hidden first:pt-[3px]\">\n<div class=\"markdown prose dark:prose-invert w-full break-words dark markdown-new-styling\">\n<article class=\"text-token-text-primary w-full focus:outline-none scroll-mt-[calc(var(--header-height)+min(200px,max(70px,20svh)))]\" dir=\"auto\" tabindex=\"-1\" data-turn-id=\"4853738f-41d9-4361-acbd-da104adcb5f6\" data-testid=\"conversation-turn-288\" data-scroll-anchor=\"true\" data-turn=\"assistant\">\n<div class=\"text-base my-auto mx-auto pb-10 [--thread-content-margin:--spacing(4)] thread-sm:[--thread-content-margin:--spacing(6)] thread-lg:[--thread-content-margin:--spacing(16)] px-(--thread-content-margin)\">\n<div class=\"[--thread-content-max-width:40rem] thread-lg:[--thread-content-max-width:48rem] mx-auto max-w-(--thread-content-max-width) flex-1 group\/turn-messages focus-visible:outline-hidden relative flex w-full min-w-0 flex-col agent-turn\" tabindex=\"-1\">\n<div class=\"flex max-w-full flex-col grow\">\n<div class=\"min-h-8 text-message relative flex w-full flex-col items-end gap-2 text-start break-words whitespace-normal [.text-message+&amp;]:mt-5\" dir=\"auto\" data-message-author-role=\"assistant\" data-message-id=\"5f2e51b3-f20e-438b-8196-6d76021c77fc\" data-message-model-slug=\"gpt-5\">\n<div class=\"flex w-full flex-col gap-1 empty:hidden first:pt-[3px]\">\n<div class=\"markdown prose dark:prose-invert w-full break-words dark markdown-new-styling\">\n<article class=\"text-token-text-primary w-full focus:outline-none [--shadow-height:45px] has-data-writing-block:pointer-events-none has-data-writing-block:-mt-(--shadow-height) has-data-writing-block:pt-(--shadow-height) [&amp;:has([data-writing-block])&gt;*]:pointer-events-auto [content-visibility:auto] supports-[content-visibility:auto]:[contain-intrinsic-size:auto_100lvh] scroll-mt-[calc(var(--header-height)+min(200px,max(70px,20svh)))]\" dir=\"auto\" tabindex=\"-1\" data-turn-id=\"0c190bd4-041c-4a30-9996-c20043df58d7\" data-testid=\"conversation-turn-302\" data-scroll-anchor=\"false\" data-turn=\"assistant\">\n<div class=\"text-base my-auto mx-auto [--thread-content-margin:--spacing(4)] thread-sm:[--thread-content-margin:--spacing(6)] thread-lg:[--thread-content-margin:--spacing(16)] px-(--thread-content-margin)\">\n<div class=\"[--thread-content-max-width:40rem] thread-lg:[--thread-content-max-width:48rem] mx-auto max-w-(--thread-content-max-width) flex-1 group\/turn-messages focus-visible:outline-hidden relative flex w-full min-w-0 flex-col agent-turn\" tabindex=\"-1\">\n<div class=\"flex max-w-full flex-col grow\">\n<div class=\"min-h-8 text-message relative flex w-full flex-col items-end gap-2 text-start break-words whitespace-normal [.text-message+&amp;]:mt-1\" dir=\"auto\" data-message-author-role=\"assistant\" data-message-id=\"0c190bd4-041c-4a30-9996-c20043df58d7\" data-message-model-slug=\"gpt-5\">\n<div class=\"flex w-full flex-col gap-1 empty:hidden first:pt-[1px]\">\n<div class=\"markdown prose dark:prose-invert w-full break-words dark markdown-new-styling\">\n<p data-start=\"4773\" data-end=\"4904\" data-is-last-node=\"\" data-is-only-node=\"\">Physikbasierter VR-Shooter, in dem jedes Objekt realistisch reagiert \u2013 erkunden, k\u00e4mpfen und frei experimentieren.<\/p>\n<\/div>\n<\/div>\n<\/div>\n<\/div>\n<\/div>\n<\/div>\n<\/article>\n<\/div>\n<\/div>\n<\/div>\n<\/div>\n<\/div>\n<\/div>\n<\/article>\n<\/div>\n<\/div>\n<\/div>\n<\/div>\n<\/div>\n<\/div>\n<\/article>\n<p><img decoding=\"async\" class=\"alignnone wp-image-3526\" src=\"https:\/\/orkza.com\/wp-content\/uploads\/2024\/10\/Steam-Account-Notice-min-300x300.png\" alt=\"\" width=\"41\" height=\"41\" srcset=\"https:\/\/orkza.com\/wp-content\/uploads\/2024\/10\/Steam-Account-Notice-min-300x300.png 300w, https:\/\/orkza.com\/wp-content\/uploads\/2024\/10\/Steam-Account-Notice-min-scaled-430x430.png 430w, https:\/\/orkza.com\/wp-content\/uploads\/2024\/10\/Steam-Account-Notice-min-150x150.png 150w, https:\/\/orkza.com\/wp-content\/uploads\/2024\/10\/Steam-Account-Notice-min-scaled-700x700.png 700w, https:\/\/orkza.com\/wp-content\/uploads\/2024\/10\/Steam-Account-Notice-min-800x800.png 800w, https:\/\/orkza.com\/wp-content\/uploads\/2024\/10\/Steam-Account-Notice-min-768x768.png 768w, https:\/\/orkza.com\/wp-content\/uploads\/2024\/10\/Steam-Account-Notice-min-1536x1536.png 1536w, https:\/\/orkza.com\/wp-content\/uploads\/2024\/10\/Steam-Account-Notice-min-2048x2048.png 2048w\" sizes=\"(max-width: 41px) 100vw, 41px\" \/><strong>Hinweis: Kontodaten k\u00f6nnen nicht ge\u00e4ndert werden. Dies ist ein Steam-Konto mit lebenslangem Zugriff, nur f\u00fcr Offline-Spiele. <\/strong><\/p>\n","protected":false},"featured_media":16873,"comment_status":"open","ping_status":"closed","template":"","meta":[],"product_brand":[],"product_cat":[216],"product_tag":[249],"class_list":{"0":"post-16872","1":"product","2":"type-product","3":"status-publish","4":"has-post-thumbnail","6":"product_cat-action","7":"product_tag-steam","9":"first","10":"instock","11":"sale","12":"virtual","13":"purchasable","14":"product-type-simple"},"_links":{"self":[{"href":"https:\/\/orkza.com\/de\/wp-json\/wp\/v2\/product\/16872","targetHints":{"allow":["GET"]}}],"collection":[{"href":"https:\/\/orkza.com\/de\/wp-json\/wp\/v2\/product"}],"about":[{"href":"https:\/\/orkza.com\/de\/wp-json\/wp\/v2\/types\/product"}],"replies":[{"embeddable":true,"href":"https:\/\/orkza.com\/de\/wp-json\/wp\/v2\/comments?post=16872"}],"version-history":[{"count":0,"href":"https:\/\/orkza.com\/de\/wp-json\/wp\/v2\/product\/16872\/revisions"}],"wp:featuredmedia":[{"embeddable":true,"href":"https:\/\/orkza.com\/de\/wp-json\/wp\/v2\/media\/16873"}],"wp:attachment":[{"href":"https:\/\/orkza.com\/de\/wp-json\/wp\/v2\/media?parent=16872"}],"wp:term":[{"taxonomy":"product_brand","embeddable":true,"href":"https:\/\/orkza.com\/de\/wp-json\/wp\/v2\/product_brand?post=16872"},{"taxonomy":"product_cat","embeddable":true,"href":"https:\/\/orkza.com\/de\/wp-json\/wp\/v2\/product_cat?post=16872"},{"taxonomy":"product_tag","embeddable":true,"href":"https:\/\/orkza.com\/de\/wp-json\/wp\/v2\/product_tag?post=16872"}],"curies":[{"name":"wp","href":"https:\/\/api.w.org\/{rel}","templated":true}]}}