{"id":16870,"date":"2025-11-07T05:36:27","date_gmt":"2025-11-07T05:36:27","guid":{"rendered":"https:\/\/orkza.com\/product\/tales-of-berseria-steam-account\/"},"modified":"2026-02-26T05:37:43","modified_gmt":"2026-02-26T05:37:43","slug":"tales-of-berseria-steam-account","status":"publish","type":"product","link":"https:\/\/orkza.com\/de\/produkt\/tales-of-berseria-steam-account\/","title":{"rendered":"Tales of Berseria&#x2122; Steam-Account"},"content":{"rendered":"<h2 data-start=\"1579\" data-end=\"1943\"><strong data-start=\"1579\" data-end=\"1601\">Tales of Berseria&#x2122;<\/strong><\/h2>\n<p data-start=\"1579\" data-end=\"1943\">Begeben Sie sich in <a class=\"decorated-link\" href=\"https:\/\/store.steampowered.com\/app\/429660\/Tales_of_Berseria\/\" target=\"_new\" rel=\"noopener\" data-start=\"1653\" data-end=\"1735\">Tales of Berseria&#x2122;<\/a>, einem fesselnden JRPG von Bandai Namco, auf eine Reise voller Rache und Erl\u00f6sung. Folgen Sie Velvet Crowe, einer jungen Frau, die nach dem Verlust ihrer Liebsten von Vergeltung verzehrt wird, w\u00e4hrend sie sich einer Piratencrew anschlie\u00dft und durch ein K\u00f6nigreich reist, das von moralischen Konflikten zerrissen ist. <\/p>\n<p data-start=\"1945\" data-end=\"2210\">Im selben Universum wie <em data-start=\"1973\" data-end=\"1992\">Tales of Zestiria<\/em> angesiedelt, erkundet das Spiel die dunklere Seite menschlicher Emotionen und Entscheidungen. Die tiefgr\u00fcndige Story voller Verrat, Liebe und Opfer bietet Spielerinnen und Spielern ein cineastisches RPG-Erlebnis mit unvergesslichen Charakteren und Sprachausgabe. <\/p>\n<p data-start=\"2212\" data-end=\"2498\">Das Linear Motion Battle System in Echtzeit erm\u00f6glicht es Spielerinnen und Spielern, m\u00e4chtige Kombos zu verketten, nahtlos zwischen Charakteren zu wechseln und einzigartige Kampfstile zu meistern. Zusammen mit beeindruckender Anime-Optik und dynamischem Storytelling bietet <em data-start=\"2421\" data-end=\"2440\">Tales of Berseria<\/em> ein immersives, emotional mitrei\u00dfendes Abenteuer. <\/p>\n<h3 data-start=\"2500\" data-end=\"2523\">Systemanforderungen<\/h3>\n<p data-start=\"2524\" data-end=\"2538\"><strong data-start=\"2524\" data-end=\"2536\">Minimum:<\/strong><\/p>\n<ul data-start=\"2539\" data-end=\"2712\">\n<li data-start=\"2539\" data-end=\"2565\">\n<p data-start=\"2541\" data-end=\"2565\">Betriebssystem: Windows 7 \/ 8 \/ 10<\/p>\n<\/li>\n<li data-start=\"2566\" data-end=\"2605\">\n<p data-start=\"2568\" data-end=\"2605\">Prozessor: Intel Core 2 Duo 3,0 GHz<\/p>\n<\/li>\n<li data-start=\"2606\" data-end=\"2626\">\n<p data-start=\"2608\" data-end=\"2626\">Arbeitsspeicher: 2 GB RAM<\/p>\n<\/li>\n<li data-start=\"2627\" data-end=\"2677\">\n<p data-start=\"2629\" data-end=\"2677\">Grafik: NVIDIA GeForce GTX 560 oder gleichwertig<\/p>\n<\/li>\n<li data-start=\"2678\" data-end=\"2712\">\n<p data-start=\"2680\" data-end=\"2712\">Speicherplatz: 15 GB verf\u00fcgbarer Speicherplatz<\/p>\n<\/li>\n<\/ul>\n<p data-start=\"2714\" data-end=\"2732\"><strong data-start=\"2714\" data-end=\"2730\">Empfohlen:<\/strong><\/p>\n<ul data-start=\"2733\" data-end=\"2910\">\n<li data-start=\"2733\" data-end=\"2760\">\n<p data-start=\"2735\" data-end=\"2760\">Betriebssystem: Windows 10 (64-Bit)<\/p>\n<\/li>\n<li data-start=\"2761\" data-end=\"2807\">\n<p data-start=\"2763\" data-end=\"2807\">Prozessor: Intel Core i5 3,2 GHz oder besser<\/p>\n<\/li>\n<li data-start=\"2808\" data-end=\"2828\">\n<p data-start=\"2810\" data-end=\"2828\">Arbeitsspeicher: 4 GB RAM<\/p>\n<\/li>\n<li data-start=\"2829\" data-end=\"2875\">\n<p data-start=\"2831\" data-end=\"2875\">Grafik: NVIDIA GeForce GTX 970 oder h\u00f6her<\/p>\n<\/li>\n<li data-start=\"2876\" data-end=\"2910\">\n<p data-start=\"2878\" data-end=\"2910\">Speicherplatz: 15 GB verf\u00fcgbarer Speicherplatz<\/p>\n<\/li>\n<\/ul>\n<h3>So verwenden Sie Ihren Tales of Berseria&#x2122; Steam-Account<\/h3>\n<p><img decoding=\"async\" class=\"alignnone wp-image-3511\" src=\"https:\/\/orkza.com\/wp-content\/uploads\/2024\/10\/STEAM-ACTIVATION-GUIDE-400x225.jpg\" alt=\"\" width=\"804\" height=\"453\" title=\"\" srcset=\"https:\/\/orkza.com\/wp-content\/uploads\/2024\/10\/STEAM-ACTIVATION-GUIDE-400x225.jpg 400w, https:\/\/orkza.com\/wp-content\/uploads\/2024\/10\/STEAM-ACTIVATION-GUIDE-430x242.jpg 430w, https:\/\/orkza.com\/wp-content\/uploads\/2024\/10\/STEAM-ACTIVATION-GUIDE-150x84.jpg 150w, https:\/\/orkza.com\/wp-content\/uploads\/2024\/10\/STEAM-ACTIVATION-GUIDE-700x394.jpg 700w, https:\/\/orkza.com\/wp-content\/uploads\/2024\/10\/STEAM-ACTIVATION-GUIDE-768x432.jpg 768w, https:\/\/orkza.com\/wp-content\/uploads\/2024\/10\/STEAM-ACTIVATION-GUIDE.jpg 1280w\" sizes=\"(max-width: 804px) 100vw, 804px\" \/><\/p>\n<p>Melden Sie sich nach dem Kauf auf Ihrem PC beim bereitgestellten Steam-Konto an. \u00d6ffnen Sie nach dem Login Ihre Bibliothek, installieren Sie das Spiel und klicken Sie auf \u201eSpielen\u201c.  Nach ein paar Minuten beende das Spiel und schalte Steam in den Offline-Modus \u2013 und schon bist du bereit f\u00fcr stundenlangen, aufregenden Spielspa\u00df!<\/p>\n<p>F\u00fcr eine umfassende Einrichtung lies dir unseren <a href=\"https:\/\/orkza.com\/de\/steam-account-activation-guide\/\" target=\"_blank\" rel=\"noopener\">Steam-Konto-Aktivierungsleitfaden<\/a> durch.<\/p>\n<p>Entdecke unsere neuesten <a href=\"https:\/\/orkza.com\/de\/produkt-kategorie\/pc-spiele\/\" target=\"_blank\" rel=\"noopener\">PC-SPIELE<\/a><\/p>\n","protected":false},"excerpt":{"rendered":"<article class=\"text-token-text-primary w-full focus:outline-none scroll-mt-[calc(var(--header-height)+min(200px,max(70px,20svh)))]\" dir=\"auto\" tabindex=\"-1\" data-turn-id=\"825f8558-9f2b-458c-ad9a-5b51e35369c8\" data-testid=\"conversation-turn-286\" data-scroll-anchor=\"true\" data-turn=\"assistant\">\n<div class=\"text-base my-auto mx-auto pb-10 [--thread-content-margin:--spacing(4)] thread-sm:[--thread-content-margin:--spacing(6)] thread-lg:[--thread-content-margin:--spacing(16)] px-(--thread-content-margin)\">\n<div class=\"[--thread-content-max-width:40rem] thread-lg:[--thread-content-max-width:48rem] mx-auto max-w-(--thread-content-max-width) flex-1 group\/turn-messages focus-visible:outline-hidden relative flex w-full min-w-0 flex-col agent-turn\" tabindex=\"-1\">\n<div class=\"flex max-w-full flex-col grow\">\n<div class=\"min-h-8 text-message relative flex w-full flex-col items-end gap-2 text-start break-words whitespace-normal [.text-message+&amp;]:mt-5\" dir=\"auto\" data-message-author-role=\"assistant\" data-message-id=\"2928a0af-c8b9-4771-8af5-a56ec1451607\" data-message-model-slug=\"gpt-5\">\n<div class=\"flex w-full flex-col gap-1 empty:hidden first:pt-[3px]\">\n<div class=\"markdown prose dark:prose-invert w-full break-words dark markdown-new-styling\">\n<article class=\"text-token-text-primary w-full focus:outline-none scroll-mt-[calc(var(--header-height)+min(200px,max(70px,20svh)))]\" dir=\"auto\" tabindex=\"-1\" data-turn-id=\"4853738f-41d9-4361-acbd-da104adcb5f6\" data-testid=\"conversation-turn-288\" data-scroll-anchor=\"true\" data-turn=\"assistant\">\n<div class=\"text-base my-auto mx-auto pb-10 [--thread-content-margin:--spacing(4)] thread-sm:[--thread-content-margin:--spacing(6)] thread-lg:[--thread-content-margin:--spacing(16)] px-(--thread-content-margin)\">\n<div class=\"[--thread-content-max-width:40rem] thread-lg:[--thread-content-max-width:48rem] mx-auto max-w-(--thread-content-max-width) flex-1 group\/turn-messages focus-visible:outline-hidden relative flex w-full min-w-0 flex-col agent-turn\" tabindex=\"-1\">\n<div class=\"flex max-w-full flex-col grow\">\n<div class=\"min-h-8 text-message relative flex w-full flex-col items-end gap-2 text-start break-words whitespace-normal [.text-message+&amp;]:mt-5\" dir=\"auto\" data-message-author-role=\"assistant\" data-message-id=\"5f2e51b3-f20e-438b-8196-6d76021c77fc\" data-message-model-slug=\"gpt-5\">\n<div class=\"flex w-full flex-col gap-1 empty:hidden first:pt-[3px]\">\n<div class=\"markdown prose dark:prose-invert w-full break-words dark markdown-new-styling\">\n<p data-start=\"2912\" data-end=\"3025\">Begleiten Sie Velvet auf einem Rachefeldzug in diesem emotionalen, actiongeladenen JRPG-Abenteuer.<\/p>\n<\/div>\n<\/div>\n<\/div>\n<\/div>\n<\/div>\n<\/div>\n<\/article>\n<\/div>\n<\/div>\n<\/div>\n<\/div>\n<\/div>\n<\/div>\n<\/article>\n<p><img decoding=\"async\" class=\"alignnone wp-image-3526\" src=\"https:\/\/orkza.com\/wp-content\/uploads\/2024\/10\/Steam-Account-Notice-min-300x300.png\" alt=\"\" width=\"41\" height=\"41\" srcset=\"https:\/\/orkza.com\/wp-content\/uploads\/2024\/10\/Steam-Account-Notice-min-300x300.png 300w, https:\/\/orkza.com\/wp-content\/uploads\/2024\/10\/Steam-Account-Notice-min-scaled-430x430.png 430w, https:\/\/orkza.com\/wp-content\/uploads\/2024\/10\/Steam-Account-Notice-min-150x150.png 150w, https:\/\/orkza.com\/wp-content\/uploads\/2024\/10\/Steam-Account-Notice-min-scaled-700x700.png 700w, https:\/\/orkza.com\/wp-content\/uploads\/2024\/10\/Steam-Account-Notice-min-800x800.png 800w, https:\/\/orkza.com\/wp-content\/uploads\/2024\/10\/Steam-Account-Notice-min-768x768.png 768w, https:\/\/orkza.com\/wp-content\/uploads\/2024\/10\/Steam-Account-Notice-min-1536x1536.png 1536w, https:\/\/orkza.com\/wp-content\/uploads\/2024\/10\/Steam-Account-Notice-min-2048x2048.png 2048w\" sizes=\"(max-width: 41px) 100vw, 41px\" \/><strong>Hinweis: Kontodaten k\u00f6nnen nicht ge\u00e4ndert werden. Dies ist ein Steam-Konto mit lebenslangem Zugriff, nur Offline-Spiel. <\/strong><\/p>\n","protected":false},"featured_media":16871,"comment_status":"open","ping_status":"closed","template":"","meta":[],"product_brand":[],"product_cat":[219],"product_tag":[249],"class_list":{"0":"post-16870","1":"product","2":"type-product","3":"status-publish","4":"has-post-thumbnail","6":"product_cat-rpg","7":"product_tag-steam","9":"first","10":"instock","11":"sale","12":"virtual","13":"purchasable","14":"product-type-simple"},"_links":{"self":[{"href":"https:\/\/orkza.com\/de\/wp-json\/wp\/v2\/product\/16870","targetHints":{"allow":["GET"]}}],"collection":[{"href":"https:\/\/orkza.com\/de\/wp-json\/wp\/v2\/product"}],"about":[{"href":"https:\/\/orkza.com\/de\/wp-json\/wp\/v2\/types\/product"}],"replies":[{"embeddable":true,"href":"https:\/\/orkza.com\/de\/wp-json\/wp\/v2\/comments?post=16870"}],"version-history":[{"count":0,"href":"https:\/\/orkza.com\/de\/wp-json\/wp\/v2\/product\/16870\/revisions"}],"wp:featuredmedia":[{"embeddable":true,"href":"https:\/\/orkza.com\/de\/wp-json\/wp\/v2\/media\/16871"}],"wp:attachment":[{"href":"https:\/\/orkza.com\/de\/wp-json\/wp\/v2\/media?parent=16870"}],"wp:term":[{"taxonomy":"product_brand","embeddable":true,"href":"https:\/\/orkza.com\/de\/wp-json\/wp\/v2\/product_brand?post=16870"},{"taxonomy":"product_cat","embeddable":true,"href":"https:\/\/orkza.com\/de\/wp-json\/wp\/v2\/product_cat?post=16870"},{"taxonomy":"product_tag","embeddable":true,"href":"https:\/\/orkza.com\/de\/wp-json\/wp\/v2\/product_tag?post=16870"}],"curies":[{"name":"wp","href":"https:\/\/api.w.org\/{rel}","templated":true}]}}