{"id":16868,"date":"2025-11-07T05:36:38","date_gmt":"2025-11-07T05:36:38","guid":{"rendered":"https:\/\/orkza.com\/product\/romance-of-the-three-kingdoms-xiv-deluxe-steam-account\/"},"modified":"2026-02-26T05:37:32","modified_gmt":"2026-02-26T05:37:32","slug":"romance-of-the-three-kingdoms-xiv-deluxe-steam-account","status":"publish","type":"product","link":"https:\/\/orkza.com\/de\/produkt\/romance-of-the-three-kingdoms-xiv-deluxe-steam-account\/","title":{"rendered":"ROMANCE OF THE THREE KINGDOMS XIV Deluxe Steam-Account"},"content":{"rendered":"<h2 data-start=\"0\" data-end=\"375\"><strong data-start=\"0\" data-end=\"37\">ROMANCE OF THE THREE KINGDOMS XIV<\/strong><\/h2>\n<p data-start=\"0\" data-end=\"375\"><br data-start=\"37\" data-end=\"40\">Bestimmen Sie das Schicksal des alten Chinas in <a class=\"decorated-link cursor-pointer\" href=\"https:\/\/store.steampowered.com\/app\/872410\/ROMANCE_OF_THE_THREE_KINGDOMS_XIV\/\" target=\"_new\" rel=\"noopener\" data-start=\"77\" data-end=\"190\">ROMANCE OF THE THREE KINGDOMS XIV<\/a>, dem Grand-Strategy-Meisterwerk von KOEI TECMO. Schl\u00fcpfen Sie in die Rolle eines Herrschers, Strategen oder Kriegsherrn und vereinen Sie das Land in einer der turbulentesten \u00c4ren der chinesischen Geschichte. <\/p>\n<p data-start=\"377\" data-end=\"780\">Spieler m\u00fcssen riesige Gebiete verwalten, Allianzen schmieden und Armeen in Echtzeit befehligen, um die Karte zu dominieren. Jede eroberte Provinz erweitert Ihren Einfluss, w\u00e4hrend Diplomatie, Politik und Ressourcenmanagement eine entscheidende Rolle f\u00fcr die Stabilit\u00e4t Ihres Reiches spielen. Mit einer detaillierten Karte Chinas, die in \u00fcber 300 Regionen unterteilt ist, erm\u00f6glicht das \u201eTerritorialsystem\u201c des Spiels eine beispiellose Kontrolle und strategische Tiefe.  <\/p>\n<p data-start=\"782\" data-end=\"1127\">Dank verfeinerter KI erwachen historische Helden wie Cao Cao, Liu Bei und Sun Quan mit einzigartigen Eigenschaften und F\u00fchrungsstilen zum Leben. Schreiben Sie die Geschichte neu, indem Sie eigene B\u00fcndnisse schmieden oder Rivalen im richtigen Moment verraten. Das Spiel bietet zudem Charakteranpassung, Innenpolitik und Werkzeuge zur Szenarioerstellung f\u00fcr endlosen Wiederspielwert.  <\/p>\n<h3 data-start=\"1129\" data-end=\"1154\">Systemanforderungen<\/h3>\n<p data-start=\"1155\" data-end=\"1169\"><strong data-start=\"1155\" data-end=\"1167\">Minimum:<\/strong><\/p>\n<ul data-start=\"1170\" data-end=\"1363\">\n<li data-start=\"1170\" data-end=\"1201\">\n<p data-start=\"1172\" data-end=\"1201\">Betriebssystem: Windows 8.1\/10 (64-Bit)<\/p>\n<\/li>\n<li data-start=\"1202\" data-end=\"1249\">\n<p data-start=\"1204\" data-end=\"1249\">Prozessor: Intel Core i3-3220 oder gleichwertig<\/p>\n<\/li>\n<li data-start=\"1250\" data-end=\"1270\">\n<p data-start=\"1252\" data-end=\"1270\">Arbeitsspeicher: 4 GB RAM<\/p>\n<\/li>\n<li data-start=\"1271\" data-end=\"1328\">\n<p data-start=\"1273\" data-end=\"1328\">Grafik: NVIDIA GeForce GTX 660 \/ AMD Radeon HD 7850<\/p>\n<\/li>\n<li data-start=\"1329\" data-end=\"1363\">\n<p data-start=\"1331\" data-end=\"1363\">Speicherplatz: 20 GB verf\u00fcgbarer Speicher<\/p>\n<\/li>\n<\/ul>\n<p data-start=\"1365\" data-end=\"1383\"><strong data-start=\"1365\" data-end=\"1381\">Empfohlen:<\/strong><\/p>\n<ul data-start=\"1384\" data-end=\"1571\">\n<li data-start=\"1384\" data-end=\"1414\">\n<p data-start=\"1386\" data-end=\"1414\">Betriebssystem: Windows 10\/11 (64-Bit)<\/p>\n<\/li>\n<li data-start=\"1415\" data-end=\"1458\">\n<p data-start=\"1417\" data-end=\"1458\">Prozessor: Intel Core i7-3770 oder besser<\/p>\n<\/li>\n<li data-start=\"1459\" data-end=\"1479\">\n<p data-start=\"1461\" data-end=\"1479\">Arbeitsspeicher: 8 GB RAM<\/p>\n<\/li>\n<li data-start=\"1480\" data-end=\"1536\">\n<p data-start=\"1482\" data-end=\"1536\">Grafik: NVIDIA GeForce GTX 960 \/ AMD Radeon R9 380<\/p>\n<\/li>\n<li data-start=\"1537\" data-end=\"1571\">\n<p data-start=\"1539\" data-end=\"1571\">Speicherplatz: 20 GB verf\u00fcgbarer Speicher<\/p>\n<\/li>\n<\/ul>\n<h3>So nutzen Sie Ihren ROMANCE OF THE THREE KINGDOMS XIV Steam-Account<\/h3>\n<p><img decoding=\"async\" class=\"alignnone wp-image-3511\" src=\"https:\/\/orkza.com\/wp-content\/uploads\/2024\/10\/STEAM-ACTIVATION-GUIDE-400x225.jpg\" alt=\"\" width=\"804\" height=\"453\" title=\"\" srcset=\"https:\/\/orkza.com\/wp-content\/uploads\/2024\/10\/STEAM-ACTIVATION-GUIDE-400x225.jpg 400w, https:\/\/orkza.com\/wp-content\/uploads\/2024\/10\/STEAM-ACTIVATION-GUIDE-430x242.jpg 430w, https:\/\/orkza.com\/wp-content\/uploads\/2024\/10\/STEAM-ACTIVATION-GUIDE-150x84.jpg 150w, https:\/\/orkza.com\/wp-content\/uploads\/2024\/10\/STEAM-ACTIVATION-GUIDE-700x394.jpg 700w, https:\/\/orkza.com\/wp-content\/uploads\/2024\/10\/STEAM-ACTIVATION-GUIDE-768x432.jpg 768w, https:\/\/orkza.com\/wp-content\/uploads\/2024\/10\/STEAM-ACTIVATION-GUIDE.jpg 1280w\" sizes=\"(max-width: 804px) 100vw, 804px\" \/><\/p>\n<p>Melde dich nach dem Kauf auf deinem PC mit dem bereitgestellten Steam-Konto an. Sobald du angemeldet bist, navigiere zu deiner Bibliothek, installiere das Spiel und klicke auf den Play-Button.  Nach ein paar Minuten beende das Spiel und schalte Steam in den Offline-Modus \u2013 und schon bist du bereit f\u00fcr stundenlangen, aufregenden Spielspa\u00df!<\/p>\n<p>F\u00fcr eine umfassende Einrichtung lies dir unseren <a href=\"https:\/\/orkza.com\/de\/steam-account-activation-guide\/\" target=\"_blank\" rel=\"noopener\">Steam-Konto-Aktivierungsleitfaden<\/a> durch.<\/p>\n<p>Entdecke unsere neuesten <a href=\"https:\/\/orkza.com\/de\/produkt-kategorie\/pc-spiele\/\" target=\"_blank\" rel=\"noopener\">PC-SPIELE<\/a><\/p>\n","protected":false},"excerpt":{"rendered":"<article class=\"text-token-text-primary w-full focus:outline-none scroll-mt-[calc(var(--header-height)+min(200px,max(70px,20svh)))]\" dir=\"auto\" tabindex=\"-1\" data-turn-id=\"825f8558-9f2b-458c-ad9a-5b51e35369c8\" data-testid=\"conversation-turn-286\" data-scroll-anchor=\"true\" data-turn=\"assistant\">\n<div class=\"text-base my-auto mx-auto pb-10 [--thread-content-margin:--spacing(4)] thread-sm:[--thread-content-margin:--spacing(6)] thread-lg:[--thread-content-margin:--spacing(16)] px-(--thread-content-margin)\">\n<div class=\"[--thread-content-max-width:40rem] thread-lg:[--thread-content-max-width:48rem] mx-auto max-w-(--thread-content-max-width) flex-1 group\/turn-messages focus-visible:outline-hidden relative flex w-full min-w-0 flex-col agent-turn\" tabindex=\"-1\">\n<div class=\"flex max-w-full flex-col grow\">\n<div class=\"min-h-8 text-message relative flex w-full flex-col items-end gap-2 text-start break-words whitespace-normal [.text-message+&amp;]:mt-5\" dir=\"auto\" data-message-author-role=\"assistant\" data-message-id=\"2928a0af-c8b9-4771-8af5-a56ec1451607\" data-message-model-slug=\"gpt-5\">\n<div class=\"flex w-full flex-col gap-1 empty:hidden first:pt-[3px]\">\n<div class=\"markdown prose dark:prose-invert w-full break-words dark markdown-new-styling\">\n<article class=\"text-token-text-primary w-full focus:outline-none scroll-mt-[calc(var(--header-height)+min(200px,max(70px,20svh)))]\" dir=\"auto\" tabindex=\"-1\" data-turn-id=\"4853738f-41d9-4361-acbd-da104adcb5f6\" data-testid=\"conversation-turn-288\" data-scroll-anchor=\"true\" data-turn=\"assistant\">\n<div class=\"text-base my-auto mx-auto pb-10 [--thread-content-margin:--spacing(4)] thread-sm:[--thread-content-margin:--spacing(6)] thread-lg:[--thread-content-margin:--spacing(16)] px-(--thread-content-margin)\">\n<div class=\"[--thread-content-max-width:40rem] thread-lg:[--thread-content-max-width:48rem] mx-auto max-w-(--thread-content-max-width) flex-1 group\/turn-messages focus-visible:outline-hidden relative flex w-full min-w-0 flex-col agent-turn\" tabindex=\"-1\">\n<div class=\"flex max-w-full flex-col grow\">\n<div class=\"min-h-8 text-message relative flex w-full flex-col items-end gap-2 text-start break-words whitespace-normal [.text-message+&amp;]:mt-5\" dir=\"auto\" data-message-author-role=\"assistant\" data-message-id=\"5f2e51b3-f20e-438b-8196-6d76021c77fc\" data-message-model-slug=\"gpt-5\">\n<div class=\"flex w-full flex-col gap-1 empty:hidden first:pt-[3px]\">\n<div class=\"markdown prose dark:prose-invert w-full break-words dark markdown-new-styling\">\n<p data-start=\"1573\" data-end=\"1704\">Vereinen Sie China durch Strategie, Diplomatie und Krieg in dieser gro\u00dfartigen historischen Simulation antiker Reiche.<\/p>\n<\/div>\n<\/div>\n<\/div>\n<\/div>\n<\/div>\n<\/div>\n<\/article>\n<\/div>\n<\/div>\n<\/div>\n<\/div>\n<\/div>\n<\/div>\n<\/article>\n<p><img decoding=\"async\" class=\"alignnone wp-image-3526\" src=\"https:\/\/orkza.com\/wp-content\/uploads\/2024\/10\/Steam-Account-Notice-min-300x300.png\" alt=\"\" width=\"41\" height=\"41\" srcset=\"https:\/\/orkza.com\/wp-content\/uploads\/2024\/10\/Steam-Account-Notice-min-300x300.png 300w, https:\/\/orkza.com\/wp-content\/uploads\/2024\/10\/Steam-Account-Notice-min-scaled-430x430.png 430w, https:\/\/orkza.com\/wp-content\/uploads\/2024\/10\/Steam-Account-Notice-min-150x150.png 150w, https:\/\/orkza.com\/wp-content\/uploads\/2024\/10\/Steam-Account-Notice-min-scaled-700x700.png 700w, https:\/\/orkza.com\/wp-content\/uploads\/2024\/10\/Steam-Account-Notice-min-800x800.png 800w, https:\/\/orkza.com\/wp-content\/uploads\/2024\/10\/Steam-Account-Notice-min-768x768.png 768w, https:\/\/orkza.com\/wp-content\/uploads\/2024\/10\/Steam-Account-Notice-min-1536x1536.png 1536w, https:\/\/orkza.com\/wp-content\/uploads\/2024\/10\/Steam-Account-Notice-min-2048x2048.png 2048w\" sizes=\"(max-width: 41px) 100vw, 41px\" \/><strong>Hinweis: Kontodaten k\u00f6nnen nicht ge\u00e4ndert werden. Dies ist ein Steam-Konto mit lebenslangem Zugriff, nur f\u00fcr Offline-Spiele. <\/strong><\/p>\n","protected":false},"featured_media":16869,"comment_status":"open","ping_status":"closed","template":"","meta":[],"product_brand":[],"product_cat":[224],"product_tag":[249],"class_list":{"0":"post-16868","1":"product","2":"type-product","3":"status-publish","4":"has-post-thumbnail","6":"product_cat-simulation","7":"product_tag-steam","9":"first","10":"instock","11":"sale","12":"virtual","13":"purchasable","14":"product-type-simple"},"_links":{"self":[{"href":"https:\/\/orkza.com\/de\/wp-json\/wp\/v2\/product\/16868","targetHints":{"allow":["GET"]}}],"collection":[{"href":"https:\/\/orkza.com\/de\/wp-json\/wp\/v2\/product"}],"about":[{"href":"https:\/\/orkza.com\/de\/wp-json\/wp\/v2\/types\/product"}],"replies":[{"embeddable":true,"href":"https:\/\/orkza.com\/de\/wp-json\/wp\/v2\/comments?post=16868"}],"version-history":[{"count":0,"href":"https:\/\/orkza.com\/de\/wp-json\/wp\/v2\/product\/16868\/revisions"}],"wp:featuredmedia":[{"embeddable":true,"href":"https:\/\/orkza.com\/de\/wp-json\/wp\/v2\/media\/16869"}],"wp:attachment":[{"href":"https:\/\/orkza.com\/de\/wp-json\/wp\/v2\/media?parent=16868"}],"wp:term":[{"taxonomy":"product_brand","embeddable":true,"href":"https:\/\/orkza.com\/de\/wp-json\/wp\/v2\/product_brand?post=16868"},{"taxonomy":"product_cat","embeddable":true,"href":"https:\/\/orkza.com\/de\/wp-json\/wp\/v2\/product_cat?post=16868"},{"taxonomy":"product_tag","embeddable":true,"href":"https:\/\/orkza.com\/de\/wp-json\/wp\/v2\/product_tag?post=16868"}],"curies":[{"name":"wp","href":"https:\/\/api.w.org\/{rel}","templated":true}]}}