{"id":16857,"date":"2025-11-07T05:36:45","date_gmt":"2025-11-07T05:36:45","guid":{"rendered":"https:\/\/orkza.com\/product\/factorio-steam-account\/"},"modified":"2026-02-26T05:36:57","modified_gmt":"2026-02-26T05:36:57","slug":"factorio-steam-account","status":"publish","type":"product","link":"https:\/\/orkza.com\/de\/produkt\/factorio-steam-account\/","title":{"rendered":"Factorio Steam-Konto"},"content":{"rendered":"<h2 data-start=\"3832\" data-end=\"3847\"><strong data-start=\"3835\" data-end=\"3847\">Factorio<\/strong><\/h2>\n<p data-start=\"3849\" data-end=\"4170\"><strong data-start=\"3849\" data-end=\"3916\"><a class=\"decorated-link\" href=\"https:\/\/store.steampowered.com\/app\/427520\/Factorio\/\" target=\"_new\" rel=\"noopener\" data-start=\"3851\" data-end=\"3914\">Factorio<\/a><\/strong> ist ein Spiel \u00fcber Bauen, Automatisieren und Optimieren \u2013 ein Meisterwerk f\u00fcr Ingenieursk\u00f6pfe und Probleml\u00f6ser. Sie starten auf einem fremden Planeten und m\u00fcssen Fabriken errichten, um Gegenst\u00e4nde herzustellen, Ressourcen zu verwalten und Ihre Sch\u00f6pfung gegen feindliche Kr\u00e4fte zu verteidigen. <\/p>\n<p data-start=\"4172\" data-end=\"4517\">Im Kern geht es in Factorio um Effizienz. Spieler entwerfen weitl\u00e4ufige automatisierte Systeme, die Rohstoffe in fortschrittliche Technologien verwandeln. Je tiefer Sie einsteigen, desto komplexer und befriedigender wird Ihr Netzwerk. Dank Multiplayer-Unterst\u00fctzung k\u00f6nnen Sie mit anderen zusammenarbeiten, um riesige Industrieimperien aufzubauen, oder um die schnellste Produktion konkurrieren.   <\/p>\n<p data-start=\"4519\" data-end=\"4767\">Der Top-down-Pixelart-Stil wirkt vielleicht schlicht, doch die Spieltiefe ist enorm. Von der Forschung neuer Technologien bis zur Verwaltung von Energie, Logistik und Verteidigung z\u00e4hlt jede Entscheidung. Mods und Community-Blaupausen erweitern das Erlebnis nahezu endlos.  <\/p>\n<h3 data-start=\"4769\" data-end=\"4796\"><strong data-start=\"4773\" data-end=\"4796\">Systemanforderungen<\/strong><\/h3>\n<p data-start=\"4797\" data-end=\"4811\"><strong data-start=\"4797\" data-end=\"4809\">Minimum:<\/strong><\/p>\n<ul data-start=\"4812\" data-end=\"4950\">\n<li data-start=\"4812\" data-end=\"4839\">\n<p data-start=\"4814\" data-end=\"4839\">Betriebssystem: Windows 10 (64-bit)<\/p>\n<\/li>\n<li data-start=\"4840\" data-end=\"4870\">\n<p data-start=\"4842\" data-end=\"4870\">Prozessor: Dual-Core 3 GHz<\/p>\n<\/li>\n<li data-start=\"4871\" data-end=\"4891\">\n<p data-start=\"4873\" data-end=\"4891\">Arbeitsspeicher: 4 GB RAM<\/p>\n<\/li>\n<li data-start=\"4892\" data-end=\"4916\">\n<p data-start=\"4894\" data-end=\"4916\">Grafik: 512MB VRAM<\/p>\n<\/li>\n<li data-start=\"4917\" data-end=\"4950\">\n<p data-start=\"4919\" data-end=\"4950\">Speicher: 3 GB verf\u00fcgbarer Speicherplatz<\/p>\n<\/li>\n<\/ul>\n<p data-start=\"4952\" data-end=\"4970\"><strong data-start=\"4952\" data-end=\"4968\">Empfohlen:<\/strong><\/p>\n<ul data-start=\"4971\" data-end=\"5108\">\n<li data-start=\"4971\" data-end=\"5003\">\n<p data-start=\"4973\" data-end=\"5003\">Betriebssystem: Windows 10 \/ 11 (64-bit)<\/p>\n<\/li>\n<li data-start=\"5004\" data-end=\"5036\">\n<p data-start=\"5006\" data-end=\"5036\">Prozessor: Quad-Core 3,4 GHz<\/p>\n<\/li>\n<li data-start=\"5037\" data-end=\"5057\">\n<p data-start=\"5039\" data-end=\"5057\">Arbeitsspeicher: 8 GB RAM<\/p>\n<\/li>\n<li data-start=\"5058\" data-end=\"5080\">\n<p data-start=\"5060\" data-end=\"5080\">Grafik: 2GB VRAM<\/p>\n<\/li>\n<li data-start=\"5081\" data-end=\"5108\">\n<p data-start=\"5083\" data-end=\"5108\">Speicher: 3 GB SSD-Speicherplatz<\/p>\n<\/li>\n<\/ul>\n<p data-start=\"5110\" data-end=\"5219\">Bauen. Automatisieren. Optimieren. Factorio macht Ingenieurskunst zur Kunst und Produktivit\u00e4t zur packenden Herausforderung.   <\/p>\n<h3>So nutzen Sie Ihr Factorio Steam-Konto<\/h3>\n<p><img decoding=\"async\" class=\"alignnone wp-image-3511\" src=\"https:\/\/orkza.com\/wp-content\/uploads\/2024\/10\/STEAM-ACTIVATION-GUIDE-400x225.jpg\" alt=\"\" width=\"804\" height=\"453\" title=\"\" srcset=\"https:\/\/orkza.com\/wp-content\/uploads\/2024\/10\/STEAM-ACTIVATION-GUIDE-400x225.jpg 400w, https:\/\/orkza.com\/wp-content\/uploads\/2024\/10\/STEAM-ACTIVATION-GUIDE-430x242.jpg 430w, https:\/\/orkza.com\/wp-content\/uploads\/2024\/10\/STEAM-ACTIVATION-GUIDE-150x84.jpg 150w, https:\/\/orkza.com\/wp-content\/uploads\/2024\/10\/STEAM-ACTIVATION-GUIDE-700x394.jpg 700w, https:\/\/orkza.com\/wp-content\/uploads\/2024\/10\/STEAM-ACTIVATION-GUIDE-768x432.jpg 768w, https:\/\/orkza.com\/wp-content\/uploads\/2024\/10\/STEAM-ACTIVATION-GUIDE.jpg 1280w\" sizes=\"(max-width: 804px) 100vw, 804px\" \/><\/p>\n<p>Melde dich nach dem Kauf auf deinem PC mit dem bereitgestellten Steam-Konto an. Sobald du angemeldet bist, navigiere zu deiner Bibliothek, installiere das Spiel und klicke auf den Play-Button.  Nach ein paar Minuten beende das Spiel und schalte Steam in den Offline-Modus \u2013 und schon bist du bereit f\u00fcr stundenlangen, aufregenden Spielspa\u00df!<\/p>\n<p>F\u00fcr eine umfassende Einrichtung lies dir unseren <a href=\"https:\/\/orkza.com\/de\/steam-account-activation-guide\/\" target=\"_blank\" rel=\"noopener\">Steam-Konto-Aktivierungsleitfaden<\/a> durch.<\/p>\n<p>Entdecke unsere neuesten <a href=\"https:\/\/orkza.com\/de\/produkt-kategorie\/pc-spiele\/\" target=\"_blank\" rel=\"noopener\">PC-SPIELE<\/a><\/p>\n","protected":false},"excerpt":{"rendered":"<article class=\"text-token-text-primary w-full focus:outline-none scroll-mt-[calc(var(--header-height)+min(200px,max(70px,20svh)))]\" dir=\"auto\" tabindex=\"-1\" data-turn-id=\"825f8558-9f2b-458c-ad9a-5b51e35369c8\" data-testid=\"conversation-turn-286\" data-scroll-anchor=\"true\" data-turn=\"assistant\">\n<div class=\"text-base my-auto mx-auto pb-10 [--thread-content-margin:--spacing(4)] thread-sm:[--thread-content-margin:--spacing(6)] thread-lg:[--thread-content-margin:--spacing(16)] px-(--thread-content-margin)\">\n<div class=\"[--thread-content-max-width:40rem] thread-lg:[--thread-content-max-width:48rem] mx-auto max-w-(--thread-content-max-width) flex-1 group\/turn-messages focus-visible:outline-hidden relative flex w-full min-w-0 flex-col agent-turn\" tabindex=\"-1\">\n<div class=\"flex max-w-full flex-col grow\">\n<div class=\"min-h-8 text-message relative flex w-full flex-col items-end gap-2 text-start break-words whitespace-normal [.text-message+&amp;]:mt-5\" dir=\"auto\" data-message-author-role=\"assistant\" data-message-id=\"2928a0af-c8b9-4771-8af5-a56ec1451607\" data-message-model-slug=\"gpt-5\">\n<div class=\"flex w-full flex-col gap-1 empty:hidden first:pt-[3px]\">\n<div class=\"markdown prose dark:prose-invert w-full break-words dark markdown-new-styling\">\n<article class=\"text-token-text-primary w-full focus:outline-none scroll-mt-[calc(var(--header-height)+min(200px,max(70px,20svh)))]\" dir=\"auto\" tabindex=\"-1\" data-turn-id=\"4853738f-41d9-4361-acbd-da104adcb5f6\" data-testid=\"conversation-turn-288\" data-scroll-anchor=\"true\" data-turn=\"assistant\">\n<div class=\"text-base my-auto mx-auto pb-10 [--thread-content-margin:--spacing(4)] thread-sm:[--thread-content-margin:--spacing(6)] thread-lg:[--thread-content-margin:--spacing(16)] px-(--thread-content-margin)\">\n<div class=\"[--thread-content-max-width:40rem] thread-lg:[--thread-content-max-width:48rem] mx-auto max-w-(--thread-content-max-width) flex-1 group\/turn-messages focus-visible:outline-hidden relative flex w-full min-w-0 flex-col agent-turn\" tabindex=\"-1\">\n<div class=\"flex max-w-full flex-col grow\">\n<div class=\"min-h-8 text-message relative flex w-full flex-col items-end gap-2 text-start break-words whitespace-normal [.text-message+&amp;]:mt-5\" dir=\"auto\" data-message-author-role=\"assistant\" data-message-id=\"5f2e51b3-f20e-438b-8196-6d76021c77fc\" data-message-model-slug=\"gpt-5\">\n<div class=\"flex w-full flex-col gap-1 empty:hidden first:pt-[3px]\">\n<div class=\"markdown prose dark:prose-invert w-full break-words dark markdown-new-styling\">\n<article class=\"text-token-text-primary w-full focus:outline-none [--shadow-height:45px] has-data-writing-block:pointer-events-none has-data-writing-block:-mt-(--shadow-height) has-data-writing-block:pt-(--shadow-height) [&amp;:has([data-writing-block])&gt;*]:pointer-events-auto [content-visibility:auto] supports-[content-visibility:auto]:[contain-intrinsic-size:auto_100lvh] scroll-mt-[calc(var(--header-height)+min(200px,max(70px,20svh)))]\" dir=\"auto\" tabindex=\"-1\" data-turn-id=\"a1a3b22b-6380-4878-97eb-5ca512a2b50d\" data-testid=\"conversation-turn-306\" data-scroll-anchor=\"false\" data-turn=\"assistant\">\n<div class=\"text-base my-auto mx-auto [--thread-content-margin:--spacing(4)] thread-sm:[--thread-content-margin:--spacing(6)] thread-lg:[--thread-content-margin:--spacing(16)] px-(--thread-content-margin)\">\n<div class=\"[--thread-content-max-width:40rem] thread-lg:[--thread-content-max-width:48rem] mx-auto max-w-(--thread-content-max-width) flex-1 group\/turn-messages focus-visible:outline-hidden relative flex w-full min-w-0 flex-col agent-turn\" tabindex=\"-1\">\n<div class=\"flex max-w-full flex-col grow\">\n<div class=\"min-h-8 text-message relative flex w-full flex-col items-end gap-2 text-start break-words whitespace-normal [.text-message+&amp;]:mt-1\" dir=\"auto\" data-message-author-role=\"assistant\" data-message-id=\"78bfde3b-9299-458c-98ce-9432fb740cc5\" data-message-model-slug=\"gpt-5\">\n<div class=\"flex w-full flex-col gap-1 empty:hidden first:pt-[1px]\">\n<div class=\"markdown prose dark:prose-invert w-full break-words dark markdown-new-styling\">\n<p data-start=\"5221\" data-end=\"5353\" data-is-last-node=\"\" data-is-only-node=\"\">Bauen Sie riesige Fabriken, automatisieren Sie die Produktion und \u00fcberleben Sie auf einem fremden Planeten in Factorio.<\/p>\n<\/div>\n<\/div>\n<\/div>\n<\/div>\n<\/div>\n<\/div>\n<\/article>\n<\/div>\n<\/div>\n<\/div>\n<\/div>\n<\/div>\n<\/div>\n<\/article>\n<\/div>\n<\/div>\n<\/div>\n<\/div>\n<\/div>\n<\/div>\n<\/article>\n<p><img decoding=\"async\" class=\"alignnone wp-image-3526\" src=\"https:\/\/orkza.com\/wp-content\/uploads\/2024\/10\/Steam-Account-Notice-min-300x300.png\" alt=\"\" width=\"41\" height=\"41\" srcset=\"https:\/\/orkza.com\/wp-content\/uploads\/2024\/10\/Steam-Account-Notice-min-300x300.png 300w, https:\/\/orkza.com\/wp-content\/uploads\/2024\/10\/Steam-Account-Notice-min-scaled-430x430.png 430w, https:\/\/orkza.com\/wp-content\/uploads\/2024\/10\/Steam-Account-Notice-min-150x150.png 150w, https:\/\/orkza.com\/wp-content\/uploads\/2024\/10\/Steam-Account-Notice-min-scaled-700x700.png 700w, https:\/\/orkza.com\/wp-content\/uploads\/2024\/10\/Steam-Account-Notice-min-800x800.png 800w, https:\/\/orkza.com\/wp-content\/uploads\/2024\/10\/Steam-Account-Notice-min-768x768.png 768w, https:\/\/orkza.com\/wp-content\/uploads\/2024\/10\/Steam-Account-Notice-min-1536x1536.png 1536w, https:\/\/orkza.com\/wp-content\/uploads\/2024\/10\/Steam-Account-Notice-min-2048x2048.png 2048w\" sizes=\"(max-width: 41px) 100vw, 41px\" \/><strong>Hinweis: Kontodaten k\u00f6nnen nicht ge\u00e4ndert werden. Dies ist ein Steam-Konto mit lebenslangem Zugriff, nur f\u00fcr Offline-Spiele. <\/strong><\/p>\n","protected":false},"featured_media":16858,"comment_status":"open","ping_status":"closed","template":"","meta":[],"product_brand":[],"product_cat":[224],"product_tag":[249],"class_list":{"0":"post-16857","1":"product","2":"type-product","3":"status-publish","4":"has-post-thumbnail","6":"product_cat-simulation","7":"product_tag-steam","9":"first","10":"instock","11":"sale","12":"virtual","13":"purchasable","14":"product-type-simple"},"_links":{"self":[{"href":"https:\/\/orkza.com\/de\/wp-json\/wp\/v2\/product\/16857","targetHints":{"allow":["GET"]}}],"collection":[{"href":"https:\/\/orkza.com\/de\/wp-json\/wp\/v2\/product"}],"about":[{"href":"https:\/\/orkza.com\/de\/wp-json\/wp\/v2\/types\/product"}],"replies":[{"embeddable":true,"href":"https:\/\/orkza.com\/de\/wp-json\/wp\/v2\/comments?post=16857"}],"version-history":[{"count":0,"href":"https:\/\/orkza.com\/de\/wp-json\/wp\/v2\/product\/16857\/revisions"}],"wp:featuredmedia":[{"embeddable":true,"href":"https:\/\/orkza.com\/de\/wp-json\/wp\/v2\/media\/16858"}],"wp:attachment":[{"href":"https:\/\/orkza.com\/de\/wp-json\/wp\/v2\/media?parent=16857"}],"wp:term":[{"taxonomy":"product_brand","embeddable":true,"href":"https:\/\/orkza.com\/de\/wp-json\/wp\/v2\/product_brand?post=16857"},{"taxonomy":"product_cat","embeddable":true,"href":"https:\/\/orkza.com\/de\/wp-json\/wp\/v2\/product_cat?post=16857"},{"taxonomy":"product_tag","embeddable":true,"href":"https:\/\/orkza.com\/de\/wp-json\/wp\/v2\/product_tag?post=16857"}],"curies":[{"name":"wp","href":"https:\/\/api.w.org\/{rel}","templated":true}]}}