{"id":16839,"date":"2025-11-07T05:36:54","date_gmt":"2025-11-07T05:36:54","guid":{"rendered":"https:\/\/orkza.com\/product\/little-nightmares-ii-deluxe-edition-steam-account\/"},"modified":"2026-02-26T05:35:54","modified_gmt":"2026-02-26T05:35:54","slug":"little-nightmares-ii-deluxe-edition-steam-account","status":"publish","type":"product","link":"https:\/\/orkza.com\/de\/produkt\/little-nightmares-ii-deluxe-edition-steam-account\/","title":{"rendered":"Little Nightmares II Deluxe Edition Steam-Account"},"content":{"rendered":"<h2 data-start=\"3623\" data-end=\"3650\"><strong data-start=\"3626\" data-end=\"3650\">Little Nightmares II<\/strong><\/h2>\n<p data-start=\"3652\" data-end=\"4047\">Kehren Sie in <strong data-start=\"3710\" data-end=\"3801\"><a class=\"decorated-link\" href=\"https:\/\/store.steampowered.com\/app\/860510\/Little_Nightmares_II\/\" target=\"_new\" rel=\"noopener\" data-start=\"3712\" data-end=\"3799\">Little Nightmares II<\/a><\/strong> zur\u00fcck in die unheimliche Welt der Kindheits\u00e4ngste \u2013 ein spannungsgeladenes Abenteuer, in dem die Grenzen zwischen Traum und Albtraum verschwimmen. Spielen Sie als Mono, ein kleiner Junge, der in einer verzerrten, von finsteren \u00dcbertragungen beherrschten Welt gefangen ist, und begleiten Sie Six, das M\u00e4dchen im gelben Regenmantel, auf einer packenden Reise ums \u00dcberleben. <\/p>\n<p data-start=\"4049\" data-end=\"4306\">Erkunden Sie schaurige Umgebungen \u2013 von verfallenden Schulen bis hin zu unheilvollen W\u00e4ldern \u2013 und l\u00f6sen Sie Umgebungsr\u00e4tsel, w\u00e4hrend Sie furchteinfl\u00f6\u00dfenden Gegnern ausweichen. Jeder Ort erz\u00e4hlt seine eigene d\u00fcstere Geschichte und verbindet Atmosph\u00e4re, Stealth und Spannung in einem visuell beeindruckenden 2,5D-Grafikstil. <\/p>\n<p data-start=\"4308\" data-end=\"4581\">Aufbauend auf dem gefeierten Design des Originals vertieft Little Nightmares II die emotionale Verbindung zwischen den Charakteren und erweitert die Geheimnisse des Universums. Der packende Soundtrack und die filmreife Grafik lassen Spieler in eine schaurige Welt eintauchen, in der Unschuld auf Horror trifft. <\/p>\n<h3 data-start=\"4583\" data-end=\"4610\"><strong data-start=\"4587\" data-end=\"4610\">Systemanforderungen<\/strong><\/h3>\n<p data-start=\"4611\" data-end=\"4625\"><strong data-start=\"4611\" data-end=\"4623\">Minimum:<\/strong><\/p>\n<ul data-start=\"4626\" data-end=\"4807\">\n<li data-start=\"4626\" data-end=\"4653\">\n<p data-start=\"4628\" data-end=\"4653\">Betriebssystem: Windows 10 (64-Bit)<\/p>\n<\/li>\n<li data-start=\"4654\" data-end=\"4701\">\n<p data-start=\"4656\" data-end=\"4701\">Prozessor: Intel Core i5-2300 \/ AMD FX-4350<\/p>\n<\/li>\n<li data-start=\"4702\" data-end=\"4722\">\n<p data-start=\"4704\" data-end=\"4722\">Arbeitsspeicher: 4 GB RAM<\/p>\n<\/li>\n<li data-start=\"4723\" data-end=\"4772\">\n<p data-start=\"4725\" data-end=\"4772\">Grafik: NVIDIA GTX 570 \/ AMD Radeon HD 7850<\/p>\n<\/li>\n<li data-start=\"4773\" data-end=\"4807\">\n<p data-start=\"4775\" data-end=\"4807\">Speicherplatz: 10 GB verf\u00fcgbarer Speicher<\/p>\n<\/li>\n<\/ul>\n<p data-start=\"4809\" data-end=\"4827\"><strong data-start=\"4809\" data-end=\"4825\">Empfohlen:<\/strong><\/p>\n<ul data-start=\"4828\" data-end=\"5007\">\n<li data-start=\"4828\" data-end=\"4860\">\n<p data-start=\"4830\" data-end=\"4860\">Betriebssystem: Windows 10 \/ 11 (64-Bit)<\/p>\n<\/li>\n<li data-start=\"4861\" data-end=\"4908\">\n<p data-start=\"4863\" data-end=\"4908\">Prozessor: Intel Core i7-3770 \/ AMD FX-8350<\/p>\n<\/li>\n<li data-start=\"4909\" data-end=\"4929\">\n<p data-start=\"4911\" data-end=\"4929\">Arbeitsspeicher: 8 GB RAM<\/p>\n<\/li>\n<li data-start=\"4930\" data-end=\"4978\">\n<p data-start=\"4932\" data-end=\"4978\">Grafik: NVIDIA GTX 760 \/ AMD Radeon R9 380<\/p>\n<\/li>\n<li data-start=\"4979\" data-end=\"5007\">\n<p data-start=\"4981\" data-end=\"5007\">Speicherplatz: 10 GB SSD-Speicher<\/p>\n<\/li>\n<\/ul>\n<p data-start=\"5009\" data-end=\"5127\">Little Nightmares II bietet ein wundersch\u00f6nes und zugleich furchteinfl\u00f6\u00dfendes Erlebnis, das noch lange nach dem Abspann nachwirkt.<\/p>\n<h3>So nutzen Sie Ihren Little Nightmares II Steam-Account<\/h3>\n<p><img decoding=\"async\" class=\"alignnone wp-image-3511\" src=\"https:\/\/orkza.com\/wp-content\/uploads\/2024\/10\/STEAM-ACTIVATION-GUIDE-400x225.jpg\" alt=\"\" width=\"804\" height=\"453\" title=\"\" srcset=\"https:\/\/orkza.com\/wp-content\/uploads\/2024\/10\/STEAM-ACTIVATION-GUIDE-400x225.jpg 400w, https:\/\/orkza.com\/wp-content\/uploads\/2024\/10\/STEAM-ACTIVATION-GUIDE-430x242.jpg 430w, https:\/\/orkza.com\/wp-content\/uploads\/2024\/10\/STEAM-ACTIVATION-GUIDE-150x84.jpg 150w, https:\/\/orkza.com\/wp-content\/uploads\/2024\/10\/STEAM-ACTIVATION-GUIDE-700x394.jpg 700w, https:\/\/orkza.com\/wp-content\/uploads\/2024\/10\/STEAM-ACTIVATION-GUIDE-768x432.jpg 768w, https:\/\/orkza.com\/wp-content\/uploads\/2024\/10\/STEAM-ACTIVATION-GUIDE.jpg 1280w\" sizes=\"(max-width: 804px) 100vw, 804px\" \/><\/p>\n<p>Melde dich nach dem Kauf auf deinem PC mit dem bereitgestellten Steam-Konto an. Sobald du angemeldet bist, navigiere zu deiner Bibliothek, installiere das Spiel und klicke auf den Play-Button.  Nach ein paar Minuten beende das Spiel und schalte Steam in den Offline-Modus \u2013 und schon bist du bereit f\u00fcr stundenlangen, aufregenden Spielspa\u00df!<\/p>\n<p>F\u00fcr eine umfassende Einrichtung lies dir unseren <a href=\"https:\/\/orkza.com\/de\/steam-account-activation-guide\/\" target=\"_blank\" rel=\"noopener\">Steam-Konto-Aktivierungsleitfaden<\/a> durch.<\/p>\n<p>Entdecke unsere neuesten <a href=\"https:\/\/orkza.com\/de\/produkt-kategorie\/pc-spiele\/\" target=\"_blank\" rel=\"noopener\">PC-SPIELE<\/a><\/p>\n","protected":false},"excerpt":{"rendered":"<article class=\"text-token-text-primary w-full focus:outline-none scroll-mt-[calc(var(--header-height)+min(200px,max(70px,20svh)))]\" dir=\"auto\" tabindex=\"-1\" data-turn-id=\"825f8558-9f2b-458c-ad9a-5b51e35369c8\" data-testid=\"conversation-turn-286\" data-scroll-anchor=\"true\" data-turn=\"assistant\">\n<div class=\"text-base my-auto mx-auto pb-10 [--thread-content-margin:--spacing(4)] thread-sm:[--thread-content-margin:--spacing(6)] thread-lg:[--thread-content-margin:--spacing(16)] px-(--thread-content-margin)\">\n<div class=\"[--thread-content-max-width:40rem] thread-lg:[--thread-content-max-width:48rem] mx-auto max-w-(--thread-content-max-width) flex-1 group\/turn-messages focus-visible:outline-hidden relative flex w-full min-w-0 flex-col agent-turn\" tabindex=\"-1\">\n<div class=\"flex max-w-full flex-col grow\">\n<div class=\"min-h-8 text-message relative flex w-full flex-col items-end gap-2 text-start break-words whitespace-normal [.text-message+&amp;]:mt-5\" dir=\"auto\" data-message-author-role=\"assistant\" data-message-id=\"2928a0af-c8b9-4771-8af5-a56ec1451607\" data-message-model-slug=\"gpt-5\">\n<div class=\"flex w-full flex-col gap-1 empty:hidden first:pt-[3px]\">\n<div class=\"markdown prose dark:prose-invert w-full break-words dark markdown-new-styling\">\n<article class=\"text-token-text-primary w-full focus:outline-none scroll-mt-[calc(var(--header-height)+min(200px,max(70px,20svh)))]\" dir=\"auto\" tabindex=\"-1\" data-turn-id=\"4853738f-41d9-4361-acbd-da104adcb5f6\" data-testid=\"conversation-turn-288\" data-scroll-anchor=\"true\" data-turn=\"assistant\">\n<div class=\"text-base my-auto mx-auto pb-10 [--thread-content-margin:--spacing(4)] thread-sm:[--thread-content-margin:--spacing(6)] thread-lg:[--thread-content-margin:--spacing(16)] px-(--thread-content-margin)\">\n<div class=\"[--thread-content-max-width:40rem] thread-lg:[--thread-content-max-width:48rem] mx-auto max-w-(--thread-content-max-width) flex-1 group\/turn-messages focus-visible:outline-hidden relative flex w-full min-w-0 flex-col agent-turn\" tabindex=\"-1\">\n<div class=\"flex max-w-full flex-col grow\">\n<div class=\"min-h-8 text-message relative flex w-full flex-col items-end gap-2 text-start break-words whitespace-normal [.text-message+&amp;]:mt-5\" dir=\"auto\" data-message-author-role=\"assistant\" data-message-id=\"5f2e51b3-f20e-438b-8196-6d76021c77fc\" data-message-model-slug=\"gpt-5\">\n<div class=\"flex w-full flex-col gap-1 empty:hidden first:pt-[3px]\">\n<div class=\"markdown prose dark:prose-invert w-full break-words dark markdown-new-styling\">\n<p data-start=\"5129\" data-end=\"5260\">Begleiten Sie Mono und Six auf einem d\u00fcsteren, packenden Abenteuer durch eine verzerrte Welt voller Albtr\u00e4ume.<\/p>\n<\/div>\n<\/div>\n<\/div>\n<\/div>\n<\/div>\n<\/div>\n<\/article>\n<\/div>\n<\/div>\n<\/div>\n<\/div>\n<\/div>\n<\/div>\n<\/article>\n<p><img decoding=\"async\" class=\"alignnone wp-image-3526\" src=\"https:\/\/orkza.com\/wp-content\/uploads\/2024\/10\/Steam-Account-Notice-min-300x300.png\" alt=\"\" width=\"41\" height=\"41\" srcset=\"https:\/\/orkza.com\/wp-content\/uploads\/2024\/10\/Steam-Account-Notice-min-300x300.png 300w, https:\/\/orkza.com\/wp-content\/uploads\/2024\/10\/Steam-Account-Notice-min-scaled-430x430.png 430w, https:\/\/orkza.com\/wp-content\/uploads\/2024\/10\/Steam-Account-Notice-min-150x150.png 150w, https:\/\/orkza.com\/wp-content\/uploads\/2024\/10\/Steam-Account-Notice-min-scaled-700x700.png 700w, https:\/\/orkza.com\/wp-content\/uploads\/2024\/10\/Steam-Account-Notice-min-800x800.png 800w, https:\/\/orkza.com\/wp-content\/uploads\/2024\/10\/Steam-Account-Notice-min-768x768.png 768w, https:\/\/orkza.com\/wp-content\/uploads\/2024\/10\/Steam-Account-Notice-min-1536x1536.png 1536w, https:\/\/orkza.com\/wp-content\/uploads\/2024\/10\/Steam-Account-Notice-min-2048x2048.png 2048w\" sizes=\"(max-width: 41px) 100vw, 41px\" \/><strong>Hinweis: Kontodaten k\u00f6nnen nicht ge\u00e4ndert werden. Dies ist ein Steam-Konto mit lebenslangem Zugriff, nur f\u00fcr Offline-Spiele. <\/strong><\/p>\n","protected":false},"featured_media":16840,"comment_status":"open","ping_status":"closed","template":"","meta":[],"product_brand":[],"product_cat":[217],"product_tag":[249],"class_list":{"0":"post-16839","1":"product","2":"type-product","3":"status-publish","4":"has-post-thumbnail","6":"product_cat-abenteuer","7":"product_tag-steam","9":"first","10":"instock","11":"sale","12":"virtual","13":"purchasable","14":"product-type-simple"},"_links":{"self":[{"href":"https:\/\/orkza.com\/de\/wp-json\/wp\/v2\/product\/16839","targetHints":{"allow":["GET"]}}],"collection":[{"href":"https:\/\/orkza.com\/de\/wp-json\/wp\/v2\/product"}],"about":[{"href":"https:\/\/orkza.com\/de\/wp-json\/wp\/v2\/types\/product"}],"replies":[{"embeddable":true,"href":"https:\/\/orkza.com\/de\/wp-json\/wp\/v2\/comments?post=16839"}],"version-history":[{"count":0,"href":"https:\/\/orkza.com\/de\/wp-json\/wp\/v2\/product\/16839\/revisions"}],"wp:featuredmedia":[{"embeddable":true,"href":"https:\/\/orkza.com\/de\/wp-json\/wp\/v2\/media\/16840"}],"wp:attachment":[{"href":"https:\/\/orkza.com\/de\/wp-json\/wp\/v2\/media?parent=16839"}],"wp:term":[{"taxonomy":"product_brand","embeddable":true,"href":"https:\/\/orkza.com\/de\/wp-json\/wp\/v2\/product_brand?post=16839"},{"taxonomy":"product_cat","embeddable":true,"href":"https:\/\/orkza.com\/de\/wp-json\/wp\/v2\/product_cat?post=16839"},{"taxonomy":"product_tag","embeddable":true,"href":"https:\/\/orkza.com\/de\/wp-json\/wp\/v2\/product_tag?post=16839"}],"curies":[{"name":"wp","href":"https:\/\/api.w.org\/{rel}","templated":true}]}}