{"id":16831,"date":"2025-11-07T05:36:57","date_gmt":"2025-11-07T05:36:57","guid":{"rendered":"https:\/\/orkza.com\/product\/nier-replicant-ver-1-22474487139-steam-account\/"},"modified":"2026-02-26T05:35:39","modified_gmt":"2026-02-26T05:35:39","slug":"nier-replicant-ver-1-22474487139-steam-account","status":"publish","type":"product","link":"https:\/\/orkza.com\/de\/produkt\/nier-replicant-ver-1-22474487139-steam-account\/","title":{"rendered":"NieR Replicant&#x2122; ver.1.22474487139.. Steam-Account"},"content":{"rendered":"<h2 data-start=\"1846\" data-end=\"1888\"><strong data-start=\"1849\" data-end=\"1888\">NieR Replicant&#x2122; ver.1.22474487139..<\/strong><\/h2>\n<p data-start=\"1890\" data-end=\"2295\">Entdecken Sie einen Kultklassiker neu in <strong data-start=\"1919\" data-end=\"2036\"><a class=\"decorated-link\" href=\"https:\/\/store.steampowered.com\/app\/1113560\/NieR_Replicant_ver122474487139\/\" target=\"_new\" rel=\"noopener\" data-start=\"1921\" data-end=\"2034\">NieR Replicant&#x2122; ver.1.22474487139..<\/a><\/strong> \u2013 einem wundersch\u00f6n remasterten Action-Rollenspiel von Square Enix und Toylogic. In einer mysteri\u00f6sen, zerfallenden Welt angesiedelt, folgt die Geschichte der Suche eines jungen Mannes, seine Schwester vor einer t\u00f6dlichen Krankheit zu retten, und enth\u00fcllt dabei Geheimnisse der Menschheit, des Opfers und der Identit\u00e4t. <\/p>\n<p data-start=\"2297\" data-end=\"2688\">Diese verbesserte Version des Originals von 2010 bietet modernisierte Grafik, neu aufgenommene Dialoge, einen neu interpretierten Soundtrack von Keiichi Okabe und ein verfeinertes Kampfsystem, das fl\u00fcssige Hack-and-Slash-Action mit Magie und Waffenbeherrschung kombiniert. Spieler erkunden eindringlich sch\u00f6ne Umgebungen, bek\u00e4mpfen verdrehte Kreaturen und erleben eine zutiefst emotionale Erz\u00e4hlung, die die Frage stellt, was es bedeutet, menschlich zu sein. <\/p>\n<p data-start=\"2690\" data-end=\"2957\">NieR Replicant bietet eine perfekte Balance aus Storytelling und Gameplay, indem es rasante K\u00e4mpfe, Open-World-Erkundung und philosophische Tiefe miteinander verbindet. Seine verbesserte Optik und polierte Performance machen es zur definitiven Art, Yoko Taros vision\u00e4re Welt zu erleben. <\/p>\n<h3 data-start=\"2959\" data-end=\"2986\"><strong data-start=\"2963\" data-end=\"2986\">Systemanforderungen<\/strong><\/h3>\n<p data-start=\"2987\" data-end=\"3001\"><strong data-start=\"2987\" data-end=\"2999\">Minimum:<\/strong><\/p>\n<ul data-start=\"3002\" data-end=\"3197\">\n<li data-start=\"3002\" data-end=\"3029\">\n<p data-start=\"3004\" data-end=\"3029\">Betriebssystem: Windows 10 (64-Bit)<\/p>\n<\/li>\n<li data-start=\"3030\" data-end=\"3083\">\n<p data-start=\"3032\" data-end=\"3083\">Prozessor: AMD Ryzen 3 1300X \/ Intel Core i5-6400<\/p>\n<\/li>\n<li data-start=\"3084\" data-end=\"3104\">\n<p data-start=\"3086\" data-end=\"3104\">Arbeitsspeicher: 8 GB RAM<\/p>\n<\/li>\n<li data-start=\"3105\" data-end=\"3162\">\n<p data-start=\"3107\" data-end=\"3162\">Grafikkarte: NVIDIA GeForce GTX 960 \/ AMD Radeon R9 380X<\/p>\n<\/li>\n<li data-start=\"3163\" data-end=\"3197\">\n<p data-start=\"3165\" data-end=\"3197\">Speicherplatz: 26 GB verf\u00fcgbarer Speicherplatz<\/p>\n<\/li>\n<\/ul>\n<p data-start=\"3199\" data-end=\"3217\"><strong data-start=\"3199\" data-end=\"3215\">Empfohlen:<\/strong><\/p>\n<ul data-start=\"3218\" data-end=\"3416\">\n<li data-start=\"3218\" data-end=\"3250\">\n<p data-start=\"3220\" data-end=\"3250\">Betriebssystem: Windows 10 \/ 11 (64-Bit)<\/p>\n<\/li>\n<li data-start=\"3251\" data-end=\"3303\">\n<p data-start=\"3253\" data-end=\"3303\">Prozessor: AMD Ryzen 3 3100 \/ Intel Core i5-4670<\/p>\n<\/li>\n<li data-start=\"3304\" data-end=\"3325\">\n<p data-start=\"3306\" data-end=\"3325\">Arbeitsspeicher: 16 GB RAM<\/p>\n<\/li>\n<li data-start=\"3326\" data-end=\"3387\">\n<p data-start=\"3328\" data-end=\"3387\">Grafikkarte: NVIDIA GeForce GTX 1060 \/ AMD Radeon RX Vega 56<\/p>\n<\/li>\n<li data-start=\"3388\" data-end=\"3416\">\n<p data-start=\"3390\" data-end=\"3416\">Speicherplatz: 26 GB SSD-Speicherplatz<\/p>\n<\/li>\n<\/ul>\n<p data-start=\"3418\" data-end=\"3543\">NieR Replicant ver.1.22474487139.. ist eine atemberaubende Neuinterpretation eines geliebten Klassikers \u2013 poetisch, emotional und unvergesslich. <\/p>\n<h3>So verwenden Sie Ihr NieR Replicant&#x2122; ver.1.22474487139.. Steam-Account<\/h3>\n<p><img decoding=\"async\" class=\"alignnone wp-image-3511\" src=\"https:\/\/orkza.com\/wp-content\/uploads\/2024\/10\/STEAM-ACTIVATION-GUIDE-400x225.jpg\" alt=\"\" width=\"804\" height=\"453\" title=\"\" srcset=\"https:\/\/orkza.com\/wp-content\/uploads\/2024\/10\/STEAM-ACTIVATION-GUIDE-400x225.jpg 400w, https:\/\/orkza.com\/wp-content\/uploads\/2024\/10\/STEAM-ACTIVATION-GUIDE-430x242.jpg 430w, https:\/\/orkza.com\/wp-content\/uploads\/2024\/10\/STEAM-ACTIVATION-GUIDE-150x84.jpg 150w, https:\/\/orkza.com\/wp-content\/uploads\/2024\/10\/STEAM-ACTIVATION-GUIDE-700x394.jpg 700w, https:\/\/orkza.com\/wp-content\/uploads\/2024\/10\/STEAM-ACTIVATION-GUIDE-768x432.jpg 768w, https:\/\/orkza.com\/wp-content\/uploads\/2024\/10\/STEAM-ACTIVATION-GUIDE.jpg 1280w\" sizes=\"(max-width: 804px) 100vw, 804px\" \/><\/p>\n<p>Melde dich nach dem Kauf auf deinem PC mit dem bereitgestellten Steam-Konto an. Sobald du angemeldet bist, navigiere zu deiner Bibliothek, installiere das Spiel und klicke auf den Play-Button.  Nach ein paar Minuten beende das Spiel und schalte Steam in den Offline-Modus \u2013 und schon bist du bereit f\u00fcr stundenlangen, aufregenden Spielspa\u00df!<\/p>\n<p>F\u00fcr eine umfassende Einrichtung lies dir unseren <a href=\"https:\/\/orkza.com\/de\/steam-account-activation-guide\/\" target=\"_blank\" rel=\"noopener\">Steam-Konto-Aktivierungsleitfaden<\/a> durch.<\/p>\n<p>Entdecke unsere neuesten <a href=\"https:\/\/orkza.com\/de\/produkt-kategorie\/pc-spiele\/\" target=\"_blank\" rel=\"noopener\">PC-SPIELE<\/a><\/p>\n","protected":false},"excerpt":{"rendered":"<article class=\"text-token-text-primary w-full focus:outline-none scroll-mt-[calc(var(--header-height)+min(200px,max(70px,20svh)))]\" dir=\"auto\" tabindex=\"-1\" data-turn-id=\"825f8558-9f2b-458c-ad9a-5b51e35369c8\" data-testid=\"conversation-turn-286\" data-scroll-anchor=\"true\" data-turn=\"assistant\">\n<div class=\"text-base my-auto mx-auto pb-10 [--thread-content-margin:--spacing(4)] thread-sm:[--thread-content-margin:--spacing(6)] thread-lg:[--thread-content-margin:--spacing(16)] px-(--thread-content-margin)\">\n<div class=\"[--thread-content-max-width:40rem] thread-lg:[--thread-content-max-width:48rem] mx-auto max-w-(--thread-content-max-width) flex-1 group\/turn-messages focus-visible:outline-hidden relative flex w-full min-w-0 flex-col agent-turn\" tabindex=\"-1\">\n<div class=\"flex max-w-full flex-col grow\">\n<div class=\"min-h-8 text-message relative flex w-full flex-col items-end gap-2 text-start break-words whitespace-normal [.text-message+&amp;]:mt-5\" dir=\"auto\" data-message-author-role=\"assistant\" data-message-id=\"2928a0af-c8b9-4771-8af5-a56ec1451607\" data-message-model-slug=\"gpt-5\">\n<div class=\"flex w-full flex-col gap-1 empty:hidden first:pt-[3px]\">\n<div class=\"markdown prose dark:prose-invert w-full break-words dark markdown-new-styling\">\n<article class=\"text-token-text-primary w-full focus:outline-none scroll-mt-[calc(var(--header-height)+min(200px,max(70px,20svh)))]\" dir=\"auto\" tabindex=\"-1\" data-turn-id=\"4853738f-41d9-4361-acbd-da104adcb5f6\" data-testid=\"conversation-turn-288\" data-scroll-anchor=\"true\" data-turn=\"assistant\">\n<div class=\"text-base my-auto mx-auto pb-10 [--thread-content-margin:--spacing(4)] thread-sm:[--thread-content-margin:--spacing(6)] thread-lg:[--thread-content-margin:--spacing(16)] px-(--thread-content-margin)\">\n<div class=\"[--thread-content-max-width:40rem] thread-lg:[--thread-content-max-width:48rem] mx-auto max-w-(--thread-content-max-width) flex-1 group\/turn-messages focus-visible:outline-hidden relative flex w-full min-w-0 flex-col agent-turn\" tabindex=\"-1\">\n<div class=\"flex max-w-full flex-col grow\">\n<div class=\"min-h-8 text-message relative flex w-full flex-col items-end gap-2 text-start break-words whitespace-normal [.text-message+&amp;]:mt-5\" dir=\"auto\" data-message-author-role=\"assistant\" data-message-id=\"5f2e51b3-f20e-438b-8196-6d76021c77fc\" data-message-model-slug=\"gpt-5\">\n<div class=\"flex w-full flex-col gap-1 empty:hidden first:pt-[3px]\">\n<div class=\"markdown prose dark:prose-invert w-full break-words dark markdown-new-styling\">\n<p data-start=\"3545\" data-end=\"3688\">Ein atemberaubendes Remaster des Kult-Rollenspiels \u2013 k\u00e4mpfen, erkunden und die Wahrheit hinter einer eindringlichen Welt aufdecken.<\/p>\n<\/div>\n<\/div>\n<\/div>\n<\/div>\n<\/div>\n<\/div>\n<\/article>\n<\/div>\n<\/div>\n<\/div>\n<\/div>\n<\/div>\n<\/div>\n<\/article>\n<p><img decoding=\"async\" class=\"alignnone wp-image-3526\" src=\"https:\/\/orkza.com\/wp-content\/uploads\/2024\/10\/Steam-Account-Notice-min-300x300.png\" alt=\"\" width=\"41\" height=\"41\" srcset=\"https:\/\/orkza.com\/wp-content\/uploads\/2024\/10\/Steam-Account-Notice-min-300x300.png 300w, https:\/\/orkza.com\/wp-content\/uploads\/2024\/10\/Steam-Account-Notice-min-scaled-430x430.png 430w, https:\/\/orkza.com\/wp-content\/uploads\/2024\/10\/Steam-Account-Notice-min-150x150.png 150w, https:\/\/orkza.com\/wp-content\/uploads\/2024\/10\/Steam-Account-Notice-min-scaled-700x700.png 700w, https:\/\/orkza.com\/wp-content\/uploads\/2024\/10\/Steam-Account-Notice-min-800x800.png 800w, https:\/\/orkza.com\/wp-content\/uploads\/2024\/10\/Steam-Account-Notice-min-768x768.png 768w, https:\/\/orkza.com\/wp-content\/uploads\/2024\/10\/Steam-Account-Notice-min-1536x1536.png 1536w, https:\/\/orkza.com\/wp-content\/uploads\/2024\/10\/Steam-Account-Notice-min-2048x2048.png 2048w\" sizes=\"(max-width: 41px) 100vw, 41px\" \/><strong>Hinweis: Kontodaten k\u00f6nnen nicht ge\u00e4ndert werden. Dies ist ein Steam-Konto mit lebenslangem Zugriff, nur f\u00fcr Offline-Spiele. <\/strong><\/p>\n","protected":false},"featured_media":16832,"comment_status":"open","ping_status":"closed","template":"","meta":[],"product_brand":[],"product_cat":[216],"product_tag":[249],"class_list":{"0":"post-16831","1":"product","2":"type-product","3":"status-publish","4":"has-post-thumbnail","6":"product_cat-action","7":"product_tag-steam","9":"first","10":"instock","11":"sale","12":"virtual","13":"purchasable","14":"product-type-simple"},"_links":{"self":[{"href":"https:\/\/orkza.com\/de\/wp-json\/wp\/v2\/product\/16831","targetHints":{"allow":["GET"]}}],"collection":[{"href":"https:\/\/orkza.com\/de\/wp-json\/wp\/v2\/product"}],"about":[{"href":"https:\/\/orkza.com\/de\/wp-json\/wp\/v2\/types\/product"}],"replies":[{"embeddable":true,"href":"https:\/\/orkza.com\/de\/wp-json\/wp\/v2\/comments?post=16831"}],"version-history":[{"count":0,"href":"https:\/\/orkza.com\/de\/wp-json\/wp\/v2\/product\/16831\/revisions"}],"wp:featuredmedia":[{"embeddable":true,"href":"https:\/\/orkza.com\/de\/wp-json\/wp\/v2\/media\/16832"}],"wp:attachment":[{"href":"https:\/\/orkza.com\/de\/wp-json\/wp\/v2\/media?parent=16831"}],"wp:term":[{"taxonomy":"product_brand","embeddable":true,"href":"https:\/\/orkza.com\/de\/wp-json\/wp\/v2\/product_brand?post=16831"},{"taxonomy":"product_cat","embeddable":true,"href":"https:\/\/orkza.com\/de\/wp-json\/wp\/v2\/product_cat?post=16831"},{"taxonomy":"product_tag","embeddable":true,"href":"https:\/\/orkza.com\/de\/wp-json\/wp\/v2\/product_tag?post=16831"}],"curies":[{"name":"wp","href":"https:\/\/api.w.org\/{rel}","templated":true}]}}