{"id":16825,"date":"2025-11-07T05:37:06","date_gmt":"2025-11-07T05:37:06","guid":{"rendered":"https:\/\/orkza.com\/product\/grounded-steam-account\/"},"modified":"2026-02-26T05:34:51","modified_gmt":"2026-02-26T05:34:51","slug":"grounded-steam-account","status":"publish","type":"product","link":"https:\/\/orkza.com\/de\/produkt\/grounded-steam-account\/","title":{"rendered":"Grounded Steam-Account"},"content":{"rendered":"<h2 data-start=\"1959\" data-end=\"2386\"><strong data-start=\"1959\" data-end=\"1971\">Grounded<\/strong><\/h2>\n<p data-start=\"1959\" data-end=\"2386\">Schrumpfe auf die Gr\u00f6\u00dfe einer Ameise und \u00fcberlebe die Wildnis des Gartens in <em data-start=\"2042\" data-end=\"2107\"><a class=\"decorated-link\" href=\"https:\/\/store.steampowered.com\/app\/962130\/Grounded\/\" target=\"_new\" rel=\"noopener\" data-start=\"2043\" data-end=\"2106\">Grounded<\/a><\/em>, dem erfolgreichen Survival-Abenteuer von Obsidian Entertainment. Sie erwachen in einem Vorstadtgarten voller riesiger Insekten, t\u00f6dlicher Spinnen und mysteri\u00f6ser Geheimnisse. Schlie\u00dfen Sie sich mit Freunden zusammen oder spielen Sie solo, um zu erkunden, zu fertigen und zu bauen, w\u00e4hrend Sie die Wahrheit hinter Ihrer winzigen Notlage aufdecken.  <\/p>\n<p data-start=\"2388\" data-end=\"2748\">In <em data-start=\"2391\" data-end=\"2401\">Grounded<\/em> wird jeder Grashalm zu einem hoch aufragenden Baum, jeder Tautropfen zu einer wertvollen Ressource. Fertigen Sie Waffen, R\u00fcstungen und Unterk\u00fcnfte, um sich vor feindlichen Kreaturen zu sch\u00fctzen, und sammeln Sie Materialien, um Tag- und Nachtzyklen zu \u00fcberleben. Das realistische \u00d6kosystem des Spiels reagiert auf Ihre Handlungen \u2014 bauen Sie zu nah an einem Ameisenh\u00fcgel, und seine Bewohner k\u00f6nnten sich wehren.  <\/p>\n<p data-start=\"2750\" data-end=\"3077\">Die Welt ist voller Entdeckungen. Erkunden Sie verborgene Tunnel, erklimmen Sie riesige Pflanzen und entdecken Sie wissenschaftliche Forschungsstationen, die von demjenigen zur\u00fcckgelassen wurden, der Ihre Miniaturisierung verursacht hat. Mit regelm\u00e4\u00dfigen Inhaltsupdates, Koop-Multiplayer und detailliertem Worldbuilding bietet <em data-start=\"3002\" data-end=\"3012\">Grounded<\/em> ein unterhaltsames und zugleich intensives Survival-Erlebnis wie kein anderes.  <\/p>\n<p data-start=\"3079\" data-end=\"3124\"><strong data-start=\"3079\" data-end=\"3107\">Systemanforderungen (PC)<\/strong><br data-start=\"3107\" data-end=\"3110\"><strong data-start=\"3110\" data-end=\"3122\">Mindestanforderungen:<\/strong><\/p>\n<ul data-start=\"3125\" data-end=\"3272\">\n<li data-start=\"3125\" data-end=\"3151\">\n<p data-start=\"3127\" data-end=\"3151\">Betriebssystem: Windows 7 (64-Bit)<\/p>\n<\/li>\n<li data-start=\"3152\" data-end=\"3185\">\n<p data-start=\"3154\" data-end=\"3185\">Prozessor: Intel Core i3-3225<\/p>\n<\/li>\n<li data-start=\"3186\" data-end=\"3206\">\n<p data-start=\"3188\" data-end=\"3206\">Arbeitsspeicher: 8 GB RAM<\/p>\n<\/li>\n<li data-start=\"3207\" data-end=\"3238\">\n<p data-start=\"3209\" data-end=\"3238\">Grafik: NVIDIA GTX 650 Ti<\/p>\n<\/li>\n<li data-start=\"3239\" data-end=\"3272\">\n<p data-start=\"3241\" data-end=\"3272\">Speicherplatz: 8 GB verf\u00fcgbarer Speicherplatz<\/p>\n<\/li>\n<\/ul>\n<p data-start=\"3274\" data-end=\"3292\"><strong data-start=\"3274\" data-end=\"3290\">Empfohlen:<\/strong><\/p>\n<ul data-start=\"3293\" data-end=\"3461\">\n<li data-start=\"3293\" data-end=\"3320\">\n<p data-start=\"3295\" data-end=\"3320\">Betriebssystem: Windows 10 (64-Bit)<\/p>\n<\/li>\n<li data-start=\"3321\" data-end=\"3363\">\n<p data-start=\"3323\" data-end=\"3363\">Prozessor: Intel Core i5 \/ AMD Ryzen 5<\/p>\n<\/li>\n<li data-start=\"3364\" data-end=\"3385\">\n<p data-start=\"3366\" data-end=\"3385\">Arbeitsspeicher: 16 GB RAM<\/p>\n<\/li>\n<li data-start=\"3386\" data-end=\"3427\">\n<p data-start=\"3388\" data-end=\"3427\">Grafik: NVIDIA GTX 970 \/ AMD RX 580<\/p>\n<\/li>\n<li data-start=\"3428\" data-end=\"3461\">\n<p data-start=\"3430\" data-end=\"3461\">Speicherplatz: 8 GB verf\u00fcgbarer Speicherplatz<\/p>\n<\/li>\n<\/ul>\n<h3>So verwenden Sie Ihren Grounded Steam-Account<\/h3>\n<p><img decoding=\"async\" class=\"alignnone wp-image-3511\" src=\"https:\/\/orkza.com\/wp-content\/uploads\/2024\/10\/STEAM-ACTIVATION-GUIDE-400x225.jpg\" alt=\"\" width=\"804\" height=\"453\" title=\"\" srcset=\"https:\/\/orkza.com\/wp-content\/uploads\/2024\/10\/STEAM-ACTIVATION-GUIDE-400x225.jpg 400w, https:\/\/orkza.com\/wp-content\/uploads\/2024\/10\/STEAM-ACTIVATION-GUIDE-430x242.jpg 430w, https:\/\/orkza.com\/wp-content\/uploads\/2024\/10\/STEAM-ACTIVATION-GUIDE-150x84.jpg 150w, https:\/\/orkza.com\/wp-content\/uploads\/2024\/10\/STEAM-ACTIVATION-GUIDE-700x394.jpg 700w, https:\/\/orkza.com\/wp-content\/uploads\/2024\/10\/STEAM-ACTIVATION-GUIDE-768x432.jpg 768w, https:\/\/orkza.com\/wp-content\/uploads\/2024\/10\/STEAM-ACTIVATION-GUIDE.jpg 1280w\" sizes=\"(max-width: 804px) 100vw, 804px\" \/><\/p>\n<p>Melden Sie sich nach dem Kauf auf Ihrem PC im bereitgestellten Steam-Konto an. Navigieren Sie nach der Anmeldung zu Ihrer Bibliothek, installieren Sie das Spiel und klicken Sie auf die Schaltfl\u00e4che \u201eSpielen\u201c.  Beenden Sie nach einigen Minuten das Spiel und schalten Sie Steam in den Offline-Modus, und schon k\u00f6nnen Sie in stundenlangen spannenden Spielspa\u00df eintauchen!<\/p>\n<p>F\u00fcr einen umfassenden Einrichtungsprozess lesen Sie unseren <a href=\"https:\/\/orkza.com\/de\/steam-account-activation-guide\/\" target=\"_blank\" rel=\"noopener\">Steam-Account-Aktivierungsleitfaden<\/a><\/p>\n<p>Entdecken Sie unsere neuesten <a href=\"https:\/\/orkza.com\/de\/produkt-kategorie\/pc-spiele\/\" target=\"_blank\" rel=\"noopener\">PC-SPIELE<\/a><\/p>\n","protected":false},"excerpt":{"rendered":"<article class=\"text-token-text-primary w-full focus:outline-none scroll-mt-[calc(var(--header-height)+min(200px,max(70px,20svh)))]\" dir=\"auto\" tabindex=\"-1\" data-turn-id=\"825f8558-9f2b-458c-ad9a-5b51e35369c8\" data-testid=\"conversation-turn-286\" data-scroll-anchor=\"true\" data-turn=\"assistant\">\n<div class=\"text-base my-auto mx-auto pb-10 [--thread-content-margin:--spacing(4)] thread-sm:[--thread-content-margin:--spacing(6)] thread-lg:[--thread-content-margin:--spacing(16)] px-(--thread-content-margin)\">\n<div class=\"[--thread-content-max-width:40rem] thread-lg:[--thread-content-max-width:48rem] mx-auto max-w-(--thread-content-max-width) flex-1 group\/turn-messages focus-visible:outline-hidden relative flex w-full min-w-0 flex-col agent-turn\" tabindex=\"-1\">\n<div class=\"flex max-w-full flex-col grow\">\n<div class=\"min-h-8 text-message relative flex w-full flex-col items-end gap-2 text-start break-words whitespace-normal [.text-message+&amp;]:mt-5\" dir=\"auto\" data-message-author-role=\"assistant\" data-message-id=\"2928a0af-c8b9-4771-8af5-a56ec1451607\" data-message-model-slug=\"gpt-5\">\n<div class=\"flex w-full flex-col gap-1 empty:hidden first:pt-[3px]\">\n<div class=\"markdown prose dark:prose-invert w-full break-words dark markdown-new-styling\">\n<article class=\"text-token-text-primary w-full focus:outline-none scroll-mt-[calc(var(--header-height)+min(200px,max(70px,20svh)))]\" dir=\"auto\" tabindex=\"-1\" data-turn-id=\"4853738f-41d9-4361-acbd-da104adcb5f6\" data-testid=\"conversation-turn-288\" data-scroll-anchor=\"true\" data-turn=\"assistant\">\n<div class=\"text-base my-auto mx-auto pb-10 [--thread-content-margin:--spacing(4)] thread-sm:[--thread-content-margin:--spacing(6)] thread-lg:[--thread-content-margin:--spacing(16)] px-(--thread-content-margin)\">\n<div class=\"[--thread-content-max-width:40rem] thread-lg:[--thread-content-max-width:48rem] mx-auto max-w-(--thread-content-max-width) flex-1 group\/turn-messages focus-visible:outline-hidden relative flex w-full min-w-0 flex-col agent-turn\" tabindex=\"-1\">\n<div class=\"flex max-w-full flex-col grow\">\n<div class=\"min-h-8 text-message relative flex w-full flex-col items-end gap-2 text-start break-words whitespace-normal [.text-message+&amp;]:mt-5\" dir=\"auto\" data-message-author-role=\"assistant\" data-message-id=\"5f2e51b3-f20e-438b-8196-6d76021c77fc\" data-message-model-slug=\"gpt-5\">\n<div class=\"flex w-full flex-col gap-1 empty:hidden first:pt-[3px]\">\n<div class=\"markdown prose dark:prose-invert w-full break-words dark markdown-new-styling\">\n<p data-start=\"3463\" data-end=\"3598\">\u00dcberlebe den Garten als winziger Held in <em data-start=\"3527\" data-end=\"3537\">Grounded<\/em> \u2014 baue, fertige und entdecke die Geheimnisse deiner Schrumpfung.<\/p>\n<\/div>\n<\/div>\n<\/div>\n<\/div>\n<\/div>\n<\/div>\n<\/article>\n<\/div>\n<\/div>\n<\/div>\n<\/div>\n<\/div>\n<\/div>\n<\/article>\n<p><img decoding=\"async\" class=\"alignnone wp-image-3526\" src=\"https:\/\/orkza.com\/wp-content\/uploads\/2024\/10\/Steam-Account-Notice-min-300x300.png\" alt=\"\" width=\"41\" height=\"41\" srcset=\"https:\/\/orkza.com\/wp-content\/uploads\/2024\/10\/Steam-Account-Notice-min-300x300.png 300w, https:\/\/orkza.com\/wp-content\/uploads\/2024\/10\/Steam-Account-Notice-min-scaled-430x430.png 430w, https:\/\/orkza.com\/wp-content\/uploads\/2024\/10\/Steam-Account-Notice-min-150x150.png 150w, https:\/\/orkza.com\/wp-content\/uploads\/2024\/10\/Steam-Account-Notice-min-scaled-700x700.png 700w, https:\/\/orkza.com\/wp-content\/uploads\/2024\/10\/Steam-Account-Notice-min-800x800.png 800w, https:\/\/orkza.com\/wp-content\/uploads\/2024\/10\/Steam-Account-Notice-min-768x768.png 768w, https:\/\/orkza.com\/wp-content\/uploads\/2024\/10\/Steam-Account-Notice-min-1536x1536.png 1536w, https:\/\/orkza.com\/wp-content\/uploads\/2024\/10\/Steam-Account-Notice-min-2048x2048.png 2048w\" sizes=\"(max-width: 41px) 100vw, 41px\" \/><strong>Hinweis: Accountdaten k\u00f6nnen nicht ge\u00e4ndert werden. Dies ist ein Steam-Account mit lebenslangem Zugriff nur f\u00fcr Offline-Spiel <\/strong><\/p>\n","protected":false},"featured_media":16826,"comment_status":"open","ping_status":"closed","template":"","meta":[],"product_brand":[],"product_cat":[217],"product_tag":[249],"class_list":{"0":"post-16825","1":"product","2":"type-product","3":"status-publish","4":"has-post-thumbnail","6":"product_cat-abenteuer","7":"product_tag-steam","9":"first","10":"instock","11":"sale","12":"virtual","13":"purchasable","14":"product-type-simple"},"_links":{"self":[{"href":"https:\/\/orkza.com\/de\/wp-json\/wp\/v2\/product\/16825","targetHints":{"allow":["GET"]}}],"collection":[{"href":"https:\/\/orkza.com\/de\/wp-json\/wp\/v2\/product"}],"about":[{"href":"https:\/\/orkza.com\/de\/wp-json\/wp\/v2\/types\/product"}],"replies":[{"embeddable":true,"href":"https:\/\/orkza.com\/de\/wp-json\/wp\/v2\/comments?post=16825"}],"version-history":[{"count":0,"href":"https:\/\/orkza.com\/de\/wp-json\/wp\/v2\/product\/16825\/revisions"}],"wp:featuredmedia":[{"embeddable":true,"href":"https:\/\/orkza.com\/de\/wp-json\/wp\/v2\/media\/16826"}],"wp:attachment":[{"href":"https:\/\/orkza.com\/de\/wp-json\/wp\/v2\/media?parent=16825"}],"wp:term":[{"taxonomy":"product_brand","embeddable":true,"href":"https:\/\/orkza.com\/de\/wp-json\/wp\/v2\/product_brand?post=16825"},{"taxonomy":"product_cat","embeddable":true,"href":"https:\/\/orkza.com\/de\/wp-json\/wp\/v2\/product_cat?post=16825"},{"taxonomy":"product_tag","embeddable":true,"href":"https:\/\/orkza.com\/de\/wp-json\/wp\/v2\/product_tag?post=16825"}],"curies":[{"name":"wp","href":"https:\/\/api.w.org\/{rel}","templated":true}]}}