{"id":16823,"date":"2025-11-07T05:37:08","date_gmt":"2025-11-07T05:37:08","guid":{"rendered":"https:\/\/orkza.com\/product\/five-nights-at-freddys-security-breach-steam-account\/"},"modified":"2026-02-26T05:34:40","modified_gmt":"2026-02-26T05:34:40","slug":"five-nights-at-freddys-security-breach-steam-account","status":"publish","type":"product","link":"https:\/\/orkza.com\/de\/produkt\/five-nights-at-freddys-security-breach-steam-account\/","title":{"rendered":"Five Nights at Freddy&#8217;s Security Breach Steam-Account"},"content":{"rendered":"<h2 data-start=\"3605\" data-end=\"4044\"><strong data-start=\"3605\" data-end=\"3649\">Five Nights at Freddy\u2019s: Security Breach<\/strong><\/h2>\n<p data-start=\"3605\" data-end=\"4044\"><br data-start=\"3649\" data-end=\"3652\">Betreten Sie die furchteinfl\u00f6\u00dfenden Hallen von <em data-start=\"3682\" data-end=\"3809\"><a class=\"decorated-link\" href=\"https:\/\/store.steampowered.com\/app\/747660\/Five_Nights_at_Freddys_Security_Breach\/\" target=\"_new\" rel=\"noopener\" data-start=\"3683\" data-end=\"3808\">Five Nights at Freddy\u2019s: Security Breach<\/a><\/em> \u2013 dem ehrgeizigsten Teil der legend\u00e4ren Horror-Franchise. Sie spielen Gregory, einen Jungen, der \u00fcber Nacht im Freddy Fazbear\u2019s Mega Pizzaplex gefangen ist, einem riesigen und unheimlichen Unterhaltungskomplex voller animatronischer Raubtiere. <\/p>\n<p data-start=\"4046\" data-end=\"4426\">Im Gegensatz zu fr\u00fcheren Titeln bietet <em data-start=\"4070\" data-end=\"4087\">Security Breach<\/em> volle 3D-Erkundung und Echtzeit-\u00dcberlebenskampf. Verstecken Sie sich, rennen Sie und \u00fcberlisten Sie furchterregende Animatronics wie Glamrock Chica, Montgomery Gator und Roxanne Wolf, die Sie unerbittlich durch Spielhallen, Restaurants und schwach beleuchtete Flure jagen. Freddy Fazbear selbst wird zu Ihrem unerwarteten Verb\u00fcndeten und hilft Ihnen, vor Sonnenaufgang aus der Anlage zu entkommen.  <\/p>\n<p data-start=\"4428\" data-end=\"4778\">Das fortschrittliche KI-System des Spiels sorgt daf\u00fcr, dass sich jede Begegnung dynamisch und unvorhersehbar anf\u00fchlt. Entdecken Sie mehrere Enden, geheime Bereiche und lore-reiche Sammlerst\u00fccke, die das schaurige FNaF-Universum erweitern. Mit atemberaubender Grafik, immersivem Sounddesign und rasantem Gameplay definiert <em data-start=\"4694\" data-end=\"4711\">Security Breach<\/em> das Franchise mit einem neuen Ma\u00df an Spannung und Freiheit neu.  <\/p>\n<p data-start=\"4780\" data-end=\"4825\"><strong data-start=\"4780\" data-end=\"4808\">Systemanforderungen (PC)<\/strong><br data-start=\"4808\" data-end=\"4811\"><strong data-start=\"4811\" data-end=\"4823\">Minimum:<\/strong><\/p>\n<ul data-start=\"4826\" data-end=\"5016\">\n<li data-start=\"4826\" data-end=\"4853\">\n<p data-start=\"4828\" data-end=\"4853\">Betriebssystem: Windows 10 (64-Bit)<\/p>\n<\/li>\n<li data-start=\"4854\" data-end=\"4907\">\n<p data-start=\"4856\" data-end=\"4907\">Prozessor: AMD Ryzen 5 3600 \/ Intel Core i5-6600K<\/p>\n<\/li>\n<li data-start=\"4908\" data-end=\"4928\">\n<p data-start=\"4910\" data-end=\"4928\">Arbeitsspeicher: 8 GB RAM<\/p>\n<\/li>\n<li data-start=\"4929\" data-end=\"4981\">\n<p data-start=\"4931\" data-end=\"4981\">Grafik: NVIDIA GTX 1050 Ti \/ AMD Radeon RX 560<\/p>\n<\/li>\n<li data-start=\"4982\" data-end=\"5016\">\n<p data-start=\"4984\" data-end=\"5016\">Speicherplatz: 80 GB verf\u00fcgbarer Speicher<\/p>\n<\/li>\n<\/ul>\n<p data-start=\"5018\" data-end=\"5036\"><strong data-start=\"5018\" data-end=\"5034\">Empfohlen:<\/strong><\/p>\n<ul data-start=\"5037\" data-end=\"5228\">\n<li data-start=\"5037\" data-end=\"5069\">\n<p data-start=\"5039\" data-end=\"5069\">Betriebssystem: Windows 10 \/ 11 (64-Bit)<\/p>\n<\/li>\n<li data-start=\"5070\" data-end=\"5124\">\n<p data-start=\"5072\" data-end=\"5124\">Prozessor: Intel Core i7-8700K \/ AMD Ryzen 7 3700X<\/p>\n<\/li>\n<li data-start=\"5125\" data-end=\"5146\">\n<p data-start=\"5127\" data-end=\"5146\">Arbeitsspeicher: 16 GB RAM<\/p>\n<\/li>\n<li data-start=\"5147\" data-end=\"5193\">\n<p data-start=\"5149\" data-end=\"5193\">Grafik: NVIDIA GTX 1070 \/ AMD RX Vega 56<\/p>\n<\/li>\n<li data-start=\"5194\" data-end=\"5228\">\n<p data-start=\"5196\" data-end=\"5228\">Speicherplatz: 80 GB verf\u00fcgbarer Speicher<\/p>\n<\/li>\n<\/ul>\n<h3>So nutzen Sie Ihren Five Nights at Freddy&#8217;s Security Breach Steam-Account<\/h3>\n<p><img decoding=\"async\" class=\"alignnone wp-image-3511\" src=\"https:\/\/orkza.com\/wp-content\/uploads\/2024\/10\/STEAM-ACTIVATION-GUIDE-400x225.jpg\" alt=\"\" width=\"804\" height=\"453\" title=\"\" srcset=\"https:\/\/orkza.com\/wp-content\/uploads\/2024\/10\/STEAM-ACTIVATION-GUIDE-400x225.jpg 400w, https:\/\/orkza.com\/wp-content\/uploads\/2024\/10\/STEAM-ACTIVATION-GUIDE-430x242.jpg 430w, https:\/\/orkza.com\/wp-content\/uploads\/2024\/10\/STEAM-ACTIVATION-GUIDE-150x84.jpg 150w, https:\/\/orkza.com\/wp-content\/uploads\/2024\/10\/STEAM-ACTIVATION-GUIDE-700x394.jpg 700w, https:\/\/orkza.com\/wp-content\/uploads\/2024\/10\/STEAM-ACTIVATION-GUIDE-768x432.jpg 768w, https:\/\/orkza.com\/wp-content\/uploads\/2024\/10\/STEAM-ACTIVATION-GUIDE.jpg 1280w\" sizes=\"(max-width: 804px) 100vw, 804px\" \/><\/p>\n<p>Melde dich nach dem Kauf auf deinem PC mit dem bereitgestellten Steam-Konto an. Sobald du angemeldet bist, navigiere zu deiner Bibliothek, installiere das Spiel und klicke auf den Play-Button.  Beenden Sie nach ein paar Minuten das Spiel und schalten Sie Steam in den Offline-Modus \u2013 schon sind Sie bereit f\u00fcr stundenlangen Spielspa\u00df!<\/p>\n<p>F\u00fcr einen umfassenden Einrichtungsprozess lesen Sie bitte unseren <a href=\"https:\/\/orkza.com\/de\/steam-account-activation-guide\/\" target=\"_blank\" rel=\"noopener\">Steam-Account-Aktivierungsleitfaden<\/a><\/p>\n<p>Entdecken Sie unsere neuesten <a href=\"https:\/\/orkza.com\/de\/produkt-kategorie\/pc-spiele\/\" target=\"_blank\" rel=\"noopener\">PC-SPIELE<\/a><\/p>\n","protected":false},"excerpt":{"rendered":"<article class=\"text-token-text-primary w-full focus:outline-none scroll-mt-[calc(var(--header-height)+min(200px,max(70px,20svh)))]\" dir=\"auto\" tabindex=\"-1\" data-turn-id=\"825f8558-9f2b-458c-ad9a-5b51e35369c8\" data-testid=\"conversation-turn-286\" data-scroll-anchor=\"true\" data-turn=\"assistant\">\n<div class=\"text-base my-auto mx-auto pb-10 [--thread-content-margin:--spacing(4)] thread-sm:[--thread-content-margin:--spacing(6)] thread-lg:[--thread-content-margin:--spacing(16)] px-(--thread-content-margin)\">\n<div class=\"[--thread-content-max-width:40rem] thread-lg:[--thread-content-max-width:48rem] mx-auto max-w-(--thread-content-max-width) flex-1 group\/turn-messages focus-visible:outline-hidden relative flex w-full min-w-0 flex-col agent-turn\" tabindex=\"-1\">\n<div class=\"flex max-w-full flex-col grow\">\n<div class=\"min-h-8 text-message relative flex w-full flex-col items-end gap-2 text-start break-words whitespace-normal [.text-message+&amp;]:mt-5\" dir=\"auto\" data-message-author-role=\"assistant\" data-message-id=\"2928a0af-c8b9-4771-8af5-a56ec1451607\" data-message-model-slug=\"gpt-5\">\n<div class=\"flex w-full flex-col gap-1 empty:hidden first:pt-[3px]\">\n<div class=\"markdown prose dark:prose-invert w-full break-words dark markdown-new-styling\">\n<article class=\"text-token-text-primary w-full focus:outline-none scroll-mt-[calc(var(--header-height)+min(200px,max(70px,20svh)))]\" dir=\"auto\" tabindex=\"-1\" data-turn-id=\"4853738f-41d9-4361-acbd-da104adcb5f6\" data-testid=\"conversation-turn-288\" data-scroll-anchor=\"true\" data-turn=\"assistant\">\n<div class=\"text-base my-auto mx-auto pb-10 [--thread-content-margin:--spacing(4)] thread-sm:[--thread-content-margin:--spacing(6)] thread-lg:[--thread-content-margin:--spacing(16)] px-(--thread-content-margin)\">\n<div class=\"[--thread-content-max-width:40rem] thread-lg:[--thread-content-max-width:48rem] mx-auto max-w-(--thread-content-max-width) flex-1 group\/turn-messages focus-visible:outline-hidden relative flex w-full min-w-0 flex-col agent-turn\" tabindex=\"-1\">\n<div class=\"flex max-w-full flex-col grow\">\n<div class=\"min-h-8 text-message relative flex w-full flex-col items-end gap-2 text-start break-words whitespace-normal [.text-message+&amp;]:mt-5\" dir=\"auto\" data-message-author-role=\"assistant\" data-message-id=\"5f2e51b3-f20e-438b-8196-6d76021c77fc\" data-message-model-slug=\"gpt-5\">\n<div class=\"flex w-full flex-col gap-1 empty:hidden first:pt-[3px]\">\n<div class=\"markdown prose dark:prose-invert w-full break-words dark markdown-new-styling\">\n<article class=\"text-token-text-primary w-full focus:outline-none [--shadow-height:45px] has-data-writing-block:pointer-events-none has-data-writing-block:-mt-(--shadow-height) has-data-writing-block:pt-(--shadow-height) [&amp;:has([data-writing-block])&gt;*]:pointer-events-auto [content-visibility:auto] supports-[content-visibility:auto]:[contain-intrinsic-size:auto_100lvh] scroll-mt-[calc(var(--header-height)+min(200px,max(70px,20svh)))]\" dir=\"auto\" tabindex=\"-1\" data-turn-id=\"5979b78a-2164-44e1-8359-8e00e77bf8a0\" data-testid=\"conversation-turn-316\" data-scroll-anchor=\"false\" data-turn=\"assistant\">\n<div class=\"text-base my-auto mx-auto [--thread-content-margin:--spacing(4)] thread-sm:[--thread-content-margin:--spacing(6)] thread-lg:[--thread-content-margin:--spacing(16)] px-(--thread-content-margin)\">\n<div class=\"[--thread-content-max-width:40rem] thread-lg:[--thread-content-max-width:48rem] mx-auto max-w-(--thread-content-max-width) flex-1 group\/turn-messages focus-visible:outline-hidden relative flex w-full min-w-0 flex-col agent-turn\" tabindex=\"-1\">\n<div class=\"flex max-w-full flex-col grow\">\n<div class=\"min-h-8 text-message relative flex w-full flex-col items-end gap-2 text-start break-words whitespace-normal [.text-message+&amp;]:mt-1\" dir=\"auto\" data-message-author-role=\"assistant\" data-message-id=\"5979b78a-2164-44e1-8359-8e00e77bf8a0\" data-message-model-slug=\"gpt-5\">\n<div class=\"flex w-full flex-col gap-1 empty:hidden first:pt-[1px]\">\n<div class=\"markdown prose dark:prose-invert w-full break-words dark markdown-new-styling\">\n<p data-start=\"5230\" data-end=\"5370\" data-is-last-node=\"\" data-is-only-node=\"\">\u00dcberleben Sie die Nacht in <em data-start=\"5276\" data-end=\"5318\">Five Nights at Freddy\u2019s: Security Breach<\/em>, einem Free-Roam-Horror-Abenteuer voller Angst und Strategie.<\/p>\n<\/div>\n<\/div>\n<\/div>\n<\/div>\n<\/div>\n<\/div>\n<\/article>\n<\/div>\n<\/div>\n<\/div>\n<\/div>\n<\/div>\n<\/div>\n<\/article>\n<\/div>\n<\/div>\n<\/div>\n<\/div>\n<\/div>\n<\/div>\n<\/article>\n<p><img decoding=\"async\" class=\"alignnone wp-image-3526\" src=\"https:\/\/orkza.com\/wp-content\/uploads\/2024\/10\/Steam-Account-Notice-min-300x300.png\" alt=\"\" width=\"41\" height=\"41\" srcset=\"https:\/\/orkza.com\/wp-content\/uploads\/2024\/10\/Steam-Account-Notice-min-300x300.png 300w, https:\/\/orkza.com\/wp-content\/uploads\/2024\/10\/Steam-Account-Notice-min-scaled-430x430.png 430w, https:\/\/orkza.com\/wp-content\/uploads\/2024\/10\/Steam-Account-Notice-min-150x150.png 150w, https:\/\/orkza.com\/wp-content\/uploads\/2024\/10\/Steam-Account-Notice-min-scaled-700x700.png 700w, https:\/\/orkza.com\/wp-content\/uploads\/2024\/10\/Steam-Account-Notice-min-800x800.png 800w, https:\/\/orkza.com\/wp-content\/uploads\/2024\/10\/Steam-Account-Notice-min-768x768.png 768w, https:\/\/orkza.com\/wp-content\/uploads\/2024\/10\/Steam-Account-Notice-min-1536x1536.png 1536w, https:\/\/orkza.com\/wp-content\/uploads\/2024\/10\/Steam-Account-Notice-min-2048x2048.png 2048w\" sizes=\"(max-width: 41px) 100vw, 41px\" \/><strong>Hinweis: Kontodaten k\u00f6nnen nicht ge\u00e4ndert werden. Dies ist ein Steam-Konto mit lebenslangem Zugriff, nur f\u00fcr Offline-Spiele. <\/strong><\/p>\n","protected":false},"featured_media":16824,"comment_status":"open","ping_status":"closed","template":"","meta":[],"product_brand":[],"product_cat":[216],"product_tag":[249],"class_list":{"0":"post-16823","1":"product","2":"type-product","3":"status-publish","4":"has-post-thumbnail","6":"product_cat-action","7":"product_tag-steam","9":"first","10":"instock","11":"sale","12":"virtual","13":"purchasable","14":"product-type-simple"},"_links":{"self":[{"href":"https:\/\/orkza.com\/de\/wp-json\/wp\/v2\/product\/16823","targetHints":{"allow":["GET"]}}],"collection":[{"href":"https:\/\/orkza.com\/de\/wp-json\/wp\/v2\/product"}],"about":[{"href":"https:\/\/orkza.com\/de\/wp-json\/wp\/v2\/types\/product"}],"replies":[{"embeddable":true,"href":"https:\/\/orkza.com\/de\/wp-json\/wp\/v2\/comments?post=16823"}],"version-history":[{"count":0,"href":"https:\/\/orkza.com\/de\/wp-json\/wp\/v2\/product\/16823\/revisions"}],"wp:featuredmedia":[{"embeddable":true,"href":"https:\/\/orkza.com\/de\/wp-json\/wp\/v2\/media\/16824"}],"wp:attachment":[{"href":"https:\/\/orkza.com\/de\/wp-json\/wp\/v2\/media?parent=16823"}],"wp:term":[{"taxonomy":"product_brand","embeddable":true,"href":"https:\/\/orkza.com\/de\/wp-json\/wp\/v2\/product_brand?post=16823"},{"taxonomy":"product_cat","embeddable":true,"href":"https:\/\/orkza.com\/de\/wp-json\/wp\/v2\/product_cat?post=16823"},{"taxonomy":"product_tag","embeddable":true,"href":"https:\/\/orkza.com\/de\/wp-json\/wp\/v2\/product_tag?post=16823"}],"curies":[{"name":"wp","href":"https:\/\/api.w.org\/{rel}","templated":true}]}}