{"id":16819,"date":"2025-11-07T05:37:13","date_gmt":"2025-11-07T05:37:13","guid":{"rendered":"https:\/\/orkza.com\/product\/terra-invicta-steam-account\/"},"modified":"2026-02-26T05:34:18","modified_gmt":"2026-02-26T05:34:18","slug":"terra-invicta-steam-account","status":"publish","type":"product","link":"https:\/\/orkza.com\/de\/produkt\/terra-invicta-steam-account\/","title":{"rendered":"Terra Invicta Steam-Account"},"content":{"rendered":"<h2 data-start=\"0\" data-end=\"430\"><strong data-start=\"0\" data-end=\"17\">Terra Invicta<\/strong><\/h2>\n<p data-start=\"0\" data-end=\"430\">Das Schicksal der Menschheit steht auf dem Spiel in <em data-start=\"65\" data-end=\"141\"><a class=\"decorated-link\" href=\"https:\/\/store.steampowered.com\/app\/1176470\/Terra_Invicta\/\" target=\"_new\" rel=\"noopener\" data-start=\"66\" data-end=\"140\">Terra Invicta<\/a><\/em> \u2013 einem Grand-Strategy-Spiel von den Machern der gefeierten XCOM-Mod <em data-start=\"211\" data-end=\"221\">Long War<\/em>. Eine au\u00dferirdische Macht ist in unserem Sonnensystem eingetroffen und entfacht einen globalen Konflikt \u00fcber die Reaktion der Menschheit. F\u00fchren Sie eine von sieben Fraktionen an, die um die Kontrolle k\u00e4mpfen \u2013 von friedlicher Kooperation bis hin zum totalen Krieg um die Zukunft der Erde.  <\/p>\n<p data-start=\"432\" data-end=\"767\">In <em data-start=\"435\" data-end=\"450\">Terra Invicta<\/em> trifft Geopolitik auf Weltraumstrategie in gewaltigem Ausma\u00df. Sie verwalten globale Ressourcen, schlie\u00dfen Allianzen und navigieren durch komplexe politische Systeme, w\u00e4hrend Sie in den Weltraum expandieren. Bauen Sie Orbitalstationen, bauen Sie Asteroiden ab und kolonisieren Sie Planeten \u2013 jede Ihrer Entscheidungen wird das Machtgleichgewicht zwischen der Erde und den Sternen beeinflussen.  <\/p>\n<p data-start=\"769\" data-end=\"1130\">Die tiefgreifende Simulation des Spiels l\u00e4sst Sie sowohl die terrestrische als auch die interplanetare Front kontrollieren. Von der Manipulation der globalen Meinung bis hin zu taktischen Echtzeitschlachten fordert <em data-start=\"937\" data-end=\"952\">Terra Invicta<\/em> Ihre F\u00e4higkeit heraus, strategisch in mehreren Dimensionen zu denken. W\u00e4hlen Sie Diplomatie oder Dominanz, Wissenschaft oder Sabotage \u2013 das Schicksal der Menschheit h\u00e4ngt von Ihrer F\u00fchrung ab.  <\/p>\n<p data-start=\"1132\" data-end=\"1177\"><strong data-start=\"1132\" data-end=\"1160\">Systemanforderungen (PC)<\/strong><br data-start=\"1160\" data-end=\"1163\"><strong data-start=\"1163\" data-end=\"1175\">Minimum:<\/strong><\/p>\n<ul data-start=\"1178\" data-end=\"1346\">\n<li data-start=\"1178\" data-end=\"1205\">\n<p data-start=\"1180\" data-end=\"1205\">Betriebssystem: Windows 10 (64-Bit)<\/p>\n<\/li>\n<li data-start=\"1206\" data-end=\"1248\">\n<p data-start=\"1208\" data-end=\"1248\">Prozessor: Intel Core i3 \/ AMD Ryzen 3<\/p>\n<\/li>\n<li data-start=\"1249\" data-end=\"1269\">\n<p data-start=\"1251\" data-end=\"1269\">Arbeitsspeicher: 8 GB RAM<\/p>\n<\/li>\n<li data-start=\"1270\" data-end=\"1311\">\n<p data-start=\"1272\" data-end=\"1311\">Grafik: NVIDIA GTX 970 \/ AMD RX 570<\/p>\n<\/li>\n<li data-start=\"1312\" data-end=\"1346\">\n<p data-start=\"1314\" data-end=\"1346\">Speicherplatz: 30 GB verf\u00fcgbarer Speicherplatz<\/p>\n<\/li>\n<\/ul>\n<p data-start=\"1348\" data-end=\"1366\"><strong data-start=\"1348\" data-end=\"1364\">Empfohlen:<\/strong><\/p>\n<ul data-start=\"1367\" data-end=\"1543\">\n<li data-start=\"1367\" data-end=\"1399\">\n<p data-start=\"1369\" data-end=\"1399\">Betriebssystem: Windows 10 \/ 11 (64-Bit)<\/p>\n<\/li>\n<li data-start=\"1400\" data-end=\"1442\">\n<p data-start=\"1402\" data-end=\"1442\">Prozessor: Intel Core i7 \/ AMD Ryzen 7<\/p>\n<\/li>\n<li data-start=\"1443\" data-end=\"1464\">\n<p data-start=\"1445\" data-end=\"1464\">Arbeitsspeicher: 16 GB RAM<\/p>\n<\/li>\n<li data-start=\"1465\" data-end=\"1508\">\n<p data-start=\"1467\" data-end=\"1508\">Grafik: NVIDIA GTX 1070 \/ AMD RX 6600<\/p>\n<\/li>\n<li data-start=\"1509\" data-end=\"1543\">\n<p data-start=\"1511\" data-end=\"1543\">Speicherplatz: 30 GB verf\u00fcgbarer Speicherplatz<\/p>\n<\/li>\n<\/ul>\n<h3>So nutzen Sie Ihren Terra Invicta Steam-Account<\/h3>\n<p><img decoding=\"async\" class=\"alignnone wp-image-3511\" src=\"https:\/\/orkza.com\/wp-content\/uploads\/2024\/10\/STEAM-ACTIVATION-GUIDE-400x225.jpg\" alt=\"\" width=\"804\" height=\"453\" title=\"\" srcset=\"https:\/\/orkza.com\/wp-content\/uploads\/2024\/10\/STEAM-ACTIVATION-GUIDE-400x225.jpg 400w, https:\/\/orkza.com\/wp-content\/uploads\/2024\/10\/STEAM-ACTIVATION-GUIDE-430x242.jpg 430w, https:\/\/orkza.com\/wp-content\/uploads\/2024\/10\/STEAM-ACTIVATION-GUIDE-150x84.jpg 150w, https:\/\/orkza.com\/wp-content\/uploads\/2024\/10\/STEAM-ACTIVATION-GUIDE-700x394.jpg 700w, https:\/\/orkza.com\/wp-content\/uploads\/2024\/10\/STEAM-ACTIVATION-GUIDE-768x432.jpg 768w, https:\/\/orkza.com\/wp-content\/uploads\/2024\/10\/STEAM-ACTIVATION-GUIDE.jpg 1280w\" sizes=\"(max-width: 804px) 100vw, 804px\" \/><\/p>\n<p>Loggen Sie sich nach dem Kauf auf Ihrem PC in den bereitgestellten Steam-Account ein. Navigieren Sie nach der Anmeldung zu Ihrer Bibliothek, installieren Sie das Spiel und klicken Sie auf die Schaltfl\u00e4che \u201eSpielen\u201c.  Beenden Sie das Spiel nach einigen Minuten und schalten Sie Steam in den Offline-Modus. Schon sind Sie bereit f\u00fcr stundenlangen Spielspa\u00df!<\/p>\n<p>Einen umfassenden Einrichtungsprozess finden Sie in unserem <a href=\"https:\/\/orkza.com\/de\/steam-account-activation-guide\/\" target=\"_blank\" rel=\"noopener\">Leitfaden zur Aktivierung von Steam-Accounts<\/a><\/p>\n<p>Entdecken Sie unsere neuesten <a href=\"https:\/\/orkza.com\/de\/produkt-kategorie\/pc-spiele\/\" target=\"_blank\" rel=\"noopener\">PC-SPIELE<\/a><\/p>\n","protected":false},"excerpt":{"rendered":"<article class=\"text-token-text-primary w-full focus:outline-none scroll-mt-[calc(var(--header-height)+min(200px,max(70px,20svh)))]\" dir=\"auto\" tabindex=\"-1\" data-turn-id=\"825f8558-9f2b-458c-ad9a-5b51e35369c8\" data-testid=\"conversation-turn-286\" data-scroll-anchor=\"true\" data-turn=\"assistant\">\n<div class=\"text-base my-auto mx-auto pb-10 [--thread-content-margin:--spacing(4)] thread-sm:[--thread-content-margin:--spacing(6)] thread-lg:[--thread-content-margin:--spacing(16)] px-(--thread-content-margin)\">\n<div class=\"[--thread-content-max-width:40rem] thread-lg:[--thread-content-max-width:48rem] mx-auto max-w-(--thread-content-max-width) flex-1 group\/turn-messages focus-visible:outline-hidden relative flex w-full min-w-0 flex-col agent-turn\" tabindex=\"-1\">\n<div class=\"flex max-w-full flex-col grow\">\n<div class=\"min-h-8 text-message relative flex w-full flex-col items-end gap-2 text-start break-words whitespace-normal [.text-message+&amp;]:mt-5\" dir=\"auto\" data-message-author-role=\"assistant\" data-message-id=\"2928a0af-c8b9-4771-8af5-a56ec1451607\" data-message-model-slug=\"gpt-5\">\n<div class=\"flex w-full flex-col gap-1 empty:hidden first:pt-[3px]\">\n<div class=\"markdown prose dark:prose-invert w-full break-words dark markdown-new-styling\">\n<article class=\"text-token-text-primary w-full focus:outline-none scroll-mt-[calc(var(--header-height)+min(200px,max(70px,20svh)))]\" dir=\"auto\" tabindex=\"-1\" data-turn-id=\"4853738f-41d9-4361-acbd-da104adcb5f6\" data-testid=\"conversation-turn-288\" data-scroll-anchor=\"true\" data-turn=\"assistant\">\n<div class=\"text-base my-auto mx-auto pb-10 [--thread-content-margin:--spacing(4)] thread-sm:[--thread-content-margin:--spacing(6)] thread-lg:[--thread-content-margin:--spacing(16)] px-(--thread-content-margin)\">\n<div class=\"[--thread-content-max-width:40rem] thread-lg:[--thread-content-max-width:48rem] mx-auto max-w-(--thread-content-max-width) flex-1 group\/turn-messages focus-visible:outline-hidden relative flex w-full min-w-0 flex-col agent-turn\" tabindex=\"-1\">\n<div class=\"flex max-w-full flex-col grow\">\n<div class=\"min-h-8 text-message relative flex w-full flex-col items-end gap-2 text-start break-words whitespace-normal [.text-message+&amp;]:mt-5\" dir=\"auto\" data-message-author-role=\"assistant\" data-message-id=\"5f2e51b3-f20e-438b-8196-6d76021c77fc\" data-message-model-slug=\"gpt-5\">\n<div class=\"flex w-full flex-col gap-1 empty:hidden first:pt-[3px]\">\n<div class=\"markdown prose dark:prose-invert w-full break-words dark markdown-new-styling\">\n<p data-start=\"1545\" data-end=\"1702\">F\u00fchren Sie die Fraktionen der Menschheit in <em data-start=\"1598\" data-end=\"1613\">Terra Invicta<\/em> an, einem Grand-Strategy-Spiel um Politik, Macht und das \u00dcberleben angesichts einer Alien-Invasion.<\/p>\n<\/div>\n<\/div>\n<\/div>\n<\/div>\n<\/div>\n<\/div>\n<\/article>\n<\/div>\n<\/div>\n<\/div>\n<\/div>\n<\/div>\n<\/div>\n<\/article>\n<p><img decoding=\"async\" class=\"alignnone wp-image-3526\" src=\"https:\/\/orkza.com\/wp-content\/uploads\/2024\/10\/Steam-Account-Notice-min-300x300.png\" alt=\"\" width=\"41\" height=\"41\" srcset=\"https:\/\/orkza.com\/wp-content\/uploads\/2024\/10\/Steam-Account-Notice-min-300x300.png 300w, https:\/\/orkza.com\/wp-content\/uploads\/2024\/10\/Steam-Account-Notice-min-scaled-430x430.png 430w, https:\/\/orkza.com\/wp-content\/uploads\/2024\/10\/Steam-Account-Notice-min-150x150.png 150w, https:\/\/orkza.com\/wp-content\/uploads\/2024\/10\/Steam-Account-Notice-min-scaled-700x700.png 700w, https:\/\/orkza.com\/wp-content\/uploads\/2024\/10\/Steam-Account-Notice-min-800x800.png 800w, https:\/\/orkza.com\/wp-content\/uploads\/2024\/10\/Steam-Account-Notice-min-768x768.png 768w, https:\/\/orkza.com\/wp-content\/uploads\/2024\/10\/Steam-Account-Notice-min-1536x1536.png 1536w, https:\/\/orkza.com\/wp-content\/uploads\/2024\/10\/Steam-Account-Notice-min-2048x2048.png 2048w\" sizes=\"(max-width: 41px) 100vw, 41px\" \/><strong>Hinweis: Account-Daten k\u00f6nnen nicht ge\u00e4ndert werden. Dies ist ein Steam-Account mit lebenslangem Zugriff, nur f\u00fcr den Offline-Modus <\/strong><\/p>\n","protected":false},"featured_media":16820,"comment_status":"open","ping_status":"closed","template":"","meta":[],"product_brand":[],"product_cat":[223],"product_tag":[249],"class_list":{"0":"post-16819","1":"product","2":"type-product","3":"status-publish","4":"has-post-thumbnail","6":"product_cat-strategiespiele","7":"product_tag-steam","9":"first","10":"instock","11":"sale","12":"virtual","13":"purchasable","14":"product-type-simple"},"_links":{"self":[{"href":"https:\/\/orkza.com\/de\/wp-json\/wp\/v2\/product\/16819","targetHints":{"allow":["GET"]}}],"collection":[{"href":"https:\/\/orkza.com\/de\/wp-json\/wp\/v2\/product"}],"about":[{"href":"https:\/\/orkza.com\/de\/wp-json\/wp\/v2\/types\/product"}],"replies":[{"embeddable":true,"href":"https:\/\/orkza.com\/de\/wp-json\/wp\/v2\/comments?post=16819"}],"version-history":[{"count":0,"href":"https:\/\/orkza.com\/de\/wp-json\/wp\/v2\/product\/16819\/revisions"}],"wp:featuredmedia":[{"embeddable":true,"href":"https:\/\/orkza.com\/de\/wp-json\/wp\/v2\/media\/16820"}],"wp:attachment":[{"href":"https:\/\/orkza.com\/de\/wp-json\/wp\/v2\/media?parent=16819"}],"wp:term":[{"taxonomy":"product_brand","embeddable":true,"href":"https:\/\/orkza.com\/de\/wp-json\/wp\/v2\/product_brand?post=16819"},{"taxonomy":"product_cat","embeddable":true,"href":"https:\/\/orkza.com\/de\/wp-json\/wp\/v2\/product_cat?post=16819"},{"taxonomy":"product_tag","embeddable":true,"href":"https:\/\/orkza.com\/de\/wp-json\/wp\/v2\/product_tag?post=16819"}],"curies":[{"name":"wp","href":"https:\/\/api.w.org\/{rel}","templated":true}]}}