{"id":16801,"date":"2025-11-07T05:37:21","date_gmt":"2025-11-07T05:37:21","guid":{"rendered":"https:\/\/orkza.com\/product\/x-plane-12-steam-account\/"},"modified":"2026-02-26T05:33:06","modified_gmt":"2026-02-26T05:33:06","slug":"x-plane-12-steam-account","status":"publish","type":"product","link":"https:\/\/orkza.com\/de\/produkt\/x-plane-12-steam-account\/","title":{"rendered":"X-Plane 12 Steam-Konto"},"content":{"rendered":"<h2 data-start=\"0\" data-end=\"598\"><strong data-start=\"0\" data-end=\"14\">X-Plane 12<\/strong><\/h2>\n<p data-start=\"0\" data-end=\"598\">Erleben Sie die n\u00e4chste Generation der Flugsimulation mit <a class=\"decorated-link\" href=\"https:\/\/store.steampowered.com\/app\/2014780\/XPlane_12\/\" target=\"_new\" rel=\"noopener\" data-start=\"74\" data-end=\"141\">X-Plane 12<\/a>, dem fortschrittlichsten und realistischsten Flugsimulator von Laminar Research. Entwickelt f\u00fcr Luftfahrtbegeisterte und professionelle Piloten gleicherma\u00dfen, verschiebt X-Plane 12 die Grenzen des Realismus mit neuer Wetterphysik, dynamischen 3D-B\u00e4umen, fortschrittlichen Lichteffekten und einer aktualisierten Flotte ultra-detaillierter Flugzeuge. Egal, ob Sie ein Verkehrsflugzeug, einen Privatjet oder einen Hubschrauber steuern, jede Cockpit-Steuerung und aerodynamische Reaktion f\u00fchlt sich authentisch und immersiv an.  <\/p>\n<p data-start=\"600\" data-end=\"987\">Erkunden Sie eine ganze Welt, die aus realen Satellitendaten erstellt und mit detaillierten Flugh\u00e4fen und saisonalen \u00c4nderungen erweitert wurde, die Ihre Fl\u00fcge zum Leben erwecken. Das realistische ATC-System (Air Traffic Control) des Simulators und die Echtzeit-Wettersynchronisation stellen sicher, dass jede Reise der Realit\u00e4t so nahe wie m\u00f6glich kommt. Mit VR-Unterst\u00fctzung k\u00f6nnen Sie direkt in den Pilotensitz steigen und wahre Immersion erleben.  <\/p>\n<p data-start=\"989\" data-end=\"1206\">F\u00fcr Entwickler und Modder bietet X-Plane 12 weiterhin eine der flexibelsten Umgebungen in der Simulation \u2013 die Erstellung benutzerdefinierter Flugzeuge, Plugins und Szenerien erm\u00f6glicht, um Ihr Flugerlebnis noch weiter zu verbessern.<\/p>\n<h3 data-start=\"1208\" data-end=\"1250\">Systemanforderungen<\/h3>\n<p data-start=\"1251\" data-end=\"1265\"><strong data-start=\"1251\" data-end=\"1263\">Minimum:<\/strong><\/p>\n<ul data-start=\"1266\" data-end=\"1450\">\n<li data-start=\"1266\" data-end=\"1293\">\n<p data-start=\"1268\" data-end=\"1293\">Betriebssystem: Windows 10 (64-Bit)<\/p>\n<\/li>\n<li data-start=\"1294\" data-end=\"1342\">\n<p data-start=\"1296\" data-end=\"1342\">Prozessor: Intel Core i3, Ryzen 3 oder besser<\/p>\n<\/li>\n<li data-start=\"1343\" data-end=\"1363\">\n<p data-start=\"1345\" data-end=\"1363\">Arbeitsspeicher: 8 GB RAM<\/p>\n<\/li>\n<li data-start=\"1364\" data-end=\"1415\">\n<p data-start=\"1366\" data-end=\"1415\">Grafikkarte: DirectX 12-f\u00e4hige GPU mit 4 GB VRAM<\/p>\n<\/li>\n<li data-start=\"1416\" data-end=\"1450\">\n<p data-start=\"1418\" data-end=\"1450\">Speicherplatz: 80 GB verf\u00fcgbarer Speicherplatz<\/p>\n<\/li>\n<\/ul>\n<p data-start=\"1452\" data-end=\"1470\"><strong data-start=\"1452\" data-end=\"1468\">Empfohlen:<\/strong><\/p>\n<ul data-start=\"1471\" data-end=\"1661\">\n<li data-start=\"1471\" data-end=\"1498\">\n<p data-start=\"1473\" data-end=\"1498\">Betriebssystem: Windows 11 (64-Bit)<\/p>\n<\/li>\n<li data-start=\"1499\" data-end=\"1543\">\n<p data-start=\"1501\" data-end=\"1543\">Prozessor: Intel Core i5\/i7 oder Ryzen 5\/7<\/p>\n<\/li>\n<li data-start=\"1544\" data-end=\"1565\">\n<p data-start=\"1546\" data-end=\"1565\">Arbeitsspeicher: 16 GB RAM<\/p>\n<\/li>\n<li data-start=\"1566\" data-end=\"1631\">\n<p data-start=\"1568\" data-end=\"1631\">Grafikkarte: NVIDIA GTX 1070 \/ AMD RX 5700 oder h\u00f6her (8 GB VRAM)<\/p>\n<\/li>\n<li data-start=\"1632\" data-end=\"1661\">\n<p data-start=\"1634\" data-end=\"1661\">Speicherplatz: 100 GB SSD-Speicherplatz<\/p>\n<\/li>\n<\/ul>\n<p data-start=\"1663\" data-end=\"1815\">Heben Sie \u00fcberall auf der Welt ab und beherrschen Sie die L\u00fcfte mit un\u00fcbertroffenem Realismus \u2013 X-Plane 12 ist der Ort, an dem virtuelle Luftfahrt auf professionelle Simulation trifft.<\/p>\n<h3>So nutzen Sie Ihr X-Plane 12 Steam-Konto<\/h3>\n<p><img decoding=\"async\" class=\"alignnone wp-image-3511\" src=\"https:\/\/orkza.com\/wp-content\/uploads\/2024\/10\/STEAM-ACTIVATION-GUIDE-400x225.jpg\" alt=\"\" width=\"804\" height=\"453\" title=\"\" srcset=\"https:\/\/orkza.com\/wp-content\/uploads\/2024\/10\/STEAM-ACTIVATION-GUIDE-400x225.jpg 400w, https:\/\/orkza.com\/wp-content\/uploads\/2024\/10\/STEAM-ACTIVATION-GUIDE-430x242.jpg 430w, https:\/\/orkza.com\/wp-content\/uploads\/2024\/10\/STEAM-ACTIVATION-GUIDE-150x84.jpg 150w, https:\/\/orkza.com\/wp-content\/uploads\/2024\/10\/STEAM-ACTIVATION-GUIDE-700x394.jpg 700w, https:\/\/orkza.com\/wp-content\/uploads\/2024\/10\/STEAM-ACTIVATION-GUIDE-768x432.jpg 768w, https:\/\/orkza.com\/wp-content\/uploads\/2024\/10\/STEAM-ACTIVATION-GUIDE.jpg 1280w\" sizes=\"(max-width: 804px) 100vw, 804px\" \/><\/p>\n<p>Melden Sie sich nach dem Kauf auf Ihrem PC mit dem bereitgestellten Steam-Konto an. Sobald Sie angemeldet sind, navigieren Sie zu Ihrer Bibliothek, installieren Sie das Spiel und klicken Sie auf die Schaltfl\u00e4che \u201eSpielen\u201c.  Verlassen Sie das Spiel nach ein paar Minuten, wechseln Sie Steam in den Offline-Modus, und schon k\u00f6nnen Sie stundenlangen, spannenden Spielspa\u00df genie\u00dfen!<\/p>\n<p>Eine umfassende Einrichtungsanleitung finden Sie in unserem <a href=\"https:\/\/orkza.com\/de\/steam-account-activation-guide\/\" target=\"_blank\" rel=\"noopener\">Steam-Konto-Aktivierungsleitfaden<\/a><\/p>\n<p>Entdecken Sie unsere neuesten <a href=\"https:\/\/orkza.com\/de\/produkt-kategorie\/pc-spiele\/\" target=\"_blank\" rel=\"noopener\">PC-SPIELE<\/a><\/p>\n","protected":false},"excerpt":{"rendered":"<article class=\"text-token-text-primary w-full focus:outline-none scroll-mt-[calc(var(--header-height)+min(200px,max(70px,20svh)))]\" dir=\"auto\" tabindex=\"-1\" data-turn-id=\"825f8558-9f2b-458c-ad9a-5b51e35369c8\" data-testid=\"conversation-turn-286\" data-scroll-anchor=\"true\" data-turn=\"assistant\">\n<div class=\"text-base my-auto mx-auto pb-10 [--thread-content-margin:--spacing(4)] thread-sm:[--thread-content-margin:--spacing(6)] thread-lg:[--thread-content-margin:--spacing(16)] px-(--thread-content-margin)\">\n<div class=\"[--thread-content-max-width:40rem] thread-lg:[--thread-content-max-width:48rem] mx-auto max-w-(--thread-content-max-width) flex-1 group\/turn-messages focus-visible:outline-hidden relative flex w-full min-w-0 flex-col agent-turn\" tabindex=\"-1\">\n<div class=\"flex max-w-full flex-col grow\">\n<div class=\"min-h-8 text-message relative flex w-full flex-col items-end gap-2 text-start break-words whitespace-normal [.text-message+&amp;]:mt-5\" dir=\"auto\" data-message-author-role=\"assistant\" data-message-id=\"2928a0af-c8b9-4771-8af5-a56ec1451607\" data-message-model-slug=\"gpt-5\">\n<div class=\"flex w-full flex-col gap-1 empty:hidden first:pt-[3px]\">\n<div class=\"markdown prose dark:prose-invert w-full break-words dark markdown-new-styling\">\n<article class=\"text-token-text-primary w-full focus:outline-none scroll-mt-[calc(var(--header-height)+min(200px,max(70px,20svh)))]\" dir=\"auto\" tabindex=\"-1\" data-turn-id=\"4853738f-41d9-4361-acbd-da104adcb5f6\" data-testid=\"conversation-turn-288\" data-scroll-anchor=\"true\" data-turn=\"assistant\">\n<div class=\"text-base my-auto mx-auto pb-10 [--thread-content-margin:--spacing(4)] thread-sm:[--thread-content-margin:--spacing(6)] thread-lg:[--thread-content-margin:--spacing(16)] px-(--thread-content-margin)\">\n<div class=\"[--thread-content-max-width:40rem] thread-lg:[--thread-content-max-width:48rem] mx-auto max-w-(--thread-content-max-width) flex-1 group\/turn-messages focus-visible:outline-hidden relative flex w-full min-w-0 flex-col agent-turn\" tabindex=\"-1\">\n<div class=\"flex max-w-full flex-col grow\">\n<div class=\"min-h-8 text-message relative flex w-full flex-col items-end gap-2 text-start break-words whitespace-normal [.text-message+&amp;]:mt-5\" dir=\"auto\" data-message-author-role=\"assistant\" data-message-id=\"5f2e51b3-f20e-438b-8196-6d76021c77fc\" data-message-model-slug=\"gpt-5\">\n<div class=\"flex w-full flex-col gap-1 empty:hidden first:pt-[3px]\">\n<div class=\"markdown prose dark:prose-invert w-full break-words dark markdown-new-styling\">\n<p data-start=\"1817\" data-end=\"1983\">Beherrschen Sie die L\u00fcfte mit X-Plane 12 \u2013 dem Flugsimulator der n\u00e4chsten Generation mit realistischem Wetter, Flugzeugen und detaillierter Welt.<\/p>\n<\/div>\n<\/div>\n<\/div>\n<\/div>\n<\/div>\n<\/div>\n<\/article>\n<\/div>\n<\/div>\n<\/div>\n<\/div>\n<\/div>\n<\/div>\n<\/article>\n<p><img decoding=\"async\" class=\"alignnone wp-image-3526\" src=\"https:\/\/orkza.com\/wp-content\/uploads\/2024\/10\/Steam-Account-Notice-min-300x300.png\" alt=\"\" width=\"41\" height=\"41\" srcset=\"https:\/\/orkza.com\/wp-content\/uploads\/2024\/10\/Steam-Account-Notice-min-300x300.png 300w, https:\/\/orkza.com\/wp-content\/uploads\/2024\/10\/Steam-Account-Notice-min-scaled-430x430.png 430w, https:\/\/orkza.com\/wp-content\/uploads\/2024\/10\/Steam-Account-Notice-min-150x150.png 150w, https:\/\/orkza.com\/wp-content\/uploads\/2024\/10\/Steam-Account-Notice-min-scaled-700x700.png 700w, https:\/\/orkza.com\/wp-content\/uploads\/2024\/10\/Steam-Account-Notice-min-800x800.png 800w, https:\/\/orkza.com\/wp-content\/uploads\/2024\/10\/Steam-Account-Notice-min-768x768.png 768w, https:\/\/orkza.com\/wp-content\/uploads\/2024\/10\/Steam-Account-Notice-min-1536x1536.png 1536w, https:\/\/orkza.com\/wp-content\/uploads\/2024\/10\/Steam-Account-Notice-min-2048x2048.png 2048w\" sizes=\"(max-width: 41px) 100vw, 41px\" \/><strong>Hinweis: Kontodaten k\u00f6nnen nicht ge\u00e4ndert werden. Dies ist ein Steam-Konto mit lebenslangem Zugriff und nur Offline-Spielm\u00f6glichkeit. <\/strong><\/p>\n","protected":false},"featured_media":16802,"comment_status":"open","ping_status":"closed","template":"","meta":[],"product_brand":[],"product_cat":[224],"product_tag":[249],"class_list":{"0":"post-16801","1":"product","2":"type-product","3":"status-publish","4":"has-post-thumbnail","6":"product_cat-simulation","7":"product_tag-steam","9":"first","10":"instock","11":"sale","12":"virtual","13":"purchasable","14":"product-type-simple"},"_links":{"self":[{"href":"https:\/\/orkza.com\/de\/wp-json\/wp\/v2\/product\/16801","targetHints":{"allow":["GET"]}}],"collection":[{"href":"https:\/\/orkza.com\/de\/wp-json\/wp\/v2\/product"}],"about":[{"href":"https:\/\/orkza.com\/de\/wp-json\/wp\/v2\/types\/product"}],"replies":[{"embeddable":true,"href":"https:\/\/orkza.com\/de\/wp-json\/wp\/v2\/comments?post=16801"}],"version-history":[{"count":0,"href":"https:\/\/orkza.com\/de\/wp-json\/wp\/v2\/product\/16801\/revisions"}],"wp:featuredmedia":[{"embeddable":true,"href":"https:\/\/orkza.com\/de\/wp-json\/wp\/v2\/media\/16802"}],"wp:attachment":[{"href":"https:\/\/orkza.com\/de\/wp-json\/wp\/v2\/media?parent=16801"}],"wp:term":[{"taxonomy":"product_brand","embeddable":true,"href":"https:\/\/orkza.com\/de\/wp-json\/wp\/v2\/product_brand?post=16801"},{"taxonomy":"product_cat","embeddable":true,"href":"https:\/\/orkza.com\/de\/wp-json\/wp\/v2\/product_cat?post=16801"},{"taxonomy":"product_tag","embeddable":true,"href":"https:\/\/orkza.com\/de\/wp-json\/wp\/v2\/product_tag?post=16801"}],"curies":[{"name":"wp","href":"https:\/\/api.w.org\/{rel}","templated":true}]}}