{"id":16791,"date":"2025-11-07T05:37:30","date_gmt":"2025-11-07T05:37:30","guid":{"rendered":"https:\/\/orkza.com\/product\/fate-samurai-remnant-digital-deluxe-edition-steam-account\/"},"modified":"2026-02-26T05:32:06","modified_gmt":"2026-02-26T05:32:06","slug":"fate-samurai-remnant-digital-deluxe-edition-steam-account","status":"publish","type":"product","link":"https:\/\/orkza.com\/de\/produkt\/fate-samurai-remnant-digital-deluxe-edition-steam-account\/","title":{"rendered":"Fate Samurai Remnant Digital Deluxe Edition Steam-Konto"},"content":{"rendered":"<h2 data-start=\"2011\" data-end=\"2423\"><strong data-start=\"2011\" data-end=\"2035\">Fate\/Samurai Remnant<\/strong><\/h2>\n<p data-start=\"2011\" data-end=\"2423\">Tauchen Sie ein in eine epische Geschichte von Schwertern und Zauberei in <a class=\"decorated-link cursor-pointer\" href=\"https:\/\/store.steampowered.com\/app\/1902690\/FateSamurai_Remnant\/\" target=\"_new\" rel=\"noopener\" data-start=\"2082\" data-end=\"2169\">Fate\/Samurai Remnant<\/a>, dem neuesten Kapitel im beliebten Fate-Universum. Angesiedelt im Edo-Japan, erz\u00e4hlt dieses Action-RPG die Geschichte von Miyamoto Iori, einem jungen Krieger, der in das <strong data-start=\"2333\" data-end=\"2355\">Waxing Moon Ritual<\/strong> hineingezogen wird, einen t\u00f6dlichen Konflikt im Stil des Heiligen Grals zwischen Meistern und Dienern. <\/p>\n<p data-start=\"2425\" data-end=\"2751\">Als Iori m\u00fcssen Sie Bindungen zu m\u00e4chtigen heroischen Geistern schmieden und andere Meister in rasanten K\u00e4mpfen besiegen, die Schwertkampf und Magie vereinen. Die atemberaubende Cel-Shading-Grafik des Spiels erweckt die Stra\u00dfen Edos zum Leben, von belebten Marktpl\u00e4tzen bis zu stillen Tempeln, und schafft eine Atmosph\u00e4re voller historischer Details und mythischer Gr\u00f6\u00dfe. <\/p>\n<p data-start=\"2753\" data-end=\"3049\">Erleben Sie dynamische Echtzeitk\u00e4mpfe, in denen Timing, Pr\u00e4zision und Strategie entscheidend sind. Wechseln Sie zwischen Iori und seinem Diener, um verheerende Kombos zu entfesseln und einzigartige Kampfstile zu meistern. Entdecken Sie dabei tiefgr\u00fcndige Charaktergeschichten, moralische Entscheidungen und mehrere Enden, die von Ihren Entscheidungen gepr\u00e4gt werden.  <\/p>\n<h3 data-start=\"3051\" data-end=\"3093\">Systemanforderungen<\/h3>\n<p data-start=\"3094\" data-end=\"3108\"><strong data-start=\"3094\" data-end=\"3106\">Minimum:<\/strong><\/p>\n<ul data-start=\"3109\" data-end=\"3286\">\n<li data-start=\"3109\" data-end=\"3134\">\n<p data-start=\"3111\" data-end=\"3134\">Betriebssystem: Windows 10 64-Bit<\/p>\n<\/li>\n<li data-start=\"3135\" data-end=\"3187\">\n<p data-start=\"3137\" data-end=\"3187\">Prozessor: Intel Core i7-3770 \/ AMD Ryzen 5 1400<\/p>\n<\/li>\n<li data-start=\"3188\" data-end=\"3208\">\n<p data-start=\"3190\" data-end=\"3208\">Arbeitsspeicher: 8 GB RAM<\/p>\n<\/li>\n<li data-start=\"3209\" data-end=\"3251\">\n<p data-start=\"3211\" data-end=\"3251\">Grafikkarte: NVIDIA GTX 1060 \/ AMD RX 580<\/p>\n<\/li>\n<li data-start=\"3252\" data-end=\"3286\">\n<p data-start=\"3254\" data-end=\"3286\">Speicherplatz: 25 GB verf\u00fcgbarer Speicherplatz<\/p>\n<\/li>\n<\/ul>\n<p data-start=\"3288\" data-end=\"3306\"><strong data-start=\"3288\" data-end=\"3304\">Empfohlen:<\/strong><\/p>\n<ul data-start=\"3307\" data-end=\"3489\">\n<li data-start=\"3307\" data-end=\"3335\">\n<p data-start=\"3309\" data-end=\"3335\">Betriebssystem: Windows 10\/11 64-Bit<\/p>\n<\/li>\n<li data-start=\"3336\" data-end=\"3388\">\n<p data-start=\"3338\" data-end=\"3388\">Prozessor: Intel Core i7-8700 \/ AMD Ryzen 5 3600<\/p>\n<\/li>\n<li data-start=\"3389\" data-end=\"3410\">\n<p data-start=\"3391\" data-end=\"3410\">Arbeitsspeicher: 16 GB RAM<\/p>\n<\/li>\n<li data-start=\"3411\" data-end=\"3460\">\n<p data-start=\"3413\" data-end=\"3460\">Grafikkarte: NVIDIA GTX 1660 Ti \/ AMD RX 5600 XT<\/p>\n<\/li>\n<li data-start=\"3461\" data-end=\"3489\">\n<p data-start=\"3463\" data-end=\"3489\">Speicherplatz: 25 GB SSD-Speicherplatz<\/p>\n<\/li>\n<\/ul>\n<p data-start=\"3491\" data-end=\"3643\">Vereinen Sie Vergangenheit und Gegenwart, ehren Sie den Weg des Samurai und enth\u00fcllen Sie die Geheimnisse des Schicksals \u2013 Fate\/Samurai Remnant liefert Action und Storytelling auf h\u00f6chstem Niveau.<\/p>\n<h3>So nutzen Sie Ihr Fate Samurai Remnant Steam-Konto<\/h3>\n<p><img decoding=\"async\" class=\"alignnone wp-image-3511\" src=\"https:\/\/orkza.com\/wp-content\/uploads\/2024\/10\/STEAM-ACTIVATION-GUIDE-400x225.jpg\" alt=\"\" width=\"804\" height=\"453\" title=\"\" srcset=\"https:\/\/orkza.com\/wp-content\/uploads\/2024\/10\/STEAM-ACTIVATION-GUIDE-400x225.jpg 400w, https:\/\/orkza.com\/wp-content\/uploads\/2024\/10\/STEAM-ACTIVATION-GUIDE-430x242.jpg 430w, https:\/\/orkza.com\/wp-content\/uploads\/2024\/10\/STEAM-ACTIVATION-GUIDE-150x84.jpg 150w, https:\/\/orkza.com\/wp-content\/uploads\/2024\/10\/STEAM-ACTIVATION-GUIDE-700x394.jpg 700w, https:\/\/orkza.com\/wp-content\/uploads\/2024\/10\/STEAM-ACTIVATION-GUIDE-768x432.jpg 768w, https:\/\/orkza.com\/wp-content\/uploads\/2024\/10\/STEAM-ACTIVATION-GUIDE.jpg 1280w\" sizes=\"(max-width: 804px) 100vw, 804px\" \/><\/p>\n<p>Melden Sie sich nach dem Kauf auf Ihrem PC mit dem bereitgestellten Steam-Konto an. Navigieren Sie nach der Anmeldung zu Ihrer Bibliothek, installieren Sie das Spiel und klicken Sie auf die Schaltfl\u00e4che \u201eSpielen\u201c.  Verlassen Sie das Spiel nach wenigen Minuten, wechseln Sie Steam in den Offline-Modus, und schon k\u00f6nnen Sie stundenlang spannendes Gameplay genie\u00dfen!<\/p>\n<p>F\u00fcr eine umfassende Einrichtung lesen Sie bitte unseren <a href=\"https:\/\/orkza.com\/de\/steam-account-activation-guide\/\" target=\"_blank\" rel=\"noopener\">Steam-Konto-Aktivierungsleitfaden<\/a><\/p>\n<p>Entdecken Sie unsere neuesten <a href=\"https:\/\/orkza.com\/de\/produkt-kategorie\/pc-spiele\/\" target=\"_blank\" rel=\"noopener\">PC-SPIELE<\/a><\/p>\n","protected":false},"excerpt":{"rendered":"<article class=\"text-token-text-primary w-full focus:outline-none scroll-mt-[calc(var(--header-height)+min(200px,max(70px,20svh)))]\" dir=\"auto\" tabindex=\"-1\" data-turn-id=\"825f8558-9f2b-458c-ad9a-5b51e35369c8\" data-testid=\"conversation-turn-286\" data-scroll-anchor=\"true\" data-turn=\"assistant\">\n<div class=\"text-base my-auto mx-auto pb-10 [--thread-content-margin:--spacing(4)] thread-sm:[--thread-content-margin:--spacing(6)] thread-lg:[--thread-content-margin:--spacing(16)] px-(--thread-content-margin)\">\n<div class=\"[--thread-content-max-width:40rem] thread-lg:[--thread-content-max-width:48rem] mx-auto max-w-(--thread-content-max-width) flex-1 group\/turn-messages focus-visible:outline-hidden relative flex w-full min-w-0 flex-col agent-turn\" tabindex=\"-1\">\n<div class=\"flex max-w-full flex-col grow\">\n<div class=\"min-h-8 text-message relative flex w-full flex-col items-end gap-2 text-start break-words whitespace-normal [.text-message+&amp;]:mt-5\" dir=\"auto\" data-message-author-role=\"assistant\" data-message-id=\"2928a0af-c8b9-4771-8af5-a56ec1451607\" data-message-model-slug=\"gpt-5\">\n<div class=\"flex w-full flex-col gap-1 empty:hidden first:pt-[3px]\">\n<div class=\"markdown prose dark:prose-invert w-full break-words dark markdown-new-styling\">\n<article class=\"text-token-text-primary w-full focus:outline-none scroll-mt-[calc(var(--header-height)+min(200px,max(70px,20svh)))]\" dir=\"auto\" tabindex=\"-1\" data-turn-id=\"4853738f-41d9-4361-acbd-da104adcb5f6\" data-testid=\"conversation-turn-288\" data-scroll-anchor=\"true\" data-turn=\"assistant\">\n<div class=\"text-base my-auto mx-auto pb-10 [--thread-content-margin:--spacing(4)] thread-sm:[--thread-content-margin:--spacing(6)] thread-lg:[--thread-content-margin:--spacing(16)] px-(--thread-content-margin)\">\n<div class=\"[--thread-content-max-width:40rem] thread-lg:[--thread-content-max-width:48rem] mx-auto max-w-(--thread-content-max-width) flex-1 group\/turn-messages focus-visible:outline-hidden relative flex w-full min-w-0 flex-col agent-turn\" tabindex=\"-1\">\n<div class=\"flex max-w-full flex-col grow\">\n<div class=\"min-h-8 text-message relative flex w-full flex-col items-end gap-2 text-start break-words whitespace-normal [.text-message+&amp;]:mt-5\" dir=\"auto\" data-message-author-role=\"assistant\" data-message-id=\"5f2e51b3-f20e-438b-8196-6d76021c77fc\" data-message-model-slug=\"gpt-5\">\n<div class=\"flex w-full flex-col gap-1 empty:hidden first:pt-[3px]\">\n<div class=\"markdown prose dark:prose-invert w-full break-words dark markdown-new-styling\">\n<p data-start=\"3645\" data-end=\"3823\">Entfesseln Sie Ihren Samurai-Geist in Fate\/Samurai Remnant \u2013 k\u00e4mpfen Sie im Heiligen Gralskrieg des Edo-Japans mit atemberaubender Action und tiefgr\u00fcndigem Storytelling.<\/p>\n<\/div>\n<\/div>\n<\/div>\n<\/div>\n<\/div>\n<\/div>\n<\/article>\n<\/div>\n<\/div>\n<\/div>\n<\/div>\n<\/div>\n<\/div>\n<\/article>\n<p><img decoding=\"async\" class=\"alignnone wp-image-3526\" src=\"https:\/\/orkza.com\/wp-content\/uploads\/2024\/10\/Steam-Account-Notice-min-300x300.png\" alt=\"\" width=\"41\" height=\"41\" srcset=\"https:\/\/orkza.com\/wp-content\/uploads\/2024\/10\/Steam-Account-Notice-min-300x300.png 300w, https:\/\/orkza.com\/wp-content\/uploads\/2024\/10\/Steam-Account-Notice-min-scaled-430x430.png 430w, https:\/\/orkza.com\/wp-content\/uploads\/2024\/10\/Steam-Account-Notice-min-150x150.png 150w, https:\/\/orkza.com\/wp-content\/uploads\/2024\/10\/Steam-Account-Notice-min-scaled-700x700.png 700w, https:\/\/orkza.com\/wp-content\/uploads\/2024\/10\/Steam-Account-Notice-min-800x800.png 800w, https:\/\/orkza.com\/wp-content\/uploads\/2024\/10\/Steam-Account-Notice-min-768x768.png 768w, https:\/\/orkza.com\/wp-content\/uploads\/2024\/10\/Steam-Account-Notice-min-1536x1536.png 1536w, https:\/\/orkza.com\/wp-content\/uploads\/2024\/10\/Steam-Account-Notice-min-2048x2048.png 2048w\" sizes=\"(max-width: 41px) 100vw, 41px\" \/><strong>Hinweis: Kontodaten k\u00f6nnen nicht ge\u00e4ndert werden. Dies ist ein Steam-Konto mit lebenslangem Zugriff und nur Offline-Spielm\u00f6glichkeit. <\/strong><\/p>\n","protected":false},"featured_media":16792,"comment_status":"open","ping_status":"closed","template":"","meta":[],"product_brand":[],"product_cat":[216],"product_tag":[249],"class_list":{"0":"post-16791","1":"product","2":"type-product","3":"status-publish","4":"has-post-thumbnail","6":"product_cat-action","7":"product_tag-steam","9":"first","10":"instock","11":"sale","12":"virtual","13":"purchasable","14":"product-type-simple"},"_links":{"self":[{"href":"https:\/\/orkza.com\/de\/wp-json\/wp\/v2\/product\/16791","targetHints":{"allow":["GET"]}}],"collection":[{"href":"https:\/\/orkza.com\/de\/wp-json\/wp\/v2\/product"}],"about":[{"href":"https:\/\/orkza.com\/de\/wp-json\/wp\/v2\/types\/product"}],"replies":[{"embeddable":true,"href":"https:\/\/orkza.com\/de\/wp-json\/wp\/v2\/comments?post=16791"}],"version-history":[{"count":0,"href":"https:\/\/orkza.com\/de\/wp-json\/wp\/v2\/product\/16791\/revisions"}],"wp:featuredmedia":[{"embeddable":true,"href":"https:\/\/orkza.com\/de\/wp-json\/wp\/v2\/media\/16792"}],"wp:attachment":[{"href":"https:\/\/orkza.com\/de\/wp-json\/wp\/v2\/media?parent=16791"}],"wp:term":[{"taxonomy":"product_brand","embeddable":true,"href":"https:\/\/orkza.com\/de\/wp-json\/wp\/v2\/product_brand?post=16791"},{"taxonomy":"product_cat","embeddable":true,"href":"https:\/\/orkza.com\/de\/wp-json\/wp\/v2\/product_cat?post=16791"},{"taxonomy":"product_tag","embeddable":true,"href":"https:\/\/orkza.com\/de\/wp-json\/wp\/v2\/product_tag?post=16791"}],"curies":[{"name":"wp","href":"https:\/\/api.w.org\/{rel}","templated":true}]}}