{"id":16786,"date":"2025-11-07T05:37:34","date_gmt":"2025-11-07T05:37:34","guid":{"rendered":"https:\/\/orkza.com\/product\/football-manager-2024-steam-account\/"},"modified":"2026-02-26T05:31:33","modified_gmt":"2026-02-26T05:31:33","slug":"football-manager-2024-steam-account","status":"publish","type":"product","link":"https:\/\/orkza.com\/de\/produkt\/football-manager-2024-steam-account\/","title":{"rendered":"Football Manager 2024 Steam-Konto"},"content":{"rendered":"<h2 data-start=\"1905\" data-end=\"2276\"><strong data-start=\"1905\" data-end=\"1930\">Football Manager 2024<\/strong><\/h2>\n<p data-start=\"1905\" data-end=\"2276\"><br data-start=\"1930\" data-end=\"1933\">Betreten Sie die Trainerbank und gestalten Sie die Zukunft Ihres Vereins in <a class=\"decorated-link cursor-pointer\" href=\"https:\/\/store.steampowered.com\/app\/2252570\/Football_Manager_2024\/?l=french\" target=\"_new\" rel=\"noopener\" data-start=\"1986\" data-end=\"2076\">Football Manager 2024<\/a>, der bisher realistischsten und strategischsten Fu\u00dfballmanagement-Simulation. \u00dcbernehmen Sie die Kontrolle \u00fcber Ihr Lieblingsteam und lassen Sie jede Entscheidung z\u00e4hlen \u2013 von der taktischen Planung bis zum Scouting und Spielertransfers. <\/p>\n<p data-start=\"2278\" data-end=\"2664\">Mit neuen datengesteuerten Mechaniken, verfeinerten Match-Engines und verbesserter KI bietet <em data-start=\"2350\" data-end=\"2373\">Football Manager 2024<\/em> ein authentisches Erlebnis, bei dem Strategie und Anpassungsf\u00e4higkeit den Erfolg bestimmen. Entwickeln Sie junge Talente, verhandeln Sie geschickt und motivieren Sie Ihre Spieler durch die H\u00f6hen und Tiefen des Profifu\u00dfballs. Jedes Tor, jede Taktik und jede Verpflichtung erz\u00e4hlt Ihre einzigartige Managergeschichte.  <\/p>\n<p data-start=\"2666\" data-end=\"2968\">Egal, ob Sie ein Spitzenteam zum Ruhm f\u00fchren oder einen kleinen Verein von Grund auf aufbauen, <em data-start=\"2756\" data-end=\"2762\">FM24<\/em> f\u00e4ngt die Leidenschaft, den Druck und den Nervenkitzel des Fu\u00dfballmanagements ein. Das Spiel bietet fortschrittliche Analysen, intelligenteres Spieler-Verhalten und Cross-Save-Unterst\u00fctzung, die eine nahtlose Progression \u00fcber verschiedene Plattformen hinweg erm\u00f6glicht. <\/p>\n<h3 data-start=\"2970\" data-end=\"3012\">Systemanforderungen<\/h3>\n<p data-start=\"3013\" data-end=\"3027\"><strong data-start=\"3013\" data-end=\"3025\">Minimum:<\/strong><\/p>\n<ul data-start=\"3028\" data-end=\"3209\">\n<li data-start=\"3028\" data-end=\"3053\">\n<p data-start=\"3030\" data-end=\"3053\">Betriebssystem: Windows 10 64-Bit<\/p>\n<\/li>\n<li data-start=\"3054\" data-end=\"3097\">\n<p data-start=\"3056\" data-end=\"3097\">Prozessor: Intel Core 2 \/ AMD Athlon 64<\/p>\n<\/li>\n<li data-start=\"3098\" data-end=\"3118\">\n<p data-start=\"3100\" data-end=\"3118\">Arbeitsspeicher: 4 GB RAM<\/p>\n<\/li>\n<li data-start=\"3119\" data-end=\"3175\">\n<p data-start=\"3121\" data-end=\"3175\">Grafikkarte: Intel HD Graphics 530 \/ AMD Radeon HD 5770<\/p>\n<\/li>\n<li data-start=\"3176\" data-end=\"3209\">\n<p data-start=\"3178\" data-end=\"3209\">Speicherplatz: 7 GB verf\u00fcgbarer Speicherplatz<\/p>\n<\/li>\n<\/ul>\n<p data-start=\"3211\" data-end=\"3229\"><strong data-start=\"3211\" data-end=\"3227\">Empfohlen:<\/strong><\/p>\n<ul data-start=\"3230\" data-end=\"3392\">\n<li data-start=\"3230\" data-end=\"3258\">\n<p data-start=\"3232\" data-end=\"3258\">Betriebssystem: Windows 10\/11 64-Bit<\/p>\n<\/li>\n<li data-start=\"3259\" data-end=\"3301\">\n<p data-start=\"3261\" data-end=\"3301\">Prozessor: Intel Core i5 \/ AMD Ryzen 5<\/p>\n<\/li>\n<li data-start=\"3302\" data-end=\"3322\">\n<p data-start=\"3304\" data-end=\"3322\">Arbeitsspeicher: 8 GB RAM<\/p>\n<\/li>\n<li data-start=\"3323\" data-end=\"3364\">\n<p data-start=\"3325\" data-end=\"3364\">Grafikkarte: NVIDIA GTX 960 \/ AMD RX 460<\/p>\n<\/li>\n<li data-start=\"3365\" data-end=\"3392\">\n<p data-start=\"3367\" data-end=\"3392\">Speicherplatz: 7 GB SSD-Speicherplatz<\/p>\n<\/li>\n<\/ul>\n<p data-start=\"3394\" data-end=\"3542\">F\u00fchren Sie Ihr Team zum Sieg, meistern Sie jede Taktik und werden Sie eine Fu\u00dfballlegende in <em data-start=\"3474\" data-end=\"3497\">Football Manager 2024<\/em> \u2013 wo Tr\u00e4ume durch Strategie entstehen.<\/p>\n<h3>So nutzen Sie Ihr Football Manager 2024 Steam-Konto<\/h3>\n<p><img decoding=\"async\" class=\"alignnone wp-image-3511\" src=\"https:\/\/orkza.com\/wp-content\/uploads\/2024\/10\/STEAM-ACTIVATION-GUIDE-400x225.jpg\" alt=\"\" width=\"804\" height=\"453\" title=\"\" srcset=\"https:\/\/orkza.com\/wp-content\/uploads\/2024\/10\/STEAM-ACTIVATION-GUIDE-400x225.jpg 400w, https:\/\/orkza.com\/wp-content\/uploads\/2024\/10\/STEAM-ACTIVATION-GUIDE-430x242.jpg 430w, https:\/\/orkza.com\/wp-content\/uploads\/2024\/10\/STEAM-ACTIVATION-GUIDE-150x84.jpg 150w, https:\/\/orkza.com\/wp-content\/uploads\/2024\/10\/STEAM-ACTIVATION-GUIDE-700x394.jpg 700w, https:\/\/orkza.com\/wp-content\/uploads\/2024\/10\/STEAM-ACTIVATION-GUIDE-768x432.jpg 768w, https:\/\/orkza.com\/wp-content\/uploads\/2024\/10\/STEAM-ACTIVATION-GUIDE.jpg 1280w\" sizes=\"(max-width: 804px) 100vw, 804px\" \/><\/p>\n<p>Melden Sie sich nach dem Kauf auf Ihrem PC mit dem bereitgestellten Steam-Konto an. Sobald Sie angemeldet sind, navigieren Sie zu Ihrer Bibliothek, installieren Sie das Spiel und klicken Sie auf die Schaltfl\u00e4che \u201eSpielen\u201c.  Verlassen Sie das Spiel nach ein paar Minuten und schalten Sie Steam in den Offline-Modus. Schon sind Sie bereit f\u00fcr stundenlangen, spannenden Spielspa\u00df!<\/p>\n<p>F\u00fcr einen umfassenden Einrichtungsprozess lesen Sie bitte unseren <a href=\"https:\/\/orkza.com\/de\/steam-account-activation-guide\/\" target=\"_blank\" rel=\"noopener\">Steam-Konto-Aktivierungsleitfaden<\/a><\/p>\n<p>Entdecken Sie unsere neuesten <a href=\"https:\/\/orkza.com\/de\/produkt-kategorie\/pc-spiele\/\" target=\"_blank\" rel=\"noopener\">PC-SPIELE<\/a><\/p>\n","protected":false},"excerpt":{"rendered":"<article class=\"text-token-text-primary w-full focus:outline-none scroll-mt-[calc(var(--header-height)+min(200px,max(70px,20svh)))]\" dir=\"auto\" tabindex=\"-1\" data-turn-id=\"825f8558-9f2b-458c-ad9a-5b51e35369c8\" data-testid=\"conversation-turn-286\" data-scroll-anchor=\"true\" data-turn=\"assistant\">\n<div class=\"text-base my-auto mx-auto pb-10 [--thread-content-margin:--spacing(4)] thread-sm:[--thread-content-margin:--spacing(6)] thread-lg:[--thread-content-margin:--spacing(16)] px-(--thread-content-margin)\">\n<div class=\"[--thread-content-max-width:40rem] thread-lg:[--thread-content-max-width:48rem] mx-auto max-w-(--thread-content-max-width) flex-1 group\/turn-messages focus-visible:outline-hidden relative flex w-full min-w-0 flex-col agent-turn\" tabindex=\"-1\">\n<div class=\"flex max-w-full flex-col grow\">\n<div class=\"min-h-8 text-message relative flex w-full flex-col items-end gap-2 text-start break-words whitespace-normal [.text-message+&amp;]:mt-5\" dir=\"auto\" data-message-author-role=\"assistant\" data-message-id=\"2928a0af-c8b9-4771-8af5-a56ec1451607\" data-message-model-slug=\"gpt-5\">\n<div class=\"flex w-full flex-col gap-1 empty:hidden first:pt-[3px]\">\n<div class=\"markdown prose dark:prose-invert w-full break-words dark markdown-new-styling\">\n<article class=\"text-token-text-primary w-full focus:outline-none scroll-mt-[calc(var(--header-height)+min(200px,max(70px,20svh)))]\" dir=\"auto\" tabindex=\"-1\" data-turn-id=\"4853738f-41d9-4361-acbd-da104adcb5f6\" data-testid=\"conversation-turn-288\" data-scroll-anchor=\"true\" data-turn=\"assistant\">\n<div class=\"text-base my-auto mx-auto pb-10 [--thread-content-margin:--spacing(4)] thread-sm:[--thread-content-margin:--spacing(6)] thread-lg:[--thread-content-margin:--spacing(16)] px-(--thread-content-margin)\">\n<div class=\"[--thread-content-max-width:40rem] thread-lg:[--thread-content-max-width:48rem] mx-auto max-w-(--thread-content-max-width) flex-1 group\/turn-messages focus-visible:outline-hidden relative flex w-full min-w-0 flex-col agent-turn\" tabindex=\"-1\">\n<div class=\"flex max-w-full flex-col grow\">\n<div class=\"min-h-8 text-message relative flex w-full flex-col items-end gap-2 text-start break-words whitespace-normal [.text-message+&amp;]:mt-5\" dir=\"auto\" data-message-author-role=\"assistant\" data-message-id=\"5f2e51b3-f20e-438b-8196-6d76021c77fc\" data-message-model-slug=\"gpt-5\">\n<div class=\"flex w-full flex-col gap-1 empty:hidden first:pt-[3px]\">\n<div class=\"markdown prose dark:prose-invert w-full break-words dark markdown-new-styling\">\n<p data-start=\"3544\" data-end=\"3716\">F\u00fchren Sie Ihren Verein in <em data-start=\"3614\" data-end=\"3637\">Football Manager 2024<\/em> zum Ruhm \u2013 meistern Sie Taktiken, Transfers und feiern Sie Triumphe in der besten Management-Simulation der Welt.<\/p>\n<\/div>\n<\/div>\n<\/div>\n<\/div>\n<\/div>\n<\/div>\n<\/article>\n<\/div>\n<\/div>\n<\/div>\n<\/div>\n<\/div>\n<\/div>\n<\/article>\n<p><img decoding=\"async\" class=\"alignnone wp-image-3526\" src=\"https:\/\/orkza.com\/wp-content\/uploads\/2024\/10\/Steam-Account-Notice-min-300x300.png\" alt=\"\" width=\"41\" height=\"41\" srcset=\"https:\/\/orkza.com\/wp-content\/uploads\/2024\/10\/Steam-Account-Notice-min-300x300.png 300w, https:\/\/orkza.com\/wp-content\/uploads\/2024\/10\/Steam-Account-Notice-min-scaled-430x430.png 430w, https:\/\/orkza.com\/wp-content\/uploads\/2024\/10\/Steam-Account-Notice-min-150x150.png 150w, https:\/\/orkza.com\/wp-content\/uploads\/2024\/10\/Steam-Account-Notice-min-scaled-700x700.png 700w, https:\/\/orkza.com\/wp-content\/uploads\/2024\/10\/Steam-Account-Notice-min-800x800.png 800w, https:\/\/orkza.com\/wp-content\/uploads\/2024\/10\/Steam-Account-Notice-min-768x768.png 768w, https:\/\/orkza.com\/wp-content\/uploads\/2024\/10\/Steam-Account-Notice-min-1536x1536.png 1536w, https:\/\/orkza.com\/wp-content\/uploads\/2024\/10\/Steam-Account-Notice-min-2048x2048.png 2048w\" sizes=\"(max-width: 41px) 100vw, 41px\" \/><strong>Hinweis: Kontodaten k\u00f6nnen nicht ge\u00e4ndert werden. Dies ist ein Steam-Konto mit lebenslangem Zugriff und ausschlie\u00dflich Offline-Spielmodus. <\/strong><\/p>\n","protected":false},"featured_media":16787,"comment_status":"open","ping_status":"closed","template":"","meta":[],"product_brand":[],"product_cat":[216],"product_tag":[249],"class_list":{"0":"post-16786","1":"product","2":"type-product","3":"status-publish","4":"has-post-thumbnail","6":"product_cat-action","7":"product_tag-steam","9":"first","10":"instock","11":"sale","12":"virtual","13":"purchasable","14":"product-type-simple"},"_links":{"self":[{"href":"https:\/\/orkza.com\/de\/wp-json\/wp\/v2\/product\/16786","targetHints":{"allow":["GET"]}}],"collection":[{"href":"https:\/\/orkza.com\/de\/wp-json\/wp\/v2\/product"}],"about":[{"href":"https:\/\/orkza.com\/de\/wp-json\/wp\/v2\/types\/product"}],"replies":[{"embeddable":true,"href":"https:\/\/orkza.com\/de\/wp-json\/wp\/v2\/comments?post=16786"}],"version-history":[{"count":0,"href":"https:\/\/orkza.com\/de\/wp-json\/wp\/v2\/product\/16786\/revisions"}],"wp:featuredmedia":[{"embeddable":true,"href":"https:\/\/orkza.com\/de\/wp-json\/wp\/v2\/media\/16787"}],"wp:attachment":[{"href":"https:\/\/orkza.com\/de\/wp-json\/wp\/v2\/media?parent=16786"}],"wp:term":[{"taxonomy":"product_brand","embeddable":true,"href":"https:\/\/orkza.com\/de\/wp-json\/wp\/v2\/product_brand?post=16786"},{"taxonomy":"product_cat","embeddable":true,"href":"https:\/\/orkza.com\/de\/wp-json\/wp\/v2\/product_cat?post=16786"},{"taxonomy":"product_tag","embeddable":true,"href":"https:\/\/orkza.com\/de\/wp-json\/wp\/v2\/product_tag?post=16786"}],"curies":[{"name":"wp","href":"https:\/\/api.w.org\/{rel}","templated":true}]}}