{"id":16776,"date":"2026-02-21T07:42:05","date_gmt":"2026-02-21T07:42:05","guid":{"rendered":"https:\/\/orkza.com\/product\/tales-of-xillia-remastered-deluxe-edition-steam-account\/"},"modified":"2026-02-26T05:31:12","modified_gmt":"2026-02-26T05:31:12","slug":"tales-of-xillia-remastered-deluxe-edition-steam-account","status":"publish","type":"product","link":"https:\/\/orkza.com\/de\/produkt\/tales-of-xillia-remastered-deluxe-edition-steam-account\/","title":{"rendered":"Tales of Xillia Remastered Deluxe Edition Steam-Account"},"content":{"rendered":"<h2 data-start=\"4393\" data-end=\"4445\">Tales of Xillia Remastered<\/h2>\n<p data-start=\"4447\" data-end=\"4926\"><strong data-start=\"4447\" data-end=\"4551\"><a class=\"decorated-link\" href=\"https:\/\/store.steampowered.com\/app\/2246670\/Tales_of_Xillia_Remastered\/?utm_source=chatgpt.com\" target=\"_new\" rel=\"noopener\" data-start=\"4449\" data-end=\"4549\">Tales of Xillia Remastered<\/a><\/strong> bringt einen beliebten JRPG-Klassiker mit verbesserter Grafik, Quality-of-Life-Optimierungen und dem gewohnt packenden Abenteuer in die moderne \u00c4ra. In der lebendigen Welt von Rieze Maxia w\u00e4hlen Sie zwischen zwei Protagonisten \u2013 Jude Mathis oder Milla Maxwell \u2013, die jeweils eine eigene Perspektive auf eine schicksalhafte Reise bieten. <\/p>\n<p data-start=\"4928\" data-end=\"5240\">Erkunden Sie weitl\u00e4ufige Landschaften, decken Sie verborgene Geheimnisse auf und erleben Sie Echtzeit-Action-K\u00e4mpfe mit dem \u201eDual Raid Linear Motion Battle System\u201c. Koordinieren Sie Kombos, meistern Sie Unterst\u00fctzungsf\u00e4higkeiten und entfesseln Sie verheerende Techniken mit Ihren Gruppenmitgliedern im Kampf gegen verschiedenste Gegner. <\/p>\n<p data-start=\"5242\" data-end=\"5661\">Die narrative Tiefe von Xillia Remastered ist eine seiner gr\u00f6\u00dften St\u00e4rken. Themen wie Freundschaft, Schicksal und Konflikte sind fest in die Charakterentwicklung und den Handlungsverlauf eingewoben und bieten emotionale Resonanz sowie ein reichhaltiges World-Building. Quality-of-Life-Verbesserungen wie Auto-Save, deaktivierbare Zufallsk\u00e4mpfe und optimierte Men\u00fcs machen diese Edition zug\u00e4nglicher, ohne an Tiefe zu verlieren.  <\/p>\n<p data-start=\"5663\" data-end=\"6003\">Mit verbesserter Grafik und fl\u00fcssigerer Performance f\u00e4ngt das Remaster die Essenz des Originals ein und spricht gleichzeitig ein modernes Publikum an. Steam-Funktionen wie Cloud-Speicherst\u00e4nde, Erfolge und Split-Screen-Koop erh\u00f6hen den Wiederspielwert und laden sowohl Neulinge als auch Fans dazu ein, diesen JRPG-Meilenstein neu zu entdecken. <\/p>\n<h3 data-start=\"6005\" data-end=\"6037\">Systemanforderungen (PC)<\/h3>\n<p data-start=\"6039\" data-end=\"6250\"><strong data-start=\"6039\" data-end=\"6051\">Minimum:<\/strong><br data-start=\"6051\" data-end=\"6054\">\u2022 Betriebssystem: Windows 11 (64-Bit)<br data-start=\"6079\" data-end=\"6082\">\u2022 Prozessor: Intel Core i3-8100 \/ AMD Ryzen 3 3100<br data-start=\"6126\" data-end=\"6129\">\u2022 Arbeitsspeicher: 8 GB RAM<br data-start=\"6140\" data-end=\"6143\">\u2022 Grafikkarte: NVIDIA GeForce GTX 550 Ti \/ AMD Radeon HD 5770 \/ Intel Arc A310<br data-start=\"6213\" data-end=\"6216\">\u2022 Speicherplatz: 19 GB<br data-start=\"6232\" data-end=\"6235\">\u2022 DirectX: 12<\/p>\n<p data-start=\"6252\" data-end=\"6501\"><strong data-start=\"6252\" data-end=\"6268\">Empfohlen:<\/strong><br data-start=\"6268\" data-end=\"6271\">\u2022 Betriebssystem: Windows 11 (64-Bit)<br data-start=\"6296\" data-end=\"6299\">\u2022 Prozessor: Intel Core i3-8100 \/ AMD Ryzen 3 3100<br data-start=\"6343\" data-end=\"6346\">\u2022 Arbeitsspeicher: 8 GB RAM<br data-start=\"6357\" data-end=\"6360\">\u2022 Grafikkarte: NVIDIA GeForce GTX 650 \/ AMD Radeon HD 7770 \/ Intel Arc A310<br data-start=\"6427\" data-end=\"6430\">\u2022 Speicherplatz: 19 GB<br data-start=\"6446\" data-end=\"6449\">\u2022 DirectX: 12<\/p>\n<h3>So nutzen Sie Ihren Tales of Xillia Remastered Steam-Account<\/h3>\n<p><img decoding=\"async\" class=\"alignnone wp-image-3511\" src=\"https:\/\/orkza.com\/wp-content\/uploads\/2024\/10\/STEAM-ACTIVATION-GUIDE-400x225.jpg\" alt=\"\" width=\"804\" height=\"453\" title=\"\" srcset=\"https:\/\/orkza.com\/wp-content\/uploads\/2024\/10\/STEAM-ACTIVATION-GUIDE-400x225.jpg 400w, https:\/\/orkza.com\/wp-content\/uploads\/2024\/10\/STEAM-ACTIVATION-GUIDE-430x242.jpg 430w, https:\/\/orkza.com\/wp-content\/uploads\/2024\/10\/STEAM-ACTIVATION-GUIDE-150x84.jpg 150w, https:\/\/orkza.com\/wp-content\/uploads\/2024\/10\/STEAM-ACTIVATION-GUIDE-700x394.jpg 700w, https:\/\/orkza.com\/wp-content\/uploads\/2024\/10\/STEAM-ACTIVATION-GUIDE-768x432.jpg 768w, https:\/\/orkza.com\/wp-content\/uploads\/2024\/10\/STEAM-ACTIVATION-GUIDE.jpg 1280w\" sizes=\"(max-width: 804px) 100vw, 804px\" \/><\/p>\n<p>Melden Sie sich nach dem Kauf auf Ihrem PC bei dem bereitgestellten Steam-Account an. Navigieren Sie nach der Anmeldung zu Ihrer Bibliothek, installieren Sie das Spiel und klicken Sie auf die Schaltfl\u00e4che \u201eSpielen\u201c.  Beenden Sie das Spiel nach einigen Minuten und schalten Sie Steam in den Offline-Modus. Schon sind Sie bereit f\u00fcr stundenlangen Spielspa\u00df!<\/p>\n<p>F\u00fcr einen detaillierten Einrichtungsprozess lesen Sie bitte unseren <a href=\"https:\/\/orkza.com\/de\/steam-account-activation-guide\/\" target=\"_blank\" rel=\"noopener\">Leitfaden zur Aktivierung von Steam-Accounts<\/a>.<\/p>\n<p>Entdecken Sie unsere neuesten <a href=\"https:\/\/orkza.com\/de\/produkt-kategorie\/pc-spiele\/\" target=\"_blank\" rel=\"noopener\">PC-SPIELE<\/a><\/p>\n","protected":false},"excerpt":{"rendered":"<div class=\"text-base my-auto mx-auto [--thread-content-margin:--spacing(4)] @w-sm\/main:[--thread-content-margin:--spacing(6)] @w-lg\/main:[--thread-content-margin:--spacing(16)] px-(--thread-content-margin)\">\n<div class=\"[--thread-content-max-width:40rem] @w-lg\/main:[--thread-content-max-width:48rem] mx-auto max-w-(--thread-content-max-width) flex-1 group\/turn-messages focus-visible:outline-hidden relative flex w-full min-w-0 flex-col agent-turn\" tabindex=\"-1\">\n<div class=\"flex max-w-full flex-col grow\">\n<div class=\"min-h-8 text-message relative flex w-full flex-col items-end gap-2 text-start break-words whitespace-normal [.text-message+&amp;]:mt-1\" dir=\"auto\" data-message-author-role=\"assistant\" data-message-id=\"b92aba5d-edac-4090-8cec-3b9bd6f4e165\" data-message-model-slug=\"gpt-5-2\">\n<div class=\"flex w-full flex-col gap-1 empty:hidden first:pt-[1px]\">\n<div class=\"markdown prose dark:prose-invert w-full wrap-break-word dark markdown-new-styling\">\n<p data-start=\"6503\" data-end=\"6642\">JRPG-Klassiker als Remaster mit zwei Protagonisten, dynamischen K\u00e4mpfen, tiefgr\u00fcndiger Story und modernen Verbesserungen.<\/p>\n<\/div>\n<\/div>\n<\/div>\n<\/div>\n<\/div>\n<\/div>\n<p><img decoding=\"async\" class=\"alignnone wp-image-3526\" src=\"https:\/\/orkza.com\/wp-content\/uploads\/2024\/10\/Steam-Account-Notice-min-300x300.png\" alt=\"\" width=\"41\" height=\"41\" srcset=\"https:\/\/orkza.com\/wp-content\/uploads\/2024\/10\/Steam-Account-Notice-min-300x300.png 300w, https:\/\/orkza.com\/wp-content\/uploads\/2024\/10\/Steam-Account-Notice-min-scaled-430x430.png 430w, https:\/\/orkza.com\/wp-content\/uploads\/2024\/10\/Steam-Account-Notice-min-150x150.png 150w, https:\/\/orkza.com\/wp-content\/uploads\/2024\/10\/Steam-Account-Notice-min-scaled-700x700.png 700w, https:\/\/orkza.com\/wp-content\/uploads\/2024\/10\/Steam-Account-Notice-min-800x800.png 800w, https:\/\/orkza.com\/wp-content\/uploads\/2024\/10\/Steam-Account-Notice-min-768x768.png 768w, https:\/\/orkza.com\/wp-content\/uploads\/2024\/10\/Steam-Account-Notice-min-1536x1536.png 1536w, https:\/\/orkza.com\/wp-content\/uploads\/2024\/10\/Steam-Account-Notice-min-2048x2048.png 2048w\" sizes=\"(max-width: 41px) 100vw, 41px\" \/><strong>Hinweis: Account-Daten k\u00f6nnen nicht ge\u00e4ndert werden. Dies ist ein Steam-Account mit lebenslangem Zugriff, nur f\u00fcr den Offline-Modus. <\/strong><\/p>\n","protected":false},"featured_media":16777,"comment_status":"open","ping_status":"closed","template":"","meta":[],"product_brand":[],"product_cat":[219],"product_tag":[249],"class_list":{"0":"post-16776","1":"product","2":"type-product","3":"status-publish","4":"has-post-thumbnail","6":"product_cat-rpg","7":"product_tag-steam","9":"first","10":"instock","11":"sale","12":"virtual","13":"purchasable","14":"product-type-simple"},"_links":{"self":[{"href":"https:\/\/orkza.com\/de\/wp-json\/wp\/v2\/product\/16776","targetHints":{"allow":["GET"]}}],"collection":[{"href":"https:\/\/orkza.com\/de\/wp-json\/wp\/v2\/product"}],"about":[{"href":"https:\/\/orkza.com\/de\/wp-json\/wp\/v2\/types\/product"}],"replies":[{"embeddable":true,"href":"https:\/\/orkza.com\/de\/wp-json\/wp\/v2\/comments?post=16776"}],"version-history":[{"count":0,"href":"https:\/\/orkza.com\/de\/wp-json\/wp\/v2\/product\/16776\/revisions"}],"wp:featuredmedia":[{"embeddable":true,"href":"https:\/\/orkza.com\/de\/wp-json\/wp\/v2\/media\/16777"}],"wp:attachment":[{"href":"https:\/\/orkza.com\/de\/wp-json\/wp\/v2\/media?parent=16776"}],"wp:term":[{"taxonomy":"product_brand","embeddable":true,"href":"https:\/\/orkza.com\/de\/wp-json\/wp\/v2\/product_brand?post=16776"},{"taxonomy":"product_cat","embeddable":true,"href":"https:\/\/orkza.com\/de\/wp-json\/wp\/v2\/product_cat?post=16776"},{"taxonomy":"product_tag","embeddable":true,"href":"https:\/\/orkza.com\/de\/wp-json\/wp\/v2\/product_tag?post=16776"}],"curies":[{"name":"wp","href":"https:\/\/api.w.org\/{rel}","templated":true}]}}