{"id":16671,"date":"2023-07-19T15:15:04","date_gmt":"2023-07-19T15:15:04","guid":{"rendered":"https:\/\/orkza.com\/about-us\/"},"modified":"2026-02-26T04:11:42","modified_gmt":"2026-02-26T04:11:42","slug":"about-us","status":"publish","type":"page","link":"https:\/\/orkza.com\/de\/about-us\/","title":{"rendered":"\u00dcber uns"},"content":{"rendered":"\t\t<div data-elementor-type=\"wp-page\" data-elementor-id=\"16671\" class=\"elementor elementor-16671 elementor-1745\">\n\t\t\t\t<div class=\"wd-negative-gap elementor-element elementor-element-ba0d6bb e-flex e-con-boxed e-con e-parent\" data-id=\"ba0d6bb\" data-element_type=\"container\" data-e-type=\"container\">\n\t\t\t\t\t<div class=\"e-con-inner\">\n\t\t\t\t<div class=\"elementor-element elementor-element-3ff108f wd-width-100 elementor-widget elementor-widget-wd_title\" data-id=\"3ff108f\" data-element_type=\"widget\" data-e-type=\"widget\" data-widget_type=\"wd_title.default\">\n\t\t\t\t<div class=\"elementor-widget-container\">\n\t\t\t\t\t\t\t<div class=\"title-wrapper wd-set-mb reset-last-child wd-title-color-default wd-title-style-default wd-title-size-default text-center\">\n\n\t\t\t\n\t\t\t<div class=\"liner-continer\">\n\t\t\t\t<h4 class=\"woodmart-title-container title wd-fontsize-l\">\u00dcber uns<\/h4> \n\t\t\t\t\t\t\t<\/div>\n\n\t\t\t\t\t<\/div>\n\t\t\t\t\t\t<\/div>\n\t\t\t\t<\/div>\n\t\t\t\t<div class=\"elementor-element elementor-element-a196284 elementor-widget elementor-widget-wd_text_block\" data-id=\"a196284\" data-element_type=\"widget\" data-e-type=\"widget\" data-widget_type=\"wd_text_block.default\">\n\t\t\t\t<div class=\"elementor-widget-container\">\n\t\t\t\t\t\t\t<div class=\"wd-text-block reset-last-child text-center\">\n\t\t\t\n\t\t\t<p><strong>Orkza.com<\/strong> ist ein digitaler Marktplatz, der Kunden weltweit sofortigen Zugang zu Premium-Software-Keys, Gaming-Accounts und anderen digitalen L\u00f6sungen bietet. Unsere Mission ist es, bei jedem Kauf au\u00dfergew\u00f6hnlichen Wert, Komfort und Zuverl\u00e4ssigkeit zu liefern. <\/p><p><strong>Was wir tun<\/strong><br>Bei Orkza.com sind wir darauf spezialisiert, eine gro\u00dfe Auswahl an authentischen, hochwertigen digitalen Produkten anzubieten. Egal, ob du die neuesten Software-Tools zur Steigerung deiner Produktivit\u00e4t oder Gaming-Accounts suchst, die dir T\u00fcren zu neuen Abenteuern \u00f6ffnen \u2013 wir m\u00f6chten den Prozess nahtlos und sicher gestalten. <\/p><p><strong>Kundenzentriertes Erlebnis<\/strong><br>Deine Zufriedenheit hat f\u00fcr uns oberste Priorit\u00e4t. Wir wissen, wie wichtig schnelle Lieferung, genaue Produktinformationen und zuverl\u00e4ssiger Kundensupport sind. Unser engagiertes Team arbeitet unerm\u00fcdlich daran, dass du deinen Kauf schnell erh\u00e4ltst und alle Fragen oder Probleme umgehend gel\u00f6st werden.  <\/p><p><strong>Sicherheit &amp; Vertrauen<\/strong><br>Dein Vertrauen ist uns wichtig. Alle Transaktionen werden \u00fcber vertrauensw\u00fcrdige Zahlungs-Gateways abgewickelt, und wir halten uns an strenge Datenschutzma\u00dfnahmen. Unsere transparenten Richtlinien und unser kontinuierliches Engagement f\u00fcr Authentizit\u00e4t und Qualit\u00e4t helfen uns, die h\u00f6chsten Standards auf dem digitalen Marktplatz aufrechtzuerhalten.  <\/p><p><strong>Globale Reichweite<\/strong><br>Wir bedienen stolz Kunden auf der ganzen Welt und erm\u00f6glichen dir den Zugang zu den Produkten, die du ben\u00f6tigst \u2013 jederzeit und \u00fcberall. Unser Ziel ist es, Menschen n\u00e4her an die digitalen Tools und die Unterhaltung zu bringen, die sie lieben, ohne geografische Einschr\u00e4nkungen. <\/p><p><strong>Kontinuierliche Verbesserung<\/strong><br>Wir verfeinern unser Produktsortiment und unsere Dienstleistungen kontinuierlich, um den sich entwickelnden Bed\u00fcrfnissen unserer Kunden gerecht zu werden. Dein Feedback treibt unser Wachstum voran, und wir freuen uns \u00fcber Vorschl\u00e4ge zur Verbesserung deines Erlebnisses auf Orkza.com. <\/p><p>Vielen Dank, dass du dich f\u00fcr Orkza.com entschieden hast. Wir freuen uns darauf, dich zu bedienen und deine erste Anlaufstelle f\u00fcr digitale Produkte zu werden. <\/p>\n\t\t\t\t\t<\/div>\n\t\t\t\t\t\t<\/div>\n\t\t\t\t<\/div>\n\t\t\t\t\t<\/div>\n\t\t\t\t<\/div>\n\t\t\t\t<\/div>\n\t\t","protected":false},"excerpt":{"rendered":"<p>\u00dcber uns Orkza.com ist ein digitaler Marktplatz, der Kunden weltweit sofortigen Zugang zu Premium-Software-Keys, Gaming-Accounts und anderen digitalen L\u00f6sungen bietet.<\/p>\n","protected":false},"author":1,"featured_media":0,"parent":0,"menu_order":0,"comment_status":"closed","ping_status":"closed","template":"","meta":{"footnotes":""},"class_list":["post-16671","page","type-page","status-publish","hentry"],"_links":{"self":[{"href":"https:\/\/orkza.com\/de\/wp-json\/wp\/v2\/pages\/16671","targetHints":{"allow":["GET"]}}],"collection":[{"href":"https:\/\/orkza.com\/de\/wp-json\/wp\/v2\/pages"}],"about":[{"href":"https:\/\/orkza.com\/de\/wp-json\/wp\/v2\/types\/page"}],"author":[{"embeddable":true,"href":"https:\/\/orkza.com\/de\/wp-json\/wp\/v2\/users\/1"}],"replies":[{"embeddable":true,"href":"https:\/\/orkza.com\/de\/wp-json\/wp\/v2\/comments?post=16671"}],"version-history":[{"count":1,"href":"https:\/\/orkza.com\/de\/wp-json\/wp\/v2\/pages\/16671\/revisions"}],"predecessor-version":[{"id":16679,"href":"https:\/\/orkza.com\/de\/wp-json\/wp\/v2\/pages\/16671\/revisions\/16679"}],"wp:attachment":[{"href":"https:\/\/orkza.com\/de\/wp-json\/wp\/v2\/media?parent=16671"}],"curies":[{"name":"wp","href":"https:\/\/api.w.org\/{rel}","templated":true}]}}