{"id":16669,"date":"2023-07-19T15:18:45","date_gmt":"2023-07-19T15:18:45","guid":{"rendered":"https:\/\/orkza.com\/contact-us\/"},"modified":"2026-02-26T04:11:42","modified_gmt":"2026-02-26T04:11:42","slug":"contact-us","status":"publish","type":"page","link":"https:\/\/orkza.com\/de\/contact-us\/","title":{"rendered":"Kontaktiere uns"},"content":{"rendered":"\t\t<div data-elementor-type=\"wp-page\" data-elementor-id=\"16669\" class=\"elementor elementor-16669 elementor-1766\">\n\t\t\t\t<div class=\"wd-negative-gap elementor-element elementor-element-f7c8f6b e-flex e-con-boxed e-con e-parent\" data-id=\"f7c8f6b\" data-element_type=\"container\" data-e-type=\"container\">\n\t\t\t\t\t<div class=\"e-con-inner\">\n\t\t<div class=\"elementor-element elementor-element-f1e1919 e-con-full e-flex e-con e-child\" data-id=\"f1e1919\" data-element_type=\"container\" data-e-type=\"container\">\n\t\t\t\t<div class=\"elementor-element elementor-element-392b4e7 wd-width-100 elementor-widget elementor-widget-wd_title\" data-id=\"392b4e7\" data-element_type=\"widget\" data-e-type=\"widget\" data-widget_type=\"wd_title.default\">\n\t\t\t\t<div class=\"elementor-widget-container\">\n\t\t\t\t\t\t\t<div class=\"title-wrapper wd-set-mb reset-last-child wd-title-color-default wd-title-style-default wd-title-size-large text-left\">\n\n\t\t\t\n\t\t\t<div class=\"liner-continer\">\n\t\t\t\t<h4 class=\"woodmart-title-container title wd-fontsize-xxl\">Kontaktiere uns<\/h4> \n\t\t\t\t\t\t\t<\/div>\n\n\t\t\t\t\t<\/div>\n\t\t\t\t\t\t<\/div>\n\t\t\t\t<\/div>\n\t\t\t\t<div class=\"elementor-element elementor-element-8c0a568 wd-cf7 elementor-widget elementor-widget-wd_contact_form_7\" data-id=\"8c0a568\" data-element_type=\"widget\" data-e-type=\"widget\" data-widget_type=\"wd_contact_form_7.default\">\n\t\t\t\t<div class=\"elementor-widget-container\">\n\t\t\t\t\t\n<div class=\"wpcf7 no-js\" id=\"wpcf7-f14-o1\" lang=\"en-US\" dir=\"ltr\" data-wpcf7-id=\"14\">\n<div class=\"screen-reader-response\"><p role=\"status\" aria-live=\"polite\" aria-atomic=\"true\"><\/p> <ul><\/ul><\/div>\n<form action=\"\/de\/wp-json\/wp\/v2\/pages\/16669#wpcf7-f14-o1\" method=\"post\" class=\"wpcf7-form init\" aria-label=\"Contact form\" novalidate=\"novalidate\" data-status=\"init\">\n<fieldset class=\"hidden-fields-container\"><input type=\"hidden\" name=\"_wpcf7\" value=\"14\" \/><input type=\"hidden\" name=\"_wpcf7_version\" value=\"6.1.5\" \/><input type=\"hidden\" name=\"_wpcf7_locale\" value=\"en_US\" \/><input type=\"hidden\" name=\"_wpcf7_unit_tag\" value=\"wpcf7-f14-o1\" \/><input type=\"hidden\" name=\"_wpcf7_container_post\" value=\"0\" \/><input type=\"hidden\" name=\"_wpcf7_posted_data_hash\" value=\"\" \/><input type=\"hidden\" name=\"_wpcf7_recaptcha_response\" value=\"\" \/>\n<\/fieldset>\n<p><label> Your name<br \/>\n<span class=\"wpcf7-form-control-wrap\" data-name=\"your-name\"><input size=\"40\" maxlength=\"400\" class=\"wpcf7-form-control wpcf7-text wpcf7-validates-as-required\" autocomplete=\"name\" aria-required=\"true\" aria-invalid=\"false\" value=\"\" type=\"text\" name=\"your-name\" \/><\/span> <\/label>\n<\/p>\n<p><label> Your email<br \/>\n<span class=\"wpcf7-form-control-wrap\" data-name=\"your-email\"><input size=\"40\" maxlength=\"400\" class=\"wpcf7-form-control wpcf7-email wpcf7-validates-as-required wpcf7-text wpcf7-validates-as-email\" autocomplete=\"email\" aria-required=\"true\" aria-invalid=\"false\" value=\"\" type=\"email\" name=\"your-email\" \/><\/span> <\/label>\n<\/p>\n<p><label> Subject<br \/>\n<span class=\"wpcf7-form-control-wrap\" data-name=\"your-subject\"><input size=\"40\" maxlength=\"400\" class=\"wpcf7-form-control wpcf7-text wpcf7-validates-as-required\" aria-required=\"true\" aria-invalid=\"false\" value=\"\" type=\"text\" name=\"your-subject\" \/><\/span> <\/label>\n<\/p>\n<p><label> Your message (optional)<br \/>\n<span class=\"wpcf7-form-control-wrap\" data-name=\"your-message\"><textarea cols=\"40\" rows=\"10\" maxlength=\"2000\" class=\"wpcf7-form-control wpcf7-textarea\" aria-invalid=\"false\" name=\"your-message\"><\/textarea><\/span> <\/label><br \/>\n<label><br \/>\n\t<span class=\"wpcf7-form-control-wrap recaptcha\" data-name=\"recaptcha\"><span data-sitekey=\"6LfsMDgrAAAAAI6jQXwE5Wv-bPb7lerZXOigeMvK\" class=\"wpcf7-form-control wpcf7-recaptcha g-recaptcha\"><\/span>\r\n<noscript>\r\n\t<div class=\"grecaptcha-noscript\">\r\n\t\t<iframe src=\"https:\/\/www.google.com\/recaptcha\/api\/fallback?k=6LfsMDgrAAAAAI6jQXwE5Wv-bPb7lerZXOigeMvK\" frameborder=\"0\" scrolling=\"no\" width=\"310\" height=\"430\">\r\n\t\t<\/iframe>\r\n\t\t<textarea name=\"g-recaptcha-response\" rows=\"3\" cols=\"40\" placeholder=\"reCaptcha Response Here\">\r\n\t\t<\/textarea>\r\n\t<\/div>\r\n<\/noscript>\r\n<\/span><br \/>\n<\/label>\n<\/p>\n<p><input class=\"wpcf7-form-control wpcf7-submit has-spinner\" type=\"submit\" value=\"Submit\" \/>\n<\/p><div class=\"wpcf7-response-output\" aria-hidden=\"true\"><\/div>\n<\/form>\n<\/div>\n\t\t\t\t<\/div>\n\t\t\t\t<\/div>\n\t\t\t\t<\/div>\n\t\t<div class=\"elementor-element elementor-element-3adb6ca e-con-full e-flex e-con e-child\" data-id=\"3adb6ca\" data-element_type=\"container\" data-e-type=\"container\">\n\t\t\t\t<div class=\"elementor-element elementor-element-e5818d6 elementor-widget elementor-widget-wd_image_or_svg\" data-id=\"e5818d6\" data-element_type=\"widget\" data-e-type=\"widget\" data-widget_type=\"wd_image_or_svg.default\">\n\t\t\t\t<div class=\"elementor-widget-container\">\n\t\t\t\t\t\n\t\t<div class=\"wd-image text-left\">\n\t\t\t\t\t\t\t\t<img decoding=\"async\" width=\"740\" height=\"620\" src=\"https:\/\/orkza.com\/wp-content\/uploads\/2023\/07\/wd-vgs-contact-us-opt.png\" class=\"attachment-full size-full\" alt=\"\" srcset=\"https:\/\/orkza.com\/wp-content\/uploads\/2023\/07\/wd-vgs-contact-us-opt.png 740w, https:\/\/orkza.com\/wp-content\/uploads\/2023\/07\/wd-vgs-contact-us-opt-430x360.png 430w, https:\/\/orkza.com\/wp-content\/uploads\/2023\/07\/wd-vgs-contact-us-opt-150x126.png 150w, https:\/\/orkza.com\/wp-content\/uploads\/2023\/07\/wd-vgs-contact-us-opt-700x586.png 700w\" sizes=\"(max-width: 740px) 100vw, 740px\" title=\"\">\t\t\t\t\t<\/div>\n\n\t\t\t\t\t\t<\/div>\n\t\t\t\t<\/div>\n\t\t\t\t<\/div>\n\t\t\t\t\t<\/div>\n\t\t\t\t<\/div>\n\t\t<div class=\"wd-negative-gap elementor-element elementor-element-550ecb3 e-flex e-con-boxed e-con e-parent\" data-id=\"550ecb3\" data-element_type=\"container\" data-e-type=\"container\">\n\t\t\t\t\t<div class=\"e-con-inner\">\n\t\t\t\t<div class=\"elementor-element elementor-element-afa386f elementor-widget elementor-widget-html\" data-id=\"afa386f\" data-element_type=\"widget\" data-e-type=\"widget\" data-widget_type=\"html.default\">\n\t\t\t\t<div class=\"elementor-widget-container\">\n\t\t\t\t\t<div style=\"text-align: center; padding: 20px; font-family: Arial, sans-serif;\">\r\n    <h2 style=\"color: rgb(237,117,53);\">Brauchst du Hilfe bei deinem Kauf?<\/h2>\r\n    <p style=\"color: #ffffff;\">Falls du auf Probleme st\u00f6\u00dft, z\u00f6gere nicht, uns \u00fcber WhatsApp, Telegram oder E-Mail zu kontaktieren. Wir sind hier, um dir zu helfen! <\/p>\r\n    \r\n    <!-- Contact buttons -->\r\n    <div style=\"margin-top: 20px; display: flex; flex-wrap: wrap; justify-content: center; gap: 10px;\">\r\n        <!-- WhatsApp Contact Button (Preferred) -->\r\n        <a href=\"https:\/\/wa.me\/447488847946\" style=\"text-decoration: none; background-color: #27ae60; color: white; padding: 12px 24px; border-radius: 50px; font-size: 16px; display: inline-block; min-width: 220px; text-align: center; font-weight: bold;\" target=\"_blank\" rel=\"noopener\">\r\n            <img decoding=\"async\" src=\"https:\/\/upload.wikimedia.org\/wikipedia\/commons\/6\/6b\/WhatsApp.svg\" alt=\"WhatsApp-Logo\" style=\"width: 20px; height: 20px; vertical-align: middle; margin-right: 8px;\" title=\"\">\r\n  WhatsApp (bevorzugt)\r\n        <\/a>\r\n\r\n        <!-- Telegram Contact Button -->\r\n        <a href=\"https:\/\/t.me\/orkza\" style=\"text-decoration: none; background-color: #0088cc; color: white; padding: 10px 20px; border-radius: 50px; font-size: 16px; display: inline-block; min-width: 200px; text-align: center;\">\r\n            <img decoding=\"async\" src=\"https:\/\/upload.wikimedia.org\/wikipedia\/commons\/8\/82\/Telegram_logo.svg\" alt=\"Telegram-Logo\" style=\"width: 20px; height: 20px; vertical-align: middle; margin-right: 8px;\" title=\"\">\r\n  Telegram\r\n        <\/a>\r\n\r\n        <!-- Email Support Button -->\r\n        <a href=\"mailto:contact@orkza.com\" style=\"text-decoration: none; background-color: #f39c12; color: white; padding: 10px 20px; border-radius: 50px; font-size: 16px; display: inline-block; min-width: 200px; text-align: center;\">\r\n            <img decoding=\"async\" src=\"https:\/\/orkza.com\/wp-content\/uploads\/2024\/10\/email-1.png\" alt=\"E-Mail-Support\" style=\"width: 20px; height: 20px; vertical-align: middle; margin-right: 8px;\" title=\"\">\r\n  E-Mail-Support\r\n        <\/a>\r\n    <\/div>\r\n    \r\n    <!-- Contact details -->\r\n    <div style=\"margin-top: 40px; text-align: center; color: #ffffff;\">\r\n        <h3 style=\"color: #f39c12;\"><\/h3>\r\n        <p><strong>Adresse:<\/strong> 71-75 Shelton St, London WC2H 9JQ, Vereinigtes K\u00f6nigreich<\/p>\r\n        <p><strong>E-Mail:<\/strong> <a href=\"mailto:contact@orkza.com\" style=\"color: #f39c12;\">contact@orkza.com<\/a><\/p>\r\n        <p><strong>Telefonnummer:<\/strong> <a href=\"tel:+447488847946\" style=\"color: #f39c12;\">+447488847946<\/a><\/p>\r\n    <\/div>\r\n<\/div>\r\n\t\t\t\t<\/div>\n\t\t\t\t<\/div>\n\t\t\t\t\t<\/div>\n\t\t\t\t<\/div>\n\t\t\t\t<\/div>\n\t\t","protected":false},"excerpt":{"rendered":"<p>Kontaktiere uns Your name Your email Subject Your message (optional) Brauchst du Hilfe bei deinem Kauf? Falls du auf Probleme<\/p>\n","protected":false},"author":1,"featured_media":0,"parent":0,"menu_order":0,"comment_status":"closed","ping_status":"closed","template":"","meta":{"footnotes":""},"class_list":["post-16669","page","type-page","status-publish","hentry"],"_links":{"self":[{"href":"https:\/\/orkza.com\/de\/wp-json\/wp\/v2\/pages\/16669","targetHints":{"allow":["GET"]}}],"collection":[{"href":"https:\/\/orkza.com\/de\/wp-json\/wp\/v2\/pages"}],"about":[{"href":"https:\/\/orkza.com\/de\/wp-json\/wp\/v2\/types\/page"}],"author":[{"embeddable":true,"href":"https:\/\/orkza.com\/de\/wp-json\/wp\/v2\/users\/1"}],"replies":[{"embeddable":true,"href":"https:\/\/orkza.com\/de\/wp-json\/wp\/v2\/comments?post=16669"}],"version-history":[{"count":3,"href":"https:\/\/orkza.com\/de\/wp-json\/wp\/v2\/pages\/16669\/revisions"}],"predecessor-version":[{"id":16682,"href":"https:\/\/orkza.com\/de\/wp-json\/wp\/v2\/pages\/16669\/revisions\/16682"}],"wp:attachment":[{"href":"https:\/\/orkza.com\/de\/wp-json\/wp\/v2\/media?parent=16669"}],"curies":[{"name":"wp","href":"https:\/\/api.w.org\/{rel}","templated":true}]}}