{"id":16610,"date":"2024-06-20T23:50:44","date_gmt":"2024-06-20T23:50:44","guid":{"rendered":"https:\/\/orkza.com\/terms-of-service\/"},"modified":"2026-02-26T04:12:22","modified_gmt":"2026-02-26T04:12:22","slug":"terms-of-service","status":"publish","type":"page","link":"https:\/\/orkza.com\/de\/terms-of-service\/","title":{"rendered":"Nutzungsbedingungen"},"content":{"rendered":"\n<p>Willkommen bei <strong>Orkza.com<\/strong>! Indem du unsere Website und Dienste nutzt, stimmst du den folgenden Gesch\u00e4ftsbedingungen zu. Bitte lies sie sorgf\u00e4ltig durch. Wenn du diesen Bedingungen nicht zustimmst, nutze unsere Website nicht und kaufe keine unserer Produkte.  <\/p>\n\n<h4 class=\"wp-block-heading\"><strong>1. \u00dcberblick<\/strong><\/h4>\n\n<p>Orkza.com bietet digitale Produkte, einschlie\u00dflich Softwareschl\u00fcssel und Gaming-Konten, die elektronisch geliefert werden. Diese Bedingungen regeln deine Nutzung unserer Website und Dienste. <\/p>\n\n<h4 class=\"wp-block-heading\"><strong>2. Berechtigung<\/strong><\/h4>\n\n<ul class=\"wp-block-list\">\n<li>Du musst mindestens 18 Jahre alt sein oder die Zustimmung deiner Eltern\/Erziehungsberechtigten haben, um unsere Dienste zu nutzen.<\/li>\n\n\n\n<li>Mit der Aufgabe einer Bestellung best\u00e4tigst du, dass die angegebenen Informationen korrekt sind und dass du zur Nutzung der Zahlungsmethode berechtigt bist.<\/li>\n<\/ul>\n\n<h4 class=\"wp-block-heading\"><strong>3. Lieferung digitaler Produkte<\/strong><\/h4>\n\n<ul class=\"wp-block-list\">\n<li>Alle K\u00e4ufe auf Orkza.com werden digital per E-Mail oder Direkt-Download geliefert.<\/li>\n\n\n\n<li>Stelle sicher, dass du beim Checkout eine g\u00fcltige E-Mail-Adresse angibst.<\/li>\n\n\n\n<li>Die meisten Produkte werden sofort geliefert. Die Lieferung kann jedoch aufgrund von Zahlungsbest\u00e4tigung, Kontoverifizierung oder hohem Bestellaufkommen bis zu <strong>24 Stunden<\/strong> dauern. <\/li>\n\n\n\n<li>Weitere Details findest du in unserer <a href=\"https:\/\/orkza.com\/de\/shipping-policy\/\" target=\"_blank\" data-type=\"link\" data-id=\"https:\/\/orkza.com\/shipping-policy\/\" rel=\"noreferrer noopener\">Versandrichtlinie<\/a>.<\/li>\n<\/ul>\n\n<h4 class=\"wp-block-heading\"><strong>4. Zahlungen und Preise<\/strong><\/h4>\n\n<ul class=\"wp-block-list\">\n<li>Alle Preise sind in USD angegeben und werden in andere W\u00e4hrungen umgerechnet.<\/li>\n\n\n\n<li>Zahlungen werden sicher \u00fcber vertrauensw\u00fcrdige Drittanbieter abgewickelt.<\/li>\n\n\n\n<li>Orkza.com beh\u00e4lt sich das Recht vor, Produktpreise ohne vorherige Ank\u00fcndigung zu \u00e4ndern. Der Preis zum Zeitpunkt des Kaufs bleibt jedoch g\u00fcltig. <\/li>\n<\/ul>\n\n<h4 class=\"wp-block-heading\"><strong>5. R\u00fcckgabe- und Erstattungsrichtlinie<\/strong><\/h4>\n\n<ul class=\"wp-block-list\">\n<li>Siehe unsere <a href=\"https:\/\/orkza.com\/de\/return-refund-policy\/\" target=\"_blank\" rel=\"noreferrer noopener\">R\u00fcckgabe- &amp; Erstattungsrichtlinie<\/a> <\/li>\n<\/ul>\n\n<h4 class=\"wp-block-heading\"><strong>6. Lizenz- und Nutzungsrechte<\/strong><\/h4>\n\n<ul class=\"wp-block-list\">\n<li>Gekaufte digitale Produkte sind nur f\u00fcr den pers\u00f6nlichen Gebrauch bestimmt.<\/li>\n\n\n\n<li>Der Weiterverkauf, die Weitergabe oder das Teilen von Produktschl\u00fcsseln oder Konten ohne Genehmigung ist untersagt.<\/li>\n\n\n\n<li>Orkza.com beh\u00e4lt sich das Recht vor, den Zugang zu widerrufen, wenn Missbrauch oder betr\u00fcgerische Aktivit\u00e4ten festgestellt werden.<\/li>\n<\/ul>\n\n<h4 class=\"wp-block-heading\"><strong>7. Nutzerpflichten<\/strong><\/h4>\n\n<ul class=\"wp-block-list\">\n<li>Du bist daf\u00fcr verantwortlich, die Kompatibilit\u00e4t der gekauften Produkte mit deinem System oder Ger\u00e4t sicherzustellen.<\/li>\n\n\n\n<li>Du erkl\u00e4rst dich damit einverstanden, keine Aktivit\u00e4ten zu unternehmen, die unserer Plattform schaden, wie Hacking, Betrug oder die Verbreitung b\u00f6sartiger Software.<\/li>\n<\/ul>\n\n<h4 class=\"wp-block-heading\"><strong>8. Betrugspr\u00e4vention<\/strong><\/h4>\n\n<ul class=\"wp-block-list\">\n<li>Wir behalten uns das Recht vor, als verd\u00e4chtig oder betr\u00fcgerisch markierte Bestellungen zu stornieren.<\/li>\n\n\n\n<li>Zur Best\u00e4tigung der Legitimit\u00e4t des Kaufs kann eine zus\u00e4tzliche Verifizierung angefordert werden.<\/li>\n<\/ul>\n\n<h4 class=\"wp-block-heading\"><strong>9. Geistiges Eigentum<\/strong><\/h4>\n\n<ul class=\"wp-block-list\">\n<li>Orkza.com besitzt die Logos, Marken oder das Branding, die mit den auf unserer Plattform verkauften digitalen Produkten verbunden sind, nicht. Diese Verm\u00f6genswerte sind Eigentum ihrer jeweiligen Inhaber. <\/li>\n\n\n\n<li>Die Verwendung von Logos, Marken und Produktbeschreibungen Dritter auf Orkza.com dient ausschlie\u00dflich Informations- und Identifikationszwecken und impliziert keine Billigung oder Eigent\u00fcmerschaft durch Orkza.com.<\/li>\n\n\n\n<li>Du darfst diese geistigen Eigentumsrechte Dritter ohne die ausdr\u00fcckliche Genehmigung ihrer jeweiligen Inhaber nicht nutzen, reproduzieren oder weiterverbreiten.<\/li>\n\n\n\n<li>Alle anderen Inhalte auf Orkza.com, einschlie\u00dflich des Designs der Website, des Textes und der nicht produktspezifischen Grafiken, sind Eigentum von Orkza.com und durch Urheber- und Markenrechte gesch\u00fctzt.<\/li>\n<\/ul>\n\n<h4 class=\"wp-block-heading\"><strong>10. Haftungsbeschr\u00e4nkung<\/strong><\/h4>\n\n<ul class=\"wp-block-list\">\n<li>Orkza.com haftet nicht f\u00fcr Sch\u00e4den, die aus Missbrauch, Systeminkompatibilit\u00e4t oder Dienstunterbrechungen resultieren.<\/li>\n\n\n\n<li>Unsere Haftung ist auf den Kaufpreis des betreffenden Produkts beschr\u00e4nkt.<\/li>\n<\/ul>\n\n<h4 class=\"wp-block-heading\"><strong>11. K\u00fcndigung<\/strong><\/h4>\n\n<ul class=\"wp-block-list\">\n<li>Orkza.com beh\u00e4lt sich das Recht vor, den Zugang zu unseren Diensten bei Verst\u00f6\u00dfen gegen diese Bedingungen oder bei betr\u00fcgerischen Aktivit\u00e4ten zu beenden.<\/li>\n<\/ul>\n\n<h4 class=\"wp-block-heading\"><strong>12. Datenschutz<\/strong><\/h4>\n\n<ul class=\"wp-block-list\">\n<li>Deine pers\u00f6nlichen Daten werden gem\u00e4\u00df unserer <a href=\"https:\/\/orkza.com\/de\/privacy-policy\/\" target=\"_blank\" rel=\"noreferrer noopener\">Datenschutzrichtlinie<\/a> behandelt.<\/li>\n<\/ul>\n\n<h4 class=\"wp-block-heading\"><strong>13. \u00c4nderungen der Bedingungen<\/strong><\/h4>\n\n<ul class=\"wp-block-list\">\n<li>Orkza.com beh\u00e4lt sich das Recht vor, diese Bedingungen jederzeit zu \u00e4ndern. \u00c4nderungen werden auf dieser Seite ver\u00f6ffentlicht, wobei das Datum der \u201eLetzten Aktualisierung\u201c angepasst wird. Die fortgesetzte Nutzung unserer Website bedeutet die Annahme der aktualisierten Bedingungen.  <\/li>\n<\/ul>\n\n<h4 class=\"wp-block-heading\"><strong>14. Geltendes Recht<\/strong><\/h4>\n\n<ul class=\"wp-block-list\">\n<li>Diese Bedingungen unterliegen den Gesetzen von [Dein Land\/Deine Region]. Alle Streitigkeiten werden der Zust\u00e4ndigkeit der \u00f6rtlichen Gerichte unterliegen. <\/li>\n<\/ul>\n\n<h4 class=\"wp-block-heading\"><strong>15. Kontaktiere uns<\/strong><\/h4>\n\n<p>Wenn du Fragen oder Bedenken zu diesen Nutzungsbedingungen hast, kontaktiere uns bitte unter:<\/p>\n\n<ul class=\"wp-block-list\">\n<li><strong>E-Mail<\/strong>: <a href=\"mailto:contact@orkza.com\">contact@orkza.com<\/a><\/li>\n<\/ul>\n\n<p><\/p>\n","protected":false},"excerpt":{"rendered":"<p>Willkommen bei Orkza.com! Indem du unsere Website und Dienste nutzt, stimmst du den folgenden Gesch\u00e4ftsbedingungen zu. Bitte lies sie sorgf\u00e4ltig<\/p>\n","protected":false},"author":1,"featured_media":0,"parent":0,"menu_order":0,"comment_status":"closed","ping_status":"closed","template":"","meta":{"footnotes":""},"class_list":["post-16610","page","type-page","status-publish","hentry"],"_links":{"self":[{"href":"https:\/\/orkza.com\/de\/wp-json\/wp\/v2\/pages\/16610","targetHints":{"allow":["GET"]}}],"collection":[{"href":"https:\/\/orkza.com\/de\/wp-json\/wp\/v2\/pages"}],"about":[{"href":"https:\/\/orkza.com\/de\/wp-json\/wp\/v2\/types\/page"}],"author":[{"embeddable":true,"href":"https:\/\/orkza.com\/de\/wp-json\/wp\/v2\/users\/1"}],"replies":[{"embeddable":true,"href":"https:\/\/orkza.com\/de\/wp-json\/wp\/v2\/comments?post=16610"}],"version-history":[{"count":2,"href":"https:\/\/orkza.com\/de\/wp-json\/wp\/v2\/pages\/16610\/revisions"}],"predecessor-version":[{"id":16700,"href":"https:\/\/orkza.com\/de\/wp-json\/wp\/v2\/pages\/16610\/revisions\/16700"}],"wp:attachment":[{"href":"https:\/\/orkza.com\/de\/wp-json\/wp\/v2\/media?parent=16610"}],"curies":[{"name":"wp","href":"https:\/\/api.w.org\/{rel}","templated":true}]}}