{"id":16606,"date":"2024-10-06T08:30:42","date_gmt":"2024-10-06T08:30:42","guid":{"rendered":"https:\/\/orkza.com\/shipping-policy\/"},"modified":"2026-02-26T04:10:18","modified_gmt":"2026-02-26T04:10:18","slug":"shipping-policy","status":"publish","type":"page","link":"https:\/\/orkza.com\/de\/shipping-policy\/","title":{"rendered":"Versandrichtlinie"},"content":{"rendered":"\n<p>Bei <strong>Orkza.com<\/strong> bieten wir digitale Produkte wie Software-Keys und Gaming-Accounts an, die elektronisch ohne physischen Versand geliefert werden. Wir bieten <strong>weltweite Lieferung<\/strong> und sind bestrebt, ein reibungsloses Liefererlebnis zu gew\u00e4hrleisten. Bitte lies dir die Details unserer Richtlinie unten durch:  <\/p>\n\n<h4 class=\"wp-block-heading\"><strong>Digitale Lieferung<\/strong><\/h4>\n\n<ul class=\"wp-block-list\">\n<li>Alle K\u00e4ufe werden digital per E-Mail oder \u00fcber direkten Download von unserer Plattform geliefert.<\/li>\n\n\n\n<li>Nach Abschluss deiner Bestellung erh\u00e4ltst du eine E-Mail mit dem Produktschl\u00fcssel oder den Account-Details sowie Anweisungen zur Aktivierung oder zum Download.<\/li>\n\n\n\n<li>Um Lieferprobleme zu vermeiden, stelle sicher, dass du beim Checkout eine g\u00fcltige und zug\u00e4ngliche E-Mail-Adresse angibst.<\/li>\n<\/ul>\n\n<h4 class=\"wp-block-heading\"><strong>Weltweite Verf\u00fcgbarkeit<\/strong><\/h4>\n\n<ul class=\"wp-block-list\">\n<li>Digitale Produkte werden sofort an Kunden weltweit geliefert, unabh\u00e4ngig vom Standort.<\/li>\n\n\n\n<li>Genie\u00dfe sichere und schnelle Lieferung, wo immer du bist.<\/li>\n<\/ul>\n\n<h4 class=\"wp-block-heading\"><strong>Lieferzeit<\/strong><\/h4>\n\n<ul class=\"wp-block-list\">\n<li>Die meisten Produkte werden <strong>sofort<\/strong> (innerhalb von Minuten) geliefert.<\/li>\n\n\n\n<li>In seltenen F\u00e4llen, etwa bei Zahlungsbest\u00e4tigung, Kontoverifizierung oder hohem Bestellaufkommen, kann die Lieferung bis zu <strong>24 Stunden<\/strong> dauern.<\/li>\n\n\n\n<li>Falls du dein Produkt nicht innerhalb dieses Zeitraums erh\u00e4ltst, kontaktiere bitte unser Support-Team.<\/li>\n<\/ul>\n\n<h4 class=\"wp-block-heading\"><strong>Bestellbest\u00e4tigung<\/strong><\/h4>\n\n<ul class=\"wp-block-list\">\n<li>Eine E-Mail-Best\u00e4tigung mit deinen Bestelldetails wird unmittelbar nach dem Kauf versendet.<\/li>\n\n\n\n<li>Falls du sie nicht in deinem Posteingang siehst, \u00fcberpr\u00fcfe deinen Spam- oder Junk-Ordner.<\/li>\n<\/ul>\n\n<h4 class=\"wp-block-heading\"><strong>Falsche E-Mail-Adresse<\/strong><\/h4>\n\n<ul class=\"wp-block-list\">\n<li>Wenn du eine falsche E-Mail-Adresse angibst, kann Orkza.com nicht f\u00fcr fehlgeschlagene Zustellung verantwortlich gemacht werden.<\/li>\n\n\n\n<li>Kontaktiere sofort den Kundensupport, um deine Angaben zu korrigieren. Aus Sicherheitsgr\u00fcnden k\u00f6nnen wir zus\u00e4tzliche Details anfordern, um deine Identit\u00e4t zu verifizieren, bevor wir das Produkt erneut versenden. <\/li>\n<\/ul>\n\n<h4 class=\"wp-block-heading\"><strong>Lieferprobleme<\/strong><\/h4>\n\n<ul class=\"wp-block-list\">\n<li>Im Falle eines Lieferproblems (z. B. technische Fehler oder Nichtzustellung der E-Mail) wird unser Support-Team umgehend daran arbeiten, das Problem zu l\u00f6sen und sicherzustellen, dass du deinen Kauf erh\u00e4ltst.<\/li>\n<\/ul>\n\n<h4 class=\"wp-block-heading\"><strong>Betr\u00fcgerische Aktivit\u00e4ten<\/strong><\/h4>\n\n<ul class=\"wp-block-list\">\n<li>Wenn wir betr\u00fcgerische Aktivit\u00e4ten feststellen, k\u00f6nnen wir die Bestellung verz\u00f6gern oder stornieren, w\u00e4hrend wir ihre Legitimit\u00e4t \u00fcberpr\u00fcfen.<\/li>\n\n\n\n<li>Zus\u00e4tzliche Dokumente k\u00f6nnen aus Sicherheitsgr\u00fcnden angefordert werden. Bestellungen, die im Verdacht stehen, betr\u00fcgerisch zu sein, werden erst nach Abschluss der \u00dcberpr\u00fcfung bearbeitet. <\/li>\n<\/ul>\n\n<h4 class=\"wp-block-heading\"><strong>Keine Versandkosten<\/strong><\/h4>\n\n<ul class=\"wp-block-list\">\n<li>Alle Produkte werden digital geliefert, wodurch Versandkosten entfallen.<\/li>\n<\/ul>\n\n<h4 class=\"wp-block-heading\"><strong>Kundensupport<\/strong><\/h4>\n\n<ul class=\"wp-block-list\">\n<li>Falls du Probleme mit der Lieferung hast, kontaktiere bitte unser Support-Team \u00fcber unsere Website. Wir stehen dir zur Verf\u00fcgung, um dir zu helfen und alle Anliegen zeitnah zu kl\u00e4ren. <\/li>\n<\/ul>\n\n<h4 class=\"wp-block-heading\"><strong>Verpflichtung zur Transparenz<\/strong><\/h4>\n\n<ul class=\"wp-block-list\">\n<li>Mit dem Kauf bei Orkza.com erkennst du unsere Versandrichtlinie an und stimmst ihr zu. Alle Produkte werden elektronisch geliefert, ohne physischen Versand. <\/li>\n<\/ul>\n","protected":false},"excerpt":{"rendered":"<p>Bei Orkza.com bieten wir digitale Produkte wie Software-Keys und Gaming-Accounts an, die elektronisch ohne physischen Versand geliefert werden. Wir bieten<\/p>\n","protected":false},"author":1,"featured_media":0,"parent":0,"menu_order":0,"comment_status":"closed","ping_status":"closed","template":"","meta":{"footnotes":""},"class_list":["post-16606","page","type-page","status-publish","hentry"],"_links":{"self":[{"href":"https:\/\/orkza.com\/de\/wp-json\/wp\/v2\/pages\/16606","targetHints":{"allow":["GET"]}}],"collection":[{"href":"https:\/\/orkza.com\/de\/wp-json\/wp\/v2\/pages"}],"about":[{"href":"https:\/\/orkza.com\/de\/wp-json\/wp\/v2\/types\/page"}],"author":[{"embeddable":true,"href":"https:\/\/orkza.com\/de\/wp-json\/wp\/v2\/users\/1"}],"replies":[{"embeddable":true,"href":"https:\/\/orkza.com\/de\/wp-json\/wp\/v2\/comments?post=16606"}],"version-history":[{"count":1,"href":"https:\/\/orkza.com\/de\/wp-json\/wp\/v2\/pages\/16606\/revisions"}],"predecessor-version":[{"id":16607,"href":"https:\/\/orkza.com\/de\/wp-json\/wp\/v2\/pages\/16606\/revisions\/16607"}],"wp:attachment":[{"href":"https:\/\/orkza.com\/de\/wp-json\/wp\/v2\/media?parent=16606"}],"curies":[{"name":"wp","href":"https:\/\/api.w.org\/{rel}","templated":true}]}}